{"id":15350,"date":"2022-04-27T09:30:50","date_gmt":"2022-04-27T09:30:50","guid":{"rendered":"http:\/\/krosgen.com\/?page_id=15350"},"modified":"2022-05-12T16:39:07","modified_gmt":"2022-05-12T13:39:07","slug":"minipcr","status":"publish","type":"page","link":"https:\/\/krosgen.com\/index.php\/minipcr\/","title":{"rendered":"miniPCR"},"content":{"rendered":"\t\t<div data-elementor-type=\"wp-page\" data-elementor-id=\"15350\" class=\"elementor elementor-15350\">\n\t\t\t\t\t\t<section class=\"elementor-section elementor-top-section elementor-element elementor-element-2444bc0 elementor-section-boxed elementor-section-height-default elementor-section-height-default qodef-elementor-content-no\" data-id=\"2444bc0\" data-element_type=\"section\" data-e-type=\"section\">\n\t\t\t\t\t\t<div class=\"elementor-container elementor-column-gap-default\">\n\t\t\t\t\t<div class=\"elementor-column elementor-col-100 elementor-top-column elementor-element elementor-element-83aedf4\" data-id=\"83aedf4\" data-element_type=\"column\" data-e-type=\"column\">\n\t\t\t<div class=\"elementor-widget-wrap elementor-element-populated\">\n\t\t\t\t\t\t<div class=\"elementor-element elementor-element-e138e68 elementor-widget elementor-widget-slider_revolution\" data-id=\"e138e68\" data-element_type=\"widget\" data-e-type=\"widget\" data-widget_type=\"slider_revolution.default\">\n\t\t\t\t<div class=\"elementor-widget-container\">\n\t\t\t\t\t\n\t\t<div class=\"wp-block-themepunch-revslider\">\n\t\t\t<!-- START 01miniPCRen REVOLUTION SLIDER 6.5.9 --><p class=\"rs-p-wp-fix\"><\/p>\n\t\t\t<rs-module-wrap id=\"rev_slider_14_1_wrapper\" data-source=\"gallery\" style=\"visibility:hidden;background:#f5f5f5;padding:0;margin:0px auto;margin-top:0;margin-bottom:0;\">\n\t\t\t\t<rs-module id=\"rev_slider_14_1\" style=\"\" data-version=\"6.5.9\">\n\t\t\t\t\t<rs-slides>\n\t\t\t\t\t\t<rs-slide style=\"position: absolute;\" data-key=\"rs-28\" data-title=\"Slide 1\" data-in=\"o:0;col:400;\" data-out=\"a:false;\">\n\t\t\t\t\t\t\t<img fetchpriority=\"high\" decoding=\"async\" src=\"\/\/krosgen.com\/wp-content\/plugins\/revslider\/public\/assets\/assets\/dummy.png\" title=\"minipcr\" width=\"2028\" height=\"1158\" class=\"rev-slidebg tp-rs-img rs-lazyload\" data-lazyload=\"\/\/krosgen.com\/wp-content\/uploads\/2022\/04\/minipcr.jpg\" data-bg=\"p:center bottom;\" data-panzoom=\"d:10000;ss:100;se:110%;oe:0\/50px;\" data-no-retina>\n<!--\n\t\t\t\t\t\t\t--><rs-layer\n\t\t\t\t\t\t\t\tid=\"slider-14-slide-28-layer-1\" \n\t\t\t\t\t\t\t\tdata-type=\"text\"\n\t\t\t\t\t\t\t\tdata-color=\"#000000\"\n\t\t\t\t\t\t\t\tdata-xy=\"x:l,l,c,l;xo:19px,0,-26px,0;y:m;yo:205px,-73px,-83px,188px;\"\n\t\t\t\t\t\t\t\tdata-text=\"w:normal;s:35,35,35,30;l:45,45,45,40;ls:0,0,0,1px;fw:400,400,400,500;\"\n\t\t\t\t\t\t\t\tdata-dim=\"w:183,183,613px,282px;\"\n\t\t\t\t\t\t\t\tdata-rsp_o=\"off\"\n\t\t\t\t\t\t\t\tdata-rsp_bd=\"off\"\n\t\t\t\t\t\t\t\tdata-frame_0=\"x:30px;\"\n\t\t\t\t\t\t\t\tdata-frame_1=\"sp:700;\"\n\t\t\t\t\t\t\t\tdata-frame_999=\"o:0;st:w;\"\n\t\t\t\t\t\t\t\tstyle=\"z-index:8;font-family:'Raleway';\"\n\t\t\t\t\t\t\t>miniPCR \n\t\t\t\t\t\t\t<\/rs-layer><!--\n-->\t\t\t\t\t\t<\/rs-slide>\n\t\t\t\t\t<\/rs-slides>\n\t\t\t\t<\/rs-module>\n\t\t\t\t<script type=\"text\/javascript\">\n\t\t\t\t\tsetREVStartSize({c: 'rev_slider_14_1',rl:[1240,1024,778,480],el:[600,520,960,500],gw:[1000,900,660,300],gh:[600,520,800,500],type:'standard',justify:'',layout:'fullwidth',mh:\"0\"});if (window.RS_MODULES!==undefined && window.RS_MODULES.modules!==undefined && window.RS_MODULES.modules[\"revslider141\"]!==undefined) {window.RS_MODULES.modules[\"revslider141\"].once = false;window.revapi14 = undefined;if (window.RS_MODULES.checkMinimal!==undefined) window.RS_MODULES.checkMinimal()}\n\t\t\t\t<\/script>\n\t\t\t<\/rs-module-wrap>\n\t\t\t<!-- END REVOLUTION SLIDER -->\n<\/div>\n\n\t\t\t\t\t\t<\/div>\n\t\t\t\t<\/div>\n\t\t\t\t\t<\/div>\n\t\t<\/div>\n\t\t\t\t\t<\/div>\n\t\t<\/section>\n\t\t\t\t<section class=\"elementor-section elementor-top-section elementor-element elementor-element-b3b7ddd elementor-section-boxed elementor-section-height-default elementor-section-height-default qodef-elementor-content-no\" data-id=\"b3b7ddd\" data-element_type=\"section\" data-e-type=\"section\">\n\t\t\t\t\t\t<div class=\"elementor-container elementor-column-gap-default\">\n\t\t\t\t\t<div class=\"elementor-column elementor-col-100 elementor-top-column elementor-element elementor-element-e5bd933\" data-id=\"e5bd933\" data-element_type=\"column\" data-e-type=\"column\">\n\t\t\t<div class=\"elementor-widget-wrap elementor-element-populated\">\n\t\t\t\t\t\t<div class=\"elementor-element elementor-element-69b60a7 elementor-widget elementor-widget-text-editor\" data-id=\"69b60a7\" data-element_type=\"widget\" data-e-type=\"widget\" data-widget_type=\"text-editor.default\">\n\t\t\t\t<div class=\"elementor-widget-container\">\n\t\t\t\t\t\t\t\t\t<ul>\n<li><strong>K\u00fc\u00e7\u00fck boyutlar ile harika sonu\u00e7lar alma imkan\u0131<\/strong><\/li>\n<li><strong>miniPCR\u2122, hedeflenmi\u015f DNA par\u00e7alar\u0131n\u0131 profesyonel tezgah \u00fcst\u00fc thermal cycler&#8217;lar ile ayn\u0131 kalitede kopyalar.<\/strong><\/li>\n<li><strong>Standart PCR deneyleri, reaktifler ve sarf malzemeleri ile d\u00f6n\u00fc\u015f\u00fcml\u00fc olarak \u00e7al\u0131\u015f\u0131r.<\/strong><\/li>\n<li><strong>Ta\u015f\u0131nabilir, \u015farj edilebilir piller ile sahada PCR kurulmas\u0131 m\u00fcmk\u00fcnd\u00fcr.<\/strong><\/li>\n<li><strong>miniPCR\u2122 uygulamas\u0131 Windows, MacOS, Android ve ChromeOS i\u015fletim sistemleri ile uyumludur.<\/strong><\/li>\n<li><strong>miniPCR8 ve miniPCR16 ile 8 ve 16 reaksiyon kurulmas\u0131na imkan veren iki farkl\u0131 modeli mevcuttur.<\/strong><\/li>\n<\/ul>\t\t\t\t\t\t\t\t<\/div>\n\t\t\t\t<\/div>\n\t\t\t\t\t<\/div>\n\t\t<\/div>\n\t\t\t\t\t<\/div>\n\t\t<\/section>\n\t\t\t\t<section class=\"elementor-section elementor-top-section elementor-element elementor-element-ef9f0ba elementor-section-boxed elementor-section-height-default elementor-section-height-default qodef-elementor-content-no\" data-id=\"ef9f0ba\" data-element_type=\"section\" data-e-type=\"section\">\n\t\t\t\t\t\t<div class=\"elementor-container elementor-column-gap-default\">\n\t\t\t\t\t<div class=\"elementor-column elementor-col-100 elementor-top-column elementor-element elementor-element-135d691\" data-id=\"135d691\" data-element_type=\"column\" data-e-type=\"column\">\n\t\t\t<div class=\"elementor-widget-wrap elementor-element-populated\">\n\t\t\t\t\t\t<div class=\"elementor-element elementor-element-eb03e82 qodef-standard-images-on-top--no elementor-widget elementor-widget-qi_addons_for_elementor_interactive_link_showcase\" data-id=\"eb03e82\" data-element_type=\"widget\" data-e-type=\"widget\" data-widget_type=\"qi_addons_for_elementor_interactive_link_showcase.default\">\n\t\t\t\t<div class=\"elementor-widget-container\">\n\t\t\t\t\t<div class=\"qodef-shortcode qodef-m qodef-qi-interactive-link-showcase qodef-layout--standard qodef-hover--underline\">\n\t<div class=\"qodef-m-items\">\n\t\t<a itemprop=\"url\" class=\"qodef-m-item qodef-e\" href=\"https:\/\/www.minipcr.com\/\" target=\"_blank\">\n\t<span class=\"qodef-e-title\"><span class=\"qodef-e-inner-title\">miniPCR \u00fcr\u00fcnlerini incelemek i\u00e7in t\u0131klay\u0131n<\/span><\/span>\n\t<\/a>\n\t<\/div>\n\t<div class=\"qodef-m-images\">\n\t\t<div class=\"qodef-e-image qodef-position--left elementor-repeater-item-58cc3d4\">\n\t<img decoding=\"async\" width=\"800\" height=\"500\" src=\"https:\/\/krosgen.com\/wp-content\/uploads\/2022\/04\/pcr_colore.png\" class=\"attachment-full size-full\" alt=\"\" \/><\/div>\n\t<\/div>\n<\/div>\n\t\t\t\t<\/div>\n\t\t\t\t<\/div>\n\t\t\t\t\t<\/div>\n\t\t<\/div>\n\t\t\t\t\t<\/div>\n\t\t<\/section>\n\t\t\t\t<section class=\"elementor-section elementor-top-section elementor-element elementor-element-aabf068 elementor-section-boxed elementor-section-height-default elementor-section-height-default qodef-elementor-content-no\" data-id=\"aabf068\" data-element_type=\"section\" data-e-type=\"section\">\n\t\t\t\t\t\t<div class=\"elementor-container elementor-column-gap-default\">\n\t\t\t\t\t<div class=\"elementor-column elementor-col-100 elementor-top-column elementor-element elementor-element-b34a432\" data-id=\"b34a432\" data-element_type=\"column\" data-e-type=\"column\">\n\t\t\t<div class=\"elementor-widget-wrap elementor-element-populated\">\n\t\t\t\t\t\t<div class=\"elementor-element elementor-element-d714ff9 elementor-widget elementor-widget-video\" data-id=\"d714ff9\" data-element_type=\"widget\" data-e-type=\"widget\" data-settings=\"{&quot;youtube_url&quot;:&quot;https:\\\/\\\/www.youtube.com\\\/watch?v=hNEHlDCcdKY&quot;,&quot;video_type&quot;:&quot;youtube&quot;,&quot;controls&quot;:&quot;yes&quot;}\" data-widget_type=\"video.default\">\n\t\t\t\t<div class=\"elementor-widget-container\">\n\t\t\t\t\t\t\t<div class=\"elementor-wrapper elementor-open-inline\">\n\t\t\t<div class=\"elementor-video\"><\/div>\t\t<\/div>\n\t\t\t\t\t\t<\/div>\n\t\t\t\t<\/div>\n\t\t\t\t\t<\/div>\n\t\t<\/div>\n\t\t\t\t\t<\/div>\n\t\t<\/section>\n\t\t\t\t<section class=\"elementor-section elementor-top-section elementor-element elementor-element-50160c6 elementor-section-boxed elementor-section-height-default elementor-section-height-default qodef-elementor-content-no\" data-id=\"50160c6\" data-element_type=\"section\" data-e-type=\"section\">\n\t\t\t\t\t\t<div class=\"elementor-container elementor-column-gap-default\">\n\t\t\t\t\t<div class=\"elementor-column elementor-col-100 elementor-top-column elementor-element elementor-element-9d2fbf2\" data-id=\"9d2fbf2\" data-element_type=\"column\" data-e-type=\"column\">\n\t\t\t<div class=\"elementor-widget-wrap elementor-element-populated\">\n\t\t\t\t\t\t<div class=\"elementor-element elementor-element-c9d07e0 elementor-widget elementor-widget-video\" data-id=\"c9d07e0\" data-element_type=\"widget\" data-e-type=\"widget\" data-settings=\"{&quot;youtube_url&quot;:&quot;https:\\\/\\\/www.youtube.com\\\/watch?v=DzNN_4rcIjs&quot;,&quot;video_type&quot;:&quot;youtube&quot;,&quot;controls&quot;:&quot;yes&quot;}\" data-widget_type=\"video.default\">\n\t\t\t\t<div class=\"elementor-widget-container\">\n\t\t\t\t\t\t\t<div class=\"elementor-wrapper elementor-open-inline\">\n\t\t\t<div class=\"elementor-video\"><\/div>\t\t<\/div>\n\t\t\t\t\t\t<\/div>\n\t\t\t\t<\/div>\n\t\t\t\t\t<\/div>\n\t\t<\/div>\n\t\t\t\t\t<\/div>\n\t\t<\/section>\n\t\t\t\t<\/div>\n\t\t","protected":false},"excerpt":{"rendered":"<p>K\u00fc\u00e7\u00fck boyutlar ile harika sonu\u00e7lar alma imkan\u0131 miniPCR\u2122, hedeflenmi\u015f DNA par\u00e7alar\u0131n\u0131 profesyonel tezgah \u00fcst\u00fc thermal cycler&#8217;lar ile ayn\u0131 kalitede kopyalar. Standart PCR deneyleri, reaktifler ve sarf malzemeleri ile d\u00f6n\u00fc\u015f\u00fcml\u00fc olarak \u00e7al\u0131\u015f\u0131r. Ta\u015f\u0131nabilir, \u015farj edilebilir piller ile sahada PCR kurulmas\u0131 m\u00fcmk\u00fcnd\u00fcr. miniPCR\u2122 uygulamas\u0131 Windows, MacOS, Android ve ChromeOS i\u015fletim sistemleri ile uyumludur. miniPCR8 ve miniPCR16 ile [&hellip;]<\/p>\n","protected":false},"author":1,"featured_media":0,"parent":0,"menu_order":0,"comment_status":"closed","ping_status":"closed","template":"","meta":{"footnotes":""},"class_list":["post-15350","page","type-page","status-publish","hentry"],"yoast_head":"<!-- This site is optimized with the Yoast SEO plugin v27.2 - https:\/\/yoast.com\/product\/yoast-seo-wordpress\/ -->\n<title>miniPCR - Krosgen<\/title>\n<meta name=\"robots\" content=\"index, follow, max-snippet:-1, max-image-preview:large, max-video-preview:-1\" \/>\n<link rel=\"canonical\" href=\"https:\/\/krosgen.com\/index.php\/minipcr\/\" \/>\n<meta property=\"og:locale\" content=\"tr_TR\" \/>\n<meta property=\"og:type\" content=\"article\" \/>\n<meta property=\"og:title\" content=\"miniPCR - Krosgen\" \/>\n<meta property=\"og:description\" content=\"K\u00fc\u00e7\u00fck boyutlar ile harika sonu\u00e7lar alma imkan\u0131 miniPCR\u2122, hedeflenmi\u015f DNA par\u00e7alar\u0131n\u0131 profesyonel tezgah \u00fcst\u00fc thermal cycler&#8217;lar ile ayn\u0131 kalitede kopyalar. Standart PCR deneyleri, reaktifler ve sarf malzemeleri ile d\u00f6n\u00fc\u015f\u00fcml\u00fc olarak \u00e7al\u0131\u015f\u0131r. Ta\u015f\u0131nabilir, \u015farj edilebilir piller ile sahada PCR kurulmas\u0131 m\u00fcmk\u00fcnd\u00fcr. miniPCR\u2122 uygulamas\u0131 Windows, MacOS, Android ve ChromeOS i\u015fletim sistemleri ile uyumludur. miniPCR8 ve miniPCR16 ile [&hellip;]\" \/>\n<meta property=\"og:url\" content=\"https:\/\/krosgen.com\/index.php\/minipcr\/\" \/>\n<meta property=\"og:site_name\" content=\"Krosgen\" \/>\n<meta property=\"article:modified_time\" content=\"2022-05-12T13:39:07+00:00\" \/>\n<meta property=\"og:image\" content=\"http:\/\/krosgen.com\/wp-content\/uploads\/2022\/04\/pcr_colore.png\" \/>\n<meta name=\"twitter:card\" content=\"summary_large_image\" \/>\n<meta name=\"twitter:label1\" content=\"Tahmini okuma s\u00fcresi\" \/>\n\t<meta name=\"twitter:data1\" content=\"1 dakika\" \/>\n<script type=\"application\/ld+json\" class=\"yoast-schema-graph\">{\"@context\":\"https:\/\/schema.org\",\"@graph\":[{\"@type\":\"WebPage\",\"@id\":\"https:\/\/krosgen.com\/index.php\/minipcr\/\",\"url\":\"https:\/\/krosgen.com\/index.php\/minipcr\/\",\"name\":\"miniPCR - Krosgen\",\"isPartOf\":{\"@id\":\"https:\/\/krosgen.com\/#website\"},\"primaryImageOfPage\":{\"@id\":\"https:\/\/krosgen.com\/index.php\/minipcr\/#primaryimage\"},\"image\":{\"@id\":\"https:\/\/krosgen.com\/index.php\/minipcr\/#primaryimage\"},\"thumbnailUrl\":\"http:\/\/krosgen.com\/wp-content\/uploads\/2022\/04\/pcr_colore.png\",\"datePublished\":\"2022-04-27T09:30:50+00:00\",\"dateModified\":\"2022-05-12T13:39:07+00:00\",\"breadcrumb\":{\"@id\":\"https:\/\/krosgen.com\/index.php\/minipcr\/#breadcrumb\"},\"inLanguage\":\"tr\",\"potentialAction\":[{\"@type\":\"ReadAction\",\"target\":[\"https:\/\/krosgen.com\/index.php\/minipcr\/\"]}]},{\"@type\":\"ImageObject\",\"inLanguage\":\"tr\",\"@id\":\"https:\/\/krosgen.com\/index.php\/minipcr\/#primaryimage\",\"url\":\"http:\/\/krosgen.com\/wp-content\/uploads\/2022\/04\/pcr_colore.png\",\"contentUrl\":\"http:\/\/krosgen.com\/wp-content\/uploads\/2022\/04\/pcr_colore.png\"},{\"@type\":\"BreadcrumbList\",\"@id\":\"https:\/\/krosgen.com\/index.php\/minipcr\/#breadcrumb\",\"itemListElement\":[{\"@type\":\"ListItem\",\"position\":1,\"name\":\"Home\",\"item\":\"https:\/\/krosgen.com\/\"},{\"@type\":\"ListItem\",\"position\":2,\"name\":\"miniPCR\"}]},{\"@type\":\"WebSite\",\"@id\":\"https:\/\/krosgen.com\/#website\",\"url\":\"https:\/\/krosgen.com\/\",\"name\":\"Krosgen\",\"description\":\"Krosgen Biotechnology\",\"publisher\":{\"@id\":\"https:\/\/krosgen.com\/#organization\"},\"potentialAction\":[{\"@type\":\"SearchAction\",\"target\":{\"@type\":\"EntryPoint\",\"urlTemplate\":\"https:\/\/krosgen.com\/?s={search_term_string}\"},\"query-input\":{\"@type\":\"PropertyValueSpecification\",\"valueRequired\":true,\"valueName\":\"search_term_string\"}}],\"inLanguage\":\"tr\"},{\"@type\":\"Organization\",\"@id\":\"https:\/\/krosgen.com\/#organization\",\"name\":\"Krosgen Biotechnology\",\"url\":\"https:\/\/krosgen.com\/\",\"logo\":{\"@type\":\"ImageObject\",\"inLanguage\":\"tr\",\"@id\":\"https:\/\/krosgen.com\/#\/schema\/logo\/image\/\",\"url\":\"https:\/\/krosgen.com\/wp-content\/uploads\/2022\/05\/KROSGEN-LOGO_001.png\",\"contentUrl\":\"https:\/\/krosgen.com\/wp-content\/uploads\/2022\/05\/KROSGEN-LOGO_001.png\",\"width\":7016,\"height\":1700,\"caption\":\"Krosgen Biotechnology\"},\"image\":{\"@id\":\"https:\/\/krosgen.com\/#\/schema\/logo\/image\/\"},\"sameAs\":[\"https:\/\/www.linkedin.com\/company\/krosgen\"]}]}<\/script>\n<!-- \/ Yoast SEO plugin. -->","yoast_head_json":{"title":"miniPCR - Krosgen","robots":{"index":"index","follow":"follow","max-snippet":"max-snippet:-1","max-image-preview":"max-image-preview:large","max-video-preview":"max-video-preview:-1"},"canonical":"https:\/\/krosgen.com\/index.php\/minipcr\/","og_locale":"tr_TR","og_type":"article","og_title":"miniPCR - Krosgen","og_description":"K\u00fc\u00e7\u00fck boyutlar ile harika sonu\u00e7lar alma imkan\u0131 miniPCR\u2122, hedeflenmi\u015f DNA par\u00e7alar\u0131n\u0131 profesyonel tezgah \u00fcst\u00fc thermal cycler&#8217;lar ile ayn\u0131 kalitede kopyalar. Standart PCR deneyleri, reaktifler ve sarf malzemeleri ile d\u00f6n\u00fc\u015f\u00fcml\u00fc olarak \u00e7al\u0131\u015f\u0131r. Ta\u015f\u0131nabilir, \u015farj edilebilir piller ile sahada PCR kurulmas\u0131 m\u00fcmk\u00fcnd\u00fcr. miniPCR\u2122 uygulamas\u0131 Windows, MacOS, Android ve ChromeOS i\u015fletim sistemleri ile uyumludur. miniPCR8 ve miniPCR16 ile [&hellip;]","og_url":"https:\/\/krosgen.com\/index.php\/minipcr\/","og_site_name":"Krosgen","article_modified_time":"2022-05-12T13:39:07+00:00","og_image":[{"url":"http:\/\/krosgen.com\/wp-content\/uploads\/2022\/04\/pcr_colore.png","type":"","width":"","height":""}],"twitter_card":"summary_large_image","twitter_misc":{"Tahmini okuma s\u00fcresi":"1 dakika"},"schema":{"@context":"https:\/\/schema.org","@graph":[{"@type":"WebPage","@id":"https:\/\/krosgen.com\/index.php\/minipcr\/","url":"https:\/\/krosgen.com\/index.php\/minipcr\/","name":"miniPCR - Krosgen","isPartOf":{"@id":"https:\/\/krosgen.com\/#website"},"primaryImageOfPage":{"@id":"https:\/\/krosgen.com\/index.php\/minipcr\/#primaryimage"},"image":{"@id":"https:\/\/krosgen.com\/index.php\/minipcr\/#primaryimage"},"thumbnailUrl":"http:\/\/krosgen.com\/wp-content\/uploads\/2022\/04\/pcr_colore.png","datePublished":"2022-04-27T09:30:50+00:00","dateModified":"2022-05-12T13:39:07+00:00","breadcrumb":{"@id":"https:\/\/krosgen.com\/index.php\/minipcr\/#breadcrumb"},"inLanguage":"tr","potentialAction":[{"@type":"ReadAction","target":["https:\/\/krosgen.com\/index.php\/minipcr\/"]}]},{"@type":"ImageObject","inLanguage":"tr","@id":"https:\/\/krosgen.com\/index.php\/minipcr\/#primaryimage","url":"http:\/\/krosgen.com\/wp-content\/uploads\/2022\/04\/pcr_colore.png","contentUrl":"http:\/\/krosgen.com\/wp-content\/uploads\/2022\/04\/pcr_colore.png"},{"@type":"BreadcrumbList","@id":"https:\/\/krosgen.com\/index.php\/minipcr\/#breadcrumb","itemListElement":[{"@type":"ListItem","position":1,"name":"Home","item":"https:\/\/krosgen.com\/"},{"@type":"ListItem","position":2,"name":"miniPCR"}]},{"@type":"WebSite","@id":"https:\/\/krosgen.com\/#website","url":"https:\/\/krosgen.com\/","name":"Krosgen","description":"Krosgen Biotechnology","publisher":{"@id":"https:\/\/krosgen.com\/#organization"},"potentialAction":[{"@type":"SearchAction","target":{"@type":"EntryPoint","urlTemplate":"https:\/\/krosgen.com\/?s={search_term_string}"},"query-input":{"@type":"PropertyValueSpecification","valueRequired":true,"valueName":"search_term_string"}}],"inLanguage":"tr"},{"@type":"Organization","@id":"https:\/\/krosgen.com\/#organization","name":"Krosgen Biotechnology","url":"https:\/\/krosgen.com\/","logo":{"@type":"ImageObject","inLanguage":"tr","@id":"https:\/\/krosgen.com\/#\/schema\/logo\/image\/","url":"https:\/\/krosgen.com\/wp-content\/uploads\/2022\/05\/KROSGEN-LOGO_001.png","contentUrl":"https:\/\/krosgen.com\/wp-content\/uploads\/2022\/05\/KROSGEN-LOGO_001.png","width":7016,"height":1700,"caption":"Krosgen Biotechnology"},"image":{"@id":"https:\/\/krosgen.com\/#\/schema\/logo\/image\/"},"sameAs":["https:\/\/www.linkedin.com\/company\/krosgen"]}]}},"jetpack_sharing_enabled":true,"_links":{"self":[{"href":"https:\/\/krosgen.com\/index.php\/wp-json\/wp\/v2\/pages\/15350","targetHints":{"allow":["GET"]}}],"collection":[{"href":"https:\/\/krosgen.com\/index.php\/wp-json\/wp\/v2\/pages"}],"about":[{"href":"https:\/\/krosgen.com\/index.php\/wp-json\/wp\/v2\/types\/page"}],"author":[{"embeddable":true,"href":"https:\/\/krosgen.com\/index.php\/wp-json\/wp\/v2\/users\/1"}],"replies":[{"embeddable":true,"href":"https:\/\/krosgen.com\/index.php\/wp-json\/wp\/v2\/comments?post=15350"}],"version-history":[{"count":48,"href":"https:\/\/krosgen.com\/index.php\/wp-json\/wp\/v2\/pages\/15350\/revisions"}],"predecessor-version":[{"id":16798,"href":"https:\/\/krosgen.com\/index.php\/wp-json\/wp\/v2\/pages\/15350\/revisions\/16798"}],"wp:attachment":[{"href":"https:\/\/krosgen.com\/index.php\/wp-json\/wp\/v2\/media?parent=15350"}],"curies":[{"name":"wp","href":"https:\/\/api.w.org\/{rel}","templated":true}]}}