{"id":15435,"date":"2022-04-27T11:29:34","date_gmt":"2022-04-27T11:29:34","guid":{"rendered":"http:\/\/krosgen.com\/?page_id=15435"},"modified":"2022-07-04T16:40:59","modified_gmt":"2022-07-04T13:40:59","slug":"advancedseq","status":"publish","type":"page","link":"https:\/\/krosgen.com\/index.php\/advancedseq\/","title":{"rendered":"AdvancedSeq"},"content":{"rendered":"\t\t<div data-elementor-type=\"wp-page\" data-elementor-id=\"15435\" class=\"elementor elementor-15435\">\n\t\t\t\t\t\t<section class=\"elementor-section elementor-top-section elementor-element elementor-element-64db87b8 elementor-section-boxed elementor-section-height-default elementor-section-height-default qodef-elementor-content-no\" data-id=\"64db87b8\" data-element_type=\"section\" data-e-type=\"section\">\n\t\t\t\t\t\t<div class=\"elementor-container elementor-column-gap-default\">\n\t\t\t\t\t<div class=\"elementor-column elementor-col-100 elementor-top-column elementor-element elementor-element-6d45def4\" data-id=\"6d45def4\" data-element_type=\"column\" data-e-type=\"column\">\n\t\t\t<div class=\"elementor-widget-wrap elementor-element-populated\">\n\t\t\t\t\t\t\t<\/div>\n\t\t<\/div>\n\t\t\t\t\t<\/div>\n\t\t<\/section>\n\t\t\t\t<section class=\"elementor-section elementor-top-section elementor-element elementor-element-1abd431 elementor-section-boxed elementor-section-height-default elementor-section-height-default qodef-elementor-content-no\" data-id=\"1abd431\" data-element_type=\"section\" data-e-type=\"section\">\n\t\t\t\t\t\t<div class=\"elementor-container elementor-column-gap-default\">\n\t\t\t\t\t<div class=\"elementor-column elementor-col-100 elementor-top-column elementor-element elementor-element-e7f1662\" data-id=\"e7f1662\" data-element_type=\"column\" data-e-type=\"column\">\n\t\t\t<div class=\"elementor-widget-wrap elementor-element-populated\">\n\t\t\t\t\t\t<div class=\"elementor-element elementor-element-4c07b36 elementor-widget elementor-widget-slider_revolution\" data-id=\"4c07b36\" data-element_type=\"widget\" data-e-type=\"widget\" data-widget_type=\"slider_revolution.default\">\n\t\t\t\t<div class=\"elementor-widget-container\">\n\t\t\t\t\t\n\t\t<div class=\"wp-block-themepunch-revslider\">\n\t\t\t<!-- START 02advancedseq REVOLUTION SLIDER 6.5.9 --><p class=\"rs-p-wp-fix\"><\/p>\n\t\t\t<rs-module-wrap id=\"rev_slider_21_1_wrapper\" data-source=\"gallery\" style=\"visibility:hidden;background:#f5f5f5;padding:0;margin:0px auto;margin-top:0;margin-bottom:0;\">\n\t\t\t\t<rs-module id=\"rev_slider_21_1\" style=\"\" data-version=\"6.5.9\">\n\t\t\t\t\t<rs-slides>\n\t\t\t\t\t\t<rs-slide style=\"position: absolute;\" data-key=\"rs-41\" data-title=\"Slide 1\" data-thumb=\"\/\/krosgen.com\/wp-content\/uploads\/2022\/05\/advancedseq-2.png\" data-in=\"o:0;col:400;\" data-out=\"a:false;\">\n\t\t\t\t\t\t\t<img fetchpriority=\"high\" decoding=\"async\" src=\"\/\/krosgen.com\/wp-content\/plugins\/revslider\/public\/assets\/assets\/dummy.png\" title=\"advancedseq-2\" width=\"1378\" height=\"514\" class=\"rev-slidebg tp-rs-img rs-lazyload\" data-lazyload=\"\/\/krosgen.com\/wp-content\/uploads\/2022\/05\/advancedseq-2.png\" data-bg=\"p:center bottom;\" data-panzoom=\"d:10000;ss:100;se:110%;oe:0\/50px;\" data-no-retina>\n<!--\n\t\t\t\t\t\t\t--><rs-layer\n\t\t\t\t\t\t\t\tid=\"slider-21-slide-41-layer-1\" \n\t\t\t\t\t\t\t\tdata-type=\"text\"\n\t\t\t\t\t\t\t\tdata-xy=\"x:l,l,c,l;xo:4px,0,-26px,0;y:m;yo:197px,-73px,-83px,189px;\"\n\t\t\t\t\t\t\t\tdata-text=\"w:normal;s:35,35,35,30;l:45,45,45,40;ls:-1,-1,-1,1px;fw:500;\"\n\t\t\t\t\t\t\t\tdata-dim=\"w:170,170,613px,282px;\"\n\t\t\t\t\t\t\t\tdata-rsp_o=\"off\"\n\t\t\t\t\t\t\t\tdata-rsp_bd=\"off\"\n\t\t\t\t\t\t\t\tdata-frame_0=\"x:28px;\"\n\t\t\t\t\t\t\t\tdata-frame_1=\"sp:700;\"\n\t\t\t\t\t\t\t\tdata-frame_999=\"o:0;st:w;\"\n\t\t\t\t\t\t\t\tstyle=\"z-index:8;font-family:'Raleway';\"\n\t\t\t\t\t\t\t>AdvancedSeq \n\t\t\t\t\t\t\t<\/rs-layer><!--\n-->\t\t\t\t\t\t<\/rs-slide>\n\t\t\t\t\t\t<rs-slide style=\"position: absolute;\" data-key=\"rs-84\" data-title=\"Slide 1\" data-thumb=\"\/\/krosgen.com\/wp-content\/uploads\/2022\/04\/Mast-Sample-Loading-Capillary-Electrophoresis.jpg\" data-in=\"o:0;col:400;\" data-out=\"a:false;\">\n\t\t\t\t\t\t\t<img decoding=\"async\" src=\"\/\/krosgen.com\/wp-content\/plugins\/revslider\/public\/assets\/assets\/dummy.png\" title=\"Sequencing results\" width=\"1920\" height=\"1272\" class=\"rev-slidebg tp-rs-img rs-lazyload\" data-lazyload=\"\/\/krosgen.com\/wp-content\/uploads\/2022\/04\/Mast-Sample-Loading-Capillary-Electrophoresis.jpg\" data-bg=\"p:center bottom;\" data-panzoom=\"d:10000;ss:100;se:110%;oe:0\/50px;\" data-no-retina>\n<!---->\t\t\t\t\t\t<\/rs-slide>\n\t\t\t\t\t<\/rs-slides>\n\t\t\t\t<\/rs-module>\n\t\t\t\t<script type=\"text\/javascript\">\n\t\t\t\t\tsetREVStartSize({c: 'rev_slider_21_1',rl:[1240,1024,778,480],el:[500,500,960,500],gw:[1000,900,660,300],gh:[500,500,960,500],type:'standard',justify:'',layout:'fullwidth',mh:\"0\"});if (window.RS_MODULES!==undefined && window.RS_MODULES.modules!==undefined && window.RS_MODULES.modules[\"revslider211\"]!==undefined) {window.RS_MODULES.modules[\"revslider211\"].once = false;window.revapi21 = undefined;if (window.RS_MODULES.checkMinimal!==undefined) window.RS_MODULES.checkMinimal()}\n\t\t\t\t<\/script>\n\t\t\t<\/rs-module-wrap>\n\t\t\t<!-- END REVOLUTION SLIDER -->\n<\/div>\n\n\t\t\t\t\t\t<\/div>\n\t\t\t\t<\/div>\n\t\t\t\t\t<\/div>\n\t\t<\/div>\n\t\t\t\t\t<\/div>\n\t\t<\/section>\n\t\t\t\t<section class=\"elementor-section elementor-top-section elementor-element elementor-element-aa895f0 elementor-section-boxed elementor-section-height-default elementor-section-height-default qodef-elementor-content-no\" data-id=\"aa895f0\" data-element_type=\"section\" data-e-type=\"section\">\n\t\t\t\t\t\t<div class=\"elementor-container elementor-column-gap-default\">\n\t\t\t\t\t<div class=\"elementor-column elementor-col-100 elementor-top-column elementor-element elementor-element-f1b01b1\" data-id=\"f1b01b1\" data-element_type=\"column\" data-e-type=\"column\">\n\t\t\t<div class=\"elementor-widget-wrap elementor-element-populated\">\n\t\t\t\t\t\t<div class=\"elementor-element elementor-element-86ed9bb elementor-widget elementor-widget-text-editor\" data-id=\"86ed9bb\" data-element_type=\"widget\" data-e-type=\"widget\" data-widget_type=\"text-editor.default\">\n\t\t\t\t<div class=\"elementor-widget-container\">\n\t\t\t\t\t\t\t\t\t<ul><li><strong>Sanger dizileme hizmetinizi desteklemek i\u00e7in, \u015fablon haz\u0131rlamadan numune y\u00fcklemeye ve kapiler elektroforeze kadar i\u015f ak\u0131\u015f\u0131ndaki farkl\u0131 ad\u0131mlar\u0131 destekleyen bir Sanger dizileme reaktif \u00fcr\u00fcnleri portf\u00f6y\u00fc sunmaktad\u0131r.<\/strong><\/li><li><strong><span class=\"VIiyi\" lang=\"tr\"><span class=\"JLqJ4b ChMk0b\" data-language-for-alternatives=\"tr\" data-language-to-translate-into=\"en\" data-phrase-index=\"0\" data-number-of-phrases=\"4\"><span class=\"Q4iAWc\">Bilindi\u011fi gibi Sanger dizileme, yakla\u015f\u0131k 40 y\u0131ld\u0131r en yayg\u0131n olarak kullan\u0131lan dizileme y\u00f6ntemi olmu\u015ftur.<\/span><\/span> <span class=\"JLqJ4b ChMk0b\" data-language-for-alternatives=\"tr\" data-language-to-translate-into=\"en\" data-phrase-index=\"1\" data-number-of-phrases=\"4\"><span class=\"Q4iAWc\">Di\u011fer dizileme teknolojilerinin h\u0131zl\u0131 geli\u015fimine ra\u011fmen, Sanger dizileme hala alt\u0131n standart DNA dizileme y\u00f6ntemidir.<\/span><\/span> <\/span><\/strong><\/li><li><strong><span class=\"VIiyi\" lang=\"tr\"><span class=\"JLqJ4b ChMk0b\" data-language-for-alternatives=\"tr\" data-language-to-translate-into=\"en\" data-phrase-index=\"2\" data-number-of-phrases=\"4\"><span class=\"Q4iAWc\">K\u00fcresel genomik toplulu\u011funun artan ihtiyac\u0131na hizmet etmek i\u00e7in eksiksiz bir y\u00fcksek kaliteli Sanger dizileme \u00fcr\u00fcn hatt\u0131 olu\u015fturan AdvancedSeq&#8217;in \u00fc<\/span><\/span><span class=\"JLqJ4b ChMk0b\" data-language-for-alternatives=\"tr\" data-language-to-translate-into=\"en\" data-phrase-index=\"3\" data-number-of-phrases=\"4\"><span class=\"Q4iAWc\">r\u00fcnlerinden baz\u0131lar\u0131, \u00f6rne\u011fin SupreDye\u2122 D\u00f6ng\u00fc Sekanslama Kiti, d\u00fcnya \u00e7ap\u0131ndaki sekanslama laboratuvarlar\u0131 taraf\u0131ndan benimsenmi\u015ftir.<\/span><\/span><\/span><\/strong><\/li><li><strong>AdvancedSeq, d\u00fcnyada kapiler dizi rejenerasyon kiti sunan birka\u00e7 tedarik\u00e7iden birisidir.<\/strong><\/li><\/ul>\t\t\t\t\t\t\t\t<\/div>\n\t\t\t\t<\/div>\n\t\t\t\t\t<\/div>\n\t\t<\/div>\n\t\t\t\t\t<\/div>\n\t\t<\/section>\n\t\t\t\t<section class=\"elementor-section elementor-top-section elementor-element elementor-element-8c28e5a elementor-section-boxed elementor-section-height-default elementor-section-height-default qodef-elementor-content-no\" data-id=\"8c28e5a\" data-element_type=\"section\" data-e-type=\"section\">\n\t\t\t\t\t\t<div class=\"elementor-container elementor-column-gap-default\">\n\t\t\t\t\t<div class=\"elementor-column elementor-col-100 elementor-top-column elementor-element elementor-element-7a89196\" data-id=\"7a89196\" data-element_type=\"column\" data-e-type=\"column\">\n\t\t\t<div class=\"elementor-widget-wrap elementor-element-populated\">\n\t\t\t\t\t\t<div class=\"elementor-element elementor-element-676ed88 elementor-align-center elementor-widget elementor-widget-button\" data-id=\"676ed88\" data-element_type=\"widget\" data-e-type=\"widget\" data-widget_type=\"button.default\">\n\t\t\t\t<div class=\"elementor-widget-container\">\n\t\t\t\t\t\t\t\t\t<div class=\"elementor-button-wrapper\">\n\t\t\t\t\t<a class=\"elementor-button elementor-button-link elementor-size-xl\" href=\"https:\/\/krosgen.com\/wp-content\/uploads\/2022\/07\/ADS_brochure.pdf\">\n\t\t\t\t\t\t<span class=\"elementor-button-content-wrapper\">\n\t\t\t\t\t\t<span class=\"elementor-button-icon\">\n\t\t\t\t<i aria-hidden=\"true\" class=\"fas fa-file-download\"><\/i>\t\t\t<\/span>\n\t\t\t\t\t\t\t\t\t<span class=\"elementor-button-text\">AdvancedSeq'in Bro\u015f\u00fcr\u00fcn\u00fc \u0130ndirmek i\u00e7in T\u0131klay\u0131n<\/span>\n\t\t\t\t\t<\/span>\n\t\t\t\t\t<\/a>\n\t\t\t\t<\/div>\n\t\t\t\t\t\t\t\t<\/div>\n\t\t\t\t<\/div>\n\t\t\t\t<div class=\"elementor-element elementor-element-a5843ea qodef-standard-images-on-top--no elementor-widget elementor-widget-qi_addons_for_elementor_interactive_link_showcase\" data-id=\"a5843ea\" data-element_type=\"widget\" data-e-type=\"widget\" data-widget_type=\"qi_addons_for_elementor_interactive_link_showcase.default\">\n\t\t\t\t<div class=\"elementor-widget-container\">\n\t\t\t\t\t<div class=\"qodef-shortcode qodef-m qodef-qi-interactive-link-showcase qodef-layout--standard qodef-hover--underline\">\n\t<div class=\"qodef-m-items\">\n\t\t<a itemprop=\"url\" class=\"qodef-m-item qodef-e\" href=\"https:\/\/advancedseq.com\/\" target=\"_blank\">\n\t<span class=\"qodef-e-title\"><span class=\"qodef-e-inner-title\">AdvancedSeq \u00fcr\u00fcnlerini incelemek i\u00e7in t\u0131klay\u0131n<\/span><\/span>\n\t<\/a>\n\t<\/div>\n\t<div class=\"qodef-m-images\">\n\t\t<div class=\"qodef-e-image qodef-position--left elementor-repeater-item-58cc3d4\">\n\t<img decoding=\"async\" width=\"1366\" height=\"768\" src=\"https:\/\/krosgen.com\/wp-content\/uploads\/2022\/04\/BG-Featured-Product.jpg\" class=\"attachment-full size-full\" alt=\"\" \/><\/div>\n\t<\/div>\n<\/div>\n\t\t\t\t<\/div>\n\t\t\t\t<\/div>\n\t\t\t\t\t<\/div>\n\t\t<\/div>\n\t\t\t\t\t<\/div>\n\t\t<\/section>\n\t\t\t\t<section class=\"elementor-section elementor-top-section elementor-element elementor-element-fa24832 elementor-section-boxed elementor-section-height-default elementor-section-height-default qodef-elementor-content-no\" data-id=\"fa24832\" data-element_type=\"section\" data-e-type=\"section\">\n\t\t\t\t\t\t<div class=\"elementor-container elementor-column-gap-default\">\n\t\t\t\t\t<div class=\"elementor-column elementor-col-100 elementor-top-column elementor-element elementor-element-5a9700e\" data-id=\"5a9700e\" data-element_type=\"column\" data-e-type=\"column\">\n\t\t\t<div class=\"elementor-widget-wrap\">\n\t\t\t\t\t\t\t<\/div>\n\t\t<\/div>\n\t\t\t\t\t<\/div>\n\t\t<\/section>\n\t\t\t\t<\/div>\n\t\t","protected":false},"excerpt":{"rendered":"<p>Sanger dizileme hizmetinizi desteklemek i\u00e7in, \u015fablon haz\u0131rlamadan numune y\u00fcklemeye ve kapiler elektroforeze kadar i\u015f ak\u0131\u015f\u0131ndaki farkl\u0131 ad\u0131mlar\u0131 destekleyen bir Sanger dizileme reaktif \u00fcr\u00fcnleri portf\u00f6y\u00fc sunmaktad\u0131r. Bilindi\u011fi gibi Sanger dizileme, yakla\u015f\u0131k 40 y\u0131ld\u0131r en yayg\u0131n olarak kullan\u0131lan dizileme y\u00f6ntemi olmu\u015ftur. Di\u011fer dizileme teknolojilerinin h\u0131zl\u0131 geli\u015fimine ra\u011fmen, Sanger dizileme hala alt\u0131n standart DNA dizileme y\u00f6ntemidir. K\u00fcresel genomik [&hellip;]<\/p>\n","protected":false},"author":1,"featured_media":0,"parent":0,"menu_order":0,"comment_status":"closed","ping_status":"closed","template":"","meta":{"footnotes":""},"class_list":["post-15435","page","type-page","status-publish","hentry"],"yoast_head":"<!-- This site is optimized with the Yoast SEO plugin v27.2 - https:\/\/yoast.com\/product\/yoast-seo-wordpress\/ -->\n<title>AdvancedSeq - Krosgen<\/title>\n<meta name=\"description\" content=\"Sanger dizileme hizmetinizi desteklemek i\u00e7in, Sanger dizileme reaktif \u00fcr\u00fcnleri, kapiler dizi rejenerasyon kitleri \u00fcretimi yapan AdvancedSeq..\" \/>\n<meta name=\"robots\" content=\"index, follow, max-snippet:-1, max-image-preview:large, max-video-preview:-1\" \/>\n<link rel=\"canonical\" href=\"https:\/\/krosgen.com\/index.php\/advancedseq-en\/?lang=en\" \/>\n<meta property=\"og:locale\" content=\"tr_TR\" \/>\n<meta property=\"og:type\" content=\"article\" \/>\n<meta property=\"og:title\" content=\"AdvancedSeq - Krosgen\" \/>\n<meta property=\"og:description\" content=\"Sanger dizileme hizmetinizi desteklemek i\u00e7in, Sanger dizileme reaktif \u00fcr\u00fcnleri, kapiler dizi rejenerasyon kitleri \u00fcretimi yapan AdvancedSeq..\" \/>\n<meta property=\"og:url\" content=\"https:\/\/krosgen.com\/index.php\/advancedseq-en\/?lang=en\" \/>\n<meta property=\"og:site_name\" content=\"Krosgen\" \/>\n<meta property=\"article:modified_time\" content=\"2022-07-04T13:40:59+00:00\" \/>\n<meta property=\"og:image\" content=\"https:\/\/krosgen.com\/wp-content\/uploads\/2022\/04\/BG-Featured-Product.jpg\" \/>\n<meta name=\"twitter:card\" content=\"summary_large_image\" \/>\n<meta name=\"twitter:label1\" content=\"Tahmini okuma s\u00fcresi\" \/>\n\t<meta name=\"twitter:data1\" content=\"3 dakika\" \/>\n<script type=\"application\/ld+json\" class=\"yoast-schema-graph\">{\"@context\":\"https:\/\/schema.org\",\"@graph\":[{\"@type\":\"WebPage\",\"@id\":\"https:\/\/krosgen.com\/index.php\/advancedseq-en\/?lang=en\",\"url\":\"https:\/\/krosgen.com\/index.php\/advancedseq-en\/?lang=en\",\"name\":\"AdvancedSeq - Krosgen\",\"isPartOf\":{\"@id\":\"https:\/\/krosgen.com\/#website\"},\"primaryImageOfPage\":{\"@id\":\"https:\/\/krosgen.com\/index.php\/advancedseq-en\/?lang=en#primaryimage\"},\"image\":{\"@id\":\"https:\/\/krosgen.com\/index.php\/advancedseq-en\/?lang=en#primaryimage\"},\"thumbnailUrl\":\"https:\/\/krosgen.com\/wp-content\/uploads\/2022\/04\/BG-Featured-Product.jpg\",\"datePublished\":\"2022-04-27T11:29:34+00:00\",\"dateModified\":\"2022-07-04T13:40:59+00:00\",\"description\":\"Sanger dizileme hizmetinizi desteklemek i\u00e7in, Sanger dizileme reaktif \u00fcr\u00fcnleri, kapiler dizi rejenerasyon kitleri \u00fcretimi yapan AdvancedSeq..\",\"breadcrumb\":{\"@id\":\"https:\/\/krosgen.com\/index.php\/advancedseq-en\/?lang=en#breadcrumb\"},\"inLanguage\":\"tr\",\"potentialAction\":[{\"@type\":\"ReadAction\",\"target\":[\"https:\/\/krosgen.com\/index.php\/advancedseq-en\/?lang=en\"]}]},{\"@type\":\"ImageObject\",\"inLanguage\":\"tr\",\"@id\":\"https:\/\/krosgen.com\/index.php\/advancedseq-en\/?lang=en#primaryimage\",\"url\":\"https:\/\/krosgen.com\/wp-content\/uploads\/2022\/04\/BG-Featured-Product.jpg\",\"contentUrl\":\"https:\/\/krosgen.com\/wp-content\/uploads\/2022\/04\/BG-Featured-Product.jpg\",\"width\":1366,\"height\":768},{\"@type\":\"BreadcrumbList\",\"@id\":\"https:\/\/krosgen.com\/index.php\/advancedseq-en\/?lang=en#breadcrumb\",\"itemListElement\":[{\"@type\":\"ListItem\",\"position\":1,\"name\":\"Home\",\"item\":\"https:\/\/krosgen.com\/\"},{\"@type\":\"ListItem\",\"position\":2,\"name\":\"AdvancedSeq\"}]},{\"@type\":\"WebSite\",\"@id\":\"https:\/\/krosgen.com\/#website\",\"url\":\"https:\/\/krosgen.com\/\",\"name\":\"Krosgen\",\"description\":\"Krosgen Biotechnology\",\"publisher\":{\"@id\":\"https:\/\/krosgen.com\/#organization\"},\"potentialAction\":[{\"@type\":\"SearchAction\",\"target\":{\"@type\":\"EntryPoint\",\"urlTemplate\":\"https:\/\/krosgen.com\/?s={search_term_string}\"},\"query-input\":{\"@type\":\"PropertyValueSpecification\",\"valueRequired\":true,\"valueName\":\"search_term_string\"}}],\"inLanguage\":\"tr\"},{\"@type\":\"Organization\",\"@id\":\"https:\/\/krosgen.com\/#organization\",\"name\":\"Krosgen Biotechnology\",\"url\":\"https:\/\/krosgen.com\/\",\"logo\":{\"@type\":\"ImageObject\",\"inLanguage\":\"tr\",\"@id\":\"https:\/\/krosgen.com\/#\/schema\/logo\/image\/\",\"url\":\"https:\/\/krosgen.com\/wp-content\/uploads\/2022\/05\/KROSGEN-LOGO_001.png\",\"contentUrl\":\"https:\/\/krosgen.com\/wp-content\/uploads\/2022\/05\/KROSGEN-LOGO_001.png\",\"width\":7016,\"height\":1700,\"caption\":\"Krosgen Biotechnology\"},\"image\":{\"@id\":\"https:\/\/krosgen.com\/#\/schema\/logo\/image\/\"},\"sameAs\":[\"https:\/\/www.linkedin.com\/company\/krosgen\"]}]}<\/script>\n<!-- \/ Yoast SEO plugin. -->","yoast_head_json":{"title":"AdvancedSeq - Krosgen","description":"Sanger dizileme hizmetinizi desteklemek i\u00e7in, Sanger dizileme reaktif \u00fcr\u00fcnleri, kapiler dizi rejenerasyon kitleri \u00fcretimi yapan AdvancedSeq..","robots":{"index":"index","follow":"follow","max-snippet":"max-snippet:-1","max-image-preview":"max-image-preview:large","max-video-preview":"max-video-preview:-1"},"canonical":"https:\/\/krosgen.com\/index.php\/advancedseq-en\/?lang=en","og_locale":"tr_TR","og_type":"article","og_title":"AdvancedSeq - Krosgen","og_description":"Sanger dizileme hizmetinizi desteklemek i\u00e7in, Sanger dizileme reaktif \u00fcr\u00fcnleri, kapiler dizi rejenerasyon kitleri \u00fcretimi yapan AdvancedSeq..","og_url":"https:\/\/krosgen.com\/index.php\/advancedseq-en\/?lang=en","og_site_name":"Krosgen","article_modified_time":"2022-07-04T13:40:59+00:00","og_image":[{"url":"https:\/\/krosgen.com\/wp-content\/uploads\/2022\/04\/BG-Featured-Product.jpg","type":"","width":"","height":""}],"twitter_card":"summary_large_image","twitter_misc":{"Tahmini okuma s\u00fcresi":"3 dakika"},"schema":{"@context":"https:\/\/schema.org","@graph":[{"@type":"WebPage","@id":"https:\/\/krosgen.com\/index.php\/advancedseq-en\/?lang=en","url":"https:\/\/krosgen.com\/index.php\/advancedseq-en\/?lang=en","name":"AdvancedSeq - Krosgen","isPartOf":{"@id":"https:\/\/krosgen.com\/#website"},"primaryImageOfPage":{"@id":"https:\/\/krosgen.com\/index.php\/advancedseq-en\/?lang=en#primaryimage"},"image":{"@id":"https:\/\/krosgen.com\/index.php\/advancedseq-en\/?lang=en#primaryimage"},"thumbnailUrl":"https:\/\/krosgen.com\/wp-content\/uploads\/2022\/04\/BG-Featured-Product.jpg","datePublished":"2022-04-27T11:29:34+00:00","dateModified":"2022-07-04T13:40:59+00:00","description":"Sanger dizileme hizmetinizi desteklemek i\u00e7in, Sanger dizileme reaktif \u00fcr\u00fcnleri, kapiler dizi rejenerasyon kitleri \u00fcretimi yapan AdvancedSeq..","breadcrumb":{"@id":"https:\/\/krosgen.com\/index.php\/advancedseq-en\/?lang=en#breadcrumb"},"inLanguage":"tr","potentialAction":[{"@type":"ReadAction","target":["https:\/\/krosgen.com\/index.php\/advancedseq-en\/?lang=en"]}]},{"@type":"ImageObject","inLanguage":"tr","@id":"https:\/\/krosgen.com\/index.php\/advancedseq-en\/?lang=en#primaryimage","url":"https:\/\/krosgen.com\/wp-content\/uploads\/2022\/04\/BG-Featured-Product.jpg","contentUrl":"https:\/\/krosgen.com\/wp-content\/uploads\/2022\/04\/BG-Featured-Product.jpg","width":1366,"height":768},{"@type":"BreadcrumbList","@id":"https:\/\/krosgen.com\/index.php\/advancedseq-en\/?lang=en#breadcrumb","itemListElement":[{"@type":"ListItem","position":1,"name":"Home","item":"https:\/\/krosgen.com\/"},{"@type":"ListItem","position":2,"name":"AdvancedSeq"}]},{"@type":"WebSite","@id":"https:\/\/krosgen.com\/#website","url":"https:\/\/krosgen.com\/","name":"Krosgen","description":"Krosgen Biotechnology","publisher":{"@id":"https:\/\/krosgen.com\/#organization"},"potentialAction":[{"@type":"SearchAction","target":{"@type":"EntryPoint","urlTemplate":"https:\/\/krosgen.com\/?s={search_term_string}"},"query-input":{"@type":"PropertyValueSpecification","valueRequired":true,"valueName":"search_term_string"}}],"inLanguage":"tr"},{"@type":"Organization","@id":"https:\/\/krosgen.com\/#organization","name":"Krosgen Biotechnology","url":"https:\/\/krosgen.com\/","logo":{"@type":"ImageObject","inLanguage":"tr","@id":"https:\/\/krosgen.com\/#\/schema\/logo\/image\/","url":"https:\/\/krosgen.com\/wp-content\/uploads\/2022\/05\/KROSGEN-LOGO_001.png","contentUrl":"https:\/\/krosgen.com\/wp-content\/uploads\/2022\/05\/KROSGEN-LOGO_001.png","width":7016,"height":1700,"caption":"Krosgen Biotechnology"},"image":{"@id":"https:\/\/krosgen.com\/#\/schema\/logo\/image\/"},"sameAs":["https:\/\/www.linkedin.com\/company\/krosgen"]}]}},"jetpack_sharing_enabled":true,"_links":{"self":[{"href":"https:\/\/krosgen.com\/index.php\/wp-json\/wp\/v2\/pages\/15435","targetHints":{"allow":["GET"]}}],"collection":[{"href":"https:\/\/krosgen.com\/index.php\/wp-json\/wp\/v2\/pages"}],"about":[{"href":"https:\/\/krosgen.com\/index.php\/wp-json\/wp\/v2\/types\/page"}],"author":[{"embeddable":true,"href":"https:\/\/krosgen.com\/index.php\/wp-json\/wp\/v2\/users\/1"}],"replies":[{"embeddable":true,"href":"https:\/\/krosgen.com\/index.php\/wp-json\/wp\/v2\/comments?post=15435"}],"version-history":[{"count":40,"href":"https:\/\/krosgen.com\/index.php\/wp-json\/wp\/v2\/pages\/15435\/revisions"}],"predecessor-version":[{"id":17256,"href":"https:\/\/krosgen.com\/index.php\/wp-json\/wp\/v2\/pages\/15435\/revisions\/17256"}],"wp:attachment":[{"href":"https:\/\/krosgen.com\/index.php\/wp-json\/wp\/v2\/media?parent=15435"}],"curies":[{"name":"wp","href":"https:\/\/api.w.org\/{rel}","templated":true}]}}