{"id":15446,"date":"2022-04-27T11:42:54","date_gmt":"2022-04-27T11:42:54","guid":{"rendered":"http:\/\/krosgen.com\/?page_id=15446"},"modified":"2022-05-12T16:35:34","modified_gmt":"2022-05-12T13:35:34","slug":"bps-bioscience","status":"publish","type":"page","link":"https:\/\/krosgen.com\/index.php\/bps-bioscience\/","title":{"rendered":"BPS Bioscience"},"content":{"rendered":"\t\t<div data-elementor-type=\"wp-page\" data-elementor-id=\"15446\" class=\"elementor elementor-15446\">\n\t\t\t\t\t\t<section class=\"elementor-section elementor-top-section elementor-element elementor-element-7703f95 elementor-section-boxed elementor-section-height-default elementor-section-height-default qodef-elementor-content-no\" data-id=\"7703f95\" data-element_type=\"section\" data-e-type=\"section\">\n\t\t\t\t\t\t<div class=\"elementor-container elementor-column-gap-default\">\n\t\t\t\t\t<div class=\"elementor-column elementor-col-100 elementor-top-column elementor-element elementor-element-1c557f5\" data-id=\"1c557f5\" data-element_type=\"column\" data-e-type=\"column\">\n\t\t\t<div class=\"elementor-widget-wrap elementor-element-populated\">\n\t\t\t\t\t\t<div class=\"elementor-element elementor-element-bee04ba elementor-widget elementor-widget-slider_revolution\" data-id=\"bee04ba\" data-element_type=\"widget\" data-e-type=\"widget\" data-widget_type=\"slider_revolution.default\">\n\t\t\t\t<div class=\"elementor-widget-container\">\n\t\t\t\t\t\n\t\t<div class=\"wp-block-themepunch-revslider\">\n\t\t\t<!-- START 04bpsbiosciencetr REVOLUTION SLIDER 6.5.9 --><p class=\"rs-p-wp-fix\"><\/p>\n\t\t\t<rs-module-wrap id=\"rev_slider_24_1_wrapper\" data-source=\"gallery\" style=\"visibility:hidden;background:#f5f5f5;padding:0;margin:0px auto;margin-top:0;margin-bottom:0;\">\n\t\t\t\t<rs-module id=\"rev_slider_24_1\" style=\"\" data-version=\"6.5.9\">\n\t\t\t\t\t<rs-slides>\n\t\t\t\t\t\t<rs-slide style=\"position: absolute;\" data-key=\"rs-44\" data-title=\"Slide 1\" data-in=\"o:0;col:400;\" data-out=\"a:false;\">\n\t\t\t\t\t\t\t<img fetchpriority=\"high\" decoding=\"async\" src=\"\/\/krosgen.com\/wp-content\/plugins\/revslider\/public\/assets\/assets\/dummy.png\" title=\"bps2\" width=\"1280\" height=\"718\" class=\"rev-slidebg tp-rs-img rs-lazyload\" data-lazyload=\"\/\/krosgen.com\/wp-content\/uploads\/2022\/05\/bps2.jpg\" data-bg=\"p:center bottom;\" data-panzoom=\"d:10000;ss:100;se:110%;oe:0\/50px;\" data-no-retina>\n<!--\n\t\t\t\t\t\t\t--><rs-layer\n\t\t\t\t\t\t\t\tid=\"slider-24-slide-44-layer-1\" \n\t\t\t\t\t\t\t\tdata-type=\"text\"\n\t\t\t\t\t\t\t\tdata-color=\"#000000\"\n\t\t\t\t\t\t\t\tdata-xy=\"xo:9px,8px,0,2px;y:m;yo:221px,198px,289px,198px;\"\n\t\t\t\t\t\t\t\tdata-text=\"w:normal;s:35,31,40,30;l:45,40,50,40;ls:2,1,0,1px;fw:400,400,500,500;\"\n\t\t\t\t\t\t\t\tdata-dim=\"minh:0px,none,none,none;\"\n\t\t\t\t\t\t\t\tdata-rsp_o=\"off\"\n\t\t\t\t\t\t\t\tdata-rsp_bd=\"off\"\n\t\t\t\t\t\t\t\tdata-frame_0=\"x:27px,24px,17px,7px;\"\n\t\t\t\t\t\t\t\tdata-frame_1=\"sp:700;\"\n\t\t\t\t\t\t\t\tdata-frame_999=\"o:0;st:w;\"\n\t\t\t\t\t\t\t\tstyle=\"z-index:8;font-family:'Raleway';\"\n\t\t\t\t\t\t\t>BPS Bioscience \n\t\t\t\t\t\t\t<\/rs-layer><!--\n-->\t\t\t\t\t\t<\/rs-slide>\n\t\t\t\t\t<\/rs-slides>\n\t\t\t\t<\/rs-module>\n\t\t\t\t<script type=\"text\/javascript\">\n\t\t\t\t\tsetREVStartSize({c: 'rev_slider_24_1',rl:[1240,1024,778,480],el:[600,520,960,500],gw:[1000,900,660,300],gh:[600,520,960,500],type:'standard',justify:'',layout:'fullwidth',mh:\"0\"});if (window.RS_MODULES!==undefined && window.RS_MODULES.modules!==undefined && window.RS_MODULES.modules[\"revslider241\"]!==undefined) {window.RS_MODULES.modules[\"revslider241\"].once = false;window.revapi24 = undefined;if (window.RS_MODULES.checkMinimal!==undefined) window.RS_MODULES.checkMinimal()}\n\t\t\t\t<\/script>\n\t\t\t<\/rs-module-wrap>\n\t\t\t<!-- END REVOLUTION SLIDER -->\n<\/div>\n\n\t\t\t\t\t\t<\/div>\n\t\t\t\t<\/div>\n\t\t\t\t\t<\/div>\n\t\t<\/div>\n\t\t\t\t\t<\/div>\n\t\t<\/section>\n\t\t\t\t<section class=\"elementor-section elementor-top-section elementor-element elementor-element-d854340 elementor-section-boxed elementor-section-height-default elementor-section-height-default qodef-elementor-content-no\" data-id=\"d854340\" data-element_type=\"section\" data-e-type=\"section\">\n\t\t\t\t\t\t<div class=\"elementor-container elementor-column-gap-default\">\n\t\t\t\t\t<div class=\"elementor-column elementor-col-100 elementor-top-column elementor-element elementor-element-98594fd\" data-id=\"98594fd\" data-element_type=\"column\" data-e-type=\"column\">\n\t\t\t<div class=\"elementor-widget-wrap elementor-element-populated\">\n\t\t\t\t\t\t<div class=\"elementor-element elementor-element-be5413f elementor-widget elementor-widget-text-editor\" data-id=\"be5413f\" data-element_type=\"widget\" data-e-type=\"widget\" data-widget_type=\"text-editor.default\">\n\t\t\t\t<div class=\"elementor-widget-container\">\n\t\t\t\t\t\t\t\t\t<p><strong>BPS Bioscience, ila\u00e7 ke\u015ffi de dahil olmak \u00fczere \u00e7e\u015fitli ara\u015ft\u0131rma uygulamalar\u0131 i\u00e7in geni\u015f bir \u00fcr\u00fcn yelpazesi geli\u015ftirmi\u015ftir. <\/strong><\/p><p><strong>D\u00fcnya \u00e7ap\u0131nda en iyi ila\u00e7 \u015firketlerinden daha k\u00fc\u00e7\u00fck biyoteknoloji laboratuvarlar\u0131na kadar y\u00fczlerce m\u00fc\u015fteriye h\u0131zl\u0131 ve g\u00fcvenilir hizmetler sa\u011flar.<\/strong><\/p><p><strong>BPS Bioscience \u00c7al\u0131\u015fma Alanlar\u0131:<\/strong><\/p><ul><li><strong>Antikorlar<\/strong><\/li><li><strong>Biyokimyasal Test Kitleri<\/strong><\/li><li><strong>Biotinylation<\/strong><\/li><li><strong>H\u00fccre Bazl\u0131 Test Kitleri<\/strong><\/li><li><strong>H\u00fccre Hatlar\u0131<\/strong><\/li><li><strong>\u0130nhibit\u00f6rler \/ Aktivat\u00f6rler<\/strong><\/li><li><strong>Lentivir\u00fcsler<\/strong><\/li><li><strong>Rekombinant Proteinler<\/strong><\/li><li><strong>Gen Expresyonu<\/strong><\/li><li><strong>Transfeksiyon Koleksiyonu<\/strong><\/li><li><strong>CAR-T H\u00fccresi Tedavisi<\/strong><\/li><\/ul>\t\t\t\t\t\t\t\t<\/div>\n\t\t\t\t<\/div>\n\t\t\t\t<div class=\"elementor-element elementor-element-b8a6e28 qodef-standard-images-on-top--no elementor-widget elementor-widget-qi_addons_for_elementor_interactive_link_showcase\" data-id=\"b8a6e28\" data-element_type=\"widget\" data-e-type=\"widget\" data-widget_type=\"qi_addons_for_elementor_interactive_link_showcase.default\">\n\t\t\t\t<div class=\"elementor-widget-container\">\n\t\t\t\t\t<div class=\"qodef-shortcode qodef-m qodef-qi-interactive-link-showcase qodef-layout--standard qodef-hover--underline\">\n\t<div class=\"qodef-m-items\">\n\t\t<a itemprop=\"url\" class=\"qodef-m-item qodef-e\" href=\"https:\/\/bpsbioscience.com\/products\" target=\"_blank\">\n\t<span class=\"qodef-e-title\"><span class=\"qodef-e-inner-title\">BPS Bioscience \u00fcr\u00fcnlerini incelemek i\u00e7in t\u0131klay\u0131n<\/span><\/span>\n\t<\/a>\n\t<\/div>\n\t<div class=\"qodef-m-images\">\n\t\t<div class=\"qodef-e-image qodef-position--left elementor-repeater-item-9e08496\">\n\t<img decoding=\"async\" width=\"3617\" height=\"1502\" src=\"https:\/\/krosgen.com\/wp-content\/uploads\/2022\/05\/bps-kits.jpg\" class=\"attachment-full size-full\" alt=\"\" \/><\/div>\n\t<\/div>\n<\/div>\n\t\t\t\t<\/div>\n\t\t\t\t<\/div>\n\t\t\t\t\t<\/div>\n\t\t<\/div>\n\t\t\t\t\t<\/div>\n\t\t<\/section>\n\t\t\t\t<section class=\"elementor-section elementor-top-section elementor-element elementor-element-3a90d02 elementor-section-boxed elementor-section-height-default elementor-section-height-default qodef-elementor-content-no\" data-id=\"3a90d02\" data-element_type=\"section\" data-e-type=\"section\">\n\t\t\t\t\t\t<div class=\"elementor-container elementor-column-gap-default\">\n\t\t\t\t\t<div class=\"elementor-column elementor-col-100 elementor-top-column elementor-element elementor-element-58943b3\" data-id=\"58943b3\" data-element_type=\"column\" data-e-type=\"column\">\n\t\t\t<div class=\"elementor-widget-wrap elementor-element-populated\">\n\t\t\t\t\t\t<div class=\"elementor-element elementor-element-47af2e4 elementor-widget elementor-widget-video\" data-id=\"47af2e4\" data-element_type=\"widget\" data-e-type=\"widget\" data-settings=\"{&quot;youtube_url&quot;:&quot;https:\\\/\\\/www.youtube.com\\\/watch?v=L1F_iddaosg&quot;,&quot;video_type&quot;:&quot;youtube&quot;,&quot;controls&quot;:&quot;yes&quot;}\" data-widget_type=\"video.default\">\n\t\t\t\t<div class=\"elementor-widget-container\">\n\t\t\t\t\t\t\t<div class=\"elementor-wrapper elementor-open-inline\">\n\t\t\t<div class=\"elementor-video\"><\/div>\t\t<\/div>\n\t\t\t\t\t\t<\/div>\n\t\t\t\t<\/div>\n\t\t\t\t\t<\/div>\n\t\t<\/div>\n\t\t\t\t\t<\/div>\n\t\t<\/section>\n\t\t\t\t<\/div>\n\t\t","protected":false},"excerpt":{"rendered":"<p>BPS Bioscience, ila\u00e7 ke\u015ffi de dahil olmak \u00fczere \u00e7e\u015fitli ara\u015ft\u0131rma uygulamalar\u0131 i\u00e7in geni\u015f bir \u00fcr\u00fcn yelpazesi geli\u015ftirmi\u015ftir. D\u00fcnya \u00e7ap\u0131nda en iyi ila\u00e7 \u015firketlerinden daha k\u00fc\u00e7\u00fck biyoteknoloji laboratuvarlar\u0131na kadar y\u00fczlerce m\u00fc\u015fteriye h\u0131zl\u0131 ve g\u00fcvenilir hizmetler sa\u011flar. BPS Bioscience \u00c7al\u0131\u015fma Alanlar\u0131: Antikorlar Biyokimyasal Test Kitleri Biotinylation H\u00fccre Bazl\u0131 Test Kitleri H\u00fccre Hatlar\u0131 \u0130nhibit\u00f6rler \/ Aktivat\u00f6rler Lentivir\u00fcsler Rekombinant [&hellip;]<\/p>\n","protected":false},"author":1,"featured_media":0,"parent":0,"menu_order":0,"comment_status":"closed","ping_status":"closed","template":"","meta":{"footnotes":""},"class_list":["post-15446","page","type-page","status-publish","hentry"],"yoast_head":"<!-- This site is optimized with the Yoast SEO plugin v27.2 - https:\/\/yoast.com\/product\/yoast-seo-wordpress\/ -->\n<title>BPS Bioscience - Krosgen<\/title>\n<meta name=\"robots\" content=\"index, follow, max-snippet:-1, max-image-preview:large, max-video-preview:-1\" \/>\n<link rel=\"canonical\" href=\"https:\/\/krosgen.com\/index.php\/bps-bioscience\/\" \/>\n<meta property=\"og:locale\" content=\"tr_TR\" \/>\n<meta property=\"og:type\" content=\"article\" \/>\n<meta property=\"og:title\" content=\"BPS Bioscience - Krosgen\" \/>\n<meta property=\"og:description\" content=\"BPS Bioscience, ila\u00e7 ke\u015ffi de dahil olmak \u00fczere \u00e7e\u015fitli ara\u015ft\u0131rma uygulamalar\u0131 i\u00e7in geni\u015f bir \u00fcr\u00fcn yelpazesi geli\u015ftirmi\u015ftir. D\u00fcnya \u00e7ap\u0131nda en iyi ila\u00e7 \u015firketlerinden daha k\u00fc\u00e7\u00fck biyoteknoloji laboratuvarlar\u0131na kadar y\u00fczlerce m\u00fc\u015fteriye h\u0131zl\u0131 ve g\u00fcvenilir hizmetler sa\u011flar. BPS Bioscience \u00c7al\u0131\u015fma Alanlar\u0131: Antikorlar Biyokimyasal Test Kitleri Biotinylation H\u00fccre Bazl\u0131 Test Kitleri H\u00fccre Hatlar\u0131 \u0130nhibit\u00f6rler \/ Aktivat\u00f6rler Lentivir\u00fcsler Rekombinant [&hellip;]\" \/>\n<meta property=\"og:url\" content=\"https:\/\/krosgen.com\/index.php\/bps-bioscience\/\" \/>\n<meta property=\"og:site_name\" content=\"Krosgen\" \/>\n<meta property=\"article:modified_time\" content=\"2022-05-12T13:35:34+00:00\" \/>\n<meta property=\"og:image\" content=\"http:\/\/krosgen.com\/wp-content\/uploads\/2022\/05\/bps-kits.jpg\" \/>\n<meta name=\"twitter:card\" content=\"summary_large_image\" \/>\n<meta name=\"twitter:label1\" content=\"Tahmini okuma s\u00fcresi\" \/>\n\t<meta name=\"twitter:data1\" content=\"1 dakika\" \/>\n<script type=\"application\/ld+json\" class=\"yoast-schema-graph\">{\"@context\":\"https:\/\/schema.org\",\"@graph\":[{\"@type\":\"WebPage\",\"@id\":\"https:\/\/krosgen.com\/index.php\/bps-bioscience\/\",\"url\":\"https:\/\/krosgen.com\/index.php\/bps-bioscience\/\",\"name\":\"BPS Bioscience - Krosgen\",\"isPartOf\":{\"@id\":\"https:\/\/krosgen.com\/#website\"},\"primaryImageOfPage\":{\"@id\":\"https:\/\/krosgen.com\/index.php\/bps-bioscience\/#primaryimage\"},\"image\":{\"@id\":\"https:\/\/krosgen.com\/index.php\/bps-bioscience\/#primaryimage\"},\"thumbnailUrl\":\"http:\/\/krosgen.com\/wp-content\/uploads\/2022\/05\/bps-kits.jpg\",\"datePublished\":\"2022-04-27T11:42:54+00:00\",\"dateModified\":\"2022-05-12T13:35:34+00:00\",\"breadcrumb\":{\"@id\":\"https:\/\/krosgen.com\/index.php\/bps-bioscience\/#breadcrumb\"},\"inLanguage\":\"tr\",\"potentialAction\":[{\"@type\":\"ReadAction\",\"target\":[\"https:\/\/krosgen.com\/index.php\/bps-bioscience\/\"]}]},{\"@type\":\"ImageObject\",\"inLanguage\":\"tr\",\"@id\":\"https:\/\/krosgen.com\/index.php\/bps-bioscience\/#primaryimage\",\"url\":\"http:\/\/krosgen.com\/wp-content\/uploads\/2022\/05\/bps-kits.jpg\",\"contentUrl\":\"http:\/\/krosgen.com\/wp-content\/uploads\/2022\/05\/bps-kits.jpg\"},{\"@type\":\"BreadcrumbList\",\"@id\":\"https:\/\/krosgen.com\/index.php\/bps-bioscience\/#breadcrumb\",\"itemListElement\":[{\"@type\":\"ListItem\",\"position\":1,\"name\":\"Home\",\"item\":\"https:\/\/krosgen.com\/\"},{\"@type\":\"ListItem\",\"position\":2,\"name\":\"BPS Bioscience\"}]},{\"@type\":\"WebSite\",\"@id\":\"https:\/\/krosgen.com\/#website\",\"url\":\"https:\/\/krosgen.com\/\",\"name\":\"Krosgen\",\"description\":\"Krosgen Biotechnology\",\"publisher\":{\"@id\":\"https:\/\/krosgen.com\/#organization\"},\"potentialAction\":[{\"@type\":\"SearchAction\",\"target\":{\"@type\":\"EntryPoint\",\"urlTemplate\":\"https:\/\/krosgen.com\/?s={search_term_string}\"},\"query-input\":{\"@type\":\"PropertyValueSpecification\",\"valueRequired\":true,\"valueName\":\"search_term_string\"}}],\"inLanguage\":\"tr\"},{\"@type\":\"Organization\",\"@id\":\"https:\/\/krosgen.com\/#organization\",\"name\":\"Krosgen Biotechnology\",\"url\":\"https:\/\/krosgen.com\/\",\"logo\":{\"@type\":\"ImageObject\",\"inLanguage\":\"tr\",\"@id\":\"https:\/\/krosgen.com\/#\/schema\/logo\/image\/\",\"url\":\"https:\/\/krosgen.com\/wp-content\/uploads\/2022\/05\/KROSGEN-LOGO_001.png\",\"contentUrl\":\"https:\/\/krosgen.com\/wp-content\/uploads\/2022\/05\/KROSGEN-LOGO_001.png\",\"width\":7016,\"height\":1700,\"caption\":\"Krosgen Biotechnology\"},\"image\":{\"@id\":\"https:\/\/krosgen.com\/#\/schema\/logo\/image\/\"},\"sameAs\":[\"https:\/\/www.linkedin.com\/company\/krosgen\"]}]}<\/script>\n<!-- \/ Yoast SEO plugin. -->","yoast_head_json":{"title":"BPS Bioscience - Krosgen","robots":{"index":"index","follow":"follow","max-snippet":"max-snippet:-1","max-image-preview":"max-image-preview:large","max-video-preview":"max-video-preview:-1"},"canonical":"https:\/\/krosgen.com\/index.php\/bps-bioscience\/","og_locale":"tr_TR","og_type":"article","og_title":"BPS Bioscience - Krosgen","og_description":"BPS Bioscience, ila\u00e7 ke\u015ffi de dahil olmak \u00fczere \u00e7e\u015fitli ara\u015ft\u0131rma uygulamalar\u0131 i\u00e7in geni\u015f bir \u00fcr\u00fcn yelpazesi geli\u015ftirmi\u015ftir. D\u00fcnya \u00e7ap\u0131nda en iyi ila\u00e7 \u015firketlerinden daha k\u00fc\u00e7\u00fck biyoteknoloji laboratuvarlar\u0131na kadar y\u00fczlerce m\u00fc\u015fteriye h\u0131zl\u0131 ve g\u00fcvenilir hizmetler sa\u011flar. BPS Bioscience \u00c7al\u0131\u015fma Alanlar\u0131: Antikorlar Biyokimyasal Test Kitleri Biotinylation H\u00fccre Bazl\u0131 Test Kitleri H\u00fccre Hatlar\u0131 \u0130nhibit\u00f6rler \/ Aktivat\u00f6rler Lentivir\u00fcsler Rekombinant [&hellip;]","og_url":"https:\/\/krosgen.com\/index.php\/bps-bioscience\/","og_site_name":"Krosgen","article_modified_time":"2022-05-12T13:35:34+00:00","og_image":[{"url":"http:\/\/krosgen.com\/wp-content\/uploads\/2022\/05\/bps-kits.jpg","type":"","width":"","height":""}],"twitter_card":"summary_large_image","twitter_misc":{"Tahmini okuma s\u00fcresi":"1 dakika"},"schema":{"@context":"https:\/\/schema.org","@graph":[{"@type":"WebPage","@id":"https:\/\/krosgen.com\/index.php\/bps-bioscience\/","url":"https:\/\/krosgen.com\/index.php\/bps-bioscience\/","name":"BPS Bioscience - Krosgen","isPartOf":{"@id":"https:\/\/krosgen.com\/#website"},"primaryImageOfPage":{"@id":"https:\/\/krosgen.com\/index.php\/bps-bioscience\/#primaryimage"},"image":{"@id":"https:\/\/krosgen.com\/index.php\/bps-bioscience\/#primaryimage"},"thumbnailUrl":"http:\/\/krosgen.com\/wp-content\/uploads\/2022\/05\/bps-kits.jpg","datePublished":"2022-04-27T11:42:54+00:00","dateModified":"2022-05-12T13:35:34+00:00","breadcrumb":{"@id":"https:\/\/krosgen.com\/index.php\/bps-bioscience\/#breadcrumb"},"inLanguage":"tr","potentialAction":[{"@type":"ReadAction","target":["https:\/\/krosgen.com\/index.php\/bps-bioscience\/"]}]},{"@type":"ImageObject","inLanguage":"tr","@id":"https:\/\/krosgen.com\/index.php\/bps-bioscience\/#primaryimage","url":"http:\/\/krosgen.com\/wp-content\/uploads\/2022\/05\/bps-kits.jpg","contentUrl":"http:\/\/krosgen.com\/wp-content\/uploads\/2022\/05\/bps-kits.jpg"},{"@type":"BreadcrumbList","@id":"https:\/\/krosgen.com\/index.php\/bps-bioscience\/#breadcrumb","itemListElement":[{"@type":"ListItem","position":1,"name":"Home","item":"https:\/\/krosgen.com\/"},{"@type":"ListItem","position":2,"name":"BPS Bioscience"}]},{"@type":"WebSite","@id":"https:\/\/krosgen.com\/#website","url":"https:\/\/krosgen.com\/","name":"Krosgen","description":"Krosgen Biotechnology","publisher":{"@id":"https:\/\/krosgen.com\/#organization"},"potentialAction":[{"@type":"SearchAction","target":{"@type":"EntryPoint","urlTemplate":"https:\/\/krosgen.com\/?s={search_term_string}"},"query-input":{"@type":"PropertyValueSpecification","valueRequired":true,"valueName":"search_term_string"}}],"inLanguage":"tr"},{"@type":"Organization","@id":"https:\/\/krosgen.com\/#organization","name":"Krosgen Biotechnology","url":"https:\/\/krosgen.com\/","logo":{"@type":"ImageObject","inLanguage":"tr","@id":"https:\/\/krosgen.com\/#\/schema\/logo\/image\/","url":"https:\/\/krosgen.com\/wp-content\/uploads\/2022\/05\/KROSGEN-LOGO_001.png","contentUrl":"https:\/\/krosgen.com\/wp-content\/uploads\/2022\/05\/KROSGEN-LOGO_001.png","width":7016,"height":1700,"caption":"Krosgen Biotechnology"},"image":{"@id":"https:\/\/krosgen.com\/#\/schema\/logo\/image\/"},"sameAs":["https:\/\/www.linkedin.com\/company\/krosgen"]}]}},"jetpack_sharing_enabled":true,"_links":{"self":[{"href":"https:\/\/krosgen.com\/index.php\/wp-json\/wp\/v2\/pages\/15446","targetHints":{"allow":["GET"]}}],"collection":[{"href":"https:\/\/krosgen.com\/index.php\/wp-json\/wp\/v2\/pages"}],"about":[{"href":"https:\/\/krosgen.com\/index.php\/wp-json\/wp\/v2\/types\/page"}],"author":[{"embeddable":true,"href":"https:\/\/krosgen.com\/index.php\/wp-json\/wp\/v2\/users\/1"}],"replies":[{"embeddable":true,"href":"https:\/\/krosgen.com\/index.php\/wp-json\/wp\/v2\/comments?post=15446"}],"version-history":[{"count":30,"href":"https:\/\/krosgen.com\/index.php\/wp-json\/wp\/v2\/pages\/15446\/revisions"}],"predecessor-version":[{"id":16699,"href":"https:\/\/krosgen.com\/index.php\/wp-json\/wp\/v2\/pages\/15446\/revisions\/16699"}],"wp:attachment":[{"href":"https:\/\/krosgen.com\/index.php\/wp-json\/wp\/v2\/media?parent=15446"}],"curies":[{"name":"wp","href":"https:\/\/api.w.org\/{rel}","templated":true}]}}