{"id":15460,"date":"2022-04-27T12:02:01","date_gmt":"2022-04-27T12:02:01","guid":{"rendered":"http:\/\/krosgen.com\/?page_id=15460"},"modified":"2025-03-03T22:42:06","modified_gmt":"2025-03-03T19:42:06","slug":"taiwan-advanced-nanotech","status":"publish","type":"page","link":"https:\/\/krosgen.com\/index.php\/taiwan-advanced-nanotech\/","title":{"rendered":"Taiwan Advanced Nanotech Inc."},"content":{"rendered":"\t\t<div data-elementor-type=\"wp-page\" data-elementor-id=\"15460\" class=\"elementor elementor-15460\">\n\t\t\t\t\t\t<section class=\"elementor-section elementor-top-section elementor-element elementor-element-2358321 elementor-section-boxed elementor-section-height-default elementor-section-height-default qodef-elementor-content-no\" data-id=\"2358321\" data-element_type=\"section\" data-e-type=\"section\">\n\t\t\t\t\t\t<div class=\"elementor-container elementor-column-gap-default\">\n\t\t\t\t\t<div class=\"elementor-column elementor-col-100 elementor-top-column elementor-element elementor-element-c4d6c90\" data-id=\"c4d6c90\" data-element_type=\"column\" data-e-type=\"column\">\n\t\t\t<div class=\"elementor-widget-wrap elementor-element-populated\">\n\t\t\t\t\t\t<div class=\"elementor-element elementor-element-e5b7920 elementor-widget elementor-widget-slider_revolution\" data-id=\"e5b7920\" data-element_type=\"widget\" data-e-type=\"widget\" data-widget_type=\"slider_revolution.default\">\n\t\t\t\t<div class=\"elementor-widget-container\">\n\t\t\t\t\t\n\t\t<div class=\"wp-block-themepunch-revslider\">\n\t\t\t<!-- START 12taiwanadvnanotech REVOLUTION SLIDER 6.5.9 --><p class=\"rs-p-wp-fix\"><\/p>\n\t\t\t<rs-module-wrap id=\"rev_slider_35_1_wrapper\" data-source=\"gallery\" style=\"visibility:hidden;background:#f5f5f5;padding:0;margin:0px auto;margin-top:0;margin-bottom:0;\">\n\t\t\t\t<rs-module id=\"rev_slider_35_1\" style=\"\" data-version=\"6.5.9\">\n\t\t\t\t\t<rs-slides>\n\t\t\t\t\t\t<rs-slide style=\"position: absolute;\" data-key=\"rs-68\" data-title=\"2\" data-thumb=\"\/\/krosgen.com\/wp-content\/uploads\/2022\/05\/maelstrom4810-2.png\" data-in=\"o:0;\" data-out=\"a:false;\">\n\t\t\t\t\t\t\t<img fetchpriority=\"high\" decoding=\"async\" src=\"\/\/krosgen.com\/wp-content\/plugins\/revslider\/public\/assets\/assets\/dummy.png\" title=\"maelstrom4810-2\" width=\"1160\" height=\"773\" class=\"rev-slidebg tp-rs-img rs-lazyload\" data-lazyload=\"\/\/krosgen.com\/wp-content\/uploads\/2022\/05\/maelstrom4810-2.png\" data-panzoom=\"d:10000;ss:100;se:110%;oe:0\/50px;\" data-no-retina>\n<!--\n\t\t\t\t\t\t\t--><rs-layer\n\t\t\t\t\t\t\t\tid=\"slider-35-slide-68-layer-2\" \n\t\t\t\t\t\t\t\tdata-type=\"text\"\n\t\t\t\t\t\t\t\tdata-color=\"#000000||#000000||#000000||#ffffff\"\n\t\t\t\t\t\t\t\tdata-xy=\"xo:26px,-4px,0,0;y:m;yo:186px,-97px,-95px,-142px;\"\n\t\t\t\t\t\t\t\tdata-text=\"w:normal;s:35,35,35,30;l:45,45,45,40;ls:1px;\"\n\t\t\t\t\t\t\t\tdata-dim=\"w:476,476,569px,275px;h:48,48,auto,auto;\"\n\t\t\t\t\t\t\t\tdata-rsp_o=\"off\"\n\t\t\t\t\t\t\t\tdata-rsp_bd=\"off\"\n\t\t\t\t\t\t\t\tdata-frame_0=\"x:24px;\"\n\t\t\t\t\t\t\t\tdata-frame_1=\"sp:700;\"\n\t\t\t\t\t\t\t\tdata-frame_999=\"o:0;st:w;\"\n\t\t\t\t\t\t\t\tstyle=\"z-index:8;font-family:'Raleway';\"\n\t\t\t\t\t\t\t>Taiwan Advanced Nanotech \n\t\t\t\t\t\t\t<\/rs-layer><!--\n-->\t\t\t\t\t\t<\/rs-slide>\n\t\t\t\t\t\t<rs-slide style=\"position: absolute;\" data-key=\"rs-107\" data-title=\"2\" data-thumb=\"\/\/krosgen.com\/wp-content\/uploads\/2023\/02\/switch8.png\" data-in=\"o:0;\" data-out=\"a:false;\">\n\t\t\t\t\t\t\t<img decoding=\"async\" src=\"\/\/krosgen.com\/wp-content\/plugins\/revslider\/public\/assets\/assets\/dummy.png\" title=\"switch8\" width=\"1920\" height=\"1080\" class=\"rev-slidebg tp-rs-img rs-lazyload\" data-lazyload=\"\/\/krosgen.com\/wp-content\/uploads\/2023\/02\/switch8.png\" data-panzoom=\"d:10000;ss:100;se:110%;oe:0\/50px;\" data-no-retina>\n<!---->\t\t\t\t\t\t<\/rs-slide>\n\t\t\t\t\t<\/rs-slides>\n\t\t\t\t<\/rs-module>\n\t\t\t\t<script type=\"text\/javascript\">\n\t\t\t\t\tsetREVStartSize({c: 'rev_slider_35_1',rl:[1240,1024,778,480],el:[700,540,800,570],gw:[1400,1100,660,300],gh:[700,540,800,570],type:'standard',justify:'',layout:'fullwidth',mh:\"0\"});if (window.RS_MODULES!==undefined && window.RS_MODULES.modules!==undefined && window.RS_MODULES.modules[\"revslider351\"]!==undefined) {window.RS_MODULES.modules[\"revslider351\"].once = false;window.revapi35 = undefined;if (window.RS_MODULES.checkMinimal!==undefined) window.RS_MODULES.checkMinimal()}\n\t\t\t\t<\/script>\n\t\t\t<\/rs-module-wrap>\n\t\t\t<!-- END REVOLUTION SLIDER -->\n<\/div>\n\n\t\t\t\t\t\t<\/div>\n\t\t\t\t<\/div>\n\t\t\t\t\t<\/div>\n\t\t<\/div>\n\t\t\t\t\t<\/div>\n\t\t<\/section>\n\t\t\t\t<section class=\"elementor-section elementor-top-section elementor-element elementor-element-c435d10 elementor-section-boxed elementor-section-height-default elementor-section-height-default qodef-elementor-content-no\" data-id=\"c435d10\" data-element_type=\"section\" data-e-type=\"section\">\n\t\t\t\t\t\t<div class=\"elementor-container elementor-column-gap-default\">\n\t\t\t\t\t<div class=\"elementor-column elementor-col-100 elementor-top-column elementor-element elementor-element-e0840fd\" data-id=\"e0840fd\" data-element_type=\"column\" data-e-type=\"column\">\n\t\t\t<div class=\"elementor-widget-wrap elementor-element-populated\">\n\t\t\t\t\t\t<div class=\"elementor-element elementor-element-ab716d1 elementor-widget elementor-widget-text-editor\" data-id=\"ab716d1\" data-element_type=\"widget\" data-e-type=\"widget\" data-widget_type=\"text-editor.default\">\n\t\t\t\t<div class=\"elementor-widget-container\">\n\t\t\t\t\t\t\t\t\t<p><strong>Taiwan Advanced Nanotech Inc, reaktif kitleri, manyetik nanopartik\u00fcller ve otomatik ekstraksiyon aletleri dahil olmak \u00fczere n\u00fckleik asit safla\u015ft\u0131rma \u00fcr\u00fcnleri tasarlar ve \u00fcretir. Patentli manyetik boncuk d\u00f6nd\u00fcrmeli kar\u0131\u015ft\u0131rma teknolojisi, geli\u015fmi\u015f ekstraksiyon verimlili\u011fi sa\u011flar. Her Maelstrom \u00fcr\u00fcn\u00fc bu yeni teknolojiyi b\u00fcnyesinde bar\u0131nd\u0131r\u0131r ve molek\u00fcler te\u015fhis ve ya\u015fam bilimlerindeki uygulamalar i\u00e7in geli\u015ftirilmi\u015f performans sunar.<\/strong><\/p><p><strong>Ba\u015fl\u0131ca \u00dcr\u00fcnleri;<\/strong><\/p><ul><li><strong>Otomatik Ekstraksiyon Aletleri<\/strong><\/li><li><strong>Reaktif Kiti<\/strong><\/li><li><strong>Mag Nanopartik\u00fcller<\/strong><\/li><li><strong>Sarf malzemeleri<\/strong><\/li><\/ul>\t\t\t\t\t\t\t\t<\/div>\n\t\t\t\t<\/div>\n\t\t\t\t<div class=\"elementor-element elementor-element-c397b81 qodef-standard-images-on-top--no elementor-widget elementor-widget-qi_addons_for_elementor_interactive_link_showcase\" data-id=\"c397b81\" data-element_type=\"widget\" data-e-type=\"widget\" data-widget_type=\"qi_addons_for_elementor_interactive_link_showcase.default\">\n\t\t\t\t<div class=\"elementor-widget-container\">\n\t\t\t\t\t<div class=\"qodef-shortcode qodef-m qodef-qi-interactive-link-showcase qodef-layout--standard qodef-hover--underline\">\n\t<div class=\"qodef-m-items\">\n\t\t<a itemprop=\"url\" class=\"qodef-m-item qodef-e\" href=\"https:\/\/www.tanbead.com\/en\/\" target=\"_blank\">\n\t<span class=\"qodef-e-title\"><span class=\"qodef-e-inner-title\">Taiwan Advanced Nanotech \u00dcr\u00fcnlerini \u0130ncelemek \u0130\u00e7in T\u0131klay\u0131n<\/span><\/span>\n\t<\/a>\n\t<\/div>\n\t<div class=\"qodef-m-images\">\n\t\t<div class=\"qodef-e-image qodef-position--left elementor-repeater-item-33072f2\">\n\t<img decoding=\"async\" width=\"1024\" height=\"500\" src=\"https:\/\/krosgen.com\/wp-content\/uploads\/2022\/05\/tanbead.jpg\" class=\"attachment-full size-full\" alt=\"\" \/><\/div>\n\t<\/div>\n<\/div>\n\t\t\t\t<\/div>\n\t\t\t\t<\/div>\n\t\t\t\t\t<\/div>\n\t\t<\/div>\n\t\t\t\t\t<\/div>\n\t\t<\/section>\n\t\t\t\t<section class=\"elementor-section elementor-top-section elementor-element elementor-element-962dc1f elementor-section-boxed elementor-section-height-default elementor-section-height-default qodef-elementor-content-no\" data-id=\"962dc1f\" data-element_type=\"section\" data-e-type=\"section\">\n\t\t\t\t\t\t<div class=\"elementor-container elementor-column-gap-default\">\n\t\t\t\t\t<div class=\"elementor-column elementor-col-100 elementor-top-column elementor-element elementor-element-b0c2c9a\" data-id=\"b0c2c9a\" data-element_type=\"column\" data-e-type=\"column\">\n\t\t\t<div class=\"elementor-widget-wrap elementor-element-populated\">\n\t\t\t\t\t\t<div class=\"elementor-element elementor-element-fe72a1b elementor-widget elementor-widget-video\" data-id=\"fe72a1b\" data-element_type=\"widget\" data-e-type=\"widget\" data-settings=\"{&quot;youtube_url&quot;:&quot;https:\\\/\\\/www.youtube.com\\\/watch?v=acVxnaZNRNk&quot;,&quot;video_type&quot;:&quot;youtube&quot;,&quot;controls&quot;:&quot;yes&quot;}\" data-widget_type=\"video.default\">\n\t\t\t\t<div class=\"elementor-widget-container\">\n\t\t\t\t\t\t\t<div class=\"elementor-wrapper elementor-open-inline\">\n\t\t\t<div class=\"elementor-video\"><\/div>\t\t<\/div>\n\t\t\t\t\t\t<\/div>\n\t\t\t\t<\/div>\n\t\t\t\t\t<\/div>\n\t\t<\/div>\n\t\t\t\t\t<\/div>\n\t\t<\/section>\n\t\t\t\t<\/div>\n\t\t","protected":false},"excerpt":{"rendered":"<p>Taiwan Advanced Nanotech Inc, reaktif kitleri, manyetik nanopartik\u00fcller ve otomatik ekstraksiyon aletleri dahil olmak \u00fczere n\u00fckleik asit safla\u015ft\u0131rma \u00fcr\u00fcnleri tasarlar ve \u00fcretir. Patentli manyetik boncuk d\u00f6nd\u00fcrmeli kar\u0131\u015ft\u0131rma teknolojisi, geli\u015fmi\u015f ekstraksiyon verimlili\u011fi sa\u011flar. Her Maelstrom \u00fcr\u00fcn\u00fc bu yeni teknolojiyi b\u00fcnyesinde bar\u0131nd\u0131r\u0131r ve molek\u00fcler te\u015fhis ve ya\u015fam bilimlerindeki uygulamalar i\u00e7in geli\u015ftirilmi\u015f performans sunar. Ba\u015fl\u0131ca \u00dcr\u00fcnleri; Otomatik Ekstraksiyon [&hellip;]<\/p>\n","protected":false},"author":1,"featured_media":0,"parent":0,"menu_order":0,"comment_status":"closed","ping_status":"closed","template":"","meta":{"footnotes":""},"class_list":["post-15460","page","type-page","status-publish","hentry"],"yoast_head":"<!-- This site is optimized with the Yoast SEO plugin v27.2 - https:\/\/yoast.com\/product\/yoast-seo-wordpress\/ -->\n<title>Taiwan Advanced Nanotech Inc. - Krosgen<\/title>\n<meta name=\"robots\" content=\"index, follow, max-snippet:-1, max-image-preview:large, max-video-preview:-1\" \/>\n<link rel=\"canonical\" href=\"https:\/\/krosgen.com\/index.php\/taiwan-advanced-nanotech-inc\/?lang=en\" \/>\n<meta property=\"og:locale\" content=\"tr_TR\" \/>\n<meta property=\"og:type\" content=\"article\" \/>\n<meta property=\"og:title\" content=\"Taiwan Advanced Nanotech Inc. - Krosgen\" \/>\n<meta property=\"og:description\" content=\"Taiwan Advanced Nanotech Inc, reaktif kitleri, manyetik nanopartik\u00fcller ve otomatik ekstraksiyon aletleri dahil olmak \u00fczere n\u00fckleik asit safla\u015ft\u0131rma \u00fcr\u00fcnleri tasarlar ve \u00fcretir. Patentli manyetik boncuk d\u00f6nd\u00fcrmeli kar\u0131\u015ft\u0131rma teknolojisi, geli\u015fmi\u015f ekstraksiyon verimlili\u011fi sa\u011flar. Her Maelstrom \u00fcr\u00fcn\u00fc bu yeni teknolojiyi b\u00fcnyesinde bar\u0131nd\u0131r\u0131r ve molek\u00fcler te\u015fhis ve ya\u015fam bilimlerindeki uygulamalar i\u00e7in geli\u015ftirilmi\u015f performans sunar. Ba\u015fl\u0131ca \u00dcr\u00fcnleri; Otomatik Ekstraksiyon [&hellip;]\" \/>\n<meta property=\"og:url\" content=\"https:\/\/krosgen.com\/index.php\/taiwan-advanced-nanotech-inc\/?lang=en\" \/>\n<meta property=\"og:site_name\" content=\"Krosgen\" \/>\n<meta property=\"article:modified_time\" content=\"2025-03-03T19:42:06+00:00\" \/>\n<meta property=\"og:image\" content=\"https:\/\/krosgen.com\/wp-content\/uploads\/2022\/05\/tanbead.jpg\" \/>\n<meta name=\"twitter:card\" content=\"summary_large_image\" \/>\n<meta name=\"twitter:label1\" content=\"Tahmini okuma s\u00fcresi\" \/>\n\t<meta name=\"twitter:data1\" content=\"1 dakika\" \/>\n<script type=\"application\/ld+json\" class=\"yoast-schema-graph\">{\"@context\":\"https:\/\/schema.org\",\"@graph\":[{\"@type\":\"WebPage\",\"@id\":\"https:\/\/krosgen.com\/index.php\/taiwan-advanced-nanotech-inc\/?lang=en\",\"url\":\"https:\/\/krosgen.com\/index.php\/taiwan-advanced-nanotech-inc\/?lang=en\",\"name\":\"Taiwan Advanced Nanotech Inc. - Krosgen\",\"isPartOf\":{\"@id\":\"https:\/\/krosgen.com\/#website\"},\"primaryImageOfPage\":{\"@id\":\"https:\/\/krosgen.com\/index.php\/taiwan-advanced-nanotech-inc\/?lang=en#primaryimage\"},\"image\":{\"@id\":\"https:\/\/krosgen.com\/index.php\/taiwan-advanced-nanotech-inc\/?lang=en#primaryimage\"},\"thumbnailUrl\":\"https:\/\/krosgen.com\/wp-content\/uploads\/2022\/05\/tanbead.jpg\",\"datePublished\":\"2022-04-27T12:02:01+00:00\",\"dateModified\":\"2025-03-03T19:42:06+00:00\",\"breadcrumb\":{\"@id\":\"https:\/\/krosgen.com\/index.php\/taiwan-advanced-nanotech-inc\/?lang=en#breadcrumb\"},\"inLanguage\":\"tr\",\"potentialAction\":[{\"@type\":\"ReadAction\",\"target\":[\"https:\/\/krosgen.com\/index.php\/taiwan-advanced-nanotech-inc\/?lang=en\"]}]},{\"@type\":\"ImageObject\",\"inLanguage\":\"tr\",\"@id\":\"https:\/\/krosgen.com\/index.php\/taiwan-advanced-nanotech-inc\/?lang=en#primaryimage\",\"url\":\"https:\/\/krosgen.com\/wp-content\/uploads\/2022\/05\/tanbead.jpg\",\"contentUrl\":\"https:\/\/krosgen.com\/wp-content\/uploads\/2022\/05\/tanbead.jpg\",\"width\":1024,\"height\":500},{\"@type\":\"BreadcrumbList\",\"@id\":\"https:\/\/krosgen.com\/index.php\/taiwan-advanced-nanotech-inc\/?lang=en#breadcrumb\",\"itemListElement\":[{\"@type\":\"ListItem\",\"position\":1,\"name\":\"Home\",\"item\":\"https:\/\/krosgen.com\/\"},{\"@type\":\"ListItem\",\"position\":2,\"name\":\"Taiwan Advanced Nanotech Inc.\"}]},{\"@type\":\"WebSite\",\"@id\":\"https:\/\/krosgen.com\/#website\",\"url\":\"https:\/\/krosgen.com\/\",\"name\":\"Krosgen\",\"description\":\"Krosgen Biotechnology\",\"publisher\":{\"@id\":\"https:\/\/krosgen.com\/#organization\"},\"potentialAction\":[{\"@type\":\"SearchAction\",\"target\":{\"@type\":\"EntryPoint\",\"urlTemplate\":\"https:\/\/krosgen.com\/?s={search_term_string}\"},\"query-input\":{\"@type\":\"PropertyValueSpecification\",\"valueRequired\":true,\"valueName\":\"search_term_string\"}}],\"inLanguage\":\"tr\"},{\"@type\":\"Organization\",\"@id\":\"https:\/\/krosgen.com\/#organization\",\"name\":\"Krosgen Biotechnology\",\"url\":\"https:\/\/krosgen.com\/\",\"logo\":{\"@type\":\"ImageObject\",\"inLanguage\":\"tr\",\"@id\":\"https:\/\/krosgen.com\/#\/schema\/logo\/image\/\",\"url\":\"https:\/\/krosgen.com\/wp-content\/uploads\/2022\/05\/KROSGEN-LOGO_001.png\",\"contentUrl\":\"https:\/\/krosgen.com\/wp-content\/uploads\/2022\/05\/KROSGEN-LOGO_001.png\",\"width\":7016,\"height\":1700,\"caption\":\"Krosgen Biotechnology\"},\"image\":{\"@id\":\"https:\/\/krosgen.com\/#\/schema\/logo\/image\/\"},\"sameAs\":[\"https:\/\/www.linkedin.com\/company\/krosgen\"]}]}<\/script>\n<!-- \/ Yoast SEO plugin. -->","yoast_head_json":{"title":"Taiwan Advanced Nanotech Inc. - Krosgen","robots":{"index":"index","follow":"follow","max-snippet":"max-snippet:-1","max-image-preview":"max-image-preview:large","max-video-preview":"max-video-preview:-1"},"canonical":"https:\/\/krosgen.com\/index.php\/taiwan-advanced-nanotech-inc\/?lang=en","og_locale":"tr_TR","og_type":"article","og_title":"Taiwan Advanced Nanotech Inc. - Krosgen","og_description":"Taiwan Advanced Nanotech Inc, reaktif kitleri, manyetik nanopartik\u00fcller ve otomatik ekstraksiyon aletleri dahil olmak \u00fczere n\u00fckleik asit safla\u015ft\u0131rma \u00fcr\u00fcnleri tasarlar ve \u00fcretir. Patentli manyetik boncuk d\u00f6nd\u00fcrmeli kar\u0131\u015ft\u0131rma teknolojisi, geli\u015fmi\u015f ekstraksiyon verimlili\u011fi sa\u011flar. Her Maelstrom \u00fcr\u00fcn\u00fc bu yeni teknolojiyi b\u00fcnyesinde bar\u0131nd\u0131r\u0131r ve molek\u00fcler te\u015fhis ve ya\u015fam bilimlerindeki uygulamalar i\u00e7in geli\u015ftirilmi\u015f performans sunar. Ba\u015fl\u0131ca \u00dcr\u00fcnleri; Otomatik Ekstraksiyon [&hellip;]","og_url":"https:\/\/krosgen.com\/index.php\/taiwan-advanced-nanotech-inc\/?lang=en","og_site_name":"Krosgen","article_modified_time":"2025-03-03T19:42:06+00:00","og_image":[{"url":"https:\/\/krosgen.com\/wp-content\/uploads\/2022\/05\/tanbead.jpg","type":"","width":"","height":""}],"twitter_card":"summary_large_image","twitter_misc":{"Tahmini okuma s\u00fcresi":"1 dakika"},"schema":{"@context":"https:\/\/schema.org","@graph":[{"@type":"WebPage","@id":"https:\/\/krosgen.com\/index.php\/taiwan-advanced-nanotech-inc\/?lang=en","url":"https:\/\/krosgen.com\/index.php\/taiwan-advanced-nanotech-inc\/?lang=en","name":"Taiwan Advanced Nanotech Inc. - Krosgen","isPartOf":{"@id":"https:\/\/krosgen.com\/#website"},"primaryImageOfPage":{"@id":"https:\/\/krosgen.com\/index.php\/taiwan-advanced-nanotech-inc\/?lang=en#primaryimage"},"image":{"@id":"https:\/\/krosgen.com\/index.php\/taiwan-advanced-nanotech-inc\/?lang=en#primaryimage"},"thumbnailUrl":"https:\/\/krosgen.com\/wp-content\/uploads\/2022\/05\/tanbead.jpg","datePublished":"2022-04-27T12:02:01+00:00","dateModified":"2025-03-03T19:42:06+00:00","breadcrumb":{"@id":"https:\/\/krosgen.com\/index.php\/taiwan-advanced-nanotech-inc\/?lang=en#breadcrumb"},"inLanguage":"tr","potentialAction":[{"@type":"ReadAction","target":["https:\/\/krosgen.com\/index.php\/taiwan-advanced-nanotech-inc\/?lang=en"]}]},{"@type":"ImageObject","inLanguage":"tr","@id":"https:\/\/krosgen.com\/index.php\/taiwan-advanced-nanotech-inc\/?lang=en#primaryimage","url":"https:\/\/krosgen.com\/wp-content\/uploads\/2022\/05\/tanbead.jpg","contentUrl":"https:\/\/krosgen.com\/wp-content\/uploads\/2022\/05\/tanbead.jpg","width":1024,"height":500},{"@type":"BreadcrumbList","@id":"https:\/\/krosgen.com\/index.php\/taiwan-advanced-nanotech-inc\/?lang=en#breadcrumb","itemListElement":[{"@type":"ListItem","position":1,"name":"Home","item":"https:\/\/krosgen.com\/"},{"@type":"ListItem","position":2,"name":"Taiwan Advanced Nanotech Inc."}]},{"@type":"WebSite","@id":"https:\/\/krosgen.com\/#website","url":"https:\/\/krosgen.com\/","name":"Krosgen","description":"Krosgen Biotechnology","publisher":{"@id":"https:\/\/krosgen.com\/#organization"},"potentialAction":[{"@type":"SearchAction","target":{"@type":"EntryPoint","urlTemplate":"https:\/\/krosgen.com\/?s={search_term_string}"},"query-input":{"@type":"PropertyValueSpecification","valueRequired":true,"valueName":"search_term_string"}}],"inLanguage":"tr"},{"@type":"Organization","@id":"https:\/\/krosgen.com\/#organization","name":"Krosgen Biotechnology","url":"https:\/\/krosgen.com\/","logo":{"@type":"ImageObject","inLanguage":"tr","@id":"https:\/\/krosgen.com\/#\/schema\/logo\/image\/","url":"https:\/\/krosgen.com\/wp-content\/uploads\/2022\/05\/KROSGEN-LOGO_001.png","contentUrl":"https:\/\/krosgen.com\/wp-content\/uploads\/2022\/05\/KROSGEN-LOGO_001.png","width":7016,"height":1700,"caption":"Krosgen Biotechnology"},"image":{"@id":"https:\/\/krosgen.com\/#\/schema\/logo\/image\/"},"sameAs":["https:\/\/www.linkedin.com\/company\/krosgen"]}]}},"jetpack_sharing_enabled":true,"_links":{"self":[{"href":"https:\/\/krosgen.com\/index.php\/wp-json\/wp\/v2\/pages\/15460","targetHints":{"allow":["GET"]}}],"collection":[{"href":"https:\/\/krosgen.com\/index.php\/wp-json\/wp\/v2\/pages"}],"about":[{"href":"https:\/\/krosgen.com\/index.php\/wp-json\/wp\/v2\/types\/page"}],"author":[{"embeddable":true,"href":"https:\/\/krosgen.com\/index.php\/wp-json\/wp\/v2\/users\/1"}],"replies":[{"embeddable":true,"href":"https:\/\/krosgen.com\/index.php\/wp-json\/wp\/v2\/comments?post=15460"}],"version-history":[{"count":34,"href":"https:\/\/krosgen.com\/index.php\/wp-json\/wp\/v2\/pages\/15460\/revisions"}],"predecessor-version":[{"id":18603,"href":"https:\/\/krosgen.com\/index.php\/wp-json\/wp\/v2\/pages\/15460\/revisions\/18603"}],"wp:attachment":[{"href":"https:\/\/krosgen.com\/index.php\/wp-json\/wp\/v2\/media?parent=15460"}],"curies":[{"name":"wp","href":"https:\/\/api.w.org\/{rel}","templated":true}]}}