{"id":15462,"date":"2022-04-27T12:03:25","date_gmt":"2022-04-27T12:03:25","guid":{"rendered":"http:\/\/krosgen.com\/?page_id=15462"},"modified":"2024-01-03T15:22:41","modified_gmt":"2024-01-03T12:22:41","slug":"accumax","status":"publish","type":"page","link":"https:\/\/krosgen.com\/index.php\/accumax\/","title":{"rendered":"Accumax &#038; Neuation"},"content":{"rendered":"\t\t<div data-elementor-type=\"wp-page\" data-elementor-id=\"15462\" class=\"elementor elementor-15462\">\n\t\t\t\t\t\t<section class=\"elementor-section elementor-top-section elementor-element elementor-element-13f9129 elementor-section-boxed elementor-section-height-default elementor-section-height-default qodef-elementor-content-no\" data-id=\"13f9129\" data-element_type=\"section\" data-e-type=\"section\">\n\t\t\t\t\t\t<div class=\"elementor-container elementor-column-gap-default\">\n\t\t\t\t\t<div class=\"elementor-column elementor-col-100 elementor-top-column elementor-element elementor-element-fef7418\" data-id=\"fef7418\" data-element_type=\"column\" data-e-type=\"column\">\n\t\t\t<div class=\"elementor-widget-wrap elementor-element-populated\">\n\t\t\t\t\t\t<div class=\"elementor-element elementor-element-0acee1c elementor-widget elementor-widget-slider_revolution\" data-id=\"0acee1c\" data-element_type=\"widget\" data-e-type=\"widget\" data-widget_type=\"slider_revolution.default\">\n\t\t\t\t<div class=\"elementor-widget-container\">\n\t\t\t\t\t\n\t\t<div class=\"wp-block-themepunch-revslider\">\n\t\t\t<!-- START 08labstac REVOLUTION SLIDER 6.5.9 --><p class=\"rs-p-wp-fix\"><\/p>\n\t\t\t<rs-module-wrap id=\"rev_slider_30_1_wrapper\" data-source=\"gallery\" style=\"visibility:hidden;background:#f5f5f5;padding:0;margin:0px auto;margin-top:0;margin-bottom:0;\">\n\t\t\t\t<rs-module id=\"rev_slider_30_1\" style=\"\" data-version=\"6.5.9\">\n\t\t\t\t\t<rs-slides>\n\t\t\t\t\t\t<rs-slide style=\"position: absolute;\" data-key=\"rs-58\" data-title=\"1\" data-in=\"o:0;\" data-out=\"a:false;\">\n\t\t\t\t\t\t\t<img fetchpriority=\"high\" decoding=\"async\" src=\"\/\/krosgen.com\/wp-content\/plugins\/revslider\/public\/assets\/assets\/dummy.png\" title=\"accumax-neuation1\" width=\"4924\" height=\"3124\" class=\"rev-slidebg tp-rs-img rs-lazyload\" data-lazyload=\"\/\/krosgen.com\/wp-content\/uploads\/2023\/12\/accumax-neuation1.png\" data-panzoom=\"d:10000;ss:100%;se:110%;oe:0px\/50px;\" data-no-retina>\n<!--\n\t\t\t\t\t\t\t--><rs-layer\n\t\t\t\t\t\t\t\tid=\"slider-30-slide-58-layer-1\" \n\t\t\t\t\t\t\t\tdata-type=\"text\"\n\t\t\t\t\t\t\t\tdata-color=\"#000000\"\n\t\t\t\t\t\t\t\tdata-xy=\"xo:9px,-4px,0,0;y:m;yo:197px,-97px,-95px,-193px;\"\n\t\t\t\t\t\t\t\tdata-text=\"w:normal;s:35,35,35,30;l:30,30,30,40;ls:1px;fw:400,400,400,500;\"\n\t\t\t\t\t\t\t\tdata-dim=\"w:auto,auto,569px,275px;\"\n\t\t\t\t\t\t\t\tdata-rsp_o=\"off\"\n\t\t\t\t\t\t\t\tdata-rsp_bd=\"off\"\n\t\t\t\t\t\t\t\tdata-frame_0=\"x:50;\"\n\t\t\t\t\t\t\t\tdata-frame_1=\"sp:700;\"\n\t\t\t\t\t\t\t\tdata-frame_999=\"o:0;st:w;\"\n\t\t\t\t\t\t\t\tstyle=\"z-index:8;font-family:'Raleway';\"\n\t\t\t\t\t\t\t>Accumax & Neuation \n\t\t\t\t\t\t\t<\/rs-layer><!--\n-->\t\t\t\t\t\t<\/rs-slide>\n\t\t\t\t\t<\/rs-slides>\n\t\t\t\t<\/rs-module>\n\t\t\t\t<script type=\"text\/javascript\">\n\t\t\t\t\tsetREVStartSize({c: 'rev_slider_30_1',rl:[1240,1024,778,480],el:[700,540,800,570],gw:[1400,1100,660,300],gh:[700,540,800,570],type:'standard',justify:'',layout:'fullwidth',mh:\"0\"});if (window.RS_MODULES!==undefined && window.RS_MODULES.modules!==undefined && window.RS_MODULES.modules[\"revslider301\"]!==undefined) {window.RS_MODULES.modules[\"revslider301\"].once = false;window.revapi30 = undefined;if (window.RS_MODULES.checkMinimal!==undefined) window.RS_MODULES.checkMinimal()}\n\t\t\t\t<\/script>\n\t\t\t<\/rs-module-wrap>\n\t\t\t<!-- END REVOLUTION SLIDER -->\n<\/div>\n\n\t\t\t\t\t\t<\/div>\n\t\t\t\t<\/div>\n\t\t\t\t\t<\/div>\n\t\t<\/div>\n\t\t\t\t\t<\/div>\n\t\t<\/section>\n\t\t\t\t<section class=\"elementor-section elementor-top-section elementor-element elementor-element-0b58641 elementor-section-boxed elementor-section-height-default elementor-section-height-default qodef-elementor-content-no\" data-id=\"0b58641\" data-element_type=\"section\" data-e-type=\"section\">\n\t\t\t\t\t\t<div class=\"elementor-container elementor-column-gap-default\">\n\t\t\t\t\t<div class=\"elementor-column elementor-col-100 elementor-top-column elementor-element elementor-element-37aebc6\" data-id=\"37aebc6\" data-element_type=\"column\" data-e-type=\"column\">\n\t\t\t<div class=\"elementor-widget-wrap elementor-element-populated\">\n\t\t\t\t\t\t<div class=\"elementor-element elementor-element-c4bb4ff elementor-widget elementor-widget-text-editor\" data-id=\"c4bb4ff\" data-element_type=\"widget\" data-e-type=\"widget\" data-widget_type=\"text-editor.default\">\n\t\t\t\t<div class=\"elementor-widget-container\">\n\t\t\t\t\t\t\t\t\t<p><strong><span class=\"HwtZe\" lang=\"tr\"><span class=\"jCAhz ChMk0b\"><span class=\"ryNqvb\">Accumax, yirmi y\u0131l\u0131 a\u015fk\u0131n bir s\u00fcredir laboratuvarlarda s\u0131v\u0131 saklama ve ta\u015f\u0131ma ekipmanlar\u0131 ile tek kullan\u0131ml\u0131k plastik malzeme \u00e7\u00f6z\u00fcmlerinin \u00fcretiminde, ara\u015ft\u0131rma ve geli\u015ftirme konusundaki uzmanl\u0131\u011f\u0131n\u0131n yan\u0131 s\u0131ra m\u00fchendislik yetkinli\u011fiyle de lider bir firmad\u0131r.<\/span><\/span> <span class=\"jCAhz ChMk0b\"><span class=\"ryNqvb\">Bu yenilik ve beceri birle\u015fimi, d\u00fcnya \u00e7ap\u0131ndaki laboratuvarlarda kullan\u0131lan son teknoloji \u00fcr\u00fcn\u00fc plastik laboratuvar malzemeleri ve ya\u015fam bilimleri \u00fcr\u00fcnleri yaratmalar\u0131na olanak tan\u0131m\u0131\u015ft\u0131r.<\/span><\/span><\/span><\/strong><\/p><p><strong><span class=\"HwtZe\" lang=\"tr\"> <span class=\"jCAhz ChMk0b\"><span class=\"ryNqvb\">Neuation ise Accumax grubunun bir par\u00e7as\u0131d\u0131r ve yenilik\u00e7i bir laboratuvar tezgah \u00fcst\u00fc ekipman\u0131 \u00fcreticisidir.<\/span><\/span> <span class=\"jCAhz ChMk0b\"><span class=\"ryNqvb\">Neuation, laboratuvar alan\u0131ndaki \u00e7ok say\u0131da uygulama i\u00e7in \u00e7ok \u00e7e\u015fitli \u00f6zelliklerle dolu ekipman sunarak onu d\u00fcnya \u00e7ap\u0131nda bir\u00e7ok laboratuvarda kullan\u0131lan g\u00fcvenilir ve g\u00fcvenilir bir marka haline getirmektedir.<\/span><\/span><\/span><\/strong><\/p>\t\t\t\t\t\t\t\t<\/div>\n\t\t\t\t<\/div>\n\t\t\t\t<div class=\"elementor-element elementor-element-01e538e qodef-standard-images-on-top--no elementor-widget elementor-widget-qi_addons_for_elementor_interactive_link_showcase\" data-id=\"01e538e\" data-element_type=\"widget\" data-e-type=\"widget\" data-widget_type=\"qi_addons_for_elementor_interactive_link_showcase.default\">\n\t\t\t\t<div class=\"elementor-widget-container\">\n\t\t\t\t\t<div class=\"qodef-shortcode qodef-m qodef-qi-interactive-link-showcase qodef-layout--standard qodef-hover--underline\">\n\t<div class=\"qodef-m-items\">\n\t\t<a itemprop=\"url\" class=\"qodef-m-item qodef-e\" href=\"https:\/\/www.accumaxlab.com\/products\/\" target=\"_blank\">\n\t<span class=\"qodef-e-title\"><span class=\"qodef-e-inner-title\">Accumax &amp; Neuation \u00dcr\u00fcnlerini \u0130ncelemek \u0130\u00e7in T\u0131klay\u0131n<\/span><\/span>\n\t<\/a>\n\t<\/div>\n\t<div class=\"qodef-m-images\">\n\t\t<div class=\"qodef-e-image qodef-position--left elementor-repeater-item-831d26a\">\n\t<img decoding=\"async\" width=\"1200\" height=\"800\" src=\"https:\/\/krosgen.com\/wp-content\/uploads\/2023\/12\/accumax-hover.png\" class=\"attachment-full size-full\" alt=\"\" \/><\/div>\n\t<\/div>\n<\/div>\n\t\t\t\t<\/div>\n\t\t\t\t<\/div>\n\t\t\t\t\t<\/div>\n\t\t<\/div>\n\t\t\t\t\t<\/div>\n\t\t<\/section>\n\t\t\t\t<\/div>\n\t\t","protected":false},"excerpt":{"rendered":"<p>Accumax, yirmi y\u0131l\u0131 a\u015fk\u0131n bir s\u00fcredir laboratuvarlarda s\u0131v\u0131 saklama ve ta\u015f\u0131ma ekipmanlar\u0131 ile tek kullan\u0131ml\u0131k plastik malzeme \u00e7\u00f6z\u00fcmlerinin \u00fcretiminde, ara\u015ft\u0131rma ve geli\u015ftirme konusundaki uzmanl\u0131\u011f\u0131n\u0131n yan\u0131 s\u0131ra m\u00fchendislik yetkinli\u011fiyle de lider bir firmad\u0131r. Bu yenilik ve beceri birle\u015fimi, d\u00fcnya \u00e7ap\u0131ndaki laboratuvarlarda kullan\u0131lan son teknoloji \u00fcr\u00fcn\u00fc plastik laboratuvar malzemeleri ve ya\u015fam bilimleri \u00fcr\u00fcnleri yaratmalar\u0131na olanak tan\u0131m\u0131\u015ft\u0131r. Neuation [&hellip;]<\/p>\n","protected":false},"author":1,"featured_media":0,"parent":0,"menu_order":0,"comment_status":"closed","ping_status":"closed","template":"","meta":{"footnotes":""},"class_list":["post-15462","page","type-page","status-publish","hentry"],"yoast_head":"<!-- This site is optimized with the Yoast SEO plugin v27.2 - https:\/\/yoast.com\/product\/yoast-seo-wordpress\/ -->\n<title>Accumax &amp; Neuation - Krosgen<\/title>\n<meta name=\"robots\" content=\"index, follow, max-snippet:-1, max-image-preview:large, max-video-preview:-1\" \/>\n<link rel=\"canonical\" href=\"https:\/\/krosgen.com\/index.php\/accumax\/\" \/>\n<meta property=\"og:locale\" content=\"tr_TR\" \/>\n<meta property=\"og:type\" content=\"article\" \/>\n<meta property=\"og:title\" content=\"Accumax &amp; Neuation - Krosgen\" \/>\n<meta property=\"og:description\" content=\"Accumax, yirmi y\u0131l\u0131 a\u015fk\u0131n bir s\u00fcredir laboratuvarlarda s\u0131v\u0131 saklama ve ta\u015f\u0131ma ekipmanlar\u0131 ile tek kullan\u0131ml\u0131k plastik malzeme \u00e7\u00f6z\u00fcmlerinin \u00fcretiminde, ara\u015ft\u0131rma ve geli\u015ftirme konusundaki uzmanl\u0131\u011f\u0131n\u0131n yan\u0131 s\u0131ra m\u00fchendislik yetkinli\u011fiyle de lider bir firmad\u0131r. Bu yenilik ve beceri birle\u015fimi, d\u00fcnya \u00e7ap\u0131ndaki laboratuvarlarda kullan\u0131lan son teknoloji \u00fcr\u00fcn\u00fc plastik laboratuvar malzemeleri ve ya\u015fam bilimleri \u00fcr\u00fcnleri yaratmalar\u0131na olanak tan\u0131m\u0131\u015ft\u0131r. Neuation [&hellip;]\" \/>\n<meta property=\"og:url\" content=\"https:\/\/krosgen.com\/index.php\/accumax\/\" \/>\n<meta property=\"og:site_name\" content=\"Krosgen\" \/>\n<meta property=\"article:modified_time\" content=\"2024-01-03T12:22:41+00:00\" \/>\n<meta property=\"og:image\" content=\"https:\/\/krosgen.com\/wp-content\/uploads\/2023\/12\/accumax-hover.png\" \/>\n<meta name=\"twitter:card\" content=\"summary_large_image\" \/>\n<meta name=\"twitter:label1\" content=\"Tahmini okuma s\u00fcresi\" \/>\n\t<meta name=\"twitter:data1\" content=\"1 dakika\" \/>\n<script type=\"application\/ld+json\" class=\"yoast-schema-graph\">{\"@context\":\"https:\/\/schema.org\",\"@graph\":[{\"@type\":\"WebPage\",\"@id\":\"https:\/\/krosgen.com\/index.php\/accumax\/\",\"url\":\"https:\/\/krosgen.com\/index.php\/accumax\/\",\"name\":\"Accumax & Neuation - Krosgen\",\"isPartOf\":{\"@id\":\"https:\/\/krosgen.com\/#website\"},\"primaryImageOfPage\":{\"@id\":\"https:\/\/krosgen.com\/index.php\/accumax\/#primaryimage\"},\"image\":{\"@id\":\"https:\/\/krosgen.com\/index.php\/accumax\/#primaryimage\"},\"thumbnailUrl\":\"https:\/\/krosgen.com\/wp-content\/uploads\/2023\/12\/accumax-hover.png\",\"datePublished\":\"2022-04-27T12:03:25+00:00\",\"dateModified\":\"2024-01-03T12:22:41+00:00\",\"breadcrumb\":{\"@id\":\"https:\/\/krosgen.com\/index.php\/accumax\/#breadcrumb\"},\"inLanguage\":\"tr\",\"potentialAction\":[{\"@type\":\"ReadAction\",\"target\":[\"https:\/\/krosgen.com\/index.php\/accumax\/\"]}]},{\"@type\":\"ImageObject\",\"inLanguage\":\"tr\",\"@id\":\"https:\/\/krosgen.com\/index.php\/accumax\/#primaryimage\",\"url\":\"https:\/\/krosgen.com\/wp-content\/uploads\/2023\/12\/accumax-hover.png\",\"contentUrl\":\"https:\/\/krosgen.com\/wp-content\/uploads\/2023\/12\/accumax-hover.png\",\"width\":1200,\"height\":800},{\"@type\":\"BreadcrumbList\",\"@id\":\"https:\/\/krosgen.com\/index.php\/accumax\/#breadcrumb\",\"itemListElement\":[{\"@type\":\"ListItem\",\"position\":1,\"name\":\"Home\",\"item\":\"https:\/\/krosgen.com\/\"},{\"@type\":\"ListItem\",\"position\":2,\"name\":\"Accumax &#038; Neuation\"}]},{\"@type\":\"WebSite\",\"@id\":\"https:\/\/krosgen.com\/#website\",\"url\":\"https:\/\/krosgen.com\/\",\"name\":\"Krosgen\",\"description\":\"Krosgen Biotechnology\",\"publisher\":{\"@id\":\"https:\/\/krosgen.com\/#organization\"},\"potentialAction\":[{\"@type\":\"SearchAction\",\"target\":{\"@type\":\"EntryPoint\",\"urlTemplate\":\"https:\/\/krosgen.com\/?s={search_term_string}\"},\"query-input\":{\"@type\":\"PropertyValueSpecification\",\"valueRequired\":true,\"valueName\":\"search_term_string\"}}],\"inLanguage\":\"tr\"},{\"@type\":\"Organization\",\"@id\":\"https:\/\/krosgen.com\/#organization\",\"name\":\"Krosgen Biotechnology\",\"url\":\"https:\/\/krosgen.com\/\",\"logo\":{\"@type\":\"ImageObject\",\"inLanguage\":\"tr\",\"@id\":\"https:\/\/krosgen.com\/#\/schema\/logo\/image\/\",\"url\":\"https:\/\/krosgen.com\/wp-content\/uploads\/2022\/05\/KROSGEN-LOGO_001.png\",\"contentUrl\":\"https:\/\/krosgen.com\/wp-content\/uploads\/2022\/05\/KROSGEN-LOGO_001.png\",\"width\":7016,\"height\":1700,\"caption\":\"Krosgen Biotechnology\"},\"image\":{\"@id\":\"https:\/\/krosgen.com\/#\/schema\/logo\/image\/\"},\"sameAs\":[\"https:\/\/www.linkedin.com\/company\/krosgen\"]}]}<\/script>\n<!-- \/ Yoast SEO plugin. -->","yoast_head_json":{"title":"Accumax & Neuation - Krosgen","robots":{"index":"index","follow":"follow","max-snippet":"max-snippet:-1","max-image-preview":"max-image-preview:large","max-video-preview":"max-video-preview:-1"},"canonical":"https:\/\/krosgen.com\/index.php\/accumax\/","og_locale":"tr_TR","og_type":"article","og_title":"Accumax & Neuation - Krosgen","og_description":"Accumax, yirmi y\u0131l\u0131 a\u015fk\u0131n bir s\u00fcredir laboratuvarlarda s\u0131v\u0131 saklama ve ta\u015f\u0131ma ekipmanlar\u0131 ile tek kullan\u0131ml\u0131k plastik malzeme \u00e7\u00f6z\u00fcmlerinin \u00fcretiminde, ara\u015ft\u0131rma ve geli\u015ftirme konusundaki uzmanl\u0131\u011f\u0131n\u0131n yan\u0131 s\u0131ra m\u00fchendislik yetkinli\u011fiyle de lider bir firmad\u0131r. Bu yenilik ve beceri birle\u015fimi, d\u00fcnya \u00e7ap\u0131ndaki laboratuvarlarda kullan\u0131lan son teknoloji \u00fcr\u00fcn\u00fc plastik laboratuvar malzemeleri ve ya\u015fam bilimleri \u00fcr\u00fcnleri yaratmalar\u0131na olanak tan\u0131m\u0131\u015ft\u0131r. Neuation [&hellip;]","og_url":"https:\/\/krosgen.com\/index.php\/accumax\/","og_site_name":"Krosgen","article_modified_time":"2024-01-03T12:22:41+00:00","og_image":[{"url":"https:\/\/krosgen.com\/wp-content\/uploads\/2023\/12\/accumax-hover.png","type":"","width":"","height":""}],"twitter_card":"summary_large_image","twitter_misc":{"Tahmini okuma s\u00fcresi":"1 dakika"},"schema":{"@context":"https:\/\/schema.org","@graph":[{"@type":"WebPage","@id":"https:\/\/krosgen.com\/index.php\/accumax\/","url":"https:\/\/krosgen.com\/index.php\/accumax\/","name":"Accumax & Neuation - Krosgen","isPartOf":{"@id":"https:\/\/krosgen.com\/#website"},"primaryImageOfPage":{"@id":"https:\/\/krosgen.com\/index.php\/accumax\/#primaryimage"},"image":{"@id":"https:\/\/krosgen.com\/index.php\/accumax\/#primaryimage"},"thumbnailUrl":"https:\/\/krosgen.com\/wp-content\/uploads\/2023\/12\/accumax-hover.png","datePublished":"2022-04-27T12:03:25+00:00","dateModified":"2024-01-03T12:22:41+00:00","breadcrumb":{"@id":"https:\/\/krosgen.com\/index.php\/accumax\/#breadcrumb"},"inLanguage":"tr","potentialAction":[{"@type":"ReadAction","target":["https:\/\/krosgen.com\/index.php\/accumax\/"]}]},{"@type":"ImageObject","inLanguage":"tr","@id":"https:\/\/krosgen.com\/index.php\/accumax\/#primaryimage","url":"https:\/\/krosgen.com\/wp-content\/uploads\/2023\/12\/accumax-hover.png","contentUrl":"https:\/\/krosgen.com\/wp-content\/uploads\/2023\/12\/accumax-hover.png","width":1200,"height":800},{"@type":"BreadcrumbList","@id":"https:\/\/krosgen.com\/index.php\/accumax\/#breadcrumb","itemListElement":[{"@type":"ListItem","position":1,"name":"Home","item":"https:\/\/krosgen.com\/"},{"@type":"ListItem","position":2,"name":"Accumax &#038; Neuation"}]},{"@type":"WebSite","@id":"https:\/\/krosgen.com\/#website","url":"https:\/\/krosgen.com\/","name":"Krosgen","description":"Krosgen Biotechnology","publisher":{"@id":"https:\/\/krosgen.com\/#organization"},"potentialAction":[{"@type":"SearchAction","target":{"@type":"EntryPoint","urlTemplate":"https:\/\/krosgen.com\/?s={search_term_string}"},"query-input":{"@type":"PropertyValueSpecification","valueRequired":true,"valueName":"search_term_string"}}],"inLanguage":"tr"},{"@type":"Organization","@id":"https:\/\/krosgen.com\/#organization","name":"Krosgen Biotechnology","url":"https:\/\/krosgen.com\/","logo":{"@type":"ImageObject","inLanguage":"tr","@id":"https:\/\/krosgen.com\/#\/schema\/logo\/image\/","url":"https:\/\/krosgen.com\/wp-content\/uploads\/2022\/05\/KROSGEN-LOGO_001.png","contentUrl":"https:\/\/krosgen.com\/wp-content\/uploads\/2022\/05\/KROSGEN-LOGO_001.png","width":7016,"height":1700,"caption":"Krosgen Biotechnology"},"image":{"@id":"https:\/\/krosgen.com\/#\/schema\/logo\/image\/"},"sameAs":["https:\/\/www.linkedin.com\/company\/krosgen"]}]}},"jetpack_sharing_enabled":true,"_links":{"self":[{"href":"https:\/\/krosgen.com\/index.php\/wp-json\/wp\/v2\/pages\/15462","targetHints":{"allow":["GET"]}}],"collection":[{"href":"https:\/\/krosgen.com\/index.php\/wp-json\/wp\/v2\/pages"}],"about":[{"href":"https:\/\/krosgen.com\/index.php\/wp-json\/wp\/v2\/types\/page"}],"author":[{"embeddable":true,"href":"https:\/\/krosgen.com\/index.php\/wp-json\/wp\/v2\/users\/1"}],"replies":[{"embeddable":true,"href":"https:\/\/krosgen.com\/index.php\/wp-json\/wp\/v2\/comments?post=15462"}],"version-history":[{"count":32,"href":"https:\/\/krosgen.com\/index.php\/wp-json\/wp\/v2\/pages\/15462\/revisions"}],"predecessor-version":[{"id":18314,"href":"https:\/\/krosgen.com\/index.php\/wp-json\/wp\/v2\/pages\/15462\/revisions\/18314"}],"wp:attachment":[{"href":"https:\/\/krosgen.com\/index.php\/wp-json\/wp\/v2\/media?parent=15462"}],"curies":[{"name":"wp","href":"https:\/\/api.w.org\/{rel}","templated":true}]}}