{"id":15464,"date":"2022-04-27T12:11:14","date_gmt":"2022-04-27T09:11:14","guid":{"rendered":"http:\/\/krosgen.com\/?page_id=15464"},"modified":"2023-03-21T17:48:48","modified_gmt":"2023-03-21T14:48:48","slug":"novacyt","status":"publish","type":"page","link":"https:\/\/krosgen.com\/index.php\/novacyt\/","title":{"rendered":"Novacyt"},"content":{"rendered":"\t\t<div data-elementor-type=\"wp-page\" data-elementor-id=\"15464\" class=\"elementor elementor-15464\">\n\t\t\t\t\t\t<section class=\"elementor-section elementor-top-section elementor-element elementor-element-561392f elementor-section-boxed elementor-section-height-default elementor-section-height-default qodef-elementor-content-no\" data-id=\"561392f\" data-element_type=\"section\" data-e-type=\"section\">\n\t\t\t\t\t\t<div class=\"elementor-container elementor-column-gap-default\">\n\t\t\t\t\t<div class=\"elementor-column elementor-col-100 elementor-top-column elementor-element elementor-element-e4ac042\" data-id=\"e4ac042\" data-element_type=\"column\" data-e-type=\"column\">\n\t\t\t<div class=\"elementor-widget-wrap elementor-element-populated\">\n\t\t\t\t\t\t<div class=\"elementor-element elementor-element-226f5b2 elementor-widget elementor-widget-slider_revolution\" data-id=\"226f5b2\" data-element_type=\"widget\" data-e-type=\"widget\" data-widget_type=\"slider_revolution.default\">\n\t\t\t\t<div class=\"elementor-widget-container\">\n\t\t\t\t\t\n\t\t<div class=\"wp-block-themepunch-revslider\">\n\t\t\t<!-- START 07itisinternational REVOLUTION SLIDER 6.5.9 --><p class=\"rs-p-wp-fix\"><\/p>\n\t\t\t<rs-module-wrap id=\"rev_slider_29_1_wrapper\" data-source=\"gallery\" style=\"visibility:hidden;background:#f5f5f5;padding:0;margin:0px auto;margin-top:0;margin-bottom:0;\">\n\t\t\t\t<rs-module id=\"rev_slider_29_1\" style=\"\" data-version=\"6.5.9\">\n\t\t\t\t\t<rs-slides>\n\t\t\t\t\t\t<rs-slide style=\"position: absolute;\" data-key=\"rs-55\" data-title=\"1\" data-thumb=\"\/\/krosgen.com\/wp-content\/uploads\/2022\/05\/MyGoPro-1.jpg\" data-in=\"o:0;\" data-out=\"a:false;\">\n\t\t\t\t\t\t\t<img fetchpriority=\"high\" decoding=\"async\" src=\"\/\/krosgen.com\/wp-content\/plugins\/revslider\/public\/assets\/assets\/dummy.png\" title=\"MyGoPro\" width=\"1050\" height=\"576\" class=\"rev-slidebg tp-rs-img rs-lazyload\" data-lazyload=\"\/\/krosgen.com\/wp-content\/uploads\/2022\/05\/MyGoPro-1.jpg\" data-bg=\"p:center bottom;\" data-panzoom=\"d:10000;ss:100%;se:110%;oe:0px\/50px;\" data-no-retina>\n<!--\n\t\t\t\t\t\t\t--><rs-layer\n\t\t\t\t\t\t\t\tid=\"slider-29-slide-55-layer-1\" \n\t\t\t\t\t\t\t\tdata-type=\"text\"\n\t\t\t\t\t\t\t\tdata-color=\"#000000\"\n\t\t\t\t\t\t\t\tdata-xy=\"xo:0,-4px,0,0;y:m;yo:214px,-97px,-95px,70px;\"\n\t\t\t\t\t\t\t\tdata-text=\"w:normal;s:35,35,35,30;l:30,30,30,40;ls:1px;fw:400,400,400,500;\"\n\t\t\t\t\t\t\t\tdata-dim=\"w:auto,auto,569px,275px;\"\n\t\t\t\t\t\t\t\tdata-rsp_o=\"off\"\n\t\t\t\t\t\t\t\tdata-rsp_bd=\"off\"\n\t\t\t\t\t\t\t\tdata-frame_0=\"x:34px;\"\n\t\t\t\t\t\t\t\tdata-frame_1=\"sp:700;\"\n\t\t\t\t\t\t\t\tdata-frame_999=\"o:0;st:w;\"\n\t\t\t\t\t\t\t\tstyle=\"z-index:8;font-family:'Raleway';\"\n\t\t\t\t\t\t\t>Novacyt Group \n\t\t\t\t\t\t\t<\/rs-layer><!--\n-->\t\t\t\t\t\t<\/rs-slide>\n\t\t\t\t\t\t<rs-slide style=\"position: absolute;\" data-key=\"rs-82\" data-title=\"1\" data-thumb=\"\/\/krosgen.com\/wp-content\/uploads\/2022\/05\/mygo-mini2.jpg\" data-in=\"o:0;\" data-out=\"a:false;\">\n\t\t\t\t\t\t\t<img decoding=\"async\" src=\"\/\/krosgen.com\/wp-content\/plugins\/revslider\/public\/assets\/assets\/dummy.png\" title=\"mygo-mini2\" width=\"1200\" height=\"422\" class=\"rev-slidebg tp-rs-img rs-lazyload\" data-lazyload=\"\/\/krosgen.com\/wp-content\/uploads\/2022\/05\/mygo-mini2.jpg\" data-bg=\"p:center bottom;\" data-panzoom=\"d:10000;ss:100%;se:110%;oe:0px\/50px;\" data-no-retina>\n<!---->\t\t\t\t\t\t<\/rs-slide>\n\t\t\t\t\t<\/rs-slides>\n\t\t\t\t<\/rs-module>\n\t\t\t\t<script type=\"text\/javascript\">\n\t\t\t\t\tsetREVStartSize({c: 'rev_slider_29_1',rl:[1240,1024,778,480],el:[700,540,800,570],gw:[1400,1100,660,300],gh:[700,540,800,570],type:'standard',justify:'',layout:'fullwidth',mh:\"0\"});if (window.RS_MODULES!==undefined && window.RS_MODULES.modules!==undefined && window.RS_MODULES.modules[\"revslider291\"]!==undefined) {window.RS_MODULES.modules[\"revslider291\"].once = false;window.revapi29 = undefined;if (window.RS_MODULES.checkMinimal!==undefined) window.RS_MODULES.checkMinimal()}\n\t\t\t\t<\/script>\n\t\t\t<\/rs-module-wrap>\n\t\t\t<!-- END REVOLUTION SLIDER -->\n<\/div>\n\n\t\t\t\t\t\t<\/div>\n\t\t\t\t<\/div>\n\t\t\t\t\t<\/div>\n\t\t<\/div>\n\t\t\t\t\t<\/div>\n\t\t<\/section>\n\t\t\t\t<section class=\"elementor-section elementor-top-section elementor-element elementor-element-027db73 elementor-section-boxed elementor-section-height-default elementor-section-height-default qodef-elementor-content-no\" data-id=\"027db73\" data-element_type=\"section\" data-e-type=\"section\">\n\t\t\t\t\t\t<div class=\"elementor-container elementor-column-gap-default\">\n\t\t\t\t\t<div class=\"elementor-column elementor-col-100 elementor-top-column elementor-element elementor-element-0714219\" data-id=\"0714219\" data-element_type=\"column\" data-e-type=\"column\">\n\t\t\t<div class=\"elementor-widget-wrap elementor-element-populated\">\n\t\t\t\t\t\t<div class=\"elementor-element elementor-element-298e005 elementor-widget elementor-widget-text-editor\" data-id=\"298e005\" data-element_type=\"widget\" data-e-type=\"widget\" data-widget_type=\"text-editor.default\">\n\t\t\t\t<div class=\"elementor-widget-container\">\n\t\t\t\t\t\t\t\t\t<p><strong>Binlerce enstr\u00fcmandan olu\u015fan kurulu bir taban ve 10 y\u0131l\u0131 a\u015fk\u0131n bir s\u00fcredir ola\u011fan\u00fcst\u00fc teknoloji deneyimi ile, d\u00fcnyan\u0131n \u00f6nde gelen ba\u011f\u0131ms\u0131z ger\u00e7ek zamanl\u0131 PCR sistemleri \u00fcreticisidir. <\/strong><\/p><p><strong>MyGo Mini ve MyGo Pro\u00ae Real-Time PCR Sistemleri, kullan\u0131c\u0131lara geni\u015f bir uygulama yelpazesinde harika sonu\u00e7lar sa\u011flar.<\/strong><\/p><p><strong><span class=\"VIiyi\" lang=\"tr\"><span class=\"JLqJ4b ChMk0b\" data-language-for-alternatives=\"tr\" data-language-to-translate-into=\"en\" data-phrase-index=\"0\" data-number-of-phrases=\"5\"><span class=\"Q4iAWc\">MyGo Pro\u00ae ger\u00e7ek zamanl\u0131 PCR cihaz\u0131, uygun bir formatta e\u015fsiz performans sa\u011flar.<\/span><\/span> &#8220;<span class=\"JLqJ4b ChMk0b\" data-language-for-alternatives=\"tr\" data-language-to-translate-into=\"en\" data-phrase-index=\"1\" data-number-of-phrases=\"5\"><span class=\"Q4iAWc\">Novel Full Spectrum Optics&#8221; sistemi, g\u00fcvenilir multipleks PCR i\u00e7in hareketli par\u00e7a olmadan paralel olarak her t\u00fcpten 120 optik kanal floresan verisi sa\u011flar.<\/span><\/span> <span class=\"JLqJ4b ChMk0b\" data-language-for-alternatives=\"tr\" data-language-to-translate-into=\"en\" data-phrase-index=\"2\" data-number-of-phrases=\"5\"><span class=\"Q4iAWc\">Y\u00fcksek performansl\u0131 Peltier elemanlar\u0131 ve kat\u0131 g\u00fcm\u00fc\u015f bloklar, hem h\u0131z hem de termal homojenlik sa\u011flar.<\/span><\/span> <\/span><\/strong><\/p><p><strong><span class=\"VIiyi\" lang=\"tr\"><span class=\"JLqJ4b ChMk0b\" data-language-for-alternatives=\"tr\" data-language-to-translate-into=\"en\" data-phrase-index=\"3\" data-number-of-phrases=\"5\"><span class=\"Q4iAWc\">H\u0131zl\u0131, kesin, nicel PCR ve erime noktas\u0131 analizi yap\u0131labilir.<\/span><\/span> <span class=\"JLqJ4b ChMk0b\" data-language-for-alternatives=\"tr\" data-language-to-translate-into=\"en\" data-phrase-index=\"4\" data-number-of-phrases=\"5\"><span class=\"Q4iAWc\">Sezgisel bir kullan\u0131c\u0131 aray\u00fcz\u00fc ile birle\u015ftirilmi\u015f geli\u015fmi\u015f algoritmalar, \u00e7ok \u00e7e\u015fitli uygulamalar\u0131, i\u015fletim sistemlerini ve ba\u011flant\u0131 se\u00e7eneklerini destekler.<\/span><\/span><\/span><\/strong><\/p>\t\t\t\t\t\t\t\t<\/div>\n\t\t\t\t<\/div>\n\t\t\t\t<div class=\"elementor-element elementor-element-d1b3810 elementor-align-center elementor-widget elementor-widget-button\" data-id=\"d1b3810\" data-element_type=\"widget\" data-e-type=\"widget\" data-widget_type=\"button.default\">\n\t\t\t\t<div class=\"elementor-widget-container\">\n\t\t\t\t\t\t\t\t\t<div class=\"elementor-button-wrapper\">\n\t\t\t\t\t<a class=\"elementor-button elementor-button-link elementor-size-xl\" href=\"https:\/\/krosgen.com\/wp-content\/uploads\/2023\/03\/mygo-krosgen.pdf\">\n\t\t\t\t\t\t<span class=\"elementor-button-content-wrapper\">\n\t\t\t\t\t\t<span class=\"elementor-button-icon\">\n\t\t\t\t<i aria-hidden=\"true\" class=\"fas fa-file-download\"><\/i>\t\t\t<\/span>\n\t\t\t\t\t\t\t\t\t<span class=\"elementor-button-text\">MyGo \u00dcr\u00fcnlerini \u0130\u00e7eren Bro\u015f\u00fcr\u00fc \u0130ndirmek i\u00e7in T\u0131klay\u0131n<\/span>\n\t\t\t\t\t<\/span>\n\t\t\t\t\t<\/a>\n\t\t\t\t<\/div>\n\t\t\t\t\t\t\t\t<\/div>\n\t\t\t\t<\/div>\n\t\t\t\t<div class=\"elementor-element elementor-element-a8faa3d qodef-standard-images-on-top--no elementor-widget elementor-widget-qi_addons_for_elementor_interactive_link_showcase\" data-id=\"a8faa3d\" data-element_type=\"widget\" data-e-type=\"widget\" data-widget_type=\"qi_addons_for_elementor_interactive_link_showcase.default\">\n\t\t\t\t<div class=\"elementor-widget-container\">\n\t\t\t\t\t<div class=\"qodef-shortcode qodef-m qodef-qi-interactive-link-showcase qodef-layout--standard qodef-hover--underline\">\n\t<div class=\"qodef-m-items\">\n\t\t<a itemprop=\"url\" class=\"qodef-m-item qodef-e\" href=\"https:\/\/novacyt.com\/product\/mygo-mini-and-mygo-pro\/\" target=\"_blank\">\n\t<span class=\"qodef-e-title\"><span class=\"qodef-e-inner-title\">Novacyt MyGo \u00dcr\u00fcnlerini \u0130ncelemek \u0130\u00e7in T\u0131klay\u0131n<\/span><\/span>\n\t<\/a>\n\t<\/div>\n\t<div class=\"qodef-m-images\">\n\t\t<div class=\"qodef-e-image qodef-position--left elementor-repeater-item-5b73685\">\n\t<img decoding=\"async\" width=\"512\" height=\"420\" src=\"https:\/\/krosgen.com\/wp-content\/uploads\/2022\/05\/tubes.jpg\" class=\"attachment-full size-full\" alt=\"\" \/><\/div>\n\t<\/div>\n<\/div>\n\t\t\t\t<\/div>\n\t\t\t\t<\/div>\n\t\t\t\t\t<\/div>\n\t\t<\/div>\n\t\t\t\t\t<\/div>\n\t\t<\/section>\n\t\t\t\t<section class=\"elementor-section elementor-top-section elementor-element elementor-element-9a453a9 elementor-section-boxed elementor-section-height-default elementor-section-height-default qodef-elementor-content-no\" data-id=\"9a453a9\" data-element_type=\"section\" data-e-type=\"section\">\n\t\t\t\t\t\t<div class=\"elementor-container elementor-column-gap-default\">\n\t\t\t\t\t<div class=\"elementor-column elementor-col-100 elementor-top-column elementor-element elementor-element-df46882\" data-id=\"df46882\" data-element_type=\"column\" data-e-type=\"column\">\n\t\t\t<div class=\"elementor-widget-wrap\">\n\t\t\t\t\t\t\t<\/div>\n\t\t<\/div>\n\t\t\t\t\t<\/div>\n\t\t<\/section>\n\t\t\t\t<\/div>\n\t\t","protected":false},"excerpt":{"rendered":"<p>Binlerce enstr\u00fcmandan olu\u015fan kurulu bir taban ve 10 y\u0131l\u0131 a\u015fk\u0131n bir s\u00fcredir ola\u011fan\u00fcst\u00fc teknoloji deneyimi ile, d\u00fcnyan\u0131n \u00f6nde gelen ba\u011f\u0131ms\u0131z ger\u00e7ek zamanl\u0131 PCR sistemleri \u00fcreticisidir. MyGo Mini ve MyGo Pro\u00ae Real-Time PCR Sistemleri, kullan\u0131c\u0131lara geni\u015f bir uygulama yelpazesinde harika sonu\u00e7lar sa\u011flar. MyGo Pro\u00ae ger\u00e7ek zamanl\u0131 PCR cihaz\u0131, uygun bir formatta e\u015fsiz performans sa\u011flar. &#8220;Novel Full [&hellip;]<\/p>\n","protected":false},"author":1,"featured_media":0,"parent":0,"menu_order":0,"comment_status":"closed","ping_status":"closed","template":"","meta":{"footnotes":""},"class_list":["post-15464","page","type-page","status-publish","hentry"],"yoast_head":"<!-- This site is optimized with the Yoast SEO plugin v27.2 - https:\/\/yoast.com\/product\/yoast-seo-wordpress\/ -->\n<title>Novacyt - Krosgen<\/title>\n<meta name=\"robots\" content=\"index, follow, max-snippet:-1, max-image-preview:large, max-video-preview:-1\" \/>\n<link rel=\"canonical\" href=\"https:\/\/krosgen.com\/index.php\/novacyt-en\/?lang=en\" \/>\n<meta property=\"og:locale\" content=\"tr_TR\" \/>\n<meta property=\"og:type\" content=\"article\" \/>\n<meta property=\"og:title\" content=\"Novacyt - Krosgen\" \/>\n<meta property=\"og:description\" content=\"Binlerce enstr\u00fcmandan olu\u015fan kurulu bir taban ve 10 y\u0131l\u0131 a\u015fk\u0131n bir s\u00fcredir ola\u011fan\u00fcst\u00fc teknoloji deneyimi ile, d\u00fcnyan\u0131n \u00f6nde gelen ba\u011f\u0131ms\u0131z ger\u00e7ek zamanl\u0131 PCR sistemleri \u00fcreticisidir. MyGo Mini ve MyGo Pro\u00ae Real-Time PCR Sistemleri, kullan\u0131c\u0131lara geni\u015f bir uygulama yelpazesinde harika sonu\u00e7lar sa\u011flar. MyGo Pro\u00ae ger\u00e7ek zamanl\u0131 PCR cihaz\u0131, uygun bir formatta e\u015fsiz performans sa\u011flar. &#8220;Novel Full [&hellip;]\" \/>\n<meta property=\"og:url\" content=\"https:\/\/krosgen.com\/index.php\/novacyt-en\/?lang=en\" \/>\n<meta property=\"og:site_name\" content=\"Krosgen\" \/>\n<meta property=\"article:modified_time\" content=\"2023-03-21T14:48:48+00:00\" \/>\n<meta property=\"og:image\" content=\"https:\/\/krosgen.com\/wp-content\/uploads\/2022\/05\/tubes.jpg\" \/>\n<meta name=\"twitter:card\" content=\"summary_large_image\" \/>\n<meta name=\"twitter:label1\" content=\"Tahmini okuma s\u00fcresi\" \/>\n\t<meta name=\"twitter:data1\" content=\"3 dakika\" \/>\n<script type=\"application\/ld+json\" class=\"yoast-schema-graph\">{\"@context\":\"https:\/\/schema.org\",\"@graph\":[{\"@type\":\"WebPage\",\"@id\":\"https:\/\/krosgen.com\/index.php\/novacyt-en\/?lang=en\",\"url\":\"https:\/\/krosgen.com\/index.php\/novacyt-en\/?lang=en\",\"name\":\"Novacyt - Krosgen\",\"isPartOf\":{\"@id\":\"https:\/\/krosgen.com\/#website\"},\"primaryImageOfPage\":{\"@id\":\"https:\/\/krosgen.com\/index.php\/novacyt-en\/?lang=en#primaryimage\"},\"image\":{\"@id\":\"https:\/\/krosgen.com\/index.php\/novacyt-en\/?lang=en#primaryimage\"},\"thumbnailUrl\":\"https:\/\/krosgen.com\/wp-content\/uploads\/2022\/05\/tubes.jpg\",\"datePublished\":\"2022-04-27T09:11:14+00:00\",\"dateModified\":\"2023-03-21T14:48:48+00:00\",\"breadcrumb\":{\"@id\":\"https:\/\/krosgen.com\/index.php\/novacyt-en\/?lang=en#breadcrumb\"},\"inLanguage\":\"tr\",\"potentialAction\":[{\"@type\":\"ReadAction\",\"target\":[\"https:\/\/krosgen.com\/index.php\/novacyt-en\/?lang=en\"]}]},{\"@type\":\"ImageObject\",\"inLanguage\":\"tr\",\"@id\":\"https:\/\/krosgen.com\/index.php\/novacyt-en\/?lang=en#primaryimage\",\"url\":\"https:\/\/krosgen.com\/wp-content\/uploads\/2022\/05\/tubes.jpg\",\"contentUrl\":\"https:\/\/krosgen.com\/wp-content\/uploads\/2022\/05\/tubes.jpg\",\"width\":512,\"height\":420},{\"@type\":\"BreadcrumbList\",\"@id\":\"https:\/\/krosgen.com\/index.php\/novacyt-en\/?lang=en#breadcrumb\",\"itemListElement\":[{\"@type\":\"ListItem\",\"position\":1,\"name\":\"Home\",\"item\":\"https:\/\/krosgen.com\/\"},{\"@type\":\"ListItem\",\"position\":2,\"name\":\"Novacyt\"}]},{\"@type\":\"WebSite\",\"@id\":\"https:\/\/krosgen.com\/#website\",\"url\":\"https:\/\/krosgen.com\/\",\"name\":\"Krosgen\",\"description\":\"Krosgen Biotechnology\",\"publisher\":{\"@id\":\"https:\/\/krosgen.com\/#organization\"},\"potentialAction\":[{\"@type\":\"SearchAction\",\"target\":{\"@type\":\"EntryPoint\",\"urlTemplate\":\"https:\/\/krosgen.com\/?s={search_term_string}\"},\"query-input\":{\"@type\":\"PropertyValueSpecification\",\"valueRequired\":true,\"valueName\":\"search_term_string\"}}],\"inLanguage\":\"tr\"},{\"@type\":\"Organization\",\"@id\":\"https:\/\/krosgen.com\/#organization\",\"name\":\"Krosgen Biotechnology\",\"url\":\"https:\/\/krosgen.com\/\",\"logo\":{\"@type\":\"ImageObject\",\"inLanguage\":\"tr\",\"@id\":\"https:\/\/krosgen.com\/#\/schema\/logo\/image\/\",\"url\":\"https:\/\/krosgen.com\/wp-content\/uploads\/2022\/05\/KROSGEN-LOGO_001.png\",\"contentUrl\":\"https:\/\/krosgen.com\/wp-content\/uploads\/2022\/05\/KROSGEN-LOGO_001.png\",\"width\":7016,\"height\":1700,\"caption\":\"Krosgen Biotechnology\"},\"image\":{\"@id\":\"https:\/\/krosgen.com\/#\/schema\/logo\/image\/\"},\"sameAs\":[\"https:\/\/www.linkedin.com\/company\/krosgen\"]}]}<\/script>\n<!-- \/ Yoast SEO plugin. -->","yoast_head_json":{"title":"Novacyt - Krosgen","robots":{"index":"index","follow":"follow","max-snippet":"max-snippet:-1","max-image-preview":"max-image-preview:large","max-video-preview":"max-video-preview:-1"},"canonical":"https:\/\/krosgen.com\/index.php\/novacyt-en\/?lang=en","og_locale":"tr_TR","og_type":"article","og_title":"Novacyt - Krosgen","og_description":"Binlerce enstr\u00fcmandan olu\u015fan kurulu bir taban ve 10 y\u0131l\u0131 a\u015fk\u0131n bir s\u00fcredir ola\u011fan\u00fcst\u00fc teknoloji deneyimi ile, d\u00fcnyan\u0131n \u00f6nde gelen ba\u011f\u0131ms\u0131z ger\u00e7ek zamanl\u0131 PCR sistemleri \u00fcreticisidir. MyGo Mini ve MyGo Pro\u00ae Real-Time PCR Sistemleri, kullan\u0131c\u0131lara geni\u015f bir uygulama yelpazesinde harika sonu\u00e7lar sa\u011flar. MyGo Pro\u00ae ger\u00e7ek zamanl\u0131 PCR cihaz\u0131, uygun bir formatta e\u015fsiz performans sa\u011flar. &#8220;Novel Full [&hellip;]","og_url":"https:\/\/krosgen.com\/index.php\/novacyt-en\/?lang=en","og_site_name":"Krosgen","article_modified_time":"2023-03-21T14:48:48+00:00","og_image":[{"url":"https:\/\/krosgen.com\/wp-content\/uploads\/2022\/05\/tubes.jpg","type":"","width":"","height":""}],"twitter_card":"summary_large_image","twitter_misc":{"Tahmini okuma s\u00fcresi":"3 dakika"},"schema":{"@context":"https:\/\/schema.org","@graph":[{"@type":"WebPage","@id":"https:\/\/krosgen.com\/index.php\/novacyt-en\/?lang=en","url":"https:\/\/krosgen.com\/index.php\/novacyt-en\/?lang=en","name":"Novacyt - Krosgen","isPartOf":{"@id":"https:\/\/krosgen.com\/#website"},"primaryImageOfPage":{"@id":"https:\/\/krosgen.com\/index.php\/novacyt-en\/?lang=en#primaryimage"},"image":{"@id":"https:\/\/krosgen.com\/index.php\/novacyt-en\/?lang=en#primaryimage"},"thumbnailUrl":"https:\/\/krosgen.com\/wp-content\/uploads\/2022\/05\/tubes.jpg","datePublished":"2022-04-27T09:11:14+00:00","dateModified":"2023-03-21T14:48:48+00:00","breadcrumb":{"@id":"https:\/\/krosgen.com\/index.php\/novacyt-en\/?lang=en#breadcrumb"},"inLanguage":"tr","potentialAction":[{"@type":"ReadAction","target":["https:\/\/krosgen.com\/index.php\/novacyt-en\/?lang=en"]}]},{"@type":"ImageObject","inLanguage":"tr","@id":"https:\/\/krosgen.com\/index.php\/novacyt-en\/?lang=en#primaryimage","url":"https:\/\/krosgen.com\/wp-content\/uploads\/2022\/05\/tubes.jpg","contentUrl":"https:\/\/krosgen.com\/wp-content\/uploads\/2022\/05\/tubes.jpg","width":512,"height":420},{"@type":"BreadcrumbList","@id":"https:\/\/krosgen.com\/index.php\/novacyt-en\/?lang=en#breadcrumb","itemListElement":[{"@type":"ListItem","position":1,"name":"Home","item":"https:\/\/krosgen.com\/"},{"@type":"ListItem","position":2,"name":"Novacyt"}]},{"@type":"WebSite","@id":"https:\/\/krosgen.com\/#website","url":"https:\/\/krosgen.com\/","name":"Krosgen","description":"Krosgen Biotechnology","publisher":{"@id":"https:\/\/krosgen.com\/#organization"},"potentialAction":[{"@type":"SearchAction","target":{"@type":"EntryPoint","urlTemplate":"https:\/\/krosgen.com\/?s={search_term_string}"},"query-input":{"@type":"PropertyValueSpecification","valueRequired":true,"valueName":"search_term_string"}}],"inLanguage":"tr"},{"@type":"Organization","@id":"https:\/\/krosgen.com\/#organization","name":"Krosgen Biotechnology","url":"https:\/\/krosgen.com\/","logo":{"@type":"ImageObject","inLanguage":"tr","@id":"https:\/\/krosgen.com\/#\/schema\/logo\/image\/","url":"https:\/\/krosgen.com\/wp-content\/uploads\/2022\/05\/KROSGEN-LOGO_001.png","contentUrl":"https:\/\/krosgen.com\/wp-content\/uploads\/2022\/05\/KROSGEN-LOGO_001.png","width":7016,"height":1700,"caption":"Krosgen Biotechnology"},"image":{"@id":"https:\/\/krosgen.com\/#\/schema\/logo\/image\/"},"sameAs":["https:\/\/www.linkedin.com\/company\/krosgen"]}]}},"jetpack_sharing_enabled":true,"_links":{"self":[{"href":"https:\/\/krosgen.com\/index.php\/wp-json\/wp\/v2\/pages\/15464","targetHints":{"allow":["GET"]}}],"collection":[{"href":"https:\/\/krosgen.com\/index.php\/wp-json\/wp\/v2\/pages"}],"about":[{"href":"https:\/\/krosgen.com\/index.php\/wp-json\/wp\/v2\/types\/page"}],"author":[{"embeddable":true,"href":"https:\/\/krosgen.com\/index.php\/wp-json\/wp\/v2\/users\/1"}],"replies":[{"embeddable":true,"href":"https:\/\/krosgen.com\/index.php\/wp-json\/wp\/v2\/comments?post=15464"}],"version-history":[{"count":32,"href":"https:\/\/krosgen.com\/index.php\/wp-json\/wp\/v2\/pages\/15464\/revisions"}],"predecessor-version":[{"id":17314,"href":"https:\/\/krosgen.com\/index.php\/wp-json\/wp\/v2\/pages\/15464\/revisions\/17314"}],"wp:attachment":[{"href":"https:\/\/krosgen.com\/index.php\/wp-json\/wp\/v2\/media?parent=15464"}],"curies":[{"name":"wp","href":"https:\/\/api.w.org\/{rel}","templated":true}]}}