{"id":15473,"date":"2022-04-27T12:23:39","date_gmt":"2022-04-27T12:23:39","guid":{"rendered":"http:\/\/krosgen.com\/?page_id=15473"},"modified":"2022-05-12T16:40:22","modified_gmt":"2022-05-12T13:40:22","slug":"us-biological","status":"publish","type":"page","link":"https:\/\/krosgen.com\/index.php\/us-biological\/","title":{"rendered":"US Biological"},"content":{"rendered":"\t\t<div data-elementor-type=\"wp-page\" data-elementor-id=\"15473\" class=\"elementor elementor-15473\">\n\t\t\t\t\t\t<section class=\"elementor-section elementor-top-section elementor-element elementor-element-8169918 elementor-section-boxed elementor-section-height-default elementor-section-height-default qodef-elementor-content-no\" data-id=\"8169918\" data-element_type=\"section\" data-e-type=\"section\">\n\t\t\t\t\t\t<div class=\"elementor-container elementor-column-gap-default\">\n\t\t\t\t\t<div class=\"elementor-column elementor-col-100 elementor-top-column elementor-element elementor-element-b90dc57\" data-id=\"b90dc57\" data-element_type=\"column\" data-e-type=\"column\">\n\t\t\t<div class=\"elementor-widget-wrap elementor-element-populated\">\n\t\t\t\t\t\t<div class=\"elementor-element elementor-element-73d9189 elementor-widget elementor-widget-slider_revolution\" data-id=\"73d9189\" data-element_type=\"widget\" data-e-type=\"widget\" data-widget_type=\"slider_revolution.default\">\n\t\t\t\t<div class=\"elementor-widget-container\">\n\t\t\t\t\t\n\t\t<div class=\"wp-block-themepunch-revslider\">\n\t\t\t<!-- START 13usbio REVOLUTION SLIDER 6.5.9 --><p class=\"rs-p-wp-fix\"><\/p>\n\t\t\t<rs-module-wrap id=\"rev_slider_37_1_wrapper\" data-source=\"gallery\" style=\"visibility:hidden;background:#f5f5f5;padding:0;margin:0px auto;margin-top:0;margin-bottom:0;\">\n\t\t\t\t<rs-module id=\"rev_slider_37_1\" style=\"\" data-version=\"6.5.9\">\n\t\t\t\t\t<rs-slides>\n\t\t\t\t\t\t<rs-slide style=\"position: absolute;\" data-key=\"rs-71\" data-title=\"1\" data-in=\"o:0;\" data-out=\"a:false;\">\n\t\t\t\t\t\t\t<img fetchpriority=\"high\" decoding=\"async\" src=\"\/\/krosgen.com\/wp-content\/plugins\/revslider\/public\/assets\/assets\/dummy.png\" title=\"FM21euMX0AcECxe\" width=\"1200\" height=\"873\" class=\"rev-slidebg tp-rs-img rs-lazyload\" data-lazyload=\"\/\/krosgen.com\/wp-content\/uploads\/2022\/05\/FM21euMX0AcECxe.jpg\" data-panzoom=\"d:10000;ss:100%;se:110%;oe:0px\/50px;\" data-no-retina>\n<!--\n\t\t\t\t\t\t\t--><rs-layer\n\t\t\t\t\t\t\t\tid=\"slider-37-slide-71-layer-1\" \n\t\t\t\t\t\t\t\tdata-type=\"text\"\n\t\t\t\t\t\t\t\tdata-color=\"#000000\"\n\t\t\t\t\t\t\t\tdata-xy=\"xo:8px,6px,3px,1px;y:m;yo:175px,137px,82px,229px;\"\n\t\t\t\t\t\t\t\tdata-text=\"w:normal;s:35,27,16,30;l:45,35,21,40;ls:1px,0px,0px,1px;fw:400,400,400,500;\"\n\t\t\t\t\t\t\t\tdata-dim=\"minh:0,none,none,none;\"\n\t\t\t\t\t\t\t\tdata-rsp_o=\"off\"\n\t\t\t\t\t\t\t\tdata-rsp_bd=\"off\"\n\t\t\t\t\t\t\t\tdata-frame_0=\"x:48px,37px,22px,10px;\"\n\t\t\t\t\t\t\t\tdata-frame_1=\"sp:700;\"\n\t\t\t\t\t\t\t\tdata-frame_999=\"o:0;st:w;\"\n\t\t\t\t\t\t\t\tstyle=\"z-index:8;font-family:'Raleway';\"\n\t\t\t\t\t\t\t>US Biological \n\t\t\t\t\t\t\t<\/rs-layer><!--\n-->\t\t\t\t\t\t<\/rs-slide>\n\t\t\t\t\t<\/rs-slides>\n\t\t\t\t<\/rs-module>\n\t\t\t\t<script type=\"text\/javascript\">\n\t\t\t\t\tsetREVStartSize({c: 'rev_slider_37_1',rl:[1240,1024,778,480],el:[700,540,800,570],gw:[1400,1100,660,300],gh:[700,540,800,570],type:'standard',justify:'',layout:'fullwidth',mh:\"0\"});if (window.RS_MODULES!==undefined && window.RS_MODULES.modules!==undefined && window.RS_MODULES.modules[\"revslider371\"]!==undefined) {window.RS_MODULES.modules[\"revslider371\"].once = false;window.revapi37 = undefined;if (window.RS_MODULES.checkMinimal!==undefined) window.RS_MODULES.checkMinimal()}\n\t\t\t\t<\/script>\n\t\t\t<\/rs-module-wrap>\n\t\t\t<!-- END REVOLUTION SLIDER -->\n<\/div>\n\n\t\t\t\t\t\t<\/div>\n\t\t\t\t<\/div>\n\t\t\t\t\t<\/div>\n\t\t<\/div>\n\t\t\t\t\t<\/div>\n\t\t<\/section>\n\t\t\t\t<section class=\"elementor-section elementor-top-section elementor-element elementor-element-dc49fcb elementor-section-boxed elementor-section-height-default elementor-section-height-default qodef-elementor-content-no\" data-id=\"dc49fcb\" data-element_type=\"section\" data-e-type=\"section\">\n\t\t\t\t\t\t<div class=\"elementor-container elementor-column-gap-default\">\n\t\t\t\t\t<div class=\"elementor-column elementor-col-100 elementor-top-column elementor-element elementor-element-0232b4f\" data-id=\"0232b4f\" data-element_type=\"column\" data-e-type=\"column\">\n\t\t\t<div class=\"elementor-widget-wrap elementor-element-populated\">\n\t\t\t\t\t\t<div class=\"elementor-element elementor-element-f209105 elementor-widget elementor-widget-text-editor\" data-id=\"f209105\" data-element_type=\"widget\" data-e-type=\"widget\" data-widget_type=\"text-editor.default\">\n\t\t\t\t<div class=\"elementor-widget-container\">\n\t\t\t\t\t\t\t\t\t<p><strong>Geni\u015f \u00fcr\u00fcn yelpazesinde antibiyotikler, antikorlar, agaroz, alb\u00fcmin, amino asitler, biyokimyasallar, biyolojikler, sitokinler, enzimler, ortamlar, molek\u00fcler biyoloji kitleri, peptitler ve serum bulunur. <\/strong><\/p><p><strong>T\u00fcm \u00fcr\u00fcnler sertifikal\u0131 test sonu\u00e7lar\u0131 ile birlikte verilir. USBio, \u00e7ok \u00e7e\u015fitli antikorlar sunar.<\/strong><\/p><p>\u00a0<\/p>\t\t\t\t\t\t\t\t<\/div>\n\t\t\t\t<\/div>\n\t\t\t\t<div class=\"elementor-element elementor-element-8fddd94 qodef-standard-images-on-top--no elementor-widget elementor-widget-qi_addons_for_elementor_interactive_link_showcase\" data-id=\"8fddd94\" data-element_type=\"widget\" data-e-type=\"widget\" data-widget_type=\"qi_addons_for_elementor_interactive_link_showcase.default\">\n\t\t\t\t<div class=\"elementor-widget-container\">\n\t\t\t\t\t<div class=\"qodef-shortcode qodef-m qodef-qi-interactive-link-showcase qodef-layout--standard qodef-hover--underline\">\n\t<div class=\"qodef-m-items\">\n\t\t<a itemprop=\"url\" class=\"qodef-m-item qodef-e\" href=\"https:\/\/www.usbio.net\/\" target=\"_blank\">\n\t<span class=\"qodef-e-title\"><span class=\"qodef-e-inner-title\">US Biological \u00fcr\u00fcnlerini incelemek i\u00e7in t\u0131klay\u0131n<\/span><\/span>\n\t<\/a>\n\t<\/div>\n\t<div class=\"qodef-m-images\">\n\t\t<div class=\"qodef-e-image qodef-position--left elementor-repeater-item-e5c2ce0\">\n\t<img decoding=\"async\" width=\"1000\" height=\"600\" src=\"https:\/\/krosgen.com\/wp-content\/uploads\/2022\/05\/biochemicals-cat-img.jpg\" class=\"attachment-full size-full\" alt=\"\" \/><\/div>\n\t<\/div>\n<\/div>\n\t\t\t\t<\/div>\n\t\t\t\t<\/div>\n\t\t\t\t\t<\/div>\n\t\t<\/div>\n\t\t\t\t\t<\/div>\n\t\t<\/section>\n\t\t\t\t<section class=\"elementor-section elementor-top-section elementor-element elementor-element-4464e7c elementor-section-boxed elementor-section-height-default elementor-section-height-default qodef-elementor-content-no\" data-id=\"4464e7c\" data-element_type=\"section\" data-e-type=\"section\">\n\t\t\t\t\t\t<div class=\"elementor-container elementor-column-gap-default\">\n\t\t\t\t\t<div class=\"elementor-column elementor-col-100 elementor-top-column elementor-element elementor-element-6edbb41\" data-id=\"6edbb41\" data-element_type=\"column\" data-e-type=\"column\">\n\t\t\t<div class=\"elementor-widget-wrap\">\n\t\t\t\t\t\t\t<\/div>\n\t\t<\/div>\n\t\t\t\t\t<\/div>\n\t\t<\/section>\n\t\t\t\t<\/div>\n\t\t","protected":false},"excerpt":{"rendered":"<p>Geni\u015f \u00fcr\u00fcn yelpazesinde antibiyotikler, antikorlar, agaroz, alb\u00fcmin, amino asitler, biyokimyasallar, biyolojikler, sitokinler, enzimler, ortamlar, molek\u00fcler biyoloji kitleri, peptitler ve serum bulunur. T\u00fcm \u00fcr\u00fcnler sertifikal\u0131 test sonu\u00e7lar\u0131 ile birlikte verilir. USBio, \u00e7ok \u00e7e\u015fitli antikorlar sunar. \u00a0 US Biological \u00fcr\u00fcnlerini incelemek i\u00e7in t\u0131klay\u0131n<\/p>\n","protected":false},"author":1,"featured_media":0,"parent":0,"menu_order":0,"comment_status":"closed","ping_status":"closed","template":"","meta":{"footnotes":""},"class_list":["post-15473","page","type-page","status-publish","hentry"],"yoast_head":"<!-- This site is optimized with the Yoast SEO plugin v27.2 - https:\/\/yoast.com\/product\/yoast-seo-wordpress\/ -->\n<title>US Biological - Krosgen<\/title>\n<meta name=\"robots\" content=\"index, follow, max-snippet:-1, max-image-preview:large, max-video-preview:-1\" \/>\n<link rel=\"canonical\" href=\"https:\/\/krosgen.com\/index.php\/us-biological\/\" \/>\n<meta property=\"og:locale\" content=\"tr_TR\" \/>\n<meta property=\"og:type\" content=\"article\" \/>\n<meta property=\"og:title\" content=\"US Biological - Krosgen\" \/>\n<meta property=\"og:description\" content=\"Geni\u015f \u00fcr\u00fcn yelpazesinde antibiyotikler, antikorlar, agaroz, alb\u00fcmin, amino asitler, biyokimyasallar, biyolojikler, sitokinler, enzimler, ortamlar, molek\u00fcler biyoloji kitleri, peptitler ve serum bulunur. T\u00fcm \u00fcr\u00fcnler sertifikal\u0131 test sonu\u00e7lar\u0131 ile birlikte verilir. USBio, \u00e7ok \u00e7e\u015fitli antikorlar sunar. \u00a0 US Biological \u00fcr\u00fcnlerini incelemek i\u00e7in t\u0131klay\u0131n\" \/>\n<meta property=\"og:url\" content=\"https:\/\/krosgen.com\/index.php\/us-biological\/\" \/>\n<meta property=\"og:site_name\" content=\"Krosgen\" \/>\n<meta property=\"article:modified_time\" content=\"2022-05-12T13:40:22+00:00\" \/>\n<meta property=\"og:image\" content=\"http:\/\/krosgen.com\/wp-content\/uploads\/2022\/05\/biochemicals-cat-img.jpg\" \/>\n<meta name=\"twitter:card\" content=\"summary_large_image\" \/>\n<script type=\"application\/ld+json\" class=\"yoast-schema-graph\">{\"@context\":\"https:\/\/schema.org\",\"@graph\":[{\"@type\":\"WebPage\",\"@id\":\"https:\/\/krosgen.com\/index.php\/us-biological\/\",\"url\":\"https:\/\/krosgen.com\/index.php\/us-biological\/\",\"name\":\"US Biological - Krosgen\",\"isPartOf\":{\"@id\":\"https:\/\/krosgen.com\/#website\"},\"primaryImageOfPage\":{\"@id\":\"https:\/\/krosgen.com\/index.php\/us-biological\/#primaryimage\"},\"image\":{\"@id\":\"https:\/\/krosgen.com\/index.php\/us-biological\/#primaryimage\"},\"thumbnailUrl\":\"http:\/\/krosgen.com\/wp-content\/uploads\/2022\/05\/biochemicals-cat-img.jpg\",\"datePublished\":\"2022-04-27T12:23:39+00:00\",\"dateModified\":\"2022-05-12T13:40:22+00:00\",\"breadcrumb\":{\"@id\":\"https:\/\/krosgen.com\/index.php\/us-biological\/#breadcrumb\"},\"inLanguage\":\"tr\",\"potentialAction\":[{\"@type\":\"ReadAction\",\"target\":[\"https:\/\/krosgen.com\/index.php\/us-biological\/\"]}]},{\"@type\":\"ImageObject\",\"inLanguage\":\"tr\",\"@id\":\"https:\/\/krosgen.com\/index.php\/us-biological\/#primaryimage\",\"url\":\"http:\/\/krosgen.com\/wp-content\/uploads\/2022\/05\/biochemicals-cat-img.jpg\",\"contentUrl\":\"http:\/\/krosgen.com\/wp-content\/uploads\/2022\/05\/biochemicals-cat-img.jpg\"},{\"@type\":\"BreadcrumbList\",\"@id\":\"https:\/\/krosgen.com\/index.php\/us-biological\/#breadcrumb\",\"itemListElement\":[{\"@type\":\"ListItem\",\"position\":1,\"name\":\"Home\",\"item\":\"https:\/\/krosgen.com\/\"},{\"@type\":\"ListItem\",\"position\":2,\"name\":\"US Biological\"}]},{\"@type\":\"WebSite\",\"@id\":\"https:\/\/krosgen.com\/#website\",\"url\":\"https:\/\/krosgen.com\/\",\"name\":\"Krosgen\",\"description\":\"Krosgen Biotechnology\",\"publisher\":{\"@id\":\"https:\/\/krosgen.com\/#organization\"},\"potentialAction\":[{\"@type\":\"SearchAction\",\"target\":{\"@type\":\"EntryPoint\",\"urlTemplate\":\"https:\/\/krosgen.com\/?s={search_term_string}\"},\"query-input\":{\"@type\":\"PropertyValueSpecification\",\"valueRequired\":true,\"valueName\":\"search_term_string\"}}],\"inLanguage\":\"tr\"},{\"@type\":\"Organization\",\"@id\":\"https:\/\/krosgen.com\/#organization\",\"name\":\"Krosgen Biotechnology\",\"url\":\"https:\/\/krosgen.com\/\",\"logo\":{\"@type\":\"ImageObject\",\"inLanguage\":\"tr\",\"@id\":\"https:\/\/krosgen.com\/#\/schema\/logo\/image\/\",\"url\":\"https:\/\/krosgen.com\/wp-content\/uploads\/2022\/05\/KROSGEN-LOGO_001.png\",\"contentUrl\":\"https:\/\/krosgen.com\/wp-content\/uploads\/2022\/05\/KROSGEN-LOGO_001.png\",\"width\":7016,\"height\":1700,\"caption\":\"Krosgen Biotechnology\"},\"image\":{\"@id\":\"https:\/\/krosgen.com\/#\/schema\/logo\/image\/\"},\"sameAs\":[\"https:\/\/www.linkedin.com\/company\/krosgen\"]}]}<\/script>\n<!-- \/ Yoast SEO plugin. -->","yoast_head_json":{"title":"US Biological - Krosgen","robots":{"index":"index","follow":"follow","max-snippet":"max-snippet:-1","max-image-preview":"max-image-preview:large","max-video-preview":"max-video-preview:-1"},"canonical":"https:\/\/krosgen.com\/index.php\/us-biological\/","og_locale":"tr_TR","og_type":"article","og_title":"US Biological - Krosgen","og_description":"Geni\u015f \u00fcr\u00fcn yelpazesinde antibiyotikler, antikorlar, agaroz, alb\u00fcmin, amino asitler, biyokimyasallar, biyolojikler, sitokinler, enzimler, ortamlar, molek\u00fcler biyoloji kitleri, peptitler ve serum bulunur. T\u00fcm \u00fcr\u00fcnler sertifikal\u0131 test sonu\u00e7lar\u0131 ile birlikte verilir. USBio, \u00e7ok \u00e7e\u015fitli antikorlar sunar. \u00a0 US Biological \u00fcr\u00fcnlerini incelemek i\u00e7in t\u0131klay\u0131n","og_url":"https:\/\/krosgen.com\/index.php\/us-biological\/","og_site_name":"Krosgen","article_modified_time":"2022-05-12T13:40:22+00:00","og_image":[{"url":"http:\/\/krosgen.com\/wp-content\/uploads\/2022\/05\/biochemicals-cat-img.jpg","type":"","width":"","height":""}],"twitter_card":"summary_large_image","schema":{"@context":"https:\/\/schema.org","@graph":[{"@type":"WebPage","@id":"https:\/\/krosgen.com\/index.php\/us-biological\/","url":"https:\/\/krosgen.com\/index.php\/us-biological\/","name":"US Biological - Krosgen","isPartOf":{"@id":"https:\/\/krosgen.com\/#website"},"primaryImageOfPage":{"@id":"https:\/\/krosgen.com\/index.php\/us-biological\/#primaryimage"},"image":{"@id":"https:\/\/krosgen.com\/index.php\/us-biological\/#primaryimage"},"thumbnailUrl":"http:\/\/krosgen.com\/wp-content\/uploads\/2022\/05\/biochemicals-cat-img.jpg","datePublished":"2022-04-27T12:23:39+00:00","dateModified":"2022-05-12T13:40:22+00:00","breadcrumb":{"@id":"https:\/\/krosgen.com\/index.php\/us-biological\/#breadcrumb"},"inLanguage":"tr","potentialAction":[{"@type":"ReadAction","target":["https:\/\/krosgen.com\/index.php\/us-biological\/"]}]},{"@type":"ImageObject","inLanguage":"tr","@id":"https:\/\/krosgen.com\/index.php\/us-biological\/#primaryimage","url":"http:\/\/krosgen.com\/wp-content\/uploads\/2022\/05\/biochemicals-cat-img.jpg","contentUrl":"http:\/\/krosgen.com\/wp-content\/uploads\/2022\/05\/biochemicals-cat-img.jpg"},{"@type":"BreadcrumbList","@id":"https:\/\/krosgen.com\/index.php\/us-biological\/#breadcrumb","itemListElement":[{"@type":"ListItem","position":1,"name":"Home","item":"https:\/\/krosgen.com\/"},{"@type":"ListItem","position":2,"name":"US Biological"}]},{"@type":"WebSite","@id":"https:\/\/krosgen.com\/#website","url":"https:\/\/krosgen.com\/","name":"Krosgen","description":"Krosgen Biotechnology","publisher":{"@id":"https:\/\/krosgen.com\/#organization"},"potentialAction":[{"@type":"SearchAction","target":{"@type":"EntryPoint","urlTemplate":"https:\/\/krosgen.com\/?s={search_term_string}"},"query-input":{"@type":"PropertyValueSpecification","valueRequired":true,"valueName":"search_term_string"}}],"inLanguage":"tr"},{"@type":"Organization","@id":"https:\/\/krosgen.com\/#organization","name":"Krosgen Biotechnology","url":"https:\/\/krosgen.com\/","logo":{"@type":"ImageObject","inLanguage":"tr","@id":"https:\/\/krosgen.com\/#\/schema\/logo\/image\/","url":"https:\/\/krosgen.com\/wp-content\/uploads\/2022\/05\/KROSGEN-LOGO_001.png","contentUrl":"https:\/\/krosgen.com\/wp-content\/uploads\/2022\/05\/KROSGEN-LOGO_001.png","width":7016,"height":1700,"caption":"Krosgen Biotechnology"},"image":{"@id":"https:\/\/krosgen.com\/#\/schema\/logo\/image\/"},"sameAs":["https:\/\/www.linkedin.com\/company\/krosgen"]}]}},"jetpack_sharing_enabled":true,"_links":{"self":[{"href":"https:\/\/krosgen.com\/index.php\/wp-json\/wp\/v2\/pages\/15473","targetHints":{"allow":["GET"]}}],"collection":[{"href":"https:\/\/krosgen.com\/index.php\/wp-json\/wp\/v2\/pages"}],"about":[{"href":"https:\/\/krosgen.com\/index.php\/wp-json\/wp\/v2\/types\/page"}],"author":[{"embeddable":true,"href":"https:\/\/krosgen.com\/index.php\/wp-json\/wp\/v2\/users\/1"}],"replies":[{"embeddable":true,"href":"https:\/\/krosgen.com\/index.php\/wp-json\/wp\/v2\/comments?post=15473"}],"version-history":[{"count":19,"href":"https:\/\/krosgen.com\/index.php\/wp-json\/wp\/v2\/pages\/15473\/revisions"}],"predecessor-version":[{"id":16410,"href":"https:\/\/krosgen.com\/index.php\/wp-json\/wp\/v2\/pages\/15473\/revisions\/16410"}],"wp:attachment":[{"href":"https:\/\/krosgen.com\/index.php\/wp-json\/wp\/v2\/media?parent=15473"}],"curies":[{"name":"wp","href":"https:\/\/api.w.org\/{rel}","templated":true}]}}