{"id":15482,"date":"2022-04-27T12:26:36","date_gmt":"2022-04-27T12:26:36","guid":{"rendered":"http:\/\/krosgen.com\/?page_id=15482"},"modified":"2022-07-04T12:23:52","modified_gmt":"2022-07-04T09:23:52","slug":"ltek-co-ltd","status":"publish","type":"page","link":"https:\/\/krosgen.com\/index.php\/ltek-co-ltd\/","title":{"rendered":"LTEK Co., LTD"},"content":{"rendered":"\t\t<div data-elementor-type=\"wp-page\" data-elementor-id=\"15482\" class=\"elementor elementor-15482\">\n\t\t\t\t\t\t<section class=\"elementor-section elementor-top-section elementor-element elementor-element-c90bd75 elementor-section-boxed elementor-section-height-default elementor-section-height-default qodef-elementor-content-no\" data-id=\"c90bd75\" data-element_type=\"section\" data-e-type=\"section\">\n\t\t\t\t\t\t<div class=\"elementor-container elementor-column-gap-default\">\n\t\t\t\t\t<div class=\"elementor-column elementor-col-100 elementor-top-column elementor-element elementor-element-b75729d\" data-id=\"b75729d\" data-element_type=\"column\" data-e-type=\"column\">\n\t\t\t<div class=\"elementor-widget-wrap elementor-element-populated\">\n\t\t\t\t\t\t<div class=\"elementor-element elementor-element-8816b3e elementor-widget elementor-widget-slider_revolution\" data-id=\"8816b3e\" data-element_type=\"widget\" data-e-type=\"widget\" data-widget_type=\"slider_revolution.default\">\n\t\t\t\t<div class=\"elementor-widget-container\">\n\t\t\t\t\t\n\t\t<div class=\"wp-block-themepunch-revslider\">\n\t\t\t<!-- START 09ltek REVOLUTION SLIDER 6.5.9 --><p class=\"rs-p-wp-fix\"><\/p>\n\t\t\t<rs-module-wrap id=\"rev_slider_31_1_wrapper\" data-source=\"gallery\" style=\"visibility:hidden;background:#f5f5f5;padding:0;margin:0px auto;margin-top:0;margin-bottom:0;\">\n\t\t\t\t<rs-module id=\"rev_slider_31_1\" style=\"\" data-version=\"6.5.9\">\n\t\t\t\t\t<rs-slides>\n\t\t\t\t\t\t<rs-slide style=\"position: absolute;\" data-key=\"rs-61\" data-title=\"1\" data-thumb=\"\/\/krosgen.com\/wp-content\/uploads\/2023\/03\/inno-s.png\" data-in=\"o:0;\" data-out=\"a:false;\">\n\t\t\t\t\t\t\t<img fetchpriority=\"high\" decoding=\"async\" src=\"\/\/krosgen.com\/wp-content\/plugins\/revslider\/public\/assets\/assets\/dummy.png\" title=\"inno-s\" width=\"1920\" height=\"1080\" class=\"rev-slidebg tp-rs-img rs-lazyload\" data-lazyload=\"\/\/krosgen.com\/wp-content\/uploads\/2023\/03\/inno-s.png\" data-bg=\"p:center bottom;\" data-panzoom=\"d:10000;ss:100%;se:110%;oe:0px\/50px;\" data-no-retina>\n<!--\n\t\t\t\t\t\t\t--><rs-layer\n\t\t\t\t\t\t\t\tid=\"slider-31-slide-61-layer-1\" \n\t\t\t\t\t\t\t\tdata-type=\"text\"\n\t\t\t\t\t\t\t\tdata-color=\"#000000\"\n\t\t\t\t\t\t\t\tdata-xy=\"xo:9px,-4px,0,0;y:m;yo:197px,-97px,-95px,-219px;\"\n\t\t\t\t\t\t\t\tdata-text=\"w:normal;s:35,35,35,30;l:30,30,30,40;ls:1px;fw:400,400,400,500;\"\n\t\t\t\t\t\t\t\tdata-dim=\"w:auto,auto,569px,275px;\"\n\t\t\t\t\t\t\t\tdata-rsp_o=\"off\"\n\t\t\t\t\t\t\t\tdata-rsp_bd=\"off\"\n\t\t\t\t\t\t\t\tdata-frame_0=\"x:50;\"\n\t\t\t\t\t\t\t\tdata-frame_1=\"sp:700;\"\n\t\t\t\t\t\t\t\tdata-frame_999=\"o:0;st:w;\"\n\t\t\t\t\t\t\t\tstyle=\"z-index:8;font-family:'Raleway';\"\n\t\t\t\t\t\t\t>LTEK Co. \n\t\t\t\t\t\t\t<\/rs-layer><!--\n-->\t\t\t\t\t\t<\/rs-slide>\n\t\t\t\t\t\t<rs-slide style=\"position: absolute;\" data-key=\"rs-85\" data-title=\"1\" data-thumb=\"\/\/krosgen.com\/wp-content\/uploads\/2022\/05\/ltek3.jpg\" data-in=\"o:0;\" data-out=\"a:false;\">\n\t\t\t\t\t\t\t<img decoding=\"async\" src=\"\/\/krosgen.com\/wp-content\/plugins\/revslider\/public\/assets\/assets\/dummy.png\" title=\"ltek3\" width=\"1280\" height=\"720\" class=\"rev-slidebg tp-rs-img rs-lazyload\" data-lazyload=\"\/\/krosgen.com\/wp-content\/uploads\/2022\/05\/ltek3.jpg\" data-bg=\"p:center bottom;\" data-panzoom=\"d:10000;ss:100%;se:110%;oe:0px\/50px;\" data-no-retina>\n<!---->\t\t\t\t\t\t<\/rs-slide>\n\t\t\t\t\t<\/rs-slides>\n\t\t\t\t<\/rs-module>\n\t\t\t\t<script type=\"text\/javascript\">\n\t\t\t\t\tsetREVStartSize({c: 'rev_slider_31_1',rl:[1240,1024,778,480],el:[700,540,800,570],gw:[1400,1100,660,300],gh:[700,540,800,570],type:'standard',justify:'',layout:'fullwidth',mh:\"0\"});if (window.RS_MODULES!==undefined && window.RS_MODULES.modules!==undefined && window.RS_MODULES.modules[\"revslider311\"]!==undefined) {window.RS_MODULES.modules[\"revslider311\"].once = false;window.revapi31 = undefined;if (window.RS_MODULES.checkMinimal!==undefined) window.RS_MODULES.checkMinimal()}\n\t\t\t\t<\/script>\n\t\t\t<\/rs-module-wrap>\n\t\t\t<!-- END REVOLUTION SLIDER -->\n<\/div>\n\n\t\t\t\t\t\t<\/div>\n\t\t\t\t<\/div>\n\t\t\t\t\t<\/div>\n\t\t<\/div>\n\t\t\t\t\t<\/div>\n\t\t<\/section>\n\t\t\t\t<section class=\"elementor-section elementor-top-section elementor-element elementor-element-82f1a6d elementor-section-boxed elementor-section-height-default elementor-section-height-default qodef-elementor-content-no\" data-id=\"82f1a6d\" data-element_type=\"section\" data-e-type=\"section\">\n\t\t\t\t\t\t<div class=\"elementor-container elementor-column-gap-default\">\n\t\t\t\t\t<div class=\"elementor-column elementor-col-100 elementor-top-column elementor-element elementor-element-2bdb6d0\" data-id=\"2bdb6d0\" data-element_type=\"column\" data-e-type=\"column\">\n\t\t\t<div class=\"elementor-widget-wrap elementor-element-populated\">\n\t\t\t\t\t\t<div class=\"elementor-element elementor-element-d275faf elementor-widget elementor-widget-text-editor\" data-id=\"d275faf\" data-element_type=\"widget\" data-e-type=\"widget\" data-widget_type=\"text-editor.default\">\n\t\t\t\t<div class=\"elementor-widget-container\">\n\t\t\t\t\t\t\t\t\t<p><strong>LTEK CO., LTD, yenilik\u00e7i ya\u015fam bilimi \u00f6l\u00e7\u00fcm ekipmanlar\u0131 ile G\u00fcney Kore, Gyeonggi-do\u2019da kurulmu\u015ftur. <\/strong><\/p><p><strong><span dir=\"ltr\">LTEK taraf\u0131ndan \u00fcretilen INNO mikroplaka spektrofotometreleri, absorbans ve l\u00fcminesans ile ilgili t\u00fcm ara\u015ft\u0131rmalar i\u00e7in yeni nesil cihazlard\u0131r.<\/span><\/strong><\/p><p><strong><span dir=\"ltr\">Inno-M mikroplaka ve Inno-N mikrohacim spektrofotometreler, 6 ila 384 kuyucuklu mikroplakalar (Inno-M) ve 2 \u03bcL hacimlere sahip k\u00fcvetlerde (Inno-N) DNA-RNA-Protein kanfitikasyonlar\u0131 i\u00e7in uygun, kompakt spektrofotometre modelleridir.\u00a0<\/span><\/strong><\/p><p><strong><span dir=\"ltr\">Inno-N ve Inno-M, ara\u015ft\u0131rman\u0131z\u0131 daha \u00fcst seviyeye \u00e7\u0131karman\u0131z\u0131 sa\u011flayan monokromatik \u00f6l\u00e7\u00fcm teknolojisine dayanmaktad\u0131r. Inno-N ve Inno-M i\u00e7in yaz\u0131l\u0131m olan Inno-X, sonu\u00e7 verilerinin y\u00fcksek do\u011frulu\u011funu sa\u011flayan g\u00fc\u00e7l\u00fc fonksiyonlara sahiptir. Inno-X&#8217;in en kullan\u0131\u015fl\u0131 yanlar\u0131ndan biri, son kullan\u0131c\u0131lar\u0131n yaz\u0131l\u0131m\u0131 LTEK&#8217;in web sitesinden istedikleri zaman ve istedikleri yerde sadece internet ba\u011flant\u0131s\u0131 ile indirebilmeleridir. Yaz\u0131l\u0131m\u0131n yeni bir s\u00fcr\u00fcm\u00fc mevcut oldu\u011funda da yaz\u0131l\u0131m\u0131 kolayca g\u00fcncelleyebilirsiniz. <\/span><\/strong><\/p><p><strong><span dir=\"ltr\">\u00c7e\u015fitli u\u00e7 nokta (endpoint), kinetik, spektral tarama ve alan tarama (area scanning) assay&#8217;lerine izin verir. Sonu\u00e7lar h\u0131zl\u0131 bir \u015fekilde sa\u011flan\u0131r ve sonu\u00e7 verilerini g\u00fcvenli bir \u015fekilde kaydetmenize ve y\u00f6netmenize olanak tan\u0131yan Microsoft Excel&#8217;de uygun \u015fekilde sunulur.<\/span><\/strong><\/p>\t\t\t\t\t\t\t\t<\/div>\n\t\t\t\t<\/div>\n\t\t\t\t<div class=\"elementor-element elementor-element-de811c3 elementor-align-center elementor-widget elementor-widget-button\" data-id=\"de811c3\" data-element_type=\"widget\" data-e-type=\"widget\" data-widget_type=\"button.default\">\n\t\t\t\t<div class=\"elementor-widget-container\">\n\t\t\t\t\t\t\t\t\t<div class=\"elementor-button-wrapper\">\n\t\t\t\t\t<a class=\"elementor-button elementor-button-link elementor-size-xl\" href=\"https:\/\/krosgen.com\/Ltek-Inno-Inno-M-TR.pdf\">\n\t\t\t\t\t\t<span class=\"elementor-button-content-wrapper\">\n\t\t\t\t\t\t<span class=\"elementor-button-icon\">\n\t\t\t\t<i aria-hidden=\"true\" class=\"fas fa-file-download\"><\/i>\t\t\t<\/span>\n\t\t\t\t\t\t\t\t\t<span class=\"elementor-button-text\">Inno &amp; Inno-M Bro\u015f\u00fcr\u00fcn\u00fc \u0130ndirmek i\u00e7in T\u0131klay\u0131n<\/span>\n\t\t\t\t\t<\/span>\n\t\t\t\t\t<\/a>\n\t\t\t\t<\/div>\n\t\t\t\t\t\t\t\t<\/div>\n\t\t\t\t<\/div>\n\t\t\t\t<div class=\"elementor-element elementor-element-42b3da9 qodef-standard-images-on-top--no elementor-widget elementor-widget-qi_addons_for_elementor_interactive_link_showcase\" data-id=\"42b3da9\" data-element_type=\"widget\" data-e-type=\"widget\" data-widget_type=\"qi_addons_for_elementor_interactive_link_showcase.default\">\n\t\t\t\t<div class=\"elementor-widget-container\">\n\t\t\t\t\t<div class=\"qodef-shortcode qodef-m qodef-qi-interactive-link-showcase qodef-layout--standard qodef-hover--underline\">\n\t<div class=\"qodef-m-items\">\n\t\t<a itemprop=\"url\" class=\"qodef-m-item qodef-e\" href=\"http:\/\/www.ltekc.com\/theme\/s008\/index\/business_01.php\" target=\"_blank\">\n\t<span class=\"qodef-e-title\"><span class=\"qodef-e-inner-title\">LTEK Co. \u00fcr\u00fcnlerini incelemek i\u00e7in t\u0131klay\u0131n<\/span><\/span>\n\t<\/a>\n\t<\/div>\n\t<div class=\"qodef-m-images\">\n\t\t<div class=\"qodef-e-image qodef-position--left elementor-repeater-item-7c055c4\">\n\t<img decoding=\"async\" width=\"350\" height=\"219\" src=\"https:\/\/krosgen.com\/wp-content\/uploads\/2022\/05\/business1_1.jpg\" class=\"attachment-full size-full\" alt=\"\" \/><\/div>\n\t<\/div>\n<\/div>\n\t\t\t\t<\/div>\n\t\t\t\t<\/div>\n\t\t\t\t\t<\/div>\n\t\t<\/div>\n\t\t\t\t\t<\/div>\n\t\t<\/section>\n\t\t\t\t<\/div>\n\t\t","protected":false},"excerpt":{"rendered":"<p>LTEK CO., LTD, yenilik\u00e7i ya\u015fam bilimi \u00f6l\u00e7\u00fcm ekipmanlar\u0131 ile G\u00fcney Kore, Gyeonggi-do\u2019da kurulmu\u015ftur. LTEK taraf\u0131ndan \u00fcretilen INNO mikroplaka spektrofotometreleri, absorbans ve l\u00fcminesans ile ilgili t\u00fcm ara\u015ft\u0131rmalar i\u00e7in yeni nesil cihazlard\u0131r. Inno-M mikroplaka ve Inno-N mikrohacim spektrofotometreler, 6 ila 384 kuyucuklu mikroplakalar (Inno-M) ve 2 \u03bcL hacimlere sahip k\u00fcvetlerde (Inno-N) DNA-RNA-Protein kanfitikasyonlar\u0131 i\u00e7in uygun, kompakt spektrofotometre [&hellip;]<\/p>\n","protected":false},"author":1,"featured_media":0,"parent":0,"menu_order":0,"comment_status":"closed","ping_status":"closed","template":"","meta":{"footnotes":""},"class_list":["post-15482","page","type-page","status-publish","hentry"],"yoast_head":"<!-- This site is optimized with the Yoast SEO plugin v27.2 - https:\/\/yoast.com\/product\/yoast-seo-wordpress\/ -->\n<title>LTEK Co., LTD - Krosgen<\/title>\n<meta name=\"robots\" content=\"index, follow, max-snippet:-1, max-image-preview:large, max-video-preview:-1\" \/>\n<link rel=\"canonical\" href=\"https:\/\/krosgen.com\/index.php\/ltek-co-ltd\/\" \/>\n<meta property=\"og:locale\" content=\"tr_TR\" \/>\n<meta property=\"og:type\" content=\"article\" \/>\n<meta property=\"og:title\" content=\"LTEK Co., LTD - Krosgen\" \/>\n<meta property=\"og:description\" content=\"LTEK CO., LTD, yenilik\u00e7i ya\u015fam bilimi \u00f6l\u00e7\u00fcm ekipmanlar\u0131 ile G\u00fcney Kore, Gyeonggi-do\u2019da kurulmu\u015ftur. LTEK taraf\u0131ndan \u00fcretilen INNO mikroplaka spektrofotometreleri, absorbans ve l\u00fcminesans ile ilgili t\u00fcm ara\u015ft\u0131rmalar i\u00e7in yeni nesil cihazlard\u0131r. Inno-M mikroplaka ve Inno-N mikrohacim spektrofotometreler, 6 ila 384 kuyucuklu mikroplakalar (Inno-M) ve 2 \u03bcL hacimlere sahip k\u00fcvetlerde (Inno-N) DNA-RNA-Protein kanfitikasyonlar\u0131 i\u00e7in uygun, kompakt spektrofotometre [&hellip;]\" \/>\n<meta property=\"og:url\" content=\"https:\/\/krosgen.com\/index.php\/ltek-co-ltd\/\" \/>\n<meta property=\"og:site_name\" content=\"Krosgen\" \/>\n<meta property=\"article:modified_time\" content=\"2022-07-04T09:23:52+00:00\" \/>\n<meta property=\"og:image\" content=\"https:\/\/krosgen.com\/wp-content\/uploads\/2022\/05\/business1_1.jpg\" \/>\n<meta name=\"twitter:card\" content=\"summary_large_image\" \/>\n<meta name=\"twitter:label1\" content=\"Tahmini okuma s\u00fcresi\" \/>\n\t<meta name=\"twitter:data1\" content=\"3 dakika\" \/>\n<script type=\"application\/ld+json\" class=\"yoast-schema-graph\">{\"@context\":\"https:\/\/schema.org\",\"@graph\":[{\"@type\":\"WebPage\",\"@id\":\"https:\/\/krosgen.com\/index.php\/ltek-co-ltd\/\",\"url\":\"https:\/\/krosgen.com\/index.php\/ltek-co-ltd\/\",\"name\":\"LTEK Co., LTD - Krosgen\",\"isPartOf\":{\"@id\":\"https:\/\/krosgen.com\/#website\"},\"primaryImageOfPage\":{\"@id\":\"https:\/\/krosgen.com\/index.php\/ltek-co-ltd\/#primaryimage\"},\"image\":{\"@id\":\"https:\/\/krosgen.com\/index.php\/ltek-co-ltd\/#primaryimage\"},\"thumbnailUrl\":\"https:\/\/krosgen.com\/wp-content\/uploads\/2022\/05\/business1_1.jpg\",\"datePublished\":\"2022-04-27T12:26:36+00:00\",\"dateModified\":\"2022-07-04T09:23:52+00:00\",\"breadcrumb\":{\"@id\":\"https:\/\/krosgen.com\/index.php\/ltek-co-ltd\/#breadcrumb\"},\"inLanguage\":\"tr\",\"potentialAction\":[{\"@type\":\"ReadAction\",\"target\":[\"https:\/\/krosgen.com\/index.php\/ltek-co-ltd\/\"]}]},{\"@type\":\"ImageObject\",\"inLanguage\":\"tr\",\"@id\":\"https:\/\/krosgen.com\/index.php\/ltek-co-ltd\/#primaryimage\",\"url\":\"https:\/\/krosgen.com\/wp-content\/uploads\/2022\/05\/business1_1.jpg\",\"contentUrl\":\"https:\/\/krosgen.com\/wp-content\/uploads\/2022\/05\/business1_1.jpg\",\"width\":350,\"height\":219},{\"@type\":\"BreadcrumbList\",\"@id\":\"https:\/\/krosgen.com\/index.php\/ltek-co-ltd\/#breadcrumb\",\"itemListElement\":[{\"@type\":\"ListItem\",\"position\":1,\"name\":\"Home\",\"item\":\"https:\/\/krosgen.com\/\"},{\"@type\":\"ListItem\",\"position\":2,\"name\":\"LTEK Co., LTD\"}]},{\"@type\":\"WebSite\",\"@id\":\"https:\/\/krosgen.com\/#website\",\"url\":\"https:\/\/krosgen.com\/\",\"name\":\"Krosgen\",\"description\":\"Krosgen Biotechnology\",\"publisher\":{\"@id\":\"https:\/\/krosgen.com\/#organization\"},\"potentialAction\":[{\"@type\":\"SearchAction\",\"target\":{\"@type\":\"EntryPoint\",\"urlTemplate\":\"https:\/\/krosgen.com\/?s={search_term_string}\"},\"query-input\":{\"@type\":\"PropertyValueSpecification\",\"valueRequired\":true,\"valueName\":\"search_term_string\"}}],\"inLanguage\":\"tr\"},{\"@type\":\"Organization\",\"@id\":\"https:\/\/krosgen.com\/#organization\",\"name\":\"Krosgen Biotechnology\",\"url\":\"https:\/\/krosgen.com\/\",\"logo\":{\"@type\":\"ImageObject\",\"inLanguage\":\"tr\",\"@id\":\"https:\/\/krosgen.com\/#\/schema\/logo\/image\/\",\"url\":\"https:\/\/krosgen.com\/wp-content\/uploads\/2022\/05\/KROSGEN-LOGO_001.png\",\"contentUrl\":\"https:\/\/krosgen.com\/wp-content\/uploads\/2022\/05\/KROSGEN-LOGO_001.png\",\"width\":7016,\"height\":1700,\"caption\":\"Krosgen Biotechnology\"},\"image\":{\"@id\":\"https:\/\/krosgen.com\/#\/schema\/logo\/image\/\"},\"sameAs\":[\"https:\/\/www.linkedin.com\/company\/krosgen\"]}]}<\/script>\n<!-- \/ Yoast SEO plugin. -->","yoast_head_json":{"title":"LTEK Co., LTD - Krosgen","robots":{"index":"index","follow":"follow","max-snippet":"max-snippet:-1","max-image-preview":"max-image-preview:large","max-video-preview":"max-video-preview:-1"},"canonical":"https:\/\/krosgen.com\/index.php\/ltek-co-ltd\/","og_locale":"tr_TR","og_type":"article","og_title":"LTEK Co., LTD - Krosgen","og_description":"LTEK CO., LTD, yenilik\u00e7i ya\u015fam bilimi \u00f6l\u00e7\u00fcm ekipmanlar\u0131 ile G\u00fcney Kore, Gyeonggi-do\u2019da kurulmu\u015ftur. LTEK taraf\u0131ndan \u00fcretilen INNO mikroplaka spektrofotometreleri, absorbans ve l\u00fcminesans ile ilgili t\u00fcm ara\u015ft\u0131rmalar i\u00e7in yeni nesil cihazlard\u0131r. Inno-M mikroplaka ve Inno-N mikrohacim spektrofotometreler, 6 ila 384 kuyucuklu mikroplakalar (Inno-M) ve 2 \u03bcL hacimlere sahip k\u00fcvetlerde (Inno-N) DNA-RNA-Protein kanfitikasyonlar\u0131 i\u00e7in uygun, kompakt spektrofotometre [&hellip;]","og_url":"https:\/\/krosgen.com\/index.php\/ltek-co-ltd\/","og_site_name":"Krosgen","article_modified_time":"2022-07-04T09:23:52+00:00","og_image":[{"url":"https:\/\/krosgen.com\/wp-content\/uploads\/2022\/05\/business1_1.jpg","type":"","width":"","height":""}],"twitter_card":"summary_large_image","twitter_misc":{"Tahmini okuma s\u00fcresi":"3 dakika"},"schema":{"@context":"https:\/\/schema.org","@graph":[{"@type":"WebPage","@id":"https:\/\/krosgen.com\/index.php\/ltek-co-ltd\/","url":"https:\/\/krosgen.com\/index.php\/ltek-co-ltd\/","name":"LTEK Co., LTD - Krosgen","isPartOf":{"@id":"https:\/\/krosgen.com\/#website"},"primaryImageOfPage":{"@id":"https:\/\/krosgen.com\/index.php\/ltek-co-ltd\/#primaryimage"},"image":{"@id":"https:\/\/krosgen.com\/index.php\/ltek-co-ltd\/#primaryimage"},"thumbnailUrl":"https:\/\/krosgen.com\/wp-content\/uploads\/2022\/05\/business1_1.jpg","datePublished":"2022-04-27T12:26:36+00:00","dateModified":"2022-07-04T09:23:52+00:00","breadcrumb":{"@id":"https:\/\/krosgen.com\/index.php\/ltek-co-ltd\/#breadcrumb"},"inLanguage":"tr","potentialAction":[{"@type":"ReadAction","target":["https:\/\/krosgen.com\/index.php\/ltek-co-ltd\/"]}]},{"@type":"ImageObject","inLanguage":"tr","@id":"https:\/\/krosgen.com\/index.php\/ltek-co-ltd\/#primaryimage","url":"https:\/\/krosgen.com\/wp-content\/uploads\/2022\/05\/business1_1.jpg","contentUrl":"https:\/\/krosgen.com\/wp-content\/uploads\/2022\/05\/business1_1.jpg","width":350,"height":219},{"@type":"BreadcrumbList","@id":"https:\/\/krosgen.com\/index.php\/ltek-co-ltd\/#breadcrumb","itemListElement":[{"@type":"ListItem","position":1,"name":"Home","item":"https:\/\/krosgen.com\/"},{"@type":"ListItem","position":2,"name":"LTEK Co., LTD"}]},{"@type":"WebSite","@id":"https:\/\/krosgen.com\/#website","url":"https:\/\/krosgen.com\/","name":"Krosgen","description":"Krosgen Biotechnology","publisher":{"@id":"https:\/\/krosgen.com\/#organization"},"potentialAction":[{"@type":"SearchAction","target":{"@type":"EntryPoint","urlTemplate":"https:\/\/krosgen.com\/?s={search_term_string}"},"query-input":{"@type":"PropertyValueSpecification","valueRequired":true,"valueName":"search_term_string"}}],"inLanguage":"tr"},{"@type":"Organization","@id":"https:\/\/krosgen.com\/#organization","name":"Krosgen Biotechnology","url":"https:\/\/krosgen.com\/","logo":{"@type":"ImageObject","inLanguage":"tr","@id":"https:\/\/krosgen.com\/#\/schema\/logo\/image\/","url":"https:\/\/krosgen.com\/wp-content\/uploads\/2022\/05\/KROSGEN-LOGO_001.png","contentUrl":"https:\/\/krosgen.com\/wp-content\/uploads\/2022\/05\/KROSGEN-LOGO_001.png","width":7016,"height":1700,"caption":"Krosgen Biotechnology"},"image":{"@id":"https:\/\/krosgen.com\/#\/schema\/logo\/image\/"},"sameAs":["https:\/\/www.linkedin.com\/company\/krosgen"]}]}},"jetpack_sharing_enabled":true,"_links":{"self":[{"href":"https:\/\/krosgen.com\/index.php\/wp-json\/wp\/v2\/pages\/15482","targetHints":{"allow":["GET"]}}],"collection":[{"href":"https:\/\/krosgen.com\/index.php\/wp-json\/wp\/v2\/pages"}],"about":[{"href":"https:\/\/krosgen.com\/index.php\/wp-json\/wp\/v2\/types\/page"}],"author":[{"embeddable":true,"href":"https:\/\/krosgen.com\/index.php\/wp-json\/wp\/v2\/users\/1"}],"replies":[{"embeddable":true,"href":"https:\/\/krosgen.com\/index.php\/wp-json\/wp\/v2\/comments?post=15482"}],"version-history":[{"count":44,"href":"https:\/\/krosgen.com\/index.php\/wp-json\/wp\/v2\/pages\/15482\/revisions"}],"predecessor-version":[{"id":16750,"href":"https:\/\/krosgen.com\/index.php\/wp-json\/wp\/v2\/pages\/15482\/revisions\/16750"}],"wp:attachment":[{"href":"https:\/\/krosgen.com\/index.php\/wp-json\/wp\/v2\/media?parent=15482"}],"curies":[{"name":"wp","href":"https:\/\/api.w.org\/{rel}","templated":true}]}}