{"id":15495,"date":"2022-04-27T12:35:39","date_gmt":"2022-04-27T12:35:39","guid":{"rendered":"http:\/\/krosgen.com\/?page_id=15495"},"modified":"2022-05-20T12:12:43","modified_gmt":"2022-05-20T09:12:43","slug":"cruma","status":"publish","type":"page","link":"https:\/\/krosgen.com\/index.php\/cruma\/","title":{"rendered":"Cruma"},"content":{"rendered":"\t\t<div data-elementor-type=\"wp-page\" data-elementor-id=\"15495\" class=\"elementor elementor-15495\">\n\t\t\t\t\t\t<section class=\"elementor-section elementor-top-section elementor-element elementor-element-0e8e88d elementor-section-boxed elementor-section-height-default elementor-section-height-default qodef-elementor-content-no\" data-id=\"0e8e88d\" data-element_type=\"section\" data-e-type=\"section\">\n\t\t\t\t\t\t<div class=\"elementor-container elementor-column-gap-default\">\n\t\t\t\t\t<div class=\"elementor-column elementor-col-100 elementor-top-column elementor-element elementor-element-9a2f03b\" data-id=\"9a2f03b\" data-element_type=\"column\" data-e-type=\"column\">\n\t\t\t<div class=\"elementor-widget-wrap elementor-element-populated\">\n\t\t\t\t\t\t<div class=\"elementor-element elementor-element-bce5245 elementor-widget elementor-widget-slider_revolution\" data-id=\"bce5245\" data-element_type=\"widget\" data-e-type=\"widget\" data-widget_type=\"slider_revolution.default\">\n\t\t\t\t<div class=\"elementor-widget-container\">\n\t\t\t\t\t\n\t\t<div class=\"wp-block-themepunch-revslider\">\n\t\t\t<!-- START 06cruma REVOLUTION SLIDER 6.5.9 --><p class=\"rs-p-wp-fix\"><\/p>\n\t\t\t<rs-module-wrap id=\"rev_slider_28_1_wrapper\" data-source=\"gallery\" style=\"visibility:hidden;background:#f5f5f5;padding:0;margin:0px auto;margin-top:0;margin-bottom:0;\">\n\t\t\t\t<rs-module id=\"rev_slider_28_1\" style=\"\" data-version=\"6.5.9\">\n\t\t\t\t\t<rs-slides>\n\t\t\t\t\t\t<rs-slide style=\"position: absolute;\" data-key=\"rs-52\" data-title=\"1\" data-thumb=\"\/\/krosgen.com\/wp-content\/uploads\/2022\/05\/g-cruma-fume-hood-hd.png\" data-in=\"o:0;\" data-out=\"a:false;\">\n\t\t\t\t\t\t\t<img fetchpriority=\"high\" decoding=\"async\" src=\"\/\/krosgen.com\/wp-content\/plugins\/revslider\/public\/assets\/assets\/dummy.png\" title=\"g-cruma-fume-hood-hd\" width=\"2800\" height=\"1268\" class=\"rev-slidebg tp-rs-img rs-lazyload\" data-lazyload=\"\/\/krosgen.com\/wp-content\/uploads\/2022\/05\/g-cruma-fume-hood-hd.png\" data-bg=\"p:center bottom;\" data-panzoom=\"d:10000;ss:100%;se:110%;oe:0px\/50px;\" data-no-retina>\n<!--\n\t\t\t\t\t\t\t--><rs-layer\n\t\t\t\t\t\t\t\tid=\"slider-28-slide-52-layer-1\" \n\t\t\t\t\t\t\t\tdata-type=\"text\"\n\t\t\t\t\t\t\t\tdata-color=\"#000000\"\n\t\t\t\t\t\t\t\tdata-xy=\"xo:0,-4px,0,0;y:m;yo:198px,-97px,-95px,189px;\"\n\t\t\t\t\t\t\t\tdata-text=\"w:normal;s:35,35,35,30;l:30,30,30,40;ls:1px;fw:400,400,400,500;\"\n\t\t\t\t\t\t\t\tdata-dim=\"w:auto,auto,569px,299px;\"\n\t\t\t\t\t\t\t\tdata-rsp_o=\"off\"\n\t\t\t\t\t\t\t\tdata-rsp_bd=\"off\"\n\t\t\t\t\t\t\t\tdata-frame_0=\"x:30px;\"\n\t\t\t\t\t\t\t\tdata-frame_1=\"sp:700;\"\n\t\t\t\t\t\t\t\tdata-frame_999=\"o:0;st:w;\"\n\t\t\t\t\t\t\t\tstyle=\"z-index:8;font-family:'Raleway';\"\n\t\t\t\t\t\t\t>Cruma Lab Equipment \n\t\t\t\t\t\t\t<\/rs-layer><!--\n-->\t\t\t\t\t\t<\/rs-slide>\n\t\t\t\t\t\t<rs-slide style=\"position: absolute;\" data-key=\"rs-53\" data-title=\"2\" data-thumb=\"\/\/krosgen.com\/wp-content\/uploads\/2022\/05\/fl-cruma-fume-hood-hd-5.png\" data-in=\"o:0;\" data-out=\"a:false;\">\n\t\t\t\t\t\t\t<img decoding=\"async\" src=\"\/\/krosgen.com\/wp-content\/plugins\/revslider\/public\/assets\/assets\/dummy.png\" title=\"fl-cruma-fume-hood-hd-5\" width=\"2400\" height=\"1268\" class=\"rev-slidebg tp-rs-img rs-lazyload\" data-lazyload=\"\/\/krosgen.com\/wp-content\/uploads\/2022\/05\/fl-cruma-fume-hood-hd-5.png\" data-bg=\"p:center bottom;\" data-panzoom=\"d:10000;ss:100;se:110%;oe:0\/50px;\" data-no-retina>\n<!---->\t\t\t\t\t\t<\/rs-slide>\n\t\t\t\t\t\t<rs-slide style=\"position: absolute;\" data-key=\"rs-54\" data-title=\"2\" data-thumb=\"\/\/krosgen.com\/wp-content\/uploads\/2022\/05\/hz-cruma-horizontal-laminar-cabinet-hd.png\" data-in=\"o:0;\" data-out=\"a:false;\">\n\t\t\t\t\t\t\t<img decoding=\"async\" src=\"\/\/krosgen.com\/wp-content\/plugins\/revslider\/public\/assets\/assets\/dummy.png\" title=\"hz-cruma-horizontal-laminar-cabinet-hd\" width=\"2400\" height=\"1011\" class=\"rev-slidebg tp-rs-img rs-lazyload\" data-lazyload=\"\/\/krosgen.com\/wp-content\/uploads\/2022\/05\/hz-cruma-horizontal-laminar-cabinet-hd.png\" data-bg=\"p:center bottom;\" data-panzoom=\"d:10000;ss:100;se:110%;oe:0\/50px;\" data-no-retina>\n<!---->\t\t\t\t\t\t<\/rs-slide>\n\t\t\t\t\t<\/rs-slides>\n\t\t\t\t<\/rs-module>\n\t\t\t\t<script type=\"text\/javascript\">\n\t\t\t\t\tsetREVStartSize({c: 'rev_slider_28_1',rl:[1240,1024,778,480],el:[700,540,800,570],gw:[1400,1100,660,300],gh:[700,540,800,570],type:'standard',justify:'',layout:'fullwidth',mh:\"0\"});if (window.RS_MODULES!==undefined && window.RS_MODULES.modules!==undefined && window.RS_MODULES.modules[\"revslider281\"]!==undefined) {window.RS_MODULES.modules[\"revslider281\"].once = false;window.revapi28 = undefined;if (window.RS_MODULES.checkMinimal!==undefined) window.RS_MODULES.checkMinimal()}\n\t\t\t\t<\/script>\n\t\t\t<\/rs-module-wrap>\n\t\t\t<!-- END REVOLUTION SLIDER -->\n<\/div>\n\n\t\t\t\t\t\t<\/div>\n\t\t\t\t<\/div>\n\t\t\t\t\t<\/div>\n\t\t<\/div>\n\t\t\t\t\t<\/div>\n\t\t<\/section>\n\t\t\t\t<section class=\"elementor-section elementor-top-section elementor-element elementor-element-282c86d elementor-section-boxed elementor-section-height-default elementor-section-height-default qodef-elementor-content-no\" data-id=\"282c86d\" data-element_type=\"section\" data-e-type=\"section\">\n\t\t\t\t\t\t<div class=\"elementor-container elementor-column-gap-default\">\n\t\t\t\t\t<div class=\"elementor-column elementor-col-100 elementor-top-column elementor-element elementor-element-27c0a9e\" data-id=\"27c0a9e\" data-element_type=\"column\" data-e-type=\"column\">\n\t\t\t<div class=\"elementor-widget-wrap elementor-element-populated\">\n\t\t\t\t\t\t<div class=\"elementor-element elementor-element-37d8887 elementor-widget elementor-widget-text-editor\" data-id=\"37d8887\" data-element_type=\"widget\" data-e-type=\"widget\" data-widget_type=\"text-editor.default\">\n\t\t\t\t<div class=\"elementor-widget-container\">\n\t\t\t\t\t\t\t\t\t<p><strong>Y\u00fcksek performansl\u0131, modern dizaynl\u0131, inovatif, kaliteli ve 7 y\u0131la kadar uzanan garanti s\u00fcreleriyle Cruma Laboratuvar Ekipmanlar\u0131; m\u00fc\u015fterilerinin biyog\u00fcvenlik kabini, PCR kabini ve karbondioksit ink\u00fcbat\u00f6rleri gibi bir \u00e7ok ihtiyac\u0131n\u0131 kar\u015f\u0131lamaktad\u0131r.<\/strong><\/p><ul><li><strong><span class=\"VIiyi\" lang=\"tr\"><span class=\"JLqJ4b ChMk0b\" data-language-for-alternatives=\"tr\" data-language-to-translate-into=\"en\" data-phrase-index=\"0\" data-number-of-phrases=\"4\"><span class=\"Q4iAWc\">\u00d6zel dayan\u0131kl\u0131 ve \u00e7evre dostu malzemeler,<\/span><\/span><\/span><\/strong><\/li><li><strong><span class=\"VIiyi\" lang=\"tr\"><span class=\"JLqJ4b ChMk0b\" data-language-for-alternatives=\"tr\" data-language-to-translate-into=\"en\" data-phrase-index=\"1\" data-number-of-phrases=\"4\"><span class=\"Q4iAWc\">Yeni pratik ve fonksiyonel tasar\u0131mlar,<\/span><\/span><\/span><\/strong><\/li><li><strong><span class=\"VIiyi\" lang=\"tr\"><span class=\"JLqJ4b ChMk0b\" data-language-for-alternatives=\"tr\" data-language-to-translate-into=\"en\" data-phrase-index=\"2\" data-number-of-phrases=\"4\"><span class=\"Q4iAWc\">S\u0131k\u0131 kalite kontrolleri ve s\u00fcrekli Ar-Ge s\u00fcre\u00e7leri.<\/span><\/span> <\/span><\/strong><\/li><\/ul>\t\t\t\t\t\t\t\t<\/div>\n\t\t\t\t<\/div>\n\t\t\t\t<div class=\"elementor-element elementor-element-d9c59bc qodef-standard-images-on-top--no elementor-widget elementor-widget-qi_addons_for_elementor_interactive_link_showcase\" data-id=\"d9c59bc\" data-element_type=\"widget\" data-e-type=\"widget\" data-widget_type=\"qi_addons_for_elementor_interactive_link_showcase.default\">\n\t\t\t\t<div class=\"elementor-widget-container\">\n\t\t\t\t\t<div class=\"qodef-shortcode qodef-m qodef-qi-interactive-link-showcase qodef-layout--standard qodef-hover--underline\">\n\t<div class=\"qodef-m-items\">\n\t\t<a itemprop=\"url\" class=\"qodef-m-item qodef-e\" href=\"https:\/\/cruma.es\/en\/\" target=\"_blank\">\n\t<span class=\"qodef-e-title\"><span class=\"qodef-e-inner-title\">Cruma \u00dcr\u00fcnlerini \u0130ncelemek \u0130\u00e7in T\u0131klay\u0131n<\/span><\/span>\n\t<\/a>\n\t<\/div>\n\t<div class=\"qodef-m-images\">\n\t\t<div class=\"qodef-e-image qodef-position--left elementor-repeater-item-645d493\">\n\t<img loading=\"lazy\" decoding=\"async\" width=\"760\" height=\"344\" src=\"https:\/\/krosgen.com\/wp-content\/uploads\/2022\/05\/home-group-fl-hz-670fl-380px-1.png\" class=\"attachment-full size-full\" alt=\"\" \/><\/div>\n\t<\/div>\n<\/div>\n\t\t\t\t<\/div>\n\t\t\t\t<\/div>\n\t\t\t\t\t<\/div>\n\t\t<\/div>\n\t\t\t\t\t<\/div>\n\t\t<\/section>\n\t\t\t\t<\/div>\n\t\t","protected":false},"excerpt":{"rendered":"<p>Y\u00fcksek performansl\u0131, modern dizaynl\u0131, inovatif, kaliteli ve 7 y\u0131la kadar uzanan garanti s\u00fcreleriyle Cruma Laboratuvar Ekipmanlar\u0131; m\u00fc\u015fterilerinin biyog\u00fcvenlik kabini, PCR kabini ve karbondioksit ink\u00fcbat\u00f6rleri gibi bir \u00e7ok ihtiyac\u0131n\u0131 kar\u015f\u0131lamaktad\u0131r. \u00d6zel dayan\u0131kl\u0131 ve \u00e7evre dostu malzemeler, Yeni pratik ve fonksiyonel tasar\u0131mlar, S\u0131k\u0131 kalite kontrolleri ve s\u00fcrekli Ar-Ge s\u00fcre\u00e7leri. Cruma \u00dcr\u00fcnlerini \u0130ncelemek \u0130\u00e7in T\u0131klay\u0131n<\/p>\n","protected":false},"author":1,"featured_media":0,"parent":0,"menu_order":0,"comment_status":"closed","ping_status":"closed","template":"","meta":{"footnotes":""},"class_list":["post-15495","page","type-page","status-publish","hentry"],"yoast_head":"<!-- This site is optimized with the Yoast SEO plugin v27.2 - https:\/\/yoast.com\/product\/yoast-seo-wordpress\/ -->\n<title>Cruma - Krosgen<\/title>\n<meta name=\"description\" content=\"pcr kabini, biyog\u00fcvenlik kabini, fume hoods, laminar flow cabinets, karbondioksit ink\u00fcbat\u00f6r\u00fc, chemical storage cupboards, weighing cabinets and biosafety cabinets\" \/>\n<meta name=\"robots\" content=\"index, follow, max-snippet:-1, max-image-preview:large, max-video-preview:-1\" \/>\n<link rel=\"canonical\" href=\"https:\/\/krosgen.com\/index.php\/cruma\/\" \/>\n<meta property=\"og:locale\" content=\"tr_TR\" \/>\n<meta property=\"og:type\" content=\"article\" \/>\n<meta property=\"og:title\" content=\"Cruma - Krosgen\" \/>\n<meta property=\"og:description\" content=\"pcr kabini, biyog\u00fcvenlik kabini, fume hoods, laminar flow cabinets, karbondioksit ink\u00fcbat\u00f6r\u00fc, chemical storage cupboards, weighing cabinets and biosafety cabinets\" \/>\n<meta property=\"og:url\" content=\"https:\/\/krosgen.com\/index.php\/cruma\/\" \/>\n<meta property=\"og:site_name\" content=\"Krosgen\" \/>\n<meta property=\"article:modified_time\" content=\"2022-05-20T09:12:43+00:00\" \/>\n<meta property=\"og:image\" content=\"http:\/\/krosgen.com\/wp-content\/uploads\/2022\/05\/home-group-fl-hz-670fl-380px-1.png\" \/>\n<meta name=\"twitter:card\" content=\"summary_large_image\" \/>\n<meta name=\"twitter:label1\" content=\"Tahmini okuma s\u00fcresi\" \/>\n\t<meta name=\"twitter:data1\" content=\"1 dakika\" \/>\n<script type=\"application\/ld+json\" class=\"yoast-schema-graph\">{\"@context\":\"https:\/\/schema.org\",\"@graph\":[{\"@type\":\"WebPage\",\"@id\":\"https:\/\/krosgen.com\/index.php\/cruma\/\",\"url\":\"https:\/\/krosgen.com\/index.php\/cruma\/\",\"name\":\"Cruma - Krosgen\",\"isPartOf\":{\"@id\":\"https:\/\/krosgen.com\/#website\"},\"primaryImageOfPage\":{\"@id\":\"https:\/\/krosgen.com\/index.php\/cruma\/#primaryimage\"},\"image\":{\"@id\":\"https:\/\/krosgen.com\/index.php\/cruma\/#primaryimage\"},\"thumbnailUrl\":\"http:\/\/krosgen.com\/wp-content\/uploads\/2022\/05\/home-group-fl-hz-670fl-380px-1.png\",\"datePublished\":\"2022-04-27T12:35:39+00:00\",\"dateModified\":\"2022-05-20T09:12:43+00:00\",\"description\":\"pcr kabini, biyog\u00fcvenlik kabini, fume hoods, laminar flow cabinets, karbondioksit ink\u00fcbat\u00f6r\u00fc, chemical storage cupboards, weighing cabinets and biosafety cabinets\",\"breadcrumb\":{\"@id\":\"https:\/\/krosgen.com\/index.php\/cruma\/#breadcrumb\"},\"inLanguage\":\"tr\",\"potentialAction\":[{\"@type\":\"ReadAction\",\"target\":[\"https:\/\/krosgen.com\/index.php\/cruma\/\"]}]},{\"@type\":\"ImageObject\",\"inLanguage\":\"tr\",\"@id\":\"https:\/\/krosgen.com\/index.php\/cruma\/#primaryimage\",\"url\":\"http:\/\/krosgen.com\/wp-content\/uploads\/2022\/05\/home-group-fl-hz-670fl-380px-1.png\",\"contentUrl\":\"http:\/\/krosgen.com\/wp-content\/uploads\/2022\/05\/home-group-fl-hz-670fl-380px-1.png\"},{\"@type\":\"BreadcrumbList\",\"@id\":\"https:\/\/krosgen.com\/index.php\/cruma\/#breadcrumb\",\"itemListElement\":[{\"@type\":\"ListItem\",\"position\":1,\"name\":\"Home\",\"item\":\"https:\/\/krosgen.com\/\"},{\"@type\":\"ListItem\",\"position\":2,\"name\":\"Cruma\"}]},{\"@type\":\"WebSite\",\"@id\":\"https:\/\/krosgen.com\/#website\",\"url\":\"https:\/\/krosgen.com\/\",\"name\":\"Krosgen\",\"description\":\"Krosgen Biotechnology\",\"publisher\":{\"@id\":\"https:\/\/krosgen.com\/#organization\"},\"potentialAction\":[{\"@type\":\"SearchAction\",\"target\":{\"@type\":\"EntryPoint\",\"urlTemplate\":\"https:\/\/krosgen.com\/?s={search_term_string}\"},\"query-input\":{\"@type\":\"PropertyValueSpecification\",\"valueRequired\":true,\"valueName\":\"search_term_string\"}}],\"inLanguage\":\"tr\"},{\"@type\":\"Organization\",\"@id\":\"https:\/\/krosgen.com\/#organization\",\"name\":\"Krosgen Biotechnology\",\"url\":\"https:\/\/krosgen.com\/\",\"logo\":{\"@type\":\"ImageObject\",\"inLanguage\":\"tr\",\"@id\":\"https:\/\/krosgen.com\/#\/schema\/logo\/image\/\",\"url\":\"https:\/\/krosgen.com\/wp-content\/uploads\/2022\/05\/KROSGEN-LOGO_001.png\",\"contentUrl\":\"https:\/\/krosgen.com\/wp-content\/uploads\/2022\/05\/KROSGEN-LOGO_001.png\",\"width\":7016,\"height\":1700,\"caption\":\"Krosgen Biotechnology\"},\"image\":{\"@id\":\"https:\/\/krosgen.com\/#\/schema\/logo\/image\/\"},\"sameAs\":[\"https:\/\/www.linkedin.com\/company\/krosgen\"]}]}<\/script>\n<!-- \/ Yoast SEO plugin. -->","yoast_head_json":{"title":"Cruma - Krosgen","description":"pcr kabini, biyog\u00fcvenlik kabini, fume hoods, laminar flow cabinets, karbondioksit ink\u00fcbat\u00f6r\u00fc, chemical storage cupboards, weighing cabinets and biosafety cabinets","robots":{"index":"index","follow":"follow","max-snippet":"max-snippet:-1","max-image-preview":"max-image-preview:large","max-video-preview":"max-video-preview:-1"},"canonical":"https:\/\/krosgen.com\/index.php\/cruma\/","og_locale":"tr_TR","og_type":"article","og_title":"Cruma - Krosgen","og_description":"pcr kabini, biyog\u00fcvenlik kabini, fume hoods, laminar flow cabinets, karbondioksit ink\u00fcbat\u00f6r\u00fc, chemical storage cupboards, weighing cabinets and biosafety cabinets","og_url":"https:\/\/krosgen.com\/index.php\/cruma\/","og_site_name":"Krosgen","article_modified_time":"2022-05-20T09:12:43+00:00","og_image":[{"url":"http:\/\/krosgen.com\/wp-content\/uploads\/2022\/05\/home-group-fl-hz-670fl-380px-1.png","type":"","width":"","height":""}],"twitter_card":"summary_large_image","twitter_misc":{"Tahmini okuma s\u00fcresi":"1 dakika"},"schema":{"@context":"https:\/\/schema.org","@graph":[{"@type":"WebPage","@id":"https:\/\/krosgen.com\/index.php\/cruma\/","url":"https:\/\/krosgen.com\/index.php\/cruma\/","name":"Cruma - Krosgen","isPartOf":{"@id":"https:\/\/krosgen.com\/#website"},"primaryImageOfPage":{"@id":"https:\/\/krosgen.com\/index.php\/cruma\/#primaryimage"},"image":{"@id":"https:\/\/krosgen.com\/index.php\/cruma\/#primaryimage"},"thumbnailUrl":"http:\/\/krosgen.com\/wp-content\/uploads\/2022\/05\/home-group-fl-hz-670fl-380px-1.png","datePublished":"2022-04-27T12:35:39+00:00","dateModified":"2022-05-20T09:12:43+00:00","description":"pcr kabini, biyog\u00fcvenlik kabini, fume hoods, laminar flow cabinets, karbondioksit ink\u00fcbat\u00f6r\u00fc, chemical storage cupboards, weighing cabinets and biosafety cabinets","breadcrumb":{"@id":"https:\/\/krosgen.com\/index.php\/cruma\/#breadcrumb"},"inLanguage":"tr","potentialAction":[{"@type":"ReadAction","target":["https:\/\/krosgen.com\/index.php\/cruma\/"]}]},{"@type":"ImageObject","inLanguage":"tr","@id":"https:\/\/krosgen.com\/index.php\/cruma\/#primaryimage","url":"http:\/\/krosgen.com\/wp-content\/uploads\/2022\/05\/home-group-fl-hz-670fl-380px-1.png","contentUrl":"http:\/\/krosgen.com\/wp-content\/uploads\/2022\/05\/home-group-fl-hz-670fl-380px-1.png"},{"@type":"BreadcrumbList","@id":"https:\/\/krosgen.com\/index.php\/cruma\/#breadcrumb","itemListElement":[{"@type":"ListItem","position":1,"name":"Home","item":"https:\/\/krosgen.com\/"},{"@type":"ListItem","position":2,"name":"Cruma"}]},{"@type":"WebSite","@id":"https:\/\/krosgen.com\/#website","url":"https:\/\/krosgen.com\/","name":"Krosgen","description":"Krosgen Biotechnology","publisher":{"@id":"https:\/\/krosgen.com\/#organization"},"potentialAction":[{"@type":"SearchAction","target":{"@type":"EntryPoint","urlTemplate":"https:\/\/krosgen.com\/?s={search_term_string}"},"query-input":{"@type":"PropertyValueSpecification","valueRequired":true,"valueName":"search_term_string"}}],"inLanguage":"tr"},{"@type":"Organization","@id":"https:\/\/krosgen.com\/#organization","name":"Krosgen Biotechnology","url":"https:\/\/krosgen.com\/","logo":{"@type":"ImageObject","inLanguage":"tr","@id":"https:\/\/krosgen.com\/#\/schema\/logo\/image\/","url":"https:\/\/krosgen.com\/wp-content\/uploads\/2022\/05\/KROSGEN-LOGO_001.png","contentUrl":"https:\/\/krosgen.com\/wp-content\/uploads\/2022\/05\/KROSGEN-LOGO_001.png","width":7016,"height":1700,"caption":"Krosgen Biotechnology"},"image":{"@id":"https:\/\/krosgen.com\/#\/schema\/logo\/image\/"},"sameAs":["https:\/\/www.linkedin.com\/company\/krosgen"]}]}},"jetpack_sharing_enabled":true,"_links":{"self":[{"href":"https:\/\/krosgen.com\/index.php\/wp-json\/wp\/v2\/pages\/15495","targetHints":{"allow":["GET"]}}],"collection":[{"href":"https:\/\/krosgen.com\/index.php\/wp-json\/wp\/v2\/pages"}],"about":[{"href":"https:\/\/krosgen.com\/index.php\/wp-json\/wp\/v2\/types\/page"}],"author":[{"embeddable":true,"href":"https:\/\/krosgen.com\/index.php\/wp-json\/wp\/v2\/users\/1"}],"replies":[{"embeddable":true,"href":"https:\/\/krosgen.com\/index.php\/wp-json\/wp\/v2\/comments?post=15495"}],"version-history":[{"count":24,"href":"https:\/\/krosgen.com\/index.php\/wp-json\/wp\/v2\/pages\/15495\/revisions"}],"predecessor-version":[{"id":16681,"href":"https:\/\/krosgen.com\/index.php\/wp-json\/wp\/v2\/pages\/15495\/revisions\/16681"}],"wp:attachment":[{"href":"https:\/\/krosgen.com\/index.php\/wp-json\/wp\/v2\/media?parent=15495"}],"curies":[{"name":"wp","href":"https:\/\/api.w.org\/{rel}","templated":true}]}}