{"id":15508,"date":"2022-04-27T12:44:58","date_gmt":"2022-04-27T12:44:58","guid":{"rendered":"http:\/\/krosgen.com\/?page_id=15508"},"modified":"2022-05-13T09:46:38","modified_gmt":"2022-05-13T06:46:38","slug":"krosmelt-cvd","status":"publish","type":"page","link":"https:\/\/krosgen.com\/index.php\/krosmelt-cvd\/","title":{"rendered":"KrosMelt CVD"},"content":{"rendered":"\t\t<div data-elementor-type=\"wp-page\" data-elementor-id=\"15508\" class=\"elementor elementor-15508\">\n\t\t\t\t\t\t<section class=\"elementor-section elementor-top-section elementor-element elementor-element-a3f9930 elementor-section-boxed elementor-section-height-default elementor-section-height-default qodef-elementor-content-no\" data-id=\"a3f9930\" data-element_type=\"section\" data-e-type=\"section\">\n\t\t\t\t\t\t<div class=\"elementor-container elementor-column-gap-default\">\n\t\t\t\t\t<div class=\"elementor-column elementor-col-100 elementor-top-column elementor-element elementor-element-7a9217f\" data-id=\"7a9217f\" data-element_type=\"column\" data-e-type=\"column\">\n\t\t\t<div class=\"elementor-widget-wrap elementor-element-populated\">\n\t\t\t\t\t\t<div class=\"elementor-element elementor-element-495fe12 elementor-widget elementor-widget-slider_revolution\" data-id=\"495fe12\" data-element_type=\"widget\" data-e-type=\"widget\" data-widget_type=\"slider_revolution.default\">\n\t\t\t\t<div class=\"elementor-widget-container\">\n\t\t\t\t\t\n\t\t<div class=\"wp-block-themepunch-revslider\">\n\t\t\t<!-- START 18cvd REVOLUTION SLIDER 6.5.9 --><p class=\"rs-p-wp-fix\"><\/p>\n\t\t\t<rs-module-wrap id=\"rev_slider_40_1_wrapper\" data-source=\"gallery\" style=\"visibility:hidden;background:#f5f5f5;padding:0;margin:0px auto;margin-top:0;margin-bottom:0;\">\n\t\t\t\t<rs-module id=\"rev_slider_40_1\" style=\"\" data-version=\"6.5.9\">\n\t\t\t\t\t<rs-slides>\n\t\t\t\t\t\t<rs-slide style=\"position: absolute;\" data-key=\"rs-76\" data-title=\"1\" data-thumb=\"\/\/krosgen.com\/wp-content\/uploads\/2022\/05\/krosmelt01.png\" data-in=\"o:0;\" data-out=\"a:false;\">\n\t\t\t\t\t\t\t<img fetchpriority=\"high\" decoding=\"async\" src=\"\/\/krosgen.com\/wp-content\/plugins\/revslider\/public\/assets\/assets\/dummy.png\" title=\"krosmelt01\" width=\"893\" height=\"635\" class=\"rev-slidebg tp-rs-img rs-lazyload\" data-lazyload=\"\/\/krosgen.com\/wp-content\/uploads\/2022\/05\/krosmelt01.png\" data-panzoom=\"d:10000;ss:100%;se:110%;oe:0px\/50px;\" data-no-retina>\n<!--\n\t\t\t\t\t\t\t--><rs-layer\n\t\t\t\t\t\t\t\tid=\"slider-40-slide-76-layer-0\" \n\t\t\t\t\t\t\t\tdata-type=\"text\"\n\t\t\t\t\t\t\t\tdata-color=\"#000000\"\n\t\t\t\t\t\t\t\tdata-rsp_ch=\"on\"\n\t\t\t\t\t\t\t\tdata-xy=\"xo:689px,541px,324px,0;yo:565px,443px,265px,395px;\"\n\t\t\t\t\t\t\t\tdata-text=\"w:normal;s:32,25,15,30;l:32,25,15,40;a:center;\"\n\t\t\t\t\t\t\t\tdata-dim=\"w:589px,462px,277px,300px;h:96px,75px,45px,auto;minh:0,none,none,none;\"\n\t\t\t\t\t\t\t\tdata-frame_1=\"x:-3px,-2px,-1px,0px;y:18px,14px,8px,3px;e:power3.out;\"\n\t\t\t\t\t\t\t\tdata-frame_999=\"o:0;st:w;\"\n\t\t\t\t\t\t\t\tstyle=\"z-index:8;font-family:'Raleway';\"\n\t\t\t\t\t\t\t>KrosMelt CVD 6 (FII, FVL, MTHFR677, 1298, FVC, PAI) Panel Real-Time PCR Kit \n\t\t\t\t\t\t\t<\/rs-layer><!--\n-->\t\t\t\t\t\t<\/rs-slide>\n\t\t\t\t\t\t<rs-slide style=\"position: absolute;\" data-key=\"rs-77\" data-title=\"1\" data-thumb=\"\/\/krosgen.com\/wp-content\/uploads\/2022\/05\/krosmelt02.png\" data-in=\"o:0;\" data-out=\"a:false;\">\n\t\t\t\t\t\t\t<img decoding=\"async\" src=\"\/\/krosgen.com\/wp-content\/plugins\/revslider\/public\/assets\/assets\/dummy.png\" title=\"krosmelt02\" width=\"893\" height=\"634\" class=\"rev-slidebg tp-rs-img rs-lazyload\" data-lazyload=\"\/\/krosgen.com\/wp-content\/uploads\/2022\/05\/krosmelt02.png\" data-panzoom=\"d:10000;ss:100%;se:110%;oe:0px\/50px;\" data-no-retina>\n<!---->\t\t\t\t\t\t<\/rs-slide>\n\t\t\t\t\t<\/rs-slides>\n\t\t\t\t<\/rs-module>\n\t\t\t\t<script type=\"text\/javascript\">\n\t\t\t\t\tsetREVStartSize({c: 'rev_slider_40_1',rl:[1240,1024,778,480],el:[700,540,800,570],gw:[1400,1100,660,300],gh:[700,540,800,570],type:'standard',justify:'',layout:'fullwidth',mh:\"0\"});if (window.RS_MODULES!==undefined && window.RS_MODULES.modules!==undefined && window.RS_MODULES.modules[\"revslider401\"]!==undefined) {window.RS_MODULES.modules[\"revslider401\"].once = false;window.revapi40 = undefined;if (window.RS_MODULES.checkMinimal!==undefined) window.RS_MODULES.checkMinimal()}\n\t\t\t\t<\/script>\n\t\t\t<\/rs-module-wrap>\n\t\t\t<!-- END REVOLUTION SLIDER -->\n<\/div>\n\n\t\t\t\t\t\t<\/div>\n\t\t\t\t<\/div>\n\t\t\t\t\t<\/div>\n\t\t<\/div>\n\t\t\t\t\t<\/div>\n\t\t<\/section>\n\t\t\t\t<section class=\"elementor-section elementor-top-section elementor-element elementor-element-abe89d5 elementor-section-boxed elementor-section-height-default elementor-section-height-default qodef-elementor-content-no\" data-id=\"abe89d5\" data-element_type=\"section\" data-e-type=\"section\">\n\t\t\t\t\t\t<div class=\"elementor-container elementor-column-gap-default\">\n\t\t\t\t\t<div class=\"elementor-column elementor-col-100 elementor-top-column elementor-element elementor-element-ccc99bc\" data-id=\"ccc99bc\" data-element_type=\"column\" data-e-type=\"column\">\n\t\t\t<div class=\"elementor-widget-wrap elementor-element-populated\">\n\t\t\t\t\t\t<div class=\"elementor-element elementor-element-9d942df elementor-widget elementor-widget-qi_addons_for_elementor_faq\" data-id=\"9d942df\" data-element_type=\"widget\" data-e-type=\"widget\" data-widget_type=\"qi_addons_for_elementor_faq.default\">\n\t\t\t\t<div class=\"elementor-widget-container\">\n\t\t\t\t\t<div class=\"qodef-shortcode qodef-m qodef-qi-faq qodef-qi-clear qodef-behavior--none qodef-layout--simple qodef-style--boxed\">\n\t<h3 class=\"qodef-e-title-holder\">\n\t<span class=\"qodef-e-title\">\n\t\t\t\tTrombofili\t<\/span>\n\t<\/h3>\n<div class=\"qodef-e-content\">\n\t<div class=\"qodef-e-content-inner\">\n\t\t<p>Trombofili, kanda p\u0131ht\u0131la\u015fma e\u011filiminin artt\u0131\u011f\u0131, dolay\u0131s\u0131 ile ven\u00f6z tromboemboli (VTE) riskinin y\u00fcksek oldu\u011fu durumlar\u0131 tan\u0131mlamak i\u00e7in kullan\u0131lan bir terimdir.<\/p><p>Etiyolojisinde edinsel ve kal\u0131tsal fakt\u00f6rler rol oynamaktad\u0131r. Edinsel trombofili nedenleri (ileri ya\u015f, obezite, sigara kullan\u0131m\u0131 vb.) ve\/veya kan\u0131n damar i\u00e7inde ak\u0131\u015fkanl\u0131\u011f\u0131nda rol oynayan bir\u00e7ok gende meydana gelen de\u011fi\u015fimler tromboz olu\u015fmas\u0131 y\u00f6n\u00fcnde sistemi etkilemektedir.<\/p><p>Tromboz d\u00fcnyadaki en yayg\u0131n \u00f6l\u00fcm nedenlerinin aras\u0131ndad\u0131r.<\/p>\t<\/div>\n<\/div>\n<h3 class=\"qodef-e-title-holder\">\n\t<span class=\"qodef-e-title\">\n\t\t\t\tKitimiz\t<\/span>\n\t<\/h3>\n<div class=\"qodef-e-content\">\n\t<div class=\"qodef-e-content-inner\">\n\t\t<ul><li>KrosMelt CVD 6 (FII, FVL, MTHFR677, 1298, FVC, PAI) Panel Real Time PCR Tan\u0131 Kiti, \u00fc\u00e7 t\u00fcpte toplam alt\u0131 b\u00f6lgenin mutasyon taramas\u0131n\u0131 yapan multipleks bir PCR tan\u0131 kitidir.<\/li><li>FII\/FV Master Mix t\u00fcp\u00fcnde FAM kanal\u0131ndan FV Leiden mutasyonu taran\u0131rken, HEX kanal\u0131nda FII Protrombin 20210 mutasyonu saptan\u0131r.<\/li><li>MTHFR677\/1298 Master Mix t\u00fcp\u00fcnde FAM kanal\u0131nda MTHFR C677T mutasyonu taran\u0131rken, HEX kanal\u0131nda MTHFR A1298C mutasyonu saptan\u0131r.<\/li><li>PAI\/CAMB Master Mix t\u00fcp\u00fcnde FAM kanal\u0131ndan FV Cambridge mutasyonu taran\u0131rken, HEX kanal\u0131nda PAI-1 geninde meydana gelen insersiyon\/delesyon varyasyonundan olu\u015fan 4G\/5G sekans uzunluk poliformizmi saptan\u0131r.<\/li><\/ul>\t<\/div>\n<\/div>\n<h3 class=\"qodef-e-title-holder\">\n\t<span class=\"qodef-e-title\">\n\t\t\t\tKitimizin Valide Oldu\u011fu Cihazlar\t<\/span>\n\t<\/h3>\n<div class=\"qodef-e-content\">\n\t<div class=\"qodef-e-content-inner\">\n\t\t<ul><li>Roche LightCycler 480<\/li><li>Roche LightCycler 96<\/li><li>Roche LightCycler Nano<\/li><li>Qiagen Rotor Gene Q<\/li><li>Qiagen Rotor Gene Series<\/li><li>Corbett Realtime PCR<\/li><li>BMS Mic<\/li><li>Biorad CFX Connect<\/li><li>Biorad CFX96<\/li><li>Applied Biosystem ABI 7500<\/li><li>Applied Biosystem ABI 7500 Fast<\/li><li>Applied Biosystem ABI StepOne<\/li><li>Applied Biosystem ABI StepOne Plus<\/li><li>Thermo Scientific Quant Studio 3-5-7<\/li><li>Slan Realtime PCR<\/li><\/ul>\t<\/div>\n<\/div>\n<\/div>\n\t<script type=\"application\/ld+json\">{\"@context\":\"https:\\\/\\\/schema.org\",\"@type\":\"FAQPage\",\"mainEntity\":[{\"@type\":\"Question\",\"name\":\"Trombofili\",\"acceptedAnswer\":{\"@type\":\"Answer\",\"text\":\"<p>Trombofili, kanda p\\u0131ht\\u0131la\\u015fma e\\u011filiminin artt\\u0131\\u011f\\u0131, dolay\\u0131s\\u0131 ile ven\\u00f6z tromboemboli (VTE) riskinin y\\u00fcksek oldu\\u011fu durumlar\\u0131 tan\\u0131mlamak i\\u00e7in kullan\\u0131lan bir terimdir.<\\\/p><p>Etiyolojisinde edinsel ve kal\\u0131tsal fakt\\u00f6rler rol oynamaktad\\u0131r. Edinsel trombofili nedenleri (ileri ya\\u015f, obezite, sigara kullan\\u0131m\\u0131 vb.) ve\\\/veya kan\\u0131n damar i\\u00e7inde ak\\u0131\\u015fkanl\\u0131\\u011f\\u0131nda rol oynayan bir\\u00e7ok gende meydana gelen de\\u011fi\\u015fimler tromboz olu\\u015fmas\\u0131 y\\u00f6n\\u00fcnde sistemi etkilemektedir.<\\\/p><p>Tromboz d\\u00fcnyadaki en yayg\\u0131n \\u00f6l\\u00fcm nedenlerinin aras\\u0131ndad\\u0131r.<\\\/p>\"}},{\"@type\":\"Question\",\"name\":\"Kitimiz\",\"acceptedAnswer\":{\"@type\":\"Answer\",\"text\":\"<ul><li>KrosMelt CVD 6 (FII, FVL, MTHFR677, 1298, FVC, PAI) Panel Real Time PCR Tan\\u0131 Kiti, \\u00fc\\u00e7 t\\u00fcpte toplam alt\\u0131 b\\u00f6lgenin mutasyon taramas\\u0131n\\u0131 yapan multipleks bir PCR tan\\u0131 kitidir.<\\\/li><li>FII\\\/FV Master Mix t\\u00fcp\\u00fcnde FAM kanal\\u0131ndan FV Leiden mutasyonu taran\\u0131rken, HEX kanal\\u0131nda FII Protrombin 20210 mutasyonu saptan\\u0131r.<\\\/li><li>MTHFR677\\\/1298 Master Mix t\\u00fcp\\u00fcnde FAM kanal\\u0131nda MTHFR C677T mutasyonu taran\\u0131rken, HEX kanal\\u0131nda MTHFR A1298C mutasyonu saptan\\u0131r.<\\\/li><li>PAI\\\/CAMB Master Mix t\\u00fcp\\u00fcnde FAM kanal\\u0131ndan FV Cambridge mutasyonu taran\\u0131rken, HEX kanal\\u0131nda PAI-1 geninde meydana gelen insersiyon\\\/delesyon varyasyonundan olu\\u015fan 4G\\\/5G sekans uzunluk poliformizmi saptan\\u0131r.<\\\/li><\\\/ul>\"}},{\"@type\":\"Question\",\"name\":\"Kitimizin Valide Oldu\\u011fu Cihazlar\",\"acceptedAnswer\":{\"@type\":\"Answer\",\"text\":\"<ul><li>Roche LightCycler 480<\\\/li><li>Roche LightCycler 96<\\\/li><li>Roche LightCycler Nano<\\\/li><li>Qiagen Rotor Gene Q<\\\/li><li>Qiagen Rotor Gene Series<\\\/li><li>Corbett Realtime PCR<\\\/li><li>BMS Mic<\\\/li><li>Biorad CFX Connect<\\\/li><li>Biorad CFX96<\\\/li><li>Applied Biosystem ABI 7500<\\\/li><li>Applied Biosystem ABI 7500 Fast<\\\/li><li>Applied Biosystem ABI StepOne<\\\/li><li>Applied Biosystem ABI StepOne Plus<\\\/li><li>Thermo Scientific Quant Studio 3-5-7<\\\/li><li>Slan Realtime PCR<\\\/li><\\\/ul>\"}}]}<\/script>\n\t\t\t\t<\/div>\n\t\t\t\t<\/div>\n\t\t\t\t\t<\/div>\n\t\t<\/div>\n\t\t\t\t\t<\/div>\n\t\t<\/section>\n\t\t\t\t<\/div>\n\t\t","protected":false},"excerpt":{"rendered":"<p>Trombofili Trombofili, kanda p\u0131ht\u0131la\u015fma e\u011filiminin artt\u0131\u011f\u0131, dolay\u0131s\u0131 ile ven\u00f6z tromboemboli (VTE) riskinin y\u00fcksek oldu\u011fu durumlar\u0131 tan\u0131mlamak i\u00e7in kullan\u0131lan bir terimdir. Etiyolojisinde edinsel ve kal\u0131tsal fakt\u00f6rler rol oynamaktad\u0131r. Edinsel trombofili nedenleri (ileri ya\u015f, obezite, sigara kullan\u0131m\u0131 vb.) ve\/veya kan\u0131n damar i\u00e7inde ak\u0131\u015fkanl\u0131\u011f\u0131nda rol oynayan bir\u00e7ok gende meydana gelen de\u011fi\u015fimler tromboz olu\u015fmas\u0131 y\u00f6n\u00fcnde sistemi etkilemektedir. Tromboz d\u00fcnyadaki [&hellip;]<\/p>\n","protected":false},"author":1,"featured_media":0,"parent":0,"menu_order":0,"comment_status":"closed","ping_status":"closed","template":"","meta":{"footnotes":""},"class_list":["post-15508","page","type-page","status-publish","hentry"],"yoast_head":"<!-- This site is optimized with the Yoast SEO plugin v27.2 - https:\/\/yoast.com\/product\/yoast-seo-wordpress\/ -->\n<title>KrosMelt CVD - Krosgen<\/title>\n<meta name=\"robots\" content=\"index, follow, max-snippet:-1, max-image-preview:large, max-video-preview:-1\" \/>\n<link rel=\"canonical\" href=\"https:\/\/krosgen.com\/index.php\/krosmelt-cvd\/\" \/>\n<meta property=\"og:locale\" content=\"tr_TR\" \/>\n<meta property=\"og:type\" content=\"article\" \/>\n<meta property=\"og:title\" content=\"KrosMelt CVD - Krosgen\" \/>\n<meta property=\"og:description\" content=\"Trombofili Trombofili, kanda p\u0131ht\u0131la\u015fma e\u011filiminin artt\u0131\u011f\u0131, dolay\u0131s\u0131 ile ven\u00f6z tromboemboli (VTE) riskinin y\u00fcksek oldu\u011fu durumlar\u0131 tan\u0131mlamak i\u00e7in kullan\u0131lan bir terimdir. Etiyolojisinde edinsel ve kal\u0131tsal fakt\u00f6rler rol oynamaktad\u0131r. Edinsel trombofili nedenleri (ileri ya\u015f, obezite, sigara kullan\u0131m\u0131 vb.) ve\/veya kan\u0131n damar i\u00e7inde ak\u0131\u015fkanl\u0131\u011f\u0131nda rol oynayan bir\u00e7ok gende meydana gelen de\u011fi\u015fimler tromboz olu\u015fmas\u0131 y\u00f6n\u00fcnde sistemi etkilemektedir. Tromboz d\u00fcnyadaki [&hellip;]\" \/>\n<meta property=\"og:url\" content=\"https:\/\/krosgen.com\/index.php\/krosmelt-cvd\/\" \/>\n<meta property=\"og:site_name\" content=\"Krosgen\" \/>\n<meta property=\"article:modified_time\" content=\"2022-05-13T06:46:38+00:00\" \/>\n<meta name=\"twitter:card\" content=\"summary_large_image\" \/>\n<meta name=\"twitter:label1\" content=\"Tahmini okuma s\u00fcresi\" \/>\n\t<meta name=\"twitter:data1\" content=\"1 dakika\" \/>\n<script type=\"application\/ld+json\" class=\"yoast-schema-graph\">{\"@context\":\"https:\/\/schema.org\",\"@graph\":[{\"@type\":\"WebPage\",\"@id\":\"https:\/\/krosgen.com\/index.php\/krosmelt-cvd\/\",\"url\":\"https:\/\/krosgen.com\/index.php\/krosmelt-cvd\/\",\"name\":\"KrosMelt CVD - Krosgen\",\"isPartOf\":{\"@id\":\"https:\/\/krosgen.com\/#website\"},\"datePublished\":\"2022-04-27T12:44:58+00:00\",\"dateModified\":\"2022-05-13T06:46:38+00:00\",\"breadcrumb\":{\"@id\":\"https:\/\/krosgen.com\/index.php\/krosmelt-cvd\/#breadcrumb\"},\"inLanguage\":\"tr\",\"potentialAction\":[{\"@type\":\"ReadAction\",\"target\":[\"https:\/\/krosgen.com\/index.php\/krosmelt-cvd\/\"]}]},{\"@type\":\"BreadcrumbList\",\"@id\":\"https:\/\/krosgen.com\/index.php\/krosmelt-cvd\/#breadcrumb\",\"itemListElement\":[{\"@type\":\"ListItem\",\"position\":1,\"name\":\"Home\",\"item\":\"https:\/\/krosgen.com\/\"},{\"@type\":\"ListItem\",\"position\":2,\"name\":\"KrosMelt CVD\"}]},{\"@type\":\"WebSite\",\"@id\":\"https:\/\/krosgen.com\/#website\",\"url\":\"https:\/\/krosgen.com\/\",\"name\":\"Krosgen\",\"description\":\"Krosgen Biotechnology\",\"publisher\":{\"@id\":\"https:\/\/krosgen.com\/#organization\"},\"potentialAction\":[{\"@type\":\"SearchAction\",\"target\":{\"@type\":\"EntryPoint\",\"urlTemplate\":\"https:\/\/krosgen.com\/?s={search_term_string}\"},\"query-input\":{\"@type\":\"PropertyValueSpecification\",\"valueRequired\":true,\"valueName\":\"search_term_string\"}}],\"inLanguage\":\"tr\"},{\"@type\":\"Organization\",\"@id\":\"https:\/\/krosgen.com\/#organization\",\"name\":\"Krosgen Biotechnology\",\"url\":\"https:\/\/krosgen.com\/\",\"logo\":{\"@type\":\"ImageObject\",\"inLanguage\":\"tr\",\"@id\":\"https:\/\/krosgen.com\/#\/schema\/logo\/image\/\",\"url\":\"https:\/\/krosgen.com\/wp-content\/uploads\/2022\/05\/KROSGEN-LOGO_001.png\",\"contentUrl\":\"https:\/\/krosgen.com\/wp-content\/uploads\/2022\/05\/KROSGEN-LOGO_001.png\",\"width\":7016,\"height\":1700,\"caption\":\"Krosgen Biotechnology\"},\"image\":{\"@id\":\"https:\/\/krosgen.com\/#\/schema\/logo\/image\/\"},\"sameAs\":[\"https:\/\/www.linkedin.com\/company\/krosgen\"]}]}<\/script>\n<!-- \/ Yoast SEO plugin. -->","yoast_head_json":{"title":"KrosMelt CVD - Krosgen","robots":{"index":"index","follow":"follow","max-snippet":"max-snippet:-1","max-image-preview":"max-image-preview:large","max-video-preview":"max-video-preview:-1"},"canonical":"https:\/\/krosgen.com\/index.php\/krosmelt-cvd\/","og_locale":"tr_TR","og_type":"article","og_title":"KrosMelt CVD - Krosgen","og_description":"Trombofili Trombofili, kanda p\u0131ht\u0131la\u015fma e\u011filiminin artt\u0131\u011f\u0131, dolay\u0131s\u0131 ile ven\u00f6z tromboemboli (VTE) riskinin y\u00fcksek oldu\u011fu durumlar\u0131 tan\u0131mlamak i\u00e7in kullan\u0131lan bir terimdir. Etiyolojisinde edinsel ve kal\u0131tsal fakt\u00f6rler rol oynamaktad\u0131r. Edinsel trombofili nedenleri (ileri ya\u015f, obezite, sigara kullan\u0131m\u0131 vb.) ve\/veya kan\u0131n damar i\u00e7inde ak\u0131\u015fkanl\u0131\u011f\u0131nda rol oynayan bir\u00e7ok gende meydana gelen de\u011fi\u015fimler tromboz olu\u015fmas\u0131 y\u00f6n\u00fcnde sistemi etkilemektedir. Tromboz d\u00fcnyadaki [&hellip;]","og_url":"https:\/\/krosgen.com\/index.php\/krosmelt-cvd\/","og_site_name":"Krosgen","article_modified_time":"2022-05-13T06:46:38+00:00","twitter_card":"summary_large_image","twitter_misc":{"Tahmini okuma s\u00fcresi":"1 dakika"},"schema":{"@context":"https:\/\/schema.org","@graph":[{"@type":"WebPage","@id":"https:\/\/krosgen.com\/index.php\/krosmelt-cvd\/","url":"https:\/\/krosgen.com\/index.php\/krosmelt-cvd\/","name":"KrosMelt CVD - Krosgen","isPartOf":{"@id":"https:\/\/krosgen.com\/#website"},"datePublished":"2022-04-27T12:44:58+00:00","dateModified":"2022-05-13T06:46:38+00:00","breadcrumb":{"@id":"https:\/\/krosgen.com\/index.php\/krosmelt-cvd\/#breadcrumb"},"inLanguage":"tr","potentialAction":[{"@type":"ReadAction","target":["https:\/\/krosgen.com\/index.php\/krosmelt-cvd\/"]}]},{"@type":"BreadcrumbList","@id":"https:\/\/krosgen.com\/index.php\/krosmelt-cvd\/#breadcrumb","itemListElement":[{"@type":"ListItem","position":1,"name":"Home","item":"https:\/\/krosgen.com\/"},{"@type":"ListItem","position":2,"name":"KrosMelt CVD"}]},{"@type":"WebSite","@id":"https:\/\/krosgen.com\/#website","url":"https:\/\/krosgen.com\/","name":"Krosgen","description":"Krosgen Biotechnology","publisher":{"@id":"https:\/\/krosgen.com\/#organization"},"potentialAction":[{"@type":"SearchAction","target":{"@type":"EntryPoint","urlTemplate":"https:\/\/krosgen.com\/?s={search_term_string}"},"query-input":{"@type":"PropertyValueSpecification","valueRequired":true,"valueName":"search_term_string"}}],"inLanguage":"tr"},{"@type":"Organization","@id":"https:\/\/krosgen.com\/#organization","name":"Krosgen Biotechnology","url":"https:\/\/krosgen.com\/","logo":{"@type":"ImageObject","inLanguage":"tr","@id":"https:\/\/krosgen.com\/#\/schema\/logo\/image\/","url":"https:\/\/krosgen.com\/wp-content\/uploads\/2022\/05\/KROSGEN-LOGO_001.png","contentUrl":"https:\/\/krosgen.com\/wp-content\/uploads\/2022\/05\/KROSGEN-LOGO_001.png","width":7016,"height":1700,"caption":"Krosgen Biotechnology"},"image":{"@id":"https:\/\/krosgen.com\/#\/schema\/logo\/image\/"},"sameAs":["https:\/\/www.linkedin.com\/company\/krosgen"]}]}},"jetpack_sharing_enabled":true,"_links":{"self":[{"href":"https:\/\/krosgen.com\/index.php\/wp-json\/wp\/v2\/pages\/15508","targetHints":{"allow":["GET"]}}],"collection":[{"href":"https:\/\/krosgen.com\/index.php\/wp-json\/wp\/v2\/pages"}],"about":[{"href":"https:\/\/krosgen.com\/index.php\/wp-json\/wp\/v2\/types\/page"}],"author":[{"embeddable":true,"href":"https:\/\/krosgen.com\/index.php\/wp-json\/wp\/v2\/users\/1"}],"replies":[{"embeddable":true,"href":"https:\/\/krosgen.com\/index.php\/wp-json\/wp\/v2\/comments?post=15508"}],"version-history":[{"count":7,"href":"https:\/\/krosgen.com\/index.php\/wp-json\/wp\/v2\/pages\/15508\/revisions"}],"predecessor-version":[{"id":16448,"href":"https:\/\/krosgen.com\/index.php\/wp-json\/wp\/v2\/pages\/15508\/revisions\/16448"}],"wp:attachment":[{"href":"https:\/\/krosgen.com\/index.php\/wp-json\/wp\/v2\/media?parent=15508"}],"curies":[{"name":"wp","href":"https:\/\/api.w.org\/{rel}","templated":true}]}}