{"id":15510,"date":"2022-04-27T12:47:39","date_gmt":"2022-04-27T12:47:39","guid":{"rendered":"http:\/\/krosgen.com\/?page_id=15510"},"modified":"2022-05-13T10:30:37","modified_gmt":"2022-05-13T07:30:37","slug":"krosmelt-y-del","status":"publish","type":"page","link":"https:\/\/krosgen.com\/index.php\/krosmelt-y-del\/","title":{"rendered":"KrosMelt Y-Del"},"content":{"rendered":"\t\t<div data-elementor-type=\"wp-page\" data-elementor-id=\"15510\" class=\"elementor elementor-15510\">\n\t\t\t\t\t\t<section class=\"elementor-section elementor-top-section elementor-element elementor-element-ca1b62f elementor-section-boxed elementor-section-height-default elementor-section-height-default qodef-elementor-content-no\" data-id=\"ca1b62f\" data-element_type=\"section\" data-e-type=\"section\">\n\t\t\t\t\t\t<div class=\"elementor-container elementor-column-gap-default\">\n\t\t\t\t\t<div class=\"elementor-column elementor-col-100 elementor-top-column elementor-element elementor-element-6b8a344\" data-id=\"6b8a344\" data-element_type=\"column\" data-e-type=\"column\">\n\t\t\t<div class=\"elementor-widget-wrap elementor-element-populated\">\n\t\t\t\t\t\t<div class=\"elementor-element elementor-element-f41812a elementor-widget elementor-widget-slider_revolution\" data-id=\"f41812a\" data-element_type=\"widget\" data-e-type=\"widget\" data-widget_type=\"slider_revolution.default\">\n\t\t\t\t<div class=\"elementor-widget-container\">\n\t\t\t\t\t\n\t\t<div class=\"wp-block-themepunch-revslider\">\n\t\t\t<!-- START 19ymikrodel REVOLUTION SLIDER 6.5.9 --><p class=\"rs-p-wp-fix\"><\/p>\n\t\t\t<rs-module-wrap id=\"rev_slider_41_1_wrapper\" data-source=\"gallery\" style=\"visibility:hidden;background:#f5f5f5;padding:0;margin:0px auto;margin-top:0;margin-bottom:0;\">\n\t\t\t\t<rs-module id=\"rev_slider_41_1\" style=\"\" data-version=\"6.5.9\">\n\t\t\t\t\t<rs-slides>\n\t\t\t\t\t\t<rs-slide style=\"position: absolute;\" data-key=\"rs-78\" data-title=\"1\" data-in=\"o:0;\" data-out=\"a:false;\">\n\t\t\t\t\t\t\t<img fetchpriority=\"high\" decoding=\"async\" src=\"\/\/krosgen.com\/wp-content\/plugins\/revslider\/public\/assets\/assets\/dummy.png\" title=\"microdeletions-azf-chromosome-y\" width=\"2400\" height=\"1020\" class=\"rev-slidebg tp-rs-img rs-lazyload\" data-lazyload=\"\/\/krosgen.com\/wp-content\/uploads\/2022\/05\/microdeletions-azf-chromosome-y.png\" data-panzoom=\"d:10000;ss:100%;se:105%;oe:0px\/50px;\" data-no-retina>\n<!--\n\t\t\t\t\t\t\t--><rs-layer\n\t\t\t\t\t\t\t\tid=\"slider-41-slide-78-layer-0\" \n\t\t\t\t\t\t\t\tdata-type=\"text\"\n\t\t\t\t\t\t\t\tdata-color=\"#000000\"\n\t\t\t\t\t\t\t\tdata-rsp_ch=\"on\"\n\t\t\t\t\t\t\t\tdata-xy=\"xo:11px,8px,4px,0;yo:194px,152px,91px,19px;\"\n\t\t\t\t\t\t\t\tdata-text=\"w:normal;s:46,36,21,30;l:46,36,21,40;a:center;\"\n\t\t\t\t\t\t\t\tdata-dim=\"w:526,413,247,300px;h:93,73,43,auto;minh:0,none,none,none;\"\n\t\t\t\t\t\t\t\tdata-frame_999=\"o:0;st:w;\"\n\t\t\t\t\t\t\t\tstyle=\"z-index:8;font-family:'Raleway';\"\n\t\t\t\t\t\t\t>KrosMelt Y-Microdeletion RT-PCR Kit \n\t\t\t\t\t\t\t<\/rs-layer><!--\n-->\t\t\t\t\t\t<\/rs-slide>\n\t\t\t\t\t<\/rs-slides>\n\t\t\t\t<\/rs-module>\n\t\t\t\t<script type=\"text\/javascript\">\n\t\t\t\t\tsetREVStartSize({c: 'rev_slider_41_1',rl:[1240,1024,778,480],el:[700,540,800,570],gw:[1400,1100,660,300],gh:[700,540,800,570],type:'standard',justify:'',layout:'fullwidth',mh:\"0\"});if (window.RS_MODULES!==undefined && window.RS_MODULES.modules!==undefined && window.RS_MODULES.modules[\"revslider411\"]!==undefined) {window.RS_MODULES.modules[\"revslider411\"].once = false;window.revapi41 = undefined;if (window.RS_MODULES.checkMinimal!==undefined) window.RS_MODULES.checkMinimal()}\n\t\t\t\t<\/script>\n\t\t\t<\/rs-module-wrap>\n\t\t\t<!-- END REVOLUTION SLIDER -->\n<\/div>\n\n\t\t\t\t\t\t<\/div>\n\t\t\t\t<\/div>\n\t\t\t\t\t<\/div>\n\t\t<\/div>\n\t\t\t\t\t<\/div>\n\t\t<\/section>\n\t\t\t\t<section class=\"elementor-section elementor-top-section elementor-element elementor-element-0015e42 elementor-section-boxed elementor-section-height-default elementor-section-height-default qodef-elementor-content-no\" data-id=\"0015e42\" data-element_type=\"section\" data-e-type=\"section\">\n\t\t\t\t\t\t<div class=\"elementor-container elementor-column-gap-default\">\n\t\t\t\t\t<div class=\"elementor-column elementor-col-100 elementor-top-column elementor-element elementor-element-4c5c5e3\" data-id=\"4c5c5e3\" data-element_type=\"column\" data-e-type=\"column\">\n\t\t\t<div class=\"elementor-widget-wrap elementor-element-populated\">\n\t\t\t\t\t\t<div class=\"elementor-element elementor-element-61c7e65 elementor-widget elementor-widget-qi_addons_for_elementor_faq\" data-id=\"61c7e65\" data-element_type=\"widget\" data-e-type=\"widget\" data-widget_type=\"qi_addons_for_elementor_faq.default\">\n\t\t\t\t<div class=\"elementor-widget-container\">\n\t\t\t\t\t<div class=\"qodef-shortcode qodef-m qodef-qi-faq qodef-qi-clear qodef-behavior--none qodef-layout--simple qodef-style--boxed\">\n\t<h3 class=\"qodef-e-title-holder\">\n\t<span class=\"qodef-e-title\">\n\t\t\t\tY Kromozom Mikrodelesyonu\t<\/span>\n\t<\/h3>\n<div class=\"qodef-e-content\">\n\t<div class=\"qodef-e-content-inner\">\n\t\t<p>Y kromozom mikrodelesyonu, erkeklerde k\u0131s\u0131rl\u0131kla ili\u015fkilendirilen en yayg\u0131n genetik hastal\u0131klardan biridir.<\/p><p>K\u0131s\u0131r erkeklerin %10-15\u2019inde g\u00f6r\u00fclen Y Kromozom Mikrodelesyonlar. \u201cAzospermik Fakt\u00f6r (AZF)\u201d olarak adland\u0131r\u0131lan ve 3 b\u00f6l\u00fcme ayr\u0131lan (AZFa, AZFb, AZFc) kromozom b\u00f6lgelerindeki delesyonlar ile ili\u015fkilidir.<\/p><p>Bu b\u00f6lgelerden bir veya birka\u00e7\u0131nda meydana gelen k\u0131smi veya komple delesyonlar ise, sperm \u00fcretiminin \u00e7ok d\u00fc\u015f\u00fck olmas\u0131na veya hi\u00e7 olmamas\u0131na sebep olur.<\/p>\t<\/div>\n<\/div>\n<h3 class=\"qodef-e-title-holder\">\n\t<span class=\"qodef-e-title\">\n\t\t\t\tKitimiz\t<\/span>\n\t<\/h3>\n<div class=\"qodef-e-content\">\n\t<div class=\"qodef-e-content-inner\">\n\t\t<ul><li>KrosMelt Y-Mikrodelesyon Real-Time PCR Kiti AZF-a,b ve c b\u00f6lgelerini kapsamak \u00fczere toplamda 8 STS b\u00f6lgesi, SRY b\u00f6lgesi ve ZFX\/Y b\u00f6lgesini i\u00e7ermektedir.<\/li><li>KrosMelt Y-Mikrodelesyon Kiti Real-Time PCR y\u00f6ntemi ile \u00e7al\u0131\u015f\u0131r.<\/li><li>SYBR GREEN temelli olan KrosMeIt Y- Mikrodelesyon Real-Time PCR Kiti 10 b\u00f6lgeyi toplam 5 ayr\u0131 t\u00fcp i\u00e7erisinde tan\u0131mlamaktad\u0131r.<\/li><\/ul>\t<\/div>\n<\/div>\n<h3 class=\"qodef-e-title-holder\">\n\t<span class=\"qodef-e-title\">\n\t\t\t\tKitimizin Valide Oldu\u011fu Cihazlar\t<\/span>\n\t<\/h3>\n<div class=\"qodef-e-content\">\n\t<div class=\"qodef-e-content-inner\">\n\t\t<ul><li>Roche LightCycler 480<\/li><li>Roche LightCycler 96<\/li><li>Roche LightCycler Nano<\/li><li>Qiagen Rotor Gene Q<\/li><li>Qiagen Rotor Gene Series<\/li><li>Corbett Realtime PCR<\/li><li>BMS Mic<\/li><li>Biorad CFX Connect<\/li><li>Biorad CFX96<\/li><li>Applied Biosystem ABI 7500<\/li><li>Applied Biosystem ABI 7500 Fast<\/li><li>Applied Biosystem ABI StepOne<\/li><li>Applied Biosystem ABI StepOne Plus<\/li><li>Thermo Scientific Quant Studio 3-5-7<\/li><li>Agilent Aris Mix<\/li><li>Slan Realtime PCR<\/li><li>Tianlog Genesy<\/li><li>Stratagene Mx3500p<\/li><\/ul>\t<\/div>\n<\/div>\n<\/div>\n\t<script type=\"application\/ld+json\">{\"@context\":\"https:\\\/\\\/schema.org\",\"@type\":\"FAQPage\",\"mainEntity\":[{\"@type\":\"Question\",\"name\":\"Y Kromozom Mikrodelesyonu\",\"acceptedAnswer\":{\"@type\":\"Answer\",\"text\":\"<p>Y kromozom mikrodelesyonu, erkeklerde k\\u0131s\\u0131rl\\u0131kla ili\\u015fkilendirilen en yayg\\u0131n genetik hastal\\u0131klardan biridir.<\\\/p><p>K\\u0131s\\u0131r erkeklerin %10-15\\u2019inde g\\u00f6r\\u00fclen Y Kromozom Mikrodelesyonlar. \\u201cAzospermik Fakt\\u00f6r (AZF)\\u201d olarak adland\\u0131r\\u0131lan ve 3 b\\u00f6l\\u00fcme ayr\\u0131lan (AZFa, AZFb, AZFc) kromozom b\\u00f6lgelerindeki delesyonlar ile ili\\u015fkilidir.<\\\/p><p>Bu b\\u00f6lgelerden bir veya birka\\u00e7\\u0131nda meydana gelen k\\u0131smi veya komple delesyonlar ise, sperm \\u00fcretiminin \\u00e7ok d\\u00fc\\u015f\\u00fck olmas\\u0131na veya hi\\u00e7 olmamas\\u0131na sebep olur.<\\\/p>\"}},{\"@type\":\"Question\",\"name\":\"Kitimiz\",\"acceptedAnswer\":{\"@type\":\"Answer\",\"text\":\"<ul><li>KrosMelt Y-Mikrodelesyon Real-Time PCR Kiti AZF-a,b ve c b\\u00f6lgelerini kapsamak \\u00fczere toplamda 8 STS b\\u00f6lgesi, SRY b\\u00f6lgesi ve ZFX\\\/Y b\\u00f6lgesini i\\u00e7ermektedir.<\\\/li><li>KrosMelt Y-Mikrodelesyon Kiti Real-Time PCR y\\u00f6ntemi ile \\u00e7al\\u0131\\u015f\\u0131r.<\\\/li><li>SYBR GREEN temelli olan KrosMeIt Y- Mikrodelesyon Real-Time PCR Kiti 10 b\\u00f6lgeyi toplam 5 ayr\\u0131 t\\u00fcp i\\u00e7erisinde tan\\u0131mlamaktad\\u0131r.<\\\/li><\\\/ul>\"}},{\"@type\":\"Question\",\"name\":\"Kitimizin Valide Oldu\\u011fu Cihazlar\",\"acceptedAnswer\":{\"@type\":\"Answer\",\"text\":\"<ul><li>Roche LightCycler 480<\\\/li><li>Roche LightCycler 96<\\\/li><li>Roche LightCycler Nano<\\\/li><li>Qiagen Rotor Gene Q<\\\/li><li>Qiagen Rotor Gene Series<\\\/li><li>Corbett Realtime PCR<\\\/li><li>BMS Mic<\\\/li><li>Biorad CFX Connect<\\\/li><li>Biorad CFX96<\\\/li><li>Applied Biosystem ABI 7500<\\\/li><li>Applied Biosystem ABI 7500 Fast<\\\/li><li>Applied Biosystem ABI StepOne<\\\/li><li>Applied Biosystem ABI StepOne Plus<\\\/li><li>Thermo Scientific Quant Studio 3-5-7<\\\/li><li>Agilent Aris Mix<\\\/li><li>Slan Realtime PCR<\\\/li><li>Tianlog Genesy<\\\/li><li>Stratagene Mx3500p<\\\/li><\\\/ul>\"}}]}<\/script>\n\t\t\t\t<\/div>\n\t\t\t\t<\/div>\n\t\t\t\t\t<\/div>\n\t\t<\/div>\n\t\t\t\t\t<\/div>\n\t\t<\/section>\n\t\t\t\t<\/div>\n\t\t","protected":false},"excerpt":{"rendered":"<p>Y Kromozom Mikrodelesyonu Y kromozom mikrodelesyonu, erkeklerde k\u0131s\u0131rl\u0131kla ili\u015fkilendirilen en yayg\u0131n genetik hastal\u0131klardan biridir. K\u0131s\u0131r erkeklerin %10-15\u2019inde g\u00f6r\u00fclen Y Kromozom Mikrodelesyonlar. \u201cAzospermik Fakt\u00f6r (AZF)\u201d olarak adland\u0131r\u0131lan ve 3 b\u00f6l\u00fcme ayr\u0131lan (AZFa, AZFb, AZFc) kromozom b\u00f6lgelerindeki delesyonlar ile ili\u015fkilidir. Bu b\u00f6lgelerden bir veya birka\u00e7\u0131nda meydana gelen k\u0131smi veya komple delesyonlar ise, sperm \u00fcretiminin \u00e7ok d\u00fc\u015f\u00fck olmas\u0131na [&hellip;]<\/p>\n","protected":false},"author":1,"featured_media":0,"parent":0,"menu_order":0,"comment_status":"closed","ping_status":"closed","template":"","meta":{"footnotes":""},"class_list":["post-15510","page","type-page","status-publish","hentry"],"yoast_head":"<!-- This site is optimized with the Yoast SEO plugin v27.2 - https:\/\/yoast.com\/product\/yoast-seo-wordpress\/ -->\n<title>KrosMelt Y-Del - Krosgen<\/title>\n<meta name=\"robots\" content=\"index, follow, max-snippet:-1, max-image-preview:large, max-video-preview:-1\" \/>\n<link rel=\"canonical\" href=\"https:\/\/krosgen.com\/index.php\/krosmelt-y-del\/\" \/>\n<meta property=\"og:locale\" content=\"tr_TR\" \/>\n<meta property=\"og:type\" content=\"article\" \/>\n<meta property=\"og:title\" content=\"KrosMelt Y-Del - Krosgen\" \/>\n<meta property=\"og:description\" content=\"Y Kromozom Mikrodelesyonu Y kromozom mikrodelesyonu, erkeklerde k\u0131s\u0131rl\u0131kla ili\u015fkilendirilen en yayg\u0131n genetik hastal\u0131klardan biridir. K\u0131s\u0131r erkeklerin %10-15\u2019inde g\u00f6r\u00fclen Y Kromozom Mikrodelesyonlar. \u201cAzospermik Fakt\u00f6r (AZF)\u201d olarak adland\u0131r\u0131lan ve 3 b\u00f6l\u00fcme ayr\u0131lan (AZFa, AZFb, AZFc) kromozom b\u00f6lgelerindeki delesyonlar ile ili\u015fkilidir. Bu b\u00f6lgelerden bir veya birka\u00e7\u0131nda meydana gelen k\u0131smi veya komple delesyonlar ise, sperm \u00fcretiminin \u00e7ok d\u00fc\u015f\u00fck olmas\u0131na [&hellip;]\" \/>\n<meta property=\"og:url\" content=\"https:\/\/krosgen.com\/index.php\/krosmelt-y-del\/\" \/>\n<meta property=\"og:site_name\" content=\"Krosgen\" \/>\n<meta property=\"article:modified_time\" content=\"2022-05-13T07:30:37+00:00\" \/>\n<meta name=\"twitter:card\" content=\"summary_large_image\" \/>\n<meta name=\"twitter:label1\" content=\"Tahmini okuma s\u00fcresi\" \/>\n\t<meta name=\"twitter:data1\" content=\"1 dakika\" \/>\n<script type=\"application\/ld+json\" class=\"yoast-schema-graph\">{\"@context\":\"https:\/\/schema.org\",\"@graph\":[{\"@type\":\"WebPage\",\"@id\":\"https:\/\/krosgen.com\/index.php\/krosmelt-y-del\/\",\"url\":\"https:\/\/krosgen.com\/index.php\/krosmelt-y-del\/\",\"name\":\"KrosMelt Y-Del - Krosgen\",\"isPartOf\":{\"@id\":\"https:\/\/krosgen.com\/#website\"},\"datePublished\":\"2022-04-27T12:47:39+00:00\",\"dateModified\":\"2022-05-13T07:30:37+00:00\",\"breadcrumb\":{\"@id\":\"https:\/\/krosgen.com\/index.php\/krosmelt-y-del\/#breadcrumb\"},\"inLanguage\":\"tr\",\"potentialAction\":[{\"@type\":\"ReadAction\",\"target\":[\"https:\/\/krosgen.com\/index.php\/krosmelt-y-del\/\"]}]},{\"@type\":\"BreadcrumbList\",\"@id\":\"https:\/\/krosgen.com\/index.php\/krosmelt-y-del\/#breadcrumb\",\"itemListElement\":[{\"@type\":\"ListItem\",\"position\":1,\"name\":\"Home\",\"item\":\"https:\/\/krosgen.com\/\"},{\"@type\":\"ListItem\",\"position\":2,\"name\":\"KrosMelt Y-Del\"}]},{\"@type\":\"WebSite\",\"@id\":\"https:\/\/krosgen.com\/#website\",\"url\":\"https:\/\/krosgen.com\/\",\"name\":\"Krosgen\",\"description\":\"Krosgen Biotechnology\",\"publisher\":{\"@id\":\"https:\/\/krosgen.com\/#organization\"},\"potentialAction\":[{\"@type\":\"SearchAction\",\"target\":{\"@type\":\"EntryPoint\",\"urlTemplate\":\"https:\/\/krosgen.com\/?s={search_term_string}\"},\"query-input\":{\"@type\":\"PropertyValueSpecification\",\"valueRequired\":true,\"valueName\":\"search_term_string\"}}],\"inLanguage\":\"tr\"},{\"@type\":\"Organization\",\"@id\":\"https:\/\/krosgen.com\/#organization\",\"name\":\"Krosgen Biotechnology\",\"url\":\"https:\/\/krosgen.com\/\",\"logo\":{\"@type\":\"ImageObject\",\"inLanguage\":\"tr\",\"@id\":\"https:\/\/krosgen.com\/#\/schema\/logo\/image\/\",\"url\":\"https:\/\/krosgen.com\/wp-content\/uploads\/2022\/05\/KROSGEN-LOGO_001.png\",\"contentUrl\":\"https:\/\/krosgen.com\/wp-content\/uploads\/2022\/05\/KROSGEN-LOGO_001.png\",\"width\":7016,\"height\":1700,\"caption\":\"Krosgen Biotechnology\"},\"image\":{\"@id\":\"https:\/\/krosgen.com\/#\/schema\/logo\/image\/\"},\"sameAs\":[\"https:\/\/www.linkedin.com\/company\/krosgen\"]}]}<\/script>\n<!-- \/ Yoast SEO plugin. -->","yoast_head_json":{"title":"KrosMelt Y-Del - Krosgen","robots":{"index":"index","follow":"follow","max-snippet":"max-snippet:-1","max-image-preview":"max-image-preview:large","max-video-preview":"max-video-preview:-1"},"canonical":"https:\/\/krosgen.com\/index.php\/krosmelt-y-del\/","og_locale":"tr_TR","og_type":"article","og_title":"KrosMelt Y-Del - Krosgen","og_description":"Y Kromozom Mikrodelesyonu Y kromozom mikrodelesyonu, erkeklerde k\u0131s\u0131rl\u0131kla ili\u015fkilendirilen en yayg\u0131n genetik hastal\u0131klardan biridir. K\u0131s\u0131r erkeklerin %10-15\u2019inde g\u00f6r\u00fclen Y Kromozom Mikrodelesyonlar. \u201cAzospermik Fakt\u00f6r (AZF)\u201d olarak adland\u0131r\u0131lan ve 3 b\u00f6l\u00fcme ayr\u0131lan (AZFa, AZFb, AZFc) kromozom b\u00f6lgelerindeki delesyonlar ile ili\u015fkilidir. Bu b\u00f6lgelerden bir veya birka\u00e7\u0131nda meydana gelen k\u0131smi veya komple delesyonlar ise, sperm \u00fcretiminin \u00e7ok d\u00fc\u015f\u00fck olmas\u0131na [&hellip;]","og_url":"https:\/\/krosgen.com\/index.php\/krosmelt-y-del\/","og_site_name":"Krosgen","article_modified_time":"2022-05-13T07:30:37+00:00","twitter_card":"summary_large_image","twitter_misc":{"Tahmini okuma s\u00fcresi":"1 dakika"},"schema":{"@context":"https:\/\/schema.org","@graph":[{"@type":"WebPage","@id":"https:\/\/krosgen.com\/index.php\/krosmelt-y-del\/","url":"https:\/\/krosgen.com\/index.php\/krosmelt-y-del\/","name":"KrosMelt Y-Del - Krosgen","isPartOf":{"@id":"https:\/\/krosgen.com\/#website"},"datePublished":"2022-04-27T12:47:39+00:00","dateModified":"2022-05-13T07:30:37+00:00","breadcrumb":{"@id":"https:\/\/krosgen.com\/index.php\/krosmelt-y-del\/#breadcrumb"},"inLanguage":"tr","potentialAction":[{"@type":"ReadAction","target":["https:\/\/krosgen.com\/index.php\/krosmelt-y-del\/"]}]},{"@type":"BreadcrumbList","@id":"https:\/\/krosgen.com\/index.php\/krosmelt-y-del\/#breadcrumb","itemListElement":[{"@type":"ListItem","position":1,"name":"Home","item":"https:\/\/krosgen.com\/"},{"@type":"ListItem","position":2,"name":"KrosMelt Y-Del"}]},{"@type":"WebSite","@id":"https:\/\/krosgen.com\/#website","url":"https:\/\/krosgen.com\/","name":"Krosgen","description":"Krosgen Biotechnology","publisher":{"@id":"https:\/\/krosgen.com\/#organization"},"potentialAction":[{"@type":"SearchAction","target":{"@type":"EntryPoint","urlTemplate":"https:\/\/krosgen.com\/?s={search_term_string}"},"query-input":{"@type":"PropertyValueSpecification","valueRequired":true,"valueName":"search_term_string"}}],"inLanguage":"tr"},{"@type":"Organization","@id":"https:\/\/krosgen.com\/#organization","name":"Krosgen Biotechnology","url":"https:\/\/krosgen.com\/","logo":{"@type":"ImageObject","inLanguage":"tr","@id":"https:\/\/krosgen.com\/#\/schema\/logo\/image\/","url":"https:\/\/krosgen.com\/wp-content\/uploads\/2022\/05\/KROSGEN-LOGO_001.png","contentUrl":"https:\/\/krosgen.com\/wp-content\/uploads\/2022\/05\/KROSGEN-LOGO_001.png","width":7016,"height":1700,"caption":"Krosgen Biotechnology"},"image":{"@id":"https:\/\/krosgen.com\/#\/schema\/logo\/image\/"},"sameAs":["https:\/\/www.linkedin.com\/company\/krosgen"]}]}},"jetpack_sharing_enabled":true,"_links":{"self":[{"href":"https:\/\/krosgen.com\/index.php\/wp-json\/wp\/v2\/pages\/15510","targetHints":{"allow":["GET"]}}],"collection":[{"href":"https:\/\/krosgen.com\/index.php\/wp-json\/wp\/v2\/pages"}],"about":[{"href":"https:\/\/krosgen.com\/index.php\/wp-json\/wp\/v2\/types\/page"}],"author":[{"embeddable":true,"href":"https:\/\/krosgen.com\/index.php\/wp-json\/wp\/v2\/users\/1"}],"replies":[{"embeddable":true,"href":"https:\/\/krosgen.com\/index.php\/wp-json\/wp\/v2\/comments?post=15510"}],"version-history":[{"count":13,"href":"https:\/\/krosgen.com\/index.php\/wp-json\/wp\/v2\/pages\/15510\/revisions"}],"predecessor-version":[{"id":16480,"href":"https:\/\/krosgen.com\/index.php\/wp-json\/wp\/v2\/pages\/15510\/revisions\/16480"}],"wp:attachment":[{"href":"https:\/\/krosgen.com\/index.php\/wp-json\/wp\/v2\/media?parent=15510"}],"curies":[{"name":"wp","href":"https:\/\/api.w.org\/{rel}","templated":true}]}}