{"id":15747,"date":"2022-04-27T11:27:06","date_gmt":"2022-04-27T08:27:06","guid":{"rendered":"http:\/\/krosgen.com\/?page_id=15747"},"modified":"2022-05-12T16:28:17","modified_gmt":"2022-05-12T13:28:17","slug":"canvax-en","status":"publish","type":"page","link":"https:\/\/krosgen.com\/index.php\/canvax-en\/?lang=en","title":{"rendered":"Canvax"},"content":{"rendered":"\t\t<div data-elementor-type=\"wp-page\" data-elementor-id=\"15747\" class=\"elementor elementor-15747\">\n\t\t\t\t\t\t<section class=\"elementor-section elementor-top-section elementor-element elementor-element-51130981 elementor-section-boxed elementor-section-height-default elementor-section-height-default qodef-elementor-content-no\" data-id=\"51130981\" data-element_type=\"section\" data-e-type=\"section\">\n\t\t\t\t\t\t<div class=\"elementor-container elementor-column-gap-default\">\n\t\t\t\t\t<div class=\"elementor-column elementor-col-100 elementor-top-column elementor-element elementor-element-915772a\" data-id=\"915772a\" data-element_type=\"column\" data-e-type=\"column\">\n\t\t\t<div class=\"elementor-widget-wrap elementor-element-populated\">\n\t\t\t\t\t\t\t<\/div>\n\t\t<\/div>\n\t\t\t\t\t<\/div>\n\t\t<\/section>\n\t\t\t\t<section class=\"elementor-section elementor-top-section elementor-element elementor-element-612f97f elementor-section-boxed elementor-section-height-default elementor-section-height-default qodef-elementor-content-no\" data-id=\"612f97f\" data-element_type=\"section\" data-e-type=\"section\">\n\t\t\t\t\t\t<div class=\"elementor-container elementor-column-gap-default\">\n\t\t\t\t\t<div class=\"elementor-column elementor-col-100 elementor-top-column elementor-element elementor-element-a8e73cd\" data-id=\"a8e73cd\" data-element_type=\"column\" data-e-type=\"column\">\n\t\t\t<div class=\"elementor-widget-wrap elementor-element-populated\">\n\t\t\t\t\t\t<div class=\"elementor-element elementor-element-24d881d elementor-widget elementor-widget-slider_revolution\" data-id=\"24d881d\" data-element_type=\"widget\" data-e-type=\"widget\" data-widget_type=\"slider_revolution.default\">\n\t\t\t\t<div class=\"elementor-widget-container\">\n\t\t\t\t\t\n\t\t<div class=\"wp-block-themepunch-revslider\">\n\t\t\t<!-- START 05canvax REVOLUTION SLIDER 6.5.9 --><p class=\"rs-p-wp-fix\"><\/p>\n\t\t\t<rs-module-wrap id=\"rev_slider_26_1_wrapper\" data-source=\"gallery\" style=\"visibility:hidden;background:#f5f5f5;padding:0;margin:0px auto;margin-top:0;margin-bottom:0;\">\n\t\t\t\t<rs-module id=\"rev_slider_26_1\" style=\"\" data-version=\"6.5.9\">\n\t\t\t\t\t<rs-slides>\n\t\t\t\t\t\t<rs-slide style=\"position: absolute;\" data-key=\"rs-46\" data-title=\"1\" data-thumb=\"\/\/krosgen.com\/wp-content\/uploads\/2022\/05\/canvax5.jpg\" data-in=\"o:0;\" data-out=\"a:false;\">\n\t\t\t\t\t\t\t<img fetchpriority=\"high\" decoding=\"async\" src=\"\/\/krosgen.com\/wp-content\/plugins\/revslider\/public\/assets\/assets\/dummy.png\" title=\"canvax5\" width=\"2500\" height=\"1781\" class=\"rev-slidebg tp-rs-img rs-lazyload\" data-lazyload=\"\/\/krosgen.com\/wp-content\/uploads\/2022\/05\/canvax5.jpg\" data-panzoom=\"d:10000;ss:100%;se:110%;oe:0px\/50px;\" data-no-retina>\n<!--\n\t\t\t\t\t\t\t--><rs-layer\n\t\t\t\t\t\t\t\tid=\"slider-26-slide-46-layer-1\" \n\t\t\t\t\t\t\t\tdata-type=\"text\"\n\t\t\t\t\t\t\t\tdata-color=\"#000000\"\n\t\t\t\t\t\t\t\tdata-xy=\"xo:19px,14px,2px,0;y:m;yo:190px,149px,133px,242px;\"\n\t\t\t\t\t\t\t\tdata-text=\"w:normal;s:35,27,40,30;l:45,35,50,40;ls:2,1,0,1px;fw:300,300,500,500;\"\n\t\t\t\t\t\t\t\tdata-dim=\"minh:0px,none,none,none;\"\n\t\t\t\t\t\t\t\tdata-rsp_o=\"off\"\n\t\t\t\t\t\t\t\tdata-rsp_bd=\"off\"\n\t\t\t\t\t\t\t\tdata-frame_0=\"x:50,39,23,10;\"\n\t\t\t\t\t\t\t\tdata-frame_1=\"sp:700;\"\n\t\t\t\t\t\t\t\tdata-frame_999=\"o:0;st:w;\"\n\t\t\t\t\t\t\t\tstyle=\"z-index:8;font-family:'Raleway';\"\n\t\t\t\t\t\t\t>Canvax Biotech \n\t\t\t\t\t\t\t<\/rs-layer><!--\n-->\t\t\t\t\t\t<\/rs-slide>\n\t\t\t\t\t\t<rs-slide style=\"position: absolute;\" data-key=\"rs-47\" data-title=\"2\" data-thumb=\"\/\/krosgen.com\/wp-content\/uploads\/2022\/05\/CVX\u2122-COVID-19-Human-IgG-Indirect-ELISA-Kit-e1593165767962.jpg\" data-in=\"o:0;\" data-out=\"a:false;\">\n\t\t\t\t\t\t\t<img decoding=\"async\" src=\"\/\/krosgen.com\/wp-content\/plugins\/revslider\/public\/assets\/assets\/dummy.png\" title=\"CVX\u2122-COVID-19-Human-IgG-Indirect-ELISA-Kit-e1593165767962\" width=\"2000\" height=\"1390\" class=\"rev-slidebg tp-rs-img rs-lazyload\" data-lazyload=\"\/\/krosgen.com\/wp-content\/uploads\/2022\/05\/CVX\u2122-COVID-19-Human-IgG-Indirect-ELISA-Kit-e1593165767962.jpg\" data-bg=\"p:center bottom;\" data-panzoom=\"d:10000;ss:100;se:110%;oe:0\/50px;\" data-no-retina>\n<!---->\t\t\t\t\t\t<\/rs-slide>\n\t\t\t\t\t\t<rs-slide style=\"position: absolute;\" data-key=\"rs-48\" data-title=\"2\" data-thumb=\"\/\/krosgen.com\/wp-content\/uploads\/2022\/05\/Canvax_C1.jpg\" data-in=\"o:0;\" data-out=\"a:false;\">\n\t\t\t\t\t\t\t<img decoding=\"async\" src=\"\/\/krosgen.com\/wp-content\/plugins\/revslider\/public\/assets\/assets\/dummy.png\" title=\"Canvax_C1\" width=\"1851\" height=\"1080\" class=\"rev-slidebg tp-rs-img rs-lazyload\" data-lazyload=\"\/\/krosgen.com\/wp-content\/uploads\/2022\/05\/Canvax_C1.jpg\" data-panzoom=\"d:10000;ss:100;se:110%;oe:0\/50px;\" data-no-retina>\n<!---->\t\t\t\t\t\t<\/rs-slide>\n\t\t\t\t\t<\/rs-slides>\n\t\t\t\t<\/rs-module>\n\t\t\t\t<script type=\"text\/javascript\">\n\t\t\t\t\tsetREVStartSize({c: 'rev_slider_26_1',rl:[1240,1024,778,480],el:[700,540,800,570],gw:[1400,1100,660,300],gh:[700,540,800,570],type:'standard',justify:'',layout:'fullwidth',mh:\"0\"});if (window.RS_MODULES!==undefined && window.RS_MODULES.modules!==undefined && window.RS_MODULES.modules[\"revslider261\"]!==undefined) {window.RS_MODULES.modules[\"revslider261\"].once = false;window.revapi26 = undefined;if (window.RS_MODULES.checkMinimal!==undefined) window.RS_MODULES.checkMinimal()}\n\t\t\t\t<\/script>\n\t\t\t<\/rs-module-wrap>\n\t\t\t<!-- END REVOLUTION SLIDER -->\n<\/div>\n\n\t\t\t\t\t\t<\/div>\n\t\t\t\t<\/div>\n\t\t\t\t\t<\/div>\n\t\t<\/div>\n\t\t\t\t\t<\/div>\n\t\t<\/section>\n\t\t\t\t<section class=\"elementor-section elementor-top-section elementor-element elementor-element-e288f9c elementor-section-boxed elementor-section-height-default elementor-section-height-default qodef-elementor-content-no\" data-id=\"e288f9c\" data-element_type=\"section\" data-e-type=\"section\">\n\t\t\t\t\t\t<div class=\"elementor-container elementor-column-gap-default\">\n\t\t\t\t\t<div class=\"elementor-column elementor-col-100 elementor-top-column elementor-element elementor-element-62e2786\" data-id=\"62e2786\" data-element_type=\"column\" data-e-type=\"column\">\n\t\t\t<div class=\"elementor-widget-wrap elementor-element-populated\">\n\t\t\t\t\t\t<div class=\"elementor-element elementor-element-20475b4 elementor-widget elementor-widget-text-editor\" data-id=\"20475b4\" data-element_type=\"widget\" data-e-type=\"widget\" data-widget_type=\"text-editor.default\">\n\t\t\t\t<div class=\"elementor-widget-container\">\n\t\t\t\t\t\t\t\t\t<p><strong><span class=\"VIiyi\" lang=\"en\"><span class=\"JLqJ4b ChMk0b\" data-language-for-alternatives=\"en\" data-language-to-translate-into=\"tr\" data-phrase-index=\"0\" data-number-of-phrases=\"1\"><span class=\"Q4iAWc\">Based in Cordoba, Spain, Canvax has been the original manufacturer and supplier of the most innovative solutions, services, kits and R&amp;D reagents in molecular and cell biology since 2001.<\/span><\/span><\/span><\/strong><\/p><p><strong>Awarded as Most Innovative Company in 2014, with 10 Technologies Patented Worldwide or <\/strong><strong>Unprecedented Milestones achieved, Canvax is an Original Manufacturer of 450+ High Quality, <\/strong><strong>Cost-effective &amp; Easy-to-use Life Science Solutions that Accelerates Scientists Success since 2001.<\/strong><\/p><p><strong>Canvax&#8217;\u0131n \u00c7al\u0131\u015fma Alanlar\u0131:<\/strong><\/p><p><span class=\"VIiyi\" lang=\"en\"><span class=\"JLqJ4b ChMk0b\" data-language-for-alternatives=\"en\" data-language-to-translate-into=\"tr\" data-phrase-index=\"0\" data-number-of-phrases=\"25\"><span class=\"Q4iAWc\">Molecular Biology,<\/span><\/span> <\/span><\/p><p><span class=\"VIiyi\" lang=\"en\"><span class=\"JLqJ4b ChMk0b\" data-language-for-alternatives=\"en\" data-language-to-translate-into=\"tr\" data-phrase-index=\"2\" data-number-of-phrases=\"25\"><span class=\"Q4iAWc\">Cell Biology,<\/span><\/span> <\/span><\/p><p><span class=\"VIiyi\" lang=\"en\"><span class=\"JLqJ4b ChMk0b\" data-language-for-alternatives=\"en\" data-language-to-translate-into=\"tr\" data-phrase-index=\"4\" data-number-of-phrases=\"25\"><span class=\"Q4iAWc\">Proteomics,<\/span><\/span> <\/span><\/p><p><span class=\"VIiyi\" lang=\"en\"><span class=\"JLqJ4b ChMk0b\" data-language-for-alternatives=\"en\" data-language-to-translate-into=\"tr\" data-phrase-index=\"6\" data-number-of-phrases=\"25\"><span class=\"Q4iAWc\">Recombinant Proteins,<\/span><\/span> <\/span><\/p><p><span class=\"VIiyi\" lang=\"en\"><span class=\"JLqJ4b ChMk0b\" data-language-for-alternatives=\"en\" data-language-to-translate-into=\"tr\" data-phrase-index=\"8\" data-number-of-phrases=\"25\"><span class=\"Q4iAWc\">Cancer Research,<\/span><\/span> <\/span><\/p><p><span class=\"VIiyi\" lang=\"en\"><span class=\"JLqJ4b ChMk0b\" data-language-for-alternatives=\"en\" data-language-to-translate-into=\"tr\" data-phrase-index=\"10\" data-number-of-phrases=\"25\"><span class=\"Q4iAWc\">Antibodies, Antibodies and Serums,<\/span><\/span> <\/span><\/p><p><span class=\"VIiyi\" lang=\"en\"><span class=\"JLqJ4b ChMk0b\" data-language-for-alternatives=\"en\" data-language-to-translate-into=\"tr\" data-phrase-index=\"12\" data-number-of-phrases=\"25\"><span class=\"Q4iAWc\">Electrophoresis,<\/span><\/span><\/span><\/p><p><span class=\"VIiyi\" lang=\"en\"><span class=\"JLqJ4b ChMk0b\" data-language-for-alternatives=\"en\" data-language-to-translate-into=\"tr\" data-phrase-index=\"14\" data-number-of-phrases=\"25\"><span class=\"Q4iAWc\">Genomics,<\/span><\/span> <\/span><\/p><p><span class=\"VIiyi\" lang=\"en\"><span class=\"JLqJ4b ChMk0b\" data-language-for-alternatives=\"en\" data-language-to-translate-into=\"tr\" data-phrase-index=\"16\" data-number-of-phrases=\"25\"><span class=\"Q4iAWc\">Gene Expression Vectors (Bacterial &amp; Mammalian),<\/span><\/span><\/span><\/p><p><span class=\"VIiyi\" lang=\"en\"> <span class=\"JLqJ4b ChMk0b\" data-language-for-alternatives=\"en\" data-language-to-translate-into=\"tr\" data-phrase-index=\"18\" data-number-of-phrases=\"25\"><span class=\"Q4iAWc\">Cell Transfection,<\/span><\/span> <\/span><\/p><p><span class=\"VIiyi\" lang=\"en\"><span class=\"JLqJ4b ChMk0b\" data-language-for-alternatives=\"en\" data-language-to-translate-into=\"tr\" data-phrase-index=\"20\" data-number-of-phrases=\"25\"><span class=\"Q4iAWc\">Viral Transduction,<\/span><\/span> <\/span><\/p><p><span class=\"VIiyi\" lang=\"en\"><span class=\"JLqJ4b ChMk0b\" data-language-for-alternatives=\"en\" data-language-to-translate-into=\"tr\" data-phrase-index=\"22\" data-number-of-phrases=\"25\"><span class=\"Q4iAWc\">Nucleic Acid Purification Kits,<\/span><\/span> <\/span><\/p><p><span class=\"VIiyi\" lang=\"en\"><span class=\"JLqJ4b ChMk0b\" data-language-for-alternatives=\"en\" data-language-to-translate-into=\"tr\" data-phrase-index=\"24\" data-number-of-phrases=\"25\"><span class=\"Q4iAWc\">PCR Enzymes and reagents.<\/span><\/span><\/span><\/p>\t\t\t\t\t\t\t\t<\/div>\n\t\t\t\t<\/div>\n\t\t\t\t<div class=\"elementor-element elementor-element-239820f qodef-standard-images-on-top--no elementor-widget elementor-widget-qi_addons_for_elementor_interactive_link_showcase\" data-id=\"239820f\" data-element_type=\"widget\" data-e-type=\"widget\" data-widget_type=\"qi_addons_for_elementor_interactive_link_showcase.default\">\n\t\t\t\t<div class=\"elementor-widget-container\">\n\t\t\t\t\t<div class=\"qodef-shortcode qodef-m qodef-qi-interactive-link-showcase qodef-layout--standard qodef-hover--underline\">\n\t<div class=\"qodef-m-items\">\n\t\t<a itemprop=\"url\" class=\"qodef-m-item qodef-e\" href=\"https:\/\/lifescience.canvaxbiotech.com\/\" target=\"_blank\">\n\t<span class=\"qodef-e-title\"><span class=\"qodef-e-inner-title\">Click for the product range of Canvax<\/span><\/span>\n\t<\/a>\n\t<\/div>\n\t<div class=\"qodef-m-images\">\n\t\t<div class=\"qodef-e-image qodef-position--left elementor-repeater-item-0de9bb6\">\n\t<img loading=\"lazy\" decoding=\"async\" width=\"581\" height=\"406\" src=\"https:\/\/krosgen.com\/wp-content\/uploads\/2022\/05\/canvax.jpg\" class=\"attachment-full size-full\" alt=\"\" \/><\/div>\n\t<\/div>\n<\/div>\n\t\t\t\t<\/div>\n\t\t\t\t<\/div>\n\t\t\t\t\t<\/div>\n\t\t<\/div>\n\t\t\t\t\t<\/div>\n\t\t<\/section>\n\t\t\t\t<\/div>\n\t\t","protected":false},"excerpt":{"rendered":"<p>Based in Cordoba, Spain, Canvax has been the original manufacturer and supplier of the most innovative solutions, services, kits and R&amp;D reagents in molecular and cell biology since 2001. Awarded as Most Innovative Company in 2014, with 10 Technologies Patented Worldwide or Unprecedented Milestones achieved, Canvax is an Original Manufacturer of 450+ High Quality, Cost-effective [&hellip;]<\/p>\n","protected":false},"author":1,"featured_media":0,"parent":0,"menu_order":0,"comment_status":"closed","ping_status":"closed","template":"","meta":{"footnotes":""},"class_list":["post-15747","page","type-page","status-publish","hentry"],"yoast_head":"<!-- This site is optimized with the Yoast SEO plugin v27.2 - https:\/\/yoast.com\/product\/yoast-seo-wordpress\/ -->\n<title>Canvax - Krosgen<\/title>\n<meta name=\"robots\" content=\"index, follow, max-snippet:-1, max-image-preview:large, max-video-preview:-1\" \/>\n<link rel=\"canonical\" href=\"https:\/\/krosgen.com\/index.php\/canvax-en\/?lang=en\" \/>\n<meta property=\"og:locale\" content=\"tr_TR\" \/>\n<meta property=\"og:type\" content=\"article\" \/>\n<meta property=\"og:title\" content=\"Canvax - Krosgen\" \/>\n<meta property=\"og:description\" content=\"Based in Cordoba, Spain, Canvax has been the original manufacturer and supplier of the most innovative solutions, services, kits and R&amp;D reagents in molecular and cell biology since 2001. Awarded as Most Innovative Company in 2014, with 10 Technologies Patented Worldwide or Unprecedented Milestones achieved, Canvax is an Original Manufacturer of 450+ High Quality, Cost-effective [&hellip;]\" \/>\n<meta property=\"og:url\" content=\"https:\/\/krosgen.com\/index.php\/canvax-en\/?lang=en\" \/>\n<meta property=\"og:site_name\" content=\"Krosgen\" \/>\n<meta property=\"article:modified_time\" content=\"2022-05-12T13:28:17+00:00\" \/>\n<meta property=\"og:image\" content=\"http:\/\/krosgen.com\/wp-content\/uploads\/2022\/05\/canvax.jpg\" \/>\n<meta name=\"twitter:card\" content=\"summary_large_image\" \/>\n<meta name=\"twitter:label1\" content=\"Tahmini okuma s\u00fcresi\" \/>\n\t<meta name=\"twitter:data1\" content=\"1 dakika\" \/>\n<script type=\"application\/ld+json\" class=\"yoast-schema-graph\">{\"@context\":\"https:\/\/schema.org\",\"@graph\":[{\"@type\":\"WebPage\",\"@id\":\"https:\/\/krosgen.com\/index.php\/canvax-en\/?lang=en\",\"url\":\"https:\/\/krosgen.com\/index.php\/canvax-en\/?lang=en\",\"name\":\"Canvax - Krosgen\",\"isPartOf\":{\"@id\":\"https:\/\/krosgen.com\/#website\"},\"primaryImageOfPage\":{\"@id\":\"https:\/\/krosgen.com\/index.php\/canvax-en\/?lang=en#primaryimage\"},\"image\":{\"@id\":\"https:\/\/krosgen.com\/index.php\/canvax-en\/?lang=en#primaryimage\"},\"thumbnailUrl\":\"http:\/\/krosgen.com\/wp-content\/uploads\/2022\/05\/canvax.jpg\",\"datePublished\":\"2022-04-27T08:27:06+00:00\",\"dateModified\":\"2022-05-12T13:28:17+00:00\",\"breadcrumb\":{\"@id\":\"https:\/\/krosgen.com\/index.php\/canvax-en\/?lang=en#breadcrumb\"},\"inLanguage\":\"tr\",\"potentialAction\":[{\"@type\":\"ReadAction\",\"target\":[\"https:\/\/krosgen.com\/index.php\/canvax-en\/?lang=en\"]}]},{\"@type\":\"ImageObject\",\"inLanguage\":\"tr\",\"@id\":\"https:\/\/krosgen.com\/index.php\/canvax-en\/?lang=en#primaryimage\",\"url\":\"http:\/\/krosgen.com\/wp-content\/uploads\/2022\/05\/canvax.jpg\",\"contentUrl\":\"http:\/\/krosgen.com\/wp-content\/uploads\/2022\/05\/canvax.jpg\"},{\"@type\":\"BreadcrumbList\",\"@id\":\"https:\/\/krosgen.com\/index.php\/canvax-en\/?lang=en#breadcrumb\",\"itemListElement\":[{\"@type\":\"ListItem\",\"position\":1,\"name\":\"Home\",\"item\":\"https:\/\/krosgen.com\/\"},{\"@type\":\"ListItem\",\"position\":2,\"name\":\"Canvax\"}]},{\"@type\":\"WebSite\",\"@id\":\"https:\/\/krosgen.com\/#website\",\"url\":\"https:\/\/krosgen.com\/\",\"name\":\"Krosgen\",\"description\":\"Krosgen Biotechnology\",\"publisher\":{\"@id\":\"https:\/\/krosgen.com\/#organization\"},\"potentialAction\":[{\"@type\":\"SearchAction\",\"target\":{\"@type\":\"EntryPoint\",\"urlTemplate\":\"https:\/\/krosgen.com\/?s={search_term_string}\"},\"query-input\":{\"@type\":\"PropertyValueSpecification\",\"valueRequired\":true,\"valueName\":\"search_term_string\"}}],\"inLanguage\":\"tr\"},{\"@type\":\"Organization\",\"@id\":\"https:\/\/krosgen.com\/#organization\",\"name\":\"Krosgen Biotechnology\",\"url\":\"https:\/\/krosgen.com\/\",\"logo\":{\"@type\":\"ImageObject\",\"inLanguage\":\"tr\",\"@id\":\"https:\/\/krosgen.com\/#\/schema\/logo\/image\/\",\"url\":\"https:\/\/krosgen.com\/wp-content\/uploads\/2022\/05\/KROSGEN-LOGO_001.png\",\"contentUrl\":\"https:\/\/krosgen.com\/wp-content\/uploads\/2022\/05\/KROSGEN-LOGO_001.png\",\"width\":7016,\"height\":1700,\"caption\":\"Krosgen Biotechnology\"},\"image\":{\"@id\":\"https:\/\/krosgen.com\/#\/schema\/logo\/image\/\"},\"sameAs\":[\"https:\/\/www.linkedin.com\/company\/krosgen\"]}]}<\/script>\n<!-- \/ Yoast SEO plugin. -->","yoast_head_json":{"title":"Canvax - Krosgen","robots":{"index":"index","follow":"follow","max-snippet":"max-snippet:-1","max-image-preview":"max-image-preview:large","max-video-preview":"max-video-preview:-1"},"canonical":"https:\/\/krosgen.com\/index.php\/canvax-en\/?lang=en","og_locale":"tr_TR","og_type":"article","og_title":"Canvax - Krosgen","og_description":"Based in Cordoba, Spain, Canvax has been the original manufacturer and supplier of the most innovative solutions, services, kits and R&amp;D reagents in molecular and cell biology since 2001. Awarded as Most Innovative Company in 2014, with 10 Technologies Patented Worldwide or Unprecedented Milestones achieved, Canvax is an Original Manufacturer of 450+ High Quality, Cost-effective [&hellip;]","og_url":"https:\/\/krosgen.com\/index.php\/canvax-en\/?lang=en","og_site_name":"Krosgen","article_modified_time":"2022-05-12T13:28:17+00:00","og_image":[{"url":"http:\/\/krosgen.com\/wp-content\/uploads\/2022\/05\/canvax.jpg","type":"","width":"","height":""}],"twitter_card":"summary_large_image","twitter_misc":{"Tahmini okuma s\u00fcresi":"1 dakika"},"schema":{"@context":"https:\/\/schema.org","@graph":[{"@type":"WebPage","@id":"https:\/\/krosgen.com\/index.php\/canvax-en\/?lang=en","url":"https:\/\/krosgen.com\/index.php\/canvax-en\/?lang=en","name":"Canvax - Krosgen","isPartOf":{"@id":"https:\/\/krosgen.com\/#website"},"primaryImageOfPage":{"@id":"https:\/\/krosgen.com\/index.php\/canvax-en\/?lang=en#primaryimage"},"image":{"@id":"https:\/\/krosgen.com\/index.php\/canvax-en\/?lang=en#primaryimage"},"thumbnailUrl":"http:\/\/krosgen.com\/wp-content\/uploads\/2022\/05\/canvax.jpg","datePublished":"2022-04-27T08:27:06+00:00","dateModified":"2022-05-12T13:28:17+00:00","breadcrumb":{"@id":"https:\/\/krosgen.com\/index.php\/canvax-en\/?lang=en#breadcrumb"},"inLanguage":"tr","potentialAction":[{"@type":"ReadAction","target":["https:\/\/krosgen.com\/index.php\/canvax-en\/?lang=en"]}]},{"@type":"ImageObject","inLanguage":"tr","@id":"https:\/\/krosgen.com\/index.php\/canvax-en\/?lang=en#primaryimage","url":"http:\/\/krosgen.com\/wp-content\/uploads\/2022\/05\/canvax.jpg","contentUrl":"http:\/\/krosgen.com\/wp-content\/uploads\/2022\/05\/canvax.jpg"},{"@type":"BreadcrumbList","@id":"https:\/\/krosgen.com\/index.php\/canvax-en\/?lang=en#breadcrumb","itemListElement":[{"@type":"ListItem","position":1,"name":"Home","item":"https:\/\/krosgen.com\/"},{"@type":"ListItem","position":2,"name":"Canvax"}]},{"@type":"WebSite","@id":"https:\/\/krosgen.com\/#website","url":"https:\/\/krosgen.com\/","name":"Krosgen","description":"Krosgen Biotechnology","publisher":{"@id":"https:\/\/krosgen.com\/#organization"},"potentialAction":[{"@type":"SearchAction","target":{"@type":"EntryPoint","urlTemplate":"https:\/\/krosgen.com\/?s={search_term_string}"},"query-input":{"@type":"PropertyValueSpecification","valueRequired":true,"valueName":"search_term_string"}}],"inLanguage":"tr"},{"@type":"Organization","@id":"https:\/\/krosgen.com\/#organization","name":"Krosgen Biotechnology","url":"https:\/\/krosgen.com\/","logo":{"@type":"ImageObject","inLanguage":"tr","@id":"https:\/\/krosgen.com\/#\/schema\/logo\/image\/","url":"https:\/\/krosgen.com\/wp-content\/uploads\/2022\/05\/KROSGEN-LOGO_001.png","contentUrl":"https:\/\/krosgen.com\/wp-content\/uploads\/2022\/05\/KROSGEN-LOGO_001.png","width":7016,"height":1700,"caption":"Krosgen Biotechnology"},"image":{"@id":"https:\/\/krosgen.com\/#\/schema\/logo\/image\/"},"sameAs":["https:\/\/www.linkedin.com\/company\/krosgen"]}]}},"jetpack_sharing_enabled":true,"_links":{"self":[{"href":"https:\/\/krosgen.com\/index.php\/wp-json\/wp\/v2\/pages\/15747","targetHints":{"allow":["GET"]}}],"collection":[{"href":"https:\/\/krosgen.com\/index.php\/wp-json\/wp\/v2\/pages"}],"about":[{"href":"https:\/\/krosgen.com\/index.php\/wp-json\/wp\/v2\/types\/page"}],"author":[{"embeddable":true,"href":"https:\/\/krosgen.com\/index.php\/wp-json\/wp\/v2\/users\/1"}],"replies":[{"embeddable":true,"href":"https:\/\/krosgen.com\/index.php\/wp-json\/wp\/v2\/comments?post=15747"}],"version-history":[{"count":16,"href":"https:\/\/krosgen.com\/index.php\/wp-json\/wp\/v2\/pages\/15747\/revisions"}],"predecessor-version":[{"id":16356,"href":"https:\/\/krosgen.com\/index.php\/wp-json\/wp\/v2\/pages\/15747\/revisions\/16356"}],"wp:attachment":[{"href":"https:\/\/krosgen.com\/index.php\/wp-json\/wp\/v2\/media?parent=15747"}],"curies":[{"name":"wp","href":"https:\/\/api.w.org\/{rel}","templated":true}]}}