{"id":16985,"date":"2023-02-13T15:21:49","date_gmt":"2023-02-13T12:21:49","guid":{"rendered":"https:\/\/krosgen.com\/?page_id=16985"},"modified":"2023-02-13T16:34:09","modified_gmt":"2023-02-13T13:34:09","slug":"primerdesign","status":"publish","type":"page","link":"https:\/\/krosgen.com\/index.php\/primerdesign\/","title":{"rendered":"Primerdesign"},"content":{"rendered":"\t\t<div data-elementor-type=\"wp-page\" data-elementor-id=\"16985\" class=\"elementor elementor-16985\">\n\t\t\t\t\t\t<section class=\"elementor-section elementor-top-section elementor-element elementor-element-2dc21d1 elementor-section-boxed elementor-section-height-default elementor-section-height-default qodef-elementor-content-no\" data-id=\"2dc21d1\" data-element_type=\"section\" data-e-type=\"section\">\n\t\t\t\t\t\t<div class=\"elementor-container elementor-column-gap-default\">\n\t\t\t\t\t<div class=\"elementor-column elementor-col-100 elementor-top-column elementor-element elementor-element-5253191\" data-id=\"5253191\" data-element_type=\"column\" data-e-type=\"column\">\n\t\t\t<div class=\"elementor-widget-wrap elementor-element-populated\">\n\t\t\t\t\t\t<div class=\"elementor-element elementor-element-aa6b457 elementor-widget elementor-widget-slider_revolution\" data-id=\"aa6b457\" data-element_type=\"widget\" data-e-type=\"widget\" data-widget_type=\"slider_revolution.default\">\n\t\t\t\t<div class=\"elementor-widget-container\">\n\t\t\t\t\t\n\t\t<div class=\"wp-block-themepunch-revslider\">\n\t\t\t<!-- START 23primerdesign REVOLUTION SLIDER 6.5.9 --><p class=\"rs-p-wp-fix\"><\/p>\n\t\t\t<rs-module-wrap id=\"rev_slider_45_1_wrapper\" data-source=\"gallery\" style=\"visibility:hidden;background:#f5f5f5;padding:0;margin:0px auto;margin-top:0;margin-bottom:0;\">\n\t\t\t\t<rs-module id=\"rev_slider_45_1\" style=\"\" data-version=\"6.5.9\">\n\t\t\t\t\t<rs-slides>\n\t\t\t\t\t\t<rs-slide style=\"position: absolute;\" data-key=\"rs-105\" data-title=\"1\" data-thumb=\"\/\/krosgen.com\/wp-content\/uploads\/2023\/02\/COVID-19-KIT-IMAGE.png\" data-in=\"o:0;\" data-out=\"a:false;\">\n\t\t\t\t\t\t\t<img fetchpriority=\"high\" decoding=\"async\" src=\"\/\/krosgen.com\/wp-content\/plugins\/revslider\/public\/assets\/assets\/dummy.png\" title=\"COVID-19-KIT-IMAGE\" width=\"3360\" height=\"2100\" class=\"rev-slidebg tp-rs-img rs-lazyload\" data-lazyload=\"\/\/krosgen.com\/wp-content\/uploads\/2023\/02\/COVID-19-KIT-IMAGE.png\" data-bg=\"p:center bottom;\" data-panzoom=\"d:10000;ss:100%;se:110%;oe:0px\/50px;\" data-no-retina>\n<!--\n\t\t\t\t\t\t\t--><rs-layer\n\t\t\t\t\t\t\t\tid=\"slider-45-slide-105-layer-1\" \n\t\t\t\t\t\t\t\tdata-type=\"text\"\n\t\t\t\t\t\t\t\tdata-color=\"#000000\"\n\t\t\t\t\t\t\t\tdata-xy=\"xo:0,-4px,0,0;y:m;yo:214px,-97px,-95px,70px;\"\n\t\t\t\t\t\t\t\tdata-text=\"w:normal;s:35,35,35,30;l:30,30,30,40;ls:1px;fw:400,400,400,500;\"\n\t\t\t\t\t\t\t\tdata-dim=\"w:auto,auto,569px,275px;\"\n\t\t\t\t\t\t\t\tdata-rsp_o=\"off\"\n\t\t\t\t\t\t\t\tdata-rsp_bd=\"off\"\n\t\t\t\t\t\t\t\tdata-frame_0=\"x:34px;\"\n\t\t\t\t\t\t\t\tdata-frame_1=\"sp:700;\"\n\t\t\t\t\t\t\t\tdata-frame_999=\"o:0;st:w;\"\n\t\t\t\t\t\t\t\tstyle=\"z-index:8;font-family:'Raleway';\"\n\t\t\t\t\t\t\t>Primerdesign \n\t\t\t\t\t\t\t<\/rs-layer><!--\n-->\t\t\t\t\t\t<\/rs-slide>\n\t\t\t\t\t\t<rs-slide style=\"position: absolute;\" data-key=\"rs-125\" data-title=\"2\" data-thumb=\"\/\/krosgen.com\/wp-content\/uploads\/2023\/02\/org_16472891521929291303.jpg\" data-in=\"o:0;\" data-out=\"a:false;\">\n\t\t\t\t\t\t\t<img decoding=\"async\" src=\"\/\/krosgen.com\/wp-content\/plugins\/revslider\/public\/assets\/assets\/dummy.png\" title=\"org_16472891521929291303\" width=\"1327\" height=\"883\" class=\"rev-slidebg tp-rs-img rs-lazyload\" data-lazyload=\"\/\/krosgen.com\/wp-content\/uploads\/2023\/02\/org_16472891521929291303.jpg\" data-panzoom=\"d:10000;ss:100%;se:110%;oe:0px\/50px;\" data-no-retina>\n<!---->\t\t\t\t\t\t<\/rs-slide>\n\t\t\t\t\t<\/rs-slides>\n\t\t\t\t<\/rs-module>\n\t\t\t\t<script type=\"text\/javascript\">\n\t\t\t\t\tsetREVStartSize({c: 'rev_slider_45_1',rl:[1240,1024,778,480],el:[700,540,800,570],gw:[1400,1100,660,300],gh:[700,540,800,570],type:'standard',justify:'',layout:'fullwidth',mh:\"0\"});if (window.RS_MODULES!==undefined && window.RS_MODULES.modules!==undefined && window.RS_MODULES.modules[\"revslider451\"]!==undefined) {window.RS_MODULES.modules[\"revslider451\"].once = false;window.revapi45 = undefined;if (window.RS_MODULES.checkMinimal!==undefined) window.RS_MODULES.checkMinimal()}\n\t\t\t\t<\/script>\n\t\t\t<\/rs-module-wrap>\n\t\t\t<!-- END REVOLUTION SLIDER -->\n<\/div>\n\n\t\t\t\t\t\t<\/div>\n\t\t\t\t<\/div>\n\t\t\t\t\t<\/div>\n\t\t<\/div>\n\t\t\t\t\t<\/div>\n\t\t<\/section>\n\t\t\t\t<section class=\"elementor-section elementor-top-section elementor-element elementor-element-81c76bd elementor-section-boxed elementor-section-height-default elementor-section-height-default qodef-elementor-content-no\" data-id=\"81c76bd\" data-element_type=\"section\" data-e-type=\"section\">\n\t\t\t\t\t\t<div class=\"elementor-container elementor-column-gap-default\">\n\t\t\t\t\t<div class=\"elementor-column elementor-col-100 elementor-top-column elementor-element elementor-element-31b57d6\" data-id=\"31b57d6\" data-element_type=\"column\" data-e-type=\"column\">\n\t\t\t<div class=\"elementor-widget-wrap elementor-element-populated\">\n\t\t\t\t\t\t<div class=\"elementor-element elementor-element-7a567b2 elementor-widget elementor-widget-text-editor\" data-id=\"7a567b2\" data-element_type=\"widget\" data-e-type=\"widget\" data-widget_type=\"text-editor.default\">\n\t\t\t\t<div class=\"elementor-widget-container\">\n\t\t\t\t\t\t\t\t\t<p><b>Primerdesign, d\u00fcnyadaki en iyi \u00f6zel tasar\u0131ml\u0131 qPCR testi geli\u015ftirme <\/b><b>firmas\u0131d\u0131r.<\/b><\/p><p><b>\u015eirket, 2005 y\u0131l\u0131nda Southampton \u00dcniversitesi T\u0131p Fak\u00fcltesi&#8217;nde\u00a0<\/b><b style=\"color: var( --e-global-color-text ); font-family: var( --e-global-typography-text-font-family ), Sans-serif;\">kurulmu\u015ftur. M\u00fctevazi bir ba\u015flang\u0131\u00e7tan bu yana \u015firket, d\u00fcnya\u00a0<\/b><b style=\"color: var( --e-global-color-text ); font-family: var( --e-global-typography-text-font-family ), Sans-serif;\">genelinde 100&#8217;den fazla \u00fclkede binlerce m\u00fc\u015fterisi ve bu alanda\u00a0<\/b><b style=\"color: var( --e-global-color-text ); font-family: var( --e-global-typography-text-font-family ), Sans-serif;\">ola\u011fan\u00fcst\u00fc bir itibar\u0131 ile g\u00fc\u00e7lenerek geli\u015fmi\u015ftir. May\u0131s 2016&#8217;da ise\u00a0<\/b><b style=\"color: var( --e-global-color-text ); font-family: var( --e-global-typography-text-font-family ), Sans-serif;\">Primerdesign, Novacyt Group&#8217;un bir par\u00e7as\u0131 olmu\u015ftur.<\/b><\/p><p><b>Primerdesign, ger\u00e7ek zamanl\u0131 PCR kitleri ve reaktiflerinin tasar\u0131m\u0131,\u00a0<\/b><b style=\"color: var( --e-global-color-text ); font-family: var( --e-global-typography-text-font-family ), Sans-serif;\">\u00fcretimi, do\u011frulanmas\u0131 ve tedarikine odaklanm\u0131\u015ft\u0131r.<\/b><\/p><p><strong>Ba\u015fl\u0131ca \u00dcr\u00fcnleri;<\/strong><\/p><ul><li><b>Molek\u00fcler tan\u0131 i\u00e7in test geli\u015ftirme, bu testlerin optimizasyon ve\u00a0<\/b><b style=\"color: var( --e-global-color-text ); font-family: var( --e-global-typography-text-font-family ), Sans-serif;\">validasyon \u00e7al\u0131\u015fmalar\u0131,<\/b><\/li><li><b>PCR t\u00fcpleri ve plakalar\u0131,<\/b><\/li><li><b>Liyofilize ana kar\u0131\u015f\u0131mlar (master mix) ve Liyofilize qPCR <\/b><b>reaktifleri,<\/b><\/li><li><b>Pipetler ve steril pipet u\u00e7lar\u0131,<\/b><\/li><li><b>Otomatik s\u0131v\u0131 ta\u015f\u0131ma sistemleri,<\/b><\/li><li><b>gDNA Tespit kitleri,<\/b><\/li><li><b>Ters transkripsiyon kitleri ve premiksler.<\/b><\/li><\/ul>\t\t\t\t\t\t\t\t<\/div>\n\t\t\t\t<\/div>\n\t\t\t\t<div class=\"elementor-element elementor-element-f675a97 qodef-standard-images-on-top--no elementor-widget elementor-widget-qi_addons_for_elementor_interactive_link_showcase\" data-id=\"f675a97\" data-element_type=\"widget\" data-e-type=\"widget\" data-widget_type=\"qi_addons_for_elementor_interactive_link_showcase.default\">\n\t\t\t\t<div class=\"elementor-widget-container\">\n\t\t\t\t\t<div class=\"qodef-shortcode qodef-m qodef-qi-interactive-link-showcase qodef-layout--standard qodef-hover--underline\">\n\t<div class=\"qodef-m-items\">\n\t\t<a itemprop=\"url\" class=\"qodef-m-item qodef-e\" href=\"http:\/\/www.primerdesign.co.uk\/home\" target=\"_blank\">\n\t<span class=\"qodef-e-title\"><span class=\"qodef-e-inner-title\">Primerdesign \u00dcr\u00fcnlerini \u0130ncelemek \u0130\u00e7in T\u0131klay\u0131n<\/span><\/span>\n\t<\/a>\n\t<\/div>\n\t<div class=\"qodef-m-images\">\n\t\t<div class=\"qodef-e-image qodef-position--left elementor-repeater-item-33072f2\">\n\t<img decoding=\"async\" width=\"671\" height=\"896\" src=\"https:\/\/krosgen.com\/wp-content\/uploads\/2023\/02\/cOVID-PHOTO-2.jpeg\" class=\"attachment-full size-full\" alt=\"\" \/><\/div>\n\t<\/div>\n<\/div>\n\t\t\t\t<\/div>\n\t\t\t\t<\/div>\n\t\t\t\t\t<\/div>\n\t\t<\/div>\n\t\t\t\t\t<\/div>\n\t\t<\/section>\n\t\t\t\t<\/div>\n\t\t","protected":false},"excerpt":{"rendered":"<p>Primerdesign, d\u00fcnyadaki en iyi \u00f6zel tasar\u0131ml\u0131 qPCR testi geli\u015ftirme firmas\u0131d\u0131r. \u015eirket, 2005 y\u0131l\u0131nda Southampton \u00dcniversitesi T\u0131p Fak\u00fcltesi&#8217;nde\u00a0kurulmu\u015ftur. M\u00fctevazi bir ba\u015flang\u0131\u00e7tan bu yana \u015firket, d\u00fcnya\u00a0genelinde 100&#8217;den fazla \u00fclkede binlerce m\u00fc\u015fterisi ve bu alanda\u00a0ola\u011fan\u00fcst\u00fc bir itibar\u0131 ile g\u00fc\u00e7lenerek geli\u015fmi\u015ftir. May\u0131s 2016&#8217;da ise\u00a0Primerdesign, Novacyt Group&#8217;un bir par\u00e7as\u0131 olmu\u015ftur. Primerdesign, ger\u00e7ek zamanl\u0131 PCR kitleri ve reaktiflerinin tasar\u0131m\u0131,\u00a0\u00fcretimi, do\u011frulanmas\u0131 ve [&hellip;]<\/p>\n","protected":false},"author":1,"featured_media":0,"parent":0,"menu_order":0,"comment_status":"closed","ping_status":"closed","template":"","meta":{"footnotes":""},"class_list":["post-16985","page","type-page","status-publish","hentry"],"yoast_head":"<!-- This site is optimized with the Yoast SEO plugin v27.2 - https:\/\/yoast.com\/product\/yoast-seo-wordpress\/ -->\n<title>Primerdesign - Krosgen<\/title>\n<meta name=\"robots\" content=\"index, follow, max-snippet:-1, max-image-preview:large, max-video-preview:-1\" \/>\n<link rel=\"canonical\" href=\"https:\/\/krosgen.com\/index.php\/primerdesign\/\" \/>\n<meta property=\"og:locale\" content=\"tr_TR\" \/>\n<meta property=\"og:type\" content=\"article\" \/>\n<meta property=\"og:title\" content=\"Primerdesign - Krosgen\" \/>\n<meta property=\"og:description\" content=\"Primerdesign, d\u00fcnyadaki en iyi \u00f6zel tasar\u0131ml\u0131 qPCR testi geli\u015ftirme firmas\u0131d\u0131r. \u015eirket, 2005 y\u0131l\u0131nda Southampton \u00dcniversitesi T\u0131p Fak\u00fcltesi&#8217;nde\u00a0kurulmu\u015ftur. M\u00fctevazi bir ba\u015flang\u0131\u00e7tan bu yana \u015firket, d\u00fcnya\u00a0genelinde 100&#8217;den fazla \u00fclkede binlerce m\u00fc\u015fterisi ve bu alanda\u00a0ola\u011fan\u00fcst\u00fc bir itibar\u0131 ile g\u00fc\u00e7lenerek geli\u015fmi\u015ftir. May\u0131s 2016&#8217;da ise\u00a0Primerdesign, Novacyt Group&#8217;un bir par\u00e7as\u0131 olmu\u015ftur. Primerdesign, ger\u00e7ek zamanl\u0131 PCR kitleri ve reaktiflerinin tasar\u0131m\u0131,\u00a0\u00fcretimi, do\u011frulanmas\u0131 ve [&hellip;]\" \/>\n<meta property=\"og:url\" content=\"https:\/\/krosgen.com\/index.php\/primerdesign\/\" \/>\n<meta property=\"og:site_name\" content=\"Krosgen\" \/>\n<meta property=\"article:modified_time\" content=\"2023-02-13T13:34:09+00:00\" \/>\n<meta property=\"og:image\" content=\"https:\/\/krosgen.com\/wp-content\/uploads\/2023\/02\/cOVID-PHOTO-2.jpeg\" \/>\n<meta name=\"twitter:card\" content=\"summary_large_image\" \/>\n<meta name=\"twitter:label1\" content=\"Tahmini okuma s\u00fcresi\" \/>\n\t<meta name=\"twitter:data1\" content=\"2 dakika\" \/>\n<script type=\"application\/ld+json\" class=\"yoast-schema-graph\">{\"@context\":\"https:\/\/schema.org\",\"@graph\":[{\"@type\":\"WebPage\",\"@id\":\"https:\/\/krosgen.com\/index.php\/primerdesign\/\",\"url\":\"https:\/\/krosgen.com\/index.php\/primerdesign\/\",\"name\":\"Primerdesign - Krosgen\",\"isPartOf\":{\"@id\":\"https:\/\/krosgen.com\/#website\"},\"primaryImageOfPage\":{\"@id\":\"https:\/\/krosgen.com\/index.php\/primerdesign\/#primaryimage\"},\"image\":{\"@id\":\"https:\/\/krosgen.com\/index.php\/primerdesign\/#primaryimage\"},\"thumbnailUrl\":\"https:\/\/krosgen.com\/wp-content\/uploads\/2023\/02\/cOVID-PHOTO-2.jpeg\",\"datePublished\":\"2023-02-13T12:21:49+00:00\",\"dateModified\":\"2023-02-13T13:34:09+00:00\",\"breadcrumb\":{\"@id\":\"https:\/\/krosgen.com\/index.php\/primerdesign\/#breadcrumb\"},\"inLanguage\":\"tr\",\"potentialAction\":[{\"@type\":\"ReadAction\",\"target\":[\"https:\/\/krosgen.com\/index.php\/primerdesign\/\"]}]},{\"@type\":\"ImageObject\",\"inLanguage\":\"tr\",\"@id\":\"https:\/\/krosgen.com\/index.php\/primerdesign\/#primaryimage\",\"url\":\"https:\/\/krosgen.com\/wp-content\/uploads\/2023\/02\/cOVID-PHOTO-2.jpeg\",\"contentUrl\":\"https:\/\/krosgen.com\/wp-content\/uploads\/2023\/02\/cOVID-PHOTO-2.jpeg\",\"width\":671,\"height\":896},{\"@type\":\"BreadcrumbList\",\"@id\":\"https:\/\/krosgen.com\/index.php\/primerdesign\/#breadcrumb\",\"itemListElement\":[{\"@type\":\"ListItem\",\"position\":1,\"name\":\"Home\",\"item\":\"https:\/\/krosgen.com\/\"},{\"@type\":\"ListItem\",\"position\":2,\"name\":\"Primerdesign\"}]},{\"@type\":\"WebSite\",\"@id\":\"https:\/\/krosgen.com\/#website\",\"url\":\"https:\/\/krosgen.com\/\",\"name\":\"Krosgen\",\"description\":\"Krosgen Biotechnology\",\"publisher\":{\"@id\":\"https:\/\/krosgen.com\/#organization\"},\"potentialAction\":[{\"@type\":\"SearchAction\",\"target\":{\"@type\":\"EntryPoint\",\"urlTemplate\":\"https:\/\/krosgen.com\/?s={search_term_string}\"},\"query-input\":{\"@type\":\"PropertyValueSpecification\",\"valueRequired\":true,\"valueName\":\"search_term_string\"}}],\"inLanguage\":\"tr\"},{\"@type\":\"Organization\",\"@id\":\"https:\/\/krosgen.com\/#organization\",\"name\":\"Krosgen Biotechnology\",\"url\":\"https:\/\/krosgen.com\/\",\"logo\":{\"@type\":\"ImageObject\",\"inLanguage\":\"tr\",\"@id\":\"https:\/\/krosgen.com\/#\/schema\/logo\/image\/\",\"url\":\"https:\/\/krosgen.com\/wp-content\/uploads\/2022\/05\/KROSGEN-LOGO_001.png\",\"contentUrl\":\"https:\/\/krosgen.com\/wp-content\/uploads\/2022\/05\/KROSGEN-LOGO_001.png\",\"width\":7016,\"height\":1700,\"caption\":\"Krosgen Biotechnology\"},\"image\":{\"@id\":\"https:\/\/krosgen.com\/#\/schema\/logo\/image\/\"},\"sameAs\":[\"https:\/\/www.linkedin.com\/company\/krosgen\"]}]}<\/script>\n<!-- \/ Yoast SEO plugin. -->","yoast_head_json":{"title":"Primerdesign - Krosgen","robots":{"index":"index","follow":"follow","max-snippet":"max-snippet:-1","max-image-preview":"max-image-preview:large","max-video-preview":"max-video-preview:-1"},"canonical":"https:\/\/krosgen.com\/index.php\/primerdesign\/","og_locale":"tr_TR","og_type":"article","og_title":"Primerdesign - Krosgen","og_description":"Primerdesign, d\u00fcnyadaki en iyi \u00f6zel tasar\u0131ml\u0131 qPCR testi geli\u015ftirme firmas\u0131d\u0131r. \u015eirket, 2005 y\u0131l\u0131nda Southampton \u00dcniversitesi T\u0131p Fak\u00fcltesi&#8217;nde\u00a0kurulmu\u015ftur. M\u00fctevazi bir ba\u015flang\u0131\u00e7tan bu yana \u015firket, d\u00fcnya\u00a0genelinde 100&#8217;den fazla \u00fclkede binlerce m\u00fc\u015fterisi ve bu alanda\u00a0ola\u011fan\u00fcst\u00fc bir itibar\u0131 ile g\u00fc\u00e7lenerek geli\u015fmi\u015ftir. May\u0131s 2016&#8217;da ise\u00a0Primerdesign, Novacyt Group&#8217;un bir par\u00e7as\u0131 olmu\u015ftur. Primerdesign, ger\u00e7ek zamanl\u0131 PCR kitleri ve reaktiflerinin tasar\u0131m\u0131,\u00a0\u00fcretimi, do\u011frulanmas\u0131 ve [&hellip;]","og_url":"https:\/\/krosgen.com\/index.php\/primerdesign\/","og_site_name":"Krosgen","article_modified_time":"2023-02-13T13:34:09+00:00","og_image":[{"url":"https:\/\/krosgen.com\/wp-content\/uploads\/2023\/02\/cOVID-PHOTO-2.jpeg","type":"","width":"","height":""}],"twitter_card":"summary_large_image","twitter_misc":{"Tahmini okuma s\u00fcresi":"2 dakika"},"schema":{"@context":"https:\/\/schema.org","@graph":[{"@type":"WebPage","@id":"https:\/\/krosgen.com\/index.php\/primerdesign\/","url":"https:\/\/krosgen.com\/index.php\/primerdesign\/","name":"Primerdesign - Krosgen","isPartOf":{"@id":"https:\/\/krosgen.com\/#website"},"primaryImageOfPage":{"@id":"https:\/\/krosgen.com\/index.php\/primerdesign\/#primaryimage"},"image":{"@id":"https:\/\/krosgen.com\/index.php\/primerdesign\/#primaryimage"},"thumbnailUrl":"https:\/\/krosgen.com\/wp-content\/uploads\/2023\/02\/cOVID-PHOTO-2.jpeg","datePublished":"2023-02-13T12:21:49+00:00","dateModified":"2023-02-13T13:34:09+00:00","breadcrumb":{"@id":"https:\/\/krosgen.com\/index.php\/primerdesign\/#breadcrumb"},"inLanguage":"tr","potentialAction":[{"@type":"ReadAction","target":["https:\/\/krosgen.com\/index.php\/primerdesign\/"]}]},{"@type":"ImageObject","inLanguage":"tr","@id":"https:\/\/krosgen.com\/index.php\/primerdesign\/#primaryimage","url":"https:\/\/krosgen.com\/wp-content\/uploads\/2023\/02\/cOVID-PHOTO-2.jpeg","contentUrl":"https:\/\/krosgen.com\/wp-content\/uploads\/2023\/02\/cOVID-PHOTO-2.jpeg","width":671,"height":896},{"@type":"BreadcrumbList","@id":"https:\/\/krosgen.com\/index.php\/primerdesign\/#breadcrumb","itemListElement":[{"@type":"ListItem","position":1,"name":"Home","item":"https:\/\/krosgen.com\/"},{"@type":"ListItem","position":2,"name":"Primerdesign"}]},{"@type":"WebSite","@id":"https:\/\/krosgen.com\/#website","url":"https:\/\/krosgen.com\/","name":"Krosgen","description":"Krosgen Biotechnology","publisher":{"@id":"https:\/\/krosgen.com\/#organization"},"potentialAction":[{"@type":"SearchAction","target":{"@type":"EntryPoint","urlTemplate":"https:\/\/krosgen.com\/?s={search_term_string}"},"query-input":{"@type":"PropertyValueSpecification","valueRequired":true,"valueName":"search_term_string"}}],"inLanguage":"tr"},{"@type":"Organization","@id":"https:\/\/krosgen.com\/#organization","name":"Krosgen Biotechnology","url":"https:\/\/krosgen.com\/","logo":{"@type":"ImageObject","inLanguage":"tr","@id":"https:\/\/krosgen.com\/#\/schema\/logo\/image\/","url":"https:\/\/krosgen.com\/wp-content\/uploads\/2022\/05\/KROSGEN-LOGO_001.png","contentUrl":"https:\/\/krosgen.com\/wp-content\/uploads\/2022\/05\/KROSGEN-LOGO_001.png","width":7016,"height":1700,"caption":"Krosgen Biotechnology"},"image":{"@id":"https:\/\/krosgen.com\/#\/schema\/logo\/image\/"},"sameAs":["https:\/\/www.linkedin.com\/company\/krosgen"]}]}},"jetpack_sharing_enabled":true,"_links":{"self":[{"href":"https:\/\/krosgen.com\/index.php\/wp-json\/wp\/v2\/pages\/16985","targetHints":{"allow":["GET"]}}],"collection":[{"href":"https:\/\/krosgen.com\/index.php\/wp-json\/wp\/v2\/pages"}],"about":[{"href":"https:\/\/krosgen.com\/index.php\/wp-json\/wp\/v2\/types\/page"}],"author":[{"embeddable":true,"href":"https:\/\/krosgen.com\/index.php\/wp-json\/wp\/v2\/users\/1"}],"replies":[{"embeddable":true,"href":"https:\/\/krosgen.com\/index.php\/wp-json\/wp\/v2\/comments?post=16985"}],"version-history":[{"count":10,"href":"https:\/\/krosgen.com\/index.php\/wp-json\/wp\/v2\/pages\/16985\/revisions"}],"predecessor-version":[{"id":17020,"href":"https:\/\/krosgen.com\/index.php\/wp-json\/wp\/v2\/pages\/16985\/revisions\/17020"}],"wp:attachment":[{"href":"https:\/\/krosgen.com\/index.php\/wp-json\/wp\/v2\/media?parent=16985"}],"curies":[{"name":"wp","href":"https:\/\/api.w.org\/{rel}","templated":true}]}}