{"id":17076,"date":"2023-02-13T17:29:03","date_gmt":"2023-02-13T14:29:03","guid":{"rendered":"https:\/\/krosgen.com\/?page_id=17076"},"modified":"2024-09-06T11:01:01","modified_gmt":"2024-09-06T08:01:01","slug":"neoscience","status":"publish","type":"page","link":"https:\/\/krosgen.com\/index.php\/neoscience\/","title":{"rendered":"Neoscience"},"content":{"rendered":"\t\t<div data-elementor-type=\"wp-page\" data-elementor-id=\"17076\" class=\"elementor elementor-17076\">\n\t\t\t\t\t\t<section class=\"elementor-section elementor-top-section elementor-element elementor-element-af59cbd elementor-section-boxed elementor-section-height-default elementor-section-height-default qodef-elementor-content-no\" data-id=\"af59cbd\" data-element_type=\"section\" data-e-type=\"section\">\n\t\t\t\t\t\t<div class=\"elementor-container elementor-column-gap-default\">\n\t\t\t\t\t<div class=\"elementor-column elementor-col-100 elementor-top-column elementor-element elementor-element-7952f0b\" data-id=\"7952f0b\" data-element_type=\"column\" data-e-type=\"column\">\n\t\t\t<div class=\"elementor-widget-wrap elementor-element-populated\">\n\t\t\t\t\t\t<div class=\"elementor-element elementor-element-64c3036 elementor-widget elementor-widget-slider_revolution\" data-id=\"64c3036\" data-element_type=\"widget\" data-e-type=\"widget\" data-widget_type=\"slider_revolution.default\">\n\t\t\t\t<div class=\"elementor-widget-container\">\n\t\t\t\t\t\n\t\t<div class=\"wp-block-themepunch-revslider\">\n\t\t\t<!-- START 25neoscience REVOLUTION SLIDER 6.5.9 --><p class=\"rs-p-wp-fix\"><\/p>\n\t\t\t<rs-module-wrap id=\"rev_slider_47_1_wrapper\" data-source=\"gallery\" style=\"visibility:hidden;background:#f5f5f5;padding:0;margin:0px auto;margin-top:0;margin-bottom:0;\">\n\t\t\t\t<rs-module id=\"rev_slider_47_1\" style=\"\" data-version=\"6.5.9\">\n\t\t\t\t\t<rs-slides>\n\t\t\t\t\t\t<rs-slide style=\"position: absolute;\" data-key=\"rs-117\" data-title=\"1\" data-thumb=\"\/\/krosgen.com\/wp-content\/uploads\/2023\/10\/neoscience-fluor2.png\" data-in=\"o:0;\" data-out=\"a:false;\">\n\t\t\t\t\t\t\t<img fetchpriority=\"high\" decoding=\"async\" src=\"\/\/krosgen.com\/wp-content\/plugins\/revslider\/public\/assets\/assets\/dummy.png\" title=\"neoscience-fluor2\" width=\"1520\" height=\"880\" class=\"rev-slidebg tp-rs-img rs-lazyload\" data-lazyload=\"\/\/krosgen.com\/wp-content\/uploads\/2023\/10\/neoscience-fluor2.png\" data-panzoom=\"d:10000;ss:100%;se:120%;oe:0px\/50px;\" data-no-retina>\n<!--\n\t\t\t\t\t\t\t--><rs-layer\n\t\t\t\t\t\t\t\tid=\"slider-47-slide-117-layer-1\" \n\t\t\t\t\t\t\t\tdata-type=\"text\"\n\t\t\t\t\t\t\t\tdata-color=\"#000000\"\n\t\t\t\t\t\t\t\tdata-xy=\"xo:-1px,-4px,0,0;y:m;yo:214px,-97px,-95px,70px;\"\n\t\t\t\t\t\t\t\tdata-text=\"w:normal;s:35,35,35,30;l:30,30,30,40;ls:1px;fw:400,400,400,500;\"\n\t\t\t\t\t\t\t\tdata-dim=\"w:auto,auto,569px,275px;\"\n\t\t\t\t\t\t\t\tdata-rsp_o=\"off\"\n\t\t\t\t\t\t\t\tdata-rsp_bd=\"off\"\n\t\t\t\t\t\t\t\tdata-frame_0=\"x:34px;\"\n\t\t\t\t\t\t\t\tdata-frame_1=\"sp:700;\"\n\t\t\t\t\t\t\t\tdata-frame_999=\"o:0;st:w;\"\n\t\t\t\t\t\t\t\tstyle=\"z-index:8;font-family:'Raleway';\"\n\t\t\t\t\t\t\t>Neoscience \n\t\t\t\t\t\t\t<\/rs-layer><!--\n-->\t\t\t\t\t\t<\/rs-slide>\n\t\t\t\t\t\t<rs-slide style=\"position: absolute;\" data-key=\"rs-118\" data-title=\"2\" data-thumb=\"\/\/krosgen.com\/wp-content\/uploads\/2023\/10\/neoscience-lumi2.png\" data-in=\"o:0;\" data-out=\"a:false;\">\n\t\t\t\t\t\t\t<img decoding=\"async\" src=\"\/\/krosgen.com\/wp-content\/plugins\/revslider\/public\/assets\/assets\/dummy.png\" title=\"neoscience-lumi2\" width=\"1520\" height=\"880\" class=\"rev-slidebg tp-rs-img rs-lazyload\" data-lazyload=\"\/\/krosgen.com\/wp-content\/uploads\/2023\/10\/neoscience-lumi2.png\" data-panzoom=\"d:10000;ss:100%;se:120%;oe:0px\/50px;\" data-no-retina>\n<!---->\t\t\t\t\t\t<\/rs-slide>\n\t\t\t\t\t<\/rs-slides>\n\t\t\t\t<\/rs-module>\n\t\t\t\t<script type=\"text\/javascript\">\n\t\t\t\t\tsetREVStartSize({c: 'rev_slider_47_1',rl:[1240,1024,778,480],el:[700,540,800,570],gw:[1400,1100,660,300],gh:[700,540,800,570],type:'standard',justify:'',layout:'fullwidth',mh:\"0\"});if (window.RS_MODULES!==undefined && window.RS_MODULES.modules!==undefined && window.RS_MODULES.modules[\"revslider471\"]!==undefined) {window.RS_MODULES.modules[\"revslider471\"].once = false;window.revapi47 = undefined;if (window.RS_MODULES.checkMinimal!==undefined) window.RS_MODULES.checkMinimal()}\n\t\t\t\t<\/script>\n\t\t\t<\/rs-module-wrap>\n\t\t\t<!-- END REVOLUTION SLIDER -->\n<\/div>\n\n\t\t\t\t\t\t<\/div>\n\t\t\t\t<\/div>\n\t\t\t\t\t<\/div>\n\t\t<\/div>\n\t\t\t\t\t<\/div>\n\t\t<\/section>\n\t\t\t\t<section class=\"elementor-section elementor-top-section elementor-element elementor-element-2c4fcb1 elementor-section-boxed elementor-section-height-default elementor-section-height-default qodef-elementor-content-no\" data-id=\"2c4fcb1\" data-element_type=\"section\" data-e-type=\"section\">\n\t\t\t\t\t\t<div class=\"elementor-container elementor-column-gap-default\">\n\t\t\t\t\t<div class=\"elementor-column elementor-col-100 elementor-top-column elementor-element elementor-element-123efbf\" data-id=\"123efbf\" data-element_type=\"column\" data-e-type=\"column\">\n\t\t\t<div class=\"elementor-widget-wrap elementor-element-populated\">\n\t\t\t\t\t\t<div class=\"elementor-element elementor-element-27acd83 elementor-widget elementor-widget-text-editor\" data-id=\"27acd83\" data-element_type=\"widget\" data-e-type=\"widget\" data-widget_type=\"text-editor.default\">\n\t\t\t\t<div class=\"elementor-widget-container\">\n\t\t\t\t\t\t\t\t\t<p><span style=\"background-color: #ffffff; font-weight: bolder; color: var( --e-global-color-text ); font-family: var( --e-global-typography-text-font-family ), Sans-serif;\">Neoscience<\/span><strong>, g\u00f6r\u00fcnt\u00fcleme yaz\u0131l\u0131mlar\u0131 ve donan\u0131mlar\u0131n\u0131 yapan <\/strong><strong>evrensel bir firmad\u0131r.<\/strong><\/p><p><strong>Neoscience, canl\u0131 bir \u015fekilde terap\u00f6tik ve pediatrik ila\u00e7 izleme <\/strong><strong>i\u00e7in hem yaz\u0131l\u0131mlar\u0131 hem de donan\u0131mlar\u0131 geli\u015ftirmektedir.<\/strong><\/p><p><strong>\u00a0<\/strong><\/p><ul><li><strong>Fluoresan In Vivo G\u00f6r\u00fcnt\u00fcleme Sistemi (Fluor-i <em>in vivo<\/em>)<\/strong><\/li><li><strong>L\u00fcminesans In Vivo G\u00f6r\u00fcnt\u00fcleme Sistemi (Lumi-i <em>in vivo<\/em>)<\/strong><\/li><li><span style=\"font-weight: bold;\">DNA Jel G\u00f6r\u00fcnt\u00fcleme Sistemleri (Fluor-i Gel)<\/span><\/li><li><strong>Western Blot G\u00f6r\u00fcnt\u00fcleme Sistemleri (Lumi-i Western)<\/strong><\/li><\/ul>\t\t\t\t\t\t\t\t<\/div>\n\t\t\t\t<\/div>\n\t\t\t\t<div class=\"elementor-element elementor-element-31a0393 qodef-standard-images-on-top--no elementor-widget elementor-widget-qi_addons_for_elementor_interactive_link_showcase\" data-id=\"31a0393\" data-element_type=\"widget\" data-e-type=\"widget\" data-widget_type=\"qi_addons_for_elementor_interactive_link_showcase.default\">\n\t\t\t\t<div class=\"elementor-widget-container\">\n\t\t\t\t\t<div class=\"qodef-shortcode qodef-m qodef-qi-interactive-link-showcase qodef-layout--standard qodef-hover--underline\">\n\t<div class=\"qodef-m-items\">\n\t\t<a itemprop=\"url\" class=\"qodef-m-item qodef-e\" href=\"https:\/\/www.invivoimage.net\/\" target=\"_blank\">\n\t<span class=\"qodef-e-title\"><span class=\"qodef-e-inner-title\">Neoscience \u00fcr\u00fcnlerini incelemek i\u00e7in t\u0131klay\u0131n<\/span><\/span>\n\t<\/a>\n\t<\/div>\n\t<div class=\"qodef-m-images\">\n\t\t<div class=\"qodef-e-image qodef-position--left elementor-repeater-item-7c055c4\">\n\t<img decoding=\"async\" width=\"583\" height=\"250\" src=\"https:\/\/krosgen.com\/wp-content\/uploads\/2023\/10\/neoscience-thumb2.png\" class=\"attachment-full size-full\" alt=\"\" \/><\/div>\n\t<\/div>\n<\/div>\n\t\t\t\t<\/div>\n\t\t\t\t<\/div>\n\t\t\t\t\t<\/div>\n\t\t<\/div>\n\t\t\t\t\t<\/div>\n\t\t<\/section>\n\t\t\t\t<\/div>\n\t\t","protected":false},"excerpt":{"rendered":"<p>Neoscience, g\u00f6r\u00fcnt\u00fcleme yaz\u0131l\u0131mlar\u0131 ve donan\u0131mlar\u0131n\u0131 yapan evrensel bir firmad\u0131r. Neoscience, canl\u0131 bir \u015fekilde terap\u00f6tik ve pediatrik ila\u00e7 izleme i\u00e7in hem yaz\u0131l\u0131mlar\u0131 hem de donan\u0131mlar\u0131 geli\u015ftirmektedir. \u00a0 Fluoresan In Vivo G\u00f6r\u00fcnt\u00fcleme Sistemi (Fluor-i in vivo) L\u00fcminesans In Vivo G\u00f6r\u00fcnt\u00fcleme Sistemi (Lumi-i in vivo) DNA Jel G\u00f6r\u00fcnt\u00fcleme Sistemleri (Fluor-i Gel) Western Blot G\u00f6r\u00fcnt\u00fcleme Sistemleri (Lumi-i Western) Neoscience [&hellip;]<\/p>\n","protected":false},"author":1,"featured_media":0,"parent":0,"menu_order":0,"comment_status":"closed","ping_status":"closed","template":"","meta":{"footnotes":""},"class_list":["post-17076","page","type-page","status-publish","hentry"],"yoast_head":"<!-- This site is optimized with the Yoast SEO plugin v27.2 - https:\/\/yoast.com\/product\/yoast-seo-wordpress\/ -->\n<title>Neoscience - Krosgen<\/title>\n<meta name=\"robots\" content=\"index, follow, max-snippet:-1, max-image-preview:large, max-video-preview:-1\" \/>\n<link rel=\"canonical\" href=\"https:\/\/krosgen.com\/index.php\/neoscience\/\" \/>\n<meta property=\"og:locale\" content=\"tr_TR\" \/>\n<meta property=\"og:type\" content=\"article\" \/>\n<meta property=\"og:title\" content=\"Neoscience - Krosgen\" \/>\n<meta property=\"og:description\" content=\"Neoscience, g\u00f6r\u00fcnt\u00fcleme yaz\u0131l\u0131mlar\u0131 ve donan\u0131mlar\u0131n\u0131 yapan evrensel bir firmad\u0131r. Neoscience, canl\u0131 bir \u015fekilde terap\u00f6tik ve pediatrik ila\u00e7 izleme i\u00e7in hem yaz\u0131l\u0131mlar\u0131 hem de donan\u0131mlar\u0131 geli\u015ftirmektedir. \u00a0 Fluoresan In Vivo G\u00f6r\u00fcnt\u00fcleme Sistemi (Fluor-i in vivo) L\u00fcminesans In Vivo G\u00f6r\u00fcnt\u00fcleme Sistemi (Lumi-i in vivo) DNA Jel G\u00f6r\u00fcnt\u00fcleme Sistemleri (Fluor-i Gel) Western Blot G\u00f6r\u00fcnt\u00fcleme Sistemleri (Lumi-i Western) Neoscience [&hellip;]\" \/>\n<meta property=\"og:url\" content=\"https:\/\/krosgen.com\/index.php\/neoscience\/\" \/>\n<meta property=\"og:site_name\" content=\"Krosgen\" \/>\n<meta property=\"article:modified_time\" content=\"2024-09-06T08:01:01+00:00\" \/>\n<meta property=\"og:image\" content=\"https:\/\/krosgen.com\/wp-content\/uploads\/2023\/10\/neoscience-thumb2.png\" \/>\n<meta name=\"twitter:card\" content=\"summary_large_image\" \/>\n<meta name=\"twitter:label1\" content=\"Tahmini okuma s\u00fcresi\" \/>\n\t<meta name=\"twitter:data1\" content=\"1 dakika\" \/>\n<script type=\"application\/ld+json\" class=\"yoast-schema-graph\">{\"@context\":\"https:\/\/schema.org\",\"@graph\":[{\"@type\":\"WebPage\",\"@id\":\"https:\/\/krosgen.com\/index.php\/neoscience\/\",\"url\":\"https:\/\/krosgen.com\/index.php\/neoscience\/\",\"name\":\"Neoscience - Krosgen\",\"isPartOf\":{\"@id\":\"https:\/\/krosgen.com\/#website\"},\"primaryImageOfPage\":{\"@id\":\"https:\/\/krosgen.com\/index.php\/neoscience\/#primaryimage\"},\"image\":{\"@id\":\"https:\/\/krosgen.com\/index.php\/neoscience\/#primaryimage\"},\"thumbnailUrl\":\"https:\/\/krosgen.com\/wp-content\/uploads\/2023\/10\/neoscience-thumb2.png\",\"datePublished\":\"2023-02-13T14:29:03+00:00\",\"dateModified\":\"2024-09-06T08:01:01+00:00\",\"breadcrumb\":{\"@id\":\"https:\/\/krosgen.com\/index.php\/neoscience\/#breadcrumb\"},\"inLanguage\":\"tr\",\"potentialAction\":[{\"@type\":\"ReadAction\",\"target\":[\"https:\/\/krosgen.com\/index.php\/neoscience\/\"]}]},{\"@type\":\"ImageObject\",\"inLanguage\":\"tr\",\"@id\":\"https:\/\/krosgen.com\/index.php\/neoscience\/#primaryimage\",\"url\":\"https:\/\/krosgen.com\/wp-content\/uploads\/2023\/10\/neoscience-thumb2.png\",\"contentUrl\":\"https:\/\/krosgen.com\/wp-content\/uploads\/2023\/10\/neoscience-thumb2.png\",\"width\":583,\"height\":250},{\"@type\":\"BreadcrumbList\",\"@id\":\"https:\/\/krosgen.com\/index.php\/neoscience\/#breadcrumb\",\"itemListElement\":[{\"@type\":\"ListItem\",\"position\":1,\"name\":\"Home\",\"item\":\"https:\/\/krosgen.com\/\"},{\"@type\":\"ListItem\",\"position\":2,\"name\":\"Neoscience\"}]},{\"@type\":\"WebSite\",\"@id\":\"https:\/\/krosgen.com\/#website\",\"url\":\"https:\/\/krosgen.com\/\",\"name\":\"Krosgen\",\"description\":\"Krosgen Biotechnology\",\"publisher\":{\"@id\":\"https:\/\/krosgen.com\/#organization\"},\"potentialAction\":[{\"@type\":\"SearchAction\",\"target\":{\"@type\":\"EntryPoint\",\"urlTemplate\":\"https:\/\/krosgen.com\/?s={search_term_string}\"},\"query-input\":{\"@type\":\"PropertyValueSpecification\",\"valueRequired\":true,\"valueName\":\"search_term_string\"}}],\"inLanguage\":\"tr\"},{\"@type\":\"Organization\",\"@id\":\"https:\/\/krosgen.com\/#organization\",\"name\":\"Krosgen Biotechnology\",\"url\":\"https:\/\/krosgen.com\/\",\"logo\":{\"@type\":\"ImageObject\",\"inLanguage\":\"tr\",\"@id\":\"https:\/\/krosgen.com\/#\/schema\/logo\/image\/\",\"url\":\"https:\/\/krosgen.com\/wp-content\/uploads\/2022\/05\/KROSGEN-LOGO_001.png\",\"contentUrl\":\"https:\/\/krosgen.com\/wp-content\/uploads\/2022\/05\/KROSGEN-LOGO_001.png\",\"width\":7016,\"height\":1700,\"caption\":\"Krosgen Biotechnology\"},\"image\":{\"@id\":\"https:\/\/krosgen.com\/#\/schema\/logo\/image\/\"},\"sameAs\":[\"https:\/\/www.linkedin.com\/company\/krosgen\"]}]}<\/script>\n<!-- \/ Yoast SEO plugin. -->","yoast_head_json":{"title":"Neoscience - Krosgen","robots":{"index":"index","follow":"follow","max-snippet":"max-snippet:-1","max-image-preview":"max-image-preview:large","max-video-preview":"max-video-preview:-1"},"canonical":"https:\/\/krosgen.com\/index.php\/neoscience\/","og_locale":"tr_TR","og_type":"article","og_title":"Neoscience - Krosgen","og_description":"Neoscience, g\u00f6r\u00fcnt\u00fcleme yaz\u0131l\u0131mlar\u0131 ve donan\u0131mlar\u0131n\u0131 yapan evrensel bir firmad\u0131r. Neoscience, canl\u0131 bir \u015fekilde terap\u00f6tik ve pediatrik ila\u00e7 izleme i\u00e7in hem yaz\u0131l\u0131mlar\u0131 hem de donan\u0131mlar\u0131 geli\u015ftirmektedir. \u00a0 Fluoresan In Vivo G\u00f6r\u00fcnt\u00fcleme Sistemi (Fluor-i in vivo) L\u00fcminesans In Vivo G\u00f6r\u00fcnt\u00fcleme Sistemi (Lumi-i in vivo) DNA Jel G\u00f6r\u00fcnt\u00fcleme Sistemleri (Fluor-i Gel) Western Blot G\u00f6r\u00fcnt\u00fcleme Sistemleri (Lumi-i Western) Neoscience [&hellip;]","og_url":"https:\/\/krosgen.com\/index.php\/neoscience\/","og_site_name":"Krosgen","article_modified_time":"2024-09-06T08:01:01+00:00","og_image":[{"url":"https:\/\/krosgen.com\/wp-content\/uploads\/2023\/10\/neoscience-thumb2.png","type":"","width":"","height":""}],"twitter_card":"summary_large_image","twitter_misc":{"Tahmini okuma s\u00fcresi":"1 dakika"},"schema":{"@context":"https:\/\/schema.org","@graph":[{"@type":"WebPage","@id":"https:\/\/krosgen.com\/index.php\/neoscience\/","url":"https:\/\/krosgen.com\/index.php\/neoscience\/","name":"Neoscience - Krosgen","isPartOf":{"@id":"https:\/\/krosgen.com\/#website"},"primaryImageOfPage":{"@id":"https:\/\/krosgen.com\/index.php\/neoscience\/#primaryimage"},"image":{"@id":"https:\/\/krosgen.com\/index.php\/neoscience\/#primaryimage"},"thumbnailUrl":"https:\/\/krosgen.com\/wp-content\/uploads\/2023\/10\/neoscience-thumb2.png","datePublished":"2023-02-13T14:29:03+00:00","dateModified":"2024-09-06T08:01:01+00:00","breadcrumb":{"@id":"https:\/\/krosgen.com\/index.php\/neoscience\/#breadcrumb"},"inLanguage":"tr","potentialAction":[{"@type":"ReadAction","target":["https:\/\/krosgen.com\/index.php\/neoscience\/"]}]},{"@type":"ImageObject","inLanguage":"tr","@id":"https:\/\/krosgen.com\/index.php\/neoscience\/#primaryimage","url":"https:\/\/krosgen.com\/wp-content\/uploads\/2023\/10\/neoscience-thumb2.png","contentUrl":"https:\/\/krosgen.com\/wp-content\/uploads\/2023\/10\/neoscience-thumb2.png","width":583,"height":250},{"@type":"BreadcrumbList","@id":"https:\/\/krosgen.com\/index.php\/neoscience\/#breadcrumb","itemListElement":[{"@type":"ListItem","position":1,"name":"Home","item":"https:\/\/krosgen.com\/"},{"@type":"ListItem","position":2,"name":"Neoscience"}]},{"@type":"WebSite","@id":"https:\/\/krosgen.com\/#website","url":"https:\/\/krosgen.com\/","name":"Krosgen","description":"Krosgen Biotechnology","publisher":{"@id":"https:\/\/krosgen.com\/#organization"},"potentialAction":[{"@type":"SearchAction","target":{"@type":"EntryPoint","urlTemplate":"https:\/\/krosgen.com\/?s={search_term_string}"},"query-input":{"@type":"PropertyValueSpecification","valueRequired":true,"valueName":"search_term_string"}}],"inLanguage":"tr"},{"@type":"Organization","@id":"https:\/\/krosgen.com\/#organization","name":"Krosgen Biotechnology","url":"https:\/\/krosgen.com\/","logo":{"@type":"ImageObject","inLanguage":"tr","@id":"https:\/\/krosgen.com\/#\/schema\/logo\/image\/","url":"https:\/\/krosgen.com\/wp-content\/uploads\/2022\/05\/KROSGEN-LOGO_001.png","contentUrl":"https:\/\/krosgen.com\/wp-content\/uploads\/2022\/05\/KROSGEN-LOGO_001.png","width":7016,"height":1700,"caption":"Krosgen Biotechnology"},"image":{"@id":"https:\/\/krosgen.com\/#\/schema\/logo\/image\/"},"sameAs":["https:\/\/www.linkedin.com\/company\/krosgen"]}]}},"jetpack_sharing_enabled":true,"_links":{"self":[{"href":"https:\/\/krosgen.com\/index.php\/wp-json\/wp\/v2\/pages\/17076","targetHints":{"allow":["GET"]}}],"collection":[{"href":"https:\/\/krosgen.com\/index.php\/wp-json\/wp\/v2\/pages"}],"about":[{"href":"https:\/\/krosgen.com\/index.php\/wp-json\/wp\/v2\/types\/page"}],"author":[{"embeddable":true,"href":"https:\/\/krosgen.com\/index.php\/wp-json\/wp\/v2\/users\/1"}],"replies":[{"embeddable":true,"href":"https:\/\/krosgen.com\/index.php\/wp-json\/wp\/v2\/comments?post=17076"}],"version-history":[{"count":38,"href":"https:\/\/krosgen.com\/index.php\/wp-json\/wp\/v2\/pages\/17076\/revisions"}],"predecessor-version":[{"id":18530,"href":"https:\/\/krosgen.com\/index.php\/wp-json\/wp\/v2\/pages\/17076\/revisions\/18530"}],"wp:attachment":[{"href":"https:\/\/krosgen.com\/index.php\/wp-json\/wp\/v2\/media?parent=17076"}],"curies":[{"name":"wp","href":"https:\/\/api.w.org\/{rel}","templated":true}]}}