{"id":17124,"date":"2023-02-23T15:36:21","date_gmt":"2023-02-23T12:36:21","guid":{"rendered":"https:\/\/krosgen.com\/?page_id=17124"},"modified":"2023-02-23T16:08:32","modified_gmt":"2023-02-23T13:08:32","slug":"transgen","status":"publish","type":"page","link":"https:\/\/krosgen.com\/index.php\/transgen\/","title":{"rendered":"TransGen"},"content":{"rendered":"\t\t<div data-elementor-type=\"wp-page\" data-elementor-id=\"17124\" class=\"elementor elementor-17124\">\n\t\t\t\t\t\t<section class=\"elementor-section elementor-top-section elementor-element elementor-element-637b5f1 elementor-section-boxed elementor-section-height-default elementor-section-height-default qodef-elementor-content-no\" data-id=\"637b5f1\" data-element_type=\"section\" data-e-type=\"section\">\n\t\t\t\t\t\t<div class=\"elementor-container elementor-column-gap-default\">\n\t\t\t\t\t<div class=\"elementor-column elementor-col-100 elementor-top-column elementor-element elementor-element-a3082eb\" data-id=\"a3082eb\" data-element_type=\"column\" data-e-type=\"column\">\n\t\t\t<div class=\"elementor-widget-wrap elementor-element-populated\">\n\t\t\t\t\t\t<div class=\"elementor-element elementor-element-19e5477 elementor-widget elementor-widget-slider_revolution\" data-id=\"19e5477\" data-element_type=\"widget\" data-e-type=\"widget\" data-widget_type=\"slider_revolution.default\">\n\t\t\t\t<div class=\"elementor-widget-container\">\n\t\t\t\t\t\n\t\t<div class=\"wp-block-themepunch-revslider\">\n\t\t\t<!-- START 26transgen REVOLUTION SLIDER 6.5.9 --><p class=\"rs-p-wp-fix\"><\/p>\n\t\t\t<rs-module-wrap id=\"rev_slider_48_1_wrapper\" data-source=\"gallery\" style=\"visibility:hidden;background:#f5f5f5;padding:0;margin:0px auto;margin-top:0;margin-bottom:0;\">\n\t\t\t\t<rs-module id=\"rev_slider_48_1\" style=\"\" data-version=\"6.5.9\">\n\t\t\t\t\t<rs-slides>\n\t\t\t\t\t\t<rs-slide style=\"position: absolute;\" data-key=\"rs-126\" data-title=\"1\" data-thumb=\"\/\/krosgen.com\/wp-content\/uploads\/2023\/02\/AP111-04.jpg\" data-in=\"o:0;\" data-out=\"a:false;\">\n\t\t\t\t\t\t\t<img fetchpriority=\"high\" decoding=\"async\" src=\"\/\/krosgen.com\/wp-content\/plugins\/revslider\/public\/assets\/assets\/dummy.png\" title=\"AP111-04\" width=\"1280\" height=\"850\" class=\"rev-slidebg tp-rs-img rs-lazyload\" data-lazyload=\"\/\/krosgen.com\/wp-content\/uploads\/2023\/02\/AP111-04.jpg\" data-bg=\"p:center bottom;\" data-panzoom=\"d:10000;ss:100%;se:110%;oe:0px\/50px;\" data-no-retina>\n<!--\n\t\t\t\t\t\t\t--><rs-layer\n\t\t\t\t\t\t\t\tid=\"slider-48-slide-126-layer-1\" \n\t\t\t\t\t\t\t\tdata-type=\"text\"\n\t\t\t\t\t\t\t\tdata-color=\"#000000\"\n\t\t\t\t\t\t\t\tdata-xy=\"xo:0,-4px,0,0;y:m;yo:214px,-97px,-95px,70px;\"\n\t\t\t\t\t\t\t\tdata-text=\"w:normal;s:35,35,35,30;l:30,30,30,40;ls:1px;fw:400,400,400,500;\"\n\t\t\t\t\t\t\t\tdata-dim=\"w:auto,auto,569px,275px;\"\n\t\t\t\t\t\t\t\tdata-rsp_o=\"off\"\n\t\t\t\t\t\t\t\tdata-rsp_bd=\"off\"\n\t\t\t\t\t\t\t\tdata-frame_0=\"x:34px;\"\n\t\t\t\t\t\t\t\tdata-frame_1=\"sp:700;\"\n\t\t\t\t\t\t\t\tdata-frame_999=\"o:0;st:w;\"\n\t\t\t\t\t\t\t\tstyle=\"z-index:8;font-family:'Raleway';\"\n\t\t\t\t\t\t\t>TransGen \n\t\t\t\t\t\t\t<\/rs-layer><!--\n-->\t\t\t\t\t\t<\/rs-slide>\n\t\t\t\t\t\t<rs-slide style=\"position: absolute;\" data-key=\"rs-128\" data-title=\"2\" data-thumb=\"\/\/krosgen.com\/wp-content\/uploads\/2023\/02\/EM111-01.jpg\" data-in=\"o:0;\" data-out=\"a:false;\">\n\t\t\t\t\t\t\t<img decoding=\"async\" src=\"\/\/krosgen.com\/wp-content\/plugins\/revslider\/public\/assets\/assets\/dummy.png\" title=\"EM111-01\" width=\"1280\" height=\"850\" class=\"rev-slidebg tp-rs-img rs-lazyload\" data-lazyload=\"\/\/krosgen.com\/wp-content\/uploads\/2023\/02\/EM111-01.jpg\" data-bg=\"p:center bottom;\" data-panzoom=\"d:10000;ss:100%;se:110%;oe:0px\/50px;\" data-no-retina>\n<!---->\t\t\t\t\t\t<\/rs-slide>\n\t\t\t\t\t\t<rs-slide style=\"position: absolute;\" data-key=\"rs-127\" data-title=\"3\" data-thumb=\"\/\/krosgen.com\/wp-content\/uploads\/2023\/02\/AP122-13.jpg\" data-in=\"o:0;\" data-out=\"a:false;\">\n\t\t\t\t\t\t\t<img decoding=\"async\" src=\"\/\/krosgen.com\/wp-content\/plugins\/revslider\/public\/assets\/assets\/dummy.png\" title=\"AP122-13\" width=\"1280\" height=\"850\" class=\"rev-slidebg tp-rs-img rs-lazyload\" data-lazyload=\"\/\/krosgen.com\/wp-content\/uploads\/2023\/02\/AP122-13.jpg\" data-panzoom=\"d:10000;ss:100%;se:110%;oe:0px\/50px;\" data-no-retina>\n<!---->\t\t\t\t\t\t<\/rs-slide>\n\t\t\t\t\t\t<rs-slide style=\"position: absolute;\" data-key=\"rs-129\" data-title=\"4\" data-thumb=\"\/\/krosgen.com\/wp-content\/uploads\/2023\/02\/AD201-02.jpg\" data-in=\"o:0;\" data-out=\"a:false;\">\n\t\t\t\t\t\t\t<img loading=\"lazy\" decoding=\"async\" src=\"\/\/krosgen.com\/wp-content\/plugins\/revslider\/public\/assets\/assets\/dummy.png\" title=\"AD201-02\" width=\"1280\" height=\"850\" class=\"rev-slidebg tp-rs-img rs-lazyload\" data-lazyload=\"\/\/krosgen.com\/wp-content\/uploads\/2023\/02\/AD201-02.jpg\" data-bg=\"p:center bottom;\" data-panzoom=\"d:10000;ss:100%;se:110%;oe:0px\/50px;\" data-no-retina>\n<!---->\t\t\t\t\t\t<\/rs-slide>\n\t\t\t\t\t<\/rs-slides>\n\t\t\t\t<\/rs-module>\n\t\t\t\t<script type=\"text\/javascript\">\n\t\t\t\t\tsetREVStartSize({c: 'rev_slider_48_1',rl:[1240,1024,778,480],el:[700,540,800,570],gw:[1400,1100,660,300],gh:[700,540,800,570],type:'standard',justify:'',layout:'fullwidth',mh:\"0\"});if (window.RS_MODULES!==undefined && window.RS_MODULES.modules!==undefined && window.RS_MODULES.modules[\"revslider481\"]!==undefined) {window.RS_MODULES.modules[\"revslider481\"].once = false;window.revapi48 = undefined;if (window.RS_MODULES.checkMinimal!==undefined) window.RS_MODULES.checkMinimal()}\n\t\t\t\t<\/script>\n\t\t\t<\/rs-module-wrap>\n\t\t\t<!-- END REVOLUTION SLIDER -->\n<\/div>\n\n\t\t\t\t\t\t<\/div>\n\t\t\t\t<\/div>\n\t\t\t\t\t<\/div>\n\t\t<\/div>\n\t\t\t\t\t<\/div>\n\t\t<\/section>\n\t\t\t\t<section class=\"elementor-section elementor-top-section elementor-element elementor-element-4232f06 elementor-section-boxed elementor-section-height-default elementor-section-height-default qodef-elementor-content-no\" data-id=\"4232f06\" data-element_type=\"section\" data-e-type=\"section\">\n\t\t\t\t\t\t<div class=\"elementor-container elementor-column-gap-default\">\n\t\t\t\t\t<div class=\"elementor-column elementor-col-100 elementor-top-column elementor-element elementor-element-6378a49\" data-id=\"6378a49\" data-element_type=\"column\" data-e-type=\"column\">\n\t\t\t<div class=\"elementor-widget-wrap elementor-element-populated\">\n\t\t\t\t\t\t<div class=\"elementor-element elementor-element-51a18ce elementor-widget elementor-widget-text-editor\" data-id=\"51a18ce\" data-element_type=\"widget\" data-e-type=\"widget\" data-widget_type=\"text-editor.default\">\n\t\t\t\t<div class=\"elementor-widget-container\">\n\t\t\t\t\t\t\t\t\t<p><strong>2006 y\u0131l\u0131nda, TransGen Biotech Co., Ltd, ya\u015fam bilimi ara\u015ft\u0131rmalar\u0131 i\u00e7in yenilik\u00e7i ve uygun maliyetli \u00fcr\u00fcnler \u00fcretme misyonuyla \u00fc\u00e7 bilim insan\u0131 taraf\u0131ndan kuruldu. \u015eimdi TransGen, 200&#8217;den fazla molek\u00fcler ve h\u00fccresel biyoloji reaktifinin lider \u00fcreticisidir.<\/strong><\/p><p><strong>TransGen Biotech genel merkezi Pekin&#8217;dedir ve 44&#8217;ten fazla deniza\u015f\u0131r\u0131 distrib\u00fct\u00f6re sahiptir.\u00a0<\/strong><\/p><p><strong>\u015eirketin omurgas\u0131 olarak ba\u011f\u0131ms\u0131z Ar-Ge ve \u015firketin kalbi olarak samimi hizmet ile TransGen, d\u00fcnyan\u0131n her yerindeki m\u00fc\u015fterilerin g\u00fcvenini ve ba\u011fl\u0131l\u0131\u011f\u0131n\u0131 kazanm\u0131\u015ft\u0131r. \u015eu anda \u00fcr\u00fcn portf\u00f6y\u00fc molek\u00fcler ve h\u00fccresel biyoloji ara\u015ft\u0131rmalar\u0131na y\u00f6nelik a\u015fa\u011f\u0131daki \u00fcr\u00fcnleri kapsamaktad\u0131r:<\/strong><\/p><ul><li><strong>PCR\/qPCR\/RT-PCR polimerazlar,<\/strong><\/li><li><strong>Restriksiyon\/modifikasyon enzim miksleri, <\/strong><\/li><li><strong>DNA ve protein markerlar\u0131, <\/strong><\/li><li><strong>Y\u00fcksek verimli kimyasal kompetent h\u00fccreler, <\/strong><\/li><li><strong>H\u0131zl\u0131 klonlama, ekspresyon ve mutagenez vekt\u00f6rleri, <\/strong><\/li><li><strong>N\u00fckleik asit ekstraksiyon ve safla\u015ft\u0131rma kitleri, <\/strong><\/li><li><strong>H\u00fccre k\u00fclt\u00fcr\u00fc ve tespiti i\u00e7in reaktifler, <\/strong><\/li><li><strong>Yeni Nesil Dizileme kitleri,<\/strong><\/li><li><strong>K\u00f6k H\u00fccreler,<\/strong><\/li><li><strong>Antibadiler<\/strong><\/li><\/ul><p><strong>bulunmaktad\u0131r.<\/strong><\/p>\t\t\t\t\t\t\t\t<\/div>\n\t\t\t\t<\/div>\n\t\t\t\t<div class=\"elementor-element elementor-element-d7f61bc qodef-standard-images-on-top--no elementor-widget elementor-widget-qi_addons_for_elementor_interactive_link_showcase\" data-id=\"d7f61bc\" data-element_type=\"widget\" data-e-type=\"widget\" data-widget_type=\"qi_addons_for_elementor_interactive_link_showcase.default\">\n\t\t\t\t<div class=\"elementor-widget-container\">\n\t\t\t\t\t<div class=\"qodef-shortcode qodef-m qodef-qi-interactive-link-showcase qodef-layout--standard qodef-hover--underline\">\n\t<div class=\"qodef-m-items\">\n\t\t<a itemprop=\"url\" class=\"qodef-m-item qodef-e\" href=\"https:\/\/www.transgenbiotech.com\/products.html\" target=\"_blank\">\n\t<span class=\"qodef-e-title\"><span class=\"qodef-e-inner-title\">TransGen \u00fcr\u00fcnlerini incelemek i\u00e7in t\u0131klay\u0131n<\/span><\/span>\n\t<\/a>\n\t<\/div>\n\t<div class=\"qodef-m-images\">\n\t\t<div class=\"qodef-e-image qodef-position--left elementor-repeater-item-0de9bb6\">\n\t<img loading=\"lazy\" decoding=\"async\" width=\"1280\" height=\"850\" src=\"https:\/\/krosgen.com\/wp-content\/uploads\/2023\/02\/FM301-01.jpg\" class=\"attachment-full size-full\" alt=\"\" \/><\/div>\n\t<\/div>\n<\/div>\n\t\t\t\t<\/div>\n\t\t\t\t<\/div>\n\t\t\t\t\t<\/div>\n\t\t<\/div>\n\t\t\t\t\t<\/div>\n\t\t<\/section>\n\t\t\t\t<\/div>\n\t\t","protected":false},"excerpt":{"rendered":"<p>2006 y\u0131l\u0131nda, TransGen Biotech Co., Ltd, ya\u015fam bilimi ara\u015ft\u0131rmalar\u0131 i\u00e7in yenilik\u00e7i ve uygun maliyetli \u00fcr\u00fcnler \u00fcretme misyonuyla \u00fc\u00e7 bilim insan\u0131 taraf\u0131ndan kuruldu. \u015eimdi TransGen, 200&#8217;den fazla molek\u00fcler ve h\u00fccresel biyoloji reaktifinin lider \u00fcreticisidir. TransGen Biotech genel merkezi Pekin&#8217;dedir ve 44&#8217;ten fazla deniza\u015f\u0131r\u0131 distrib\u00fct\u00f6re sahiptir.\u00a0 \u015eirketin omurgas\u0131 olarak ba\u011f\u0131ms\u0131z Ar-Ge ve \u015firketin kalbi olarak samimi hizmet [&hellip;]<\/p>\n","protected":false},"author":1,"featured_media":0,"parent":0,"menu_order":0,"comment_status":"closed","ping_status":"closed","template":"","meta":{"footnotes":""},"class_list":["post-17124","page","type-page","status-publish","hentry"],"yoast_head":"<!-- This site is optimized with the Yoast SEO plugin v27.2 - https:\/\/yoast.com\/product\/yoast-seo-wordpress\/ -->\n<title>TransGen - Krosgen<\/title>\n<meta name=\"robots\" content=\"index, follow, max-snippet:-1, max-image-preview:large, max-video-preview:-1\" \/>\n<link rel=\"canonical\" href=\"https:\/\/krosgen.com\/index.php\/transgen\/\" \/>\n<meta property=\"og:locale\" content=\"tr_TR\" \/>\n<meta property=\"og:type\" content=\"article\" \/>\n<meta property=\"og:title\" content=\"TransGen - Krosgen\" \/>\n<meta property=\"og:description\" content=\"2006 y\u0131l\u0131nda, TransGen Biotech Co., Ltd, ya\u015fam bilimi ara\u015ft\u0131rmalar\u0131 i\u00e7in yenilik\u00e7i ve uygun maliyetli \u00fcr\u00fcnler \u00fcretme misyonuyla \u00fc\u00e7 bilim insan\u0131 taraf\u0131ndan kuruldu. \u015eimdi TransGen, 200&#8217;den fazla molek\u00fcler ve h\u00fccresel biyoloji reaktifinin lider \u00fcreticisidir. TransGen Biotech genel merkezi Pekin&#8217;dedir ve 44&#8217;ten fazla deniza\u015f\u0131r\u0131 distrib\u00fct\u00f6re sahiptir.\u00a0 \u015eirketin omurgas\u0131 olarak ba\u011f\u0131ms\u0131z Ar-Ge ve \u015firketin kalbi olarak samimi hizmet [&hellip;]\" \/>\n<meta property=\"og:url\" content=\"https:\/\/krosgen.com\/index.php\/transgen\/\" \/>\n<meta property=\"og:site_name\" content=\"Krosgen\" \/>\n<meta property=\"article:modified_time\" content=\"2023-02-23T13:08:32+00:00\" \/>\n<meta property=\"og:image\" content=\"https:\/\/krosgen.com\/wp-content\/uploads\/2023\/02\/FM301-01.jpg\" \/>\n<meta name=\"twitter:card\" content=\"summary_large_image\" \/>\n<meta name=\"twitter:label1\" content=\"Tahmini okuma s\u00fcresi\" \/>\n\t<meta name=\"twitter:data1\" content=\"3 dakika\" \/>\n<script type=\"application\/ld+json\" class=\"yoast-schema-graph\">{\"@context\":\"https:\/\/schema.org\",\"@graph\":[{\"@type\":\"WebPage\",\"@id\":\"https:\/\/krosgen.com\/index.php\/transgen\/\",\"url\":\"https:\/\/krosgen.com\/index.php\/transgen\/\",\"name\":\"TransGen - Krosgen\",\"isPartOf\":{\"@id\":\"https:\/\/krosgen.com\/#website\"},\"primaryImageOfPage\":{\"@id\":\"https:\/\/krosgen.com\/index.php\/transgen\/#primaryimage\"},\"image\":{\"@id\":\"https:\/\/krosgen.com\/index.php\/transgen\/#primaryimage\"},\"thumbnailUrl\":\"https:\/\/krosgen.com\/wp-content\/uploads\/2023\/02\/FM301-01.jpg\",\"datePublished\":\"2023-02-23T12:36:21+00:00\",\"dateModified\":\"2023-02-23T13:08:32+00:00\",\"breadcrumb\":{\"@id\":\"https:\/\/krosgen.com\/index.php\/transgen\/#breadcrumb\"},\"inLanguage\":\"tr\",\"potentialAction\":[{\"@type\":\"ReadAction\",\"target\":[\"https:\/\/krosgen.com\/index.php\/transgen\/\"]}]},{\"@type\":\"ImageObject\",\"inLanguage\":\"tr\",\"@id\":\"https:\/\/krosgen.com\/index.php\/transgen\/#primaryimage\",\"url\":\"https:\/\/krosgen.com\/wp-content\/uploads\/2023\/02\/FM301-01.jpg\",\"contentUrl\":\"https:\/\/krosgen.com\/wp-content\/uploads\/2023\/02\/FM301-01.jpg\",\"width\":1280,\"height\":850},{\"@type\":\"BreadcrumbList\",\"@id\":\"https:\/\/krosgen.com\/index.php\/transgen\/#breadcrumb\",\"itemListElement\":[{\"@type\":\"ListItem\",\"position\":1,\"name\":\"Home\",\"item\":\"https:\/\/krosgen.com\/\"},{\"@type\":\"ListItem\",\"position\":2,\"name\":\"TransGen\"}]},{\"@type\":\"WebSite\",\"@id\":\"https:\/\/krosgen.com\/#website\",\"url\":\"https:\/\/krosgen.com\/\",\"name\":\"Krosgen\",\"description\":\"Krosgen Biotechnology\",\"publisher\":{\"@id\":\"https:\/\/krosgen.com\/#organization\"},\"potentialAction\":[{\"@type\":\"SearchAction\",\"target\":{\"@type\":\"EntryPoint\",\"urlTemplate\":\"https:\/\/krosgen.com\/?s={search_term_string}\"},\"query-input\":{\"@type\":\"PropertyValueSpecification\",\"valueRequired\":true,\"valueName\":\"search_term_string\"}}],\"inLanguage\":\"tr\"},{\"@type\":\"Organization\",\"@id\":\"https:\/\/krosgen.com\/#organization\",\"name\":\"Krosgen Biotechnology\",\"url\":\"https:\/\/krosgen.com\/\",\"logo\":{\"@type\":\"ImageObject\",\"inLanguage\":\"tr\",\"@id\":\"https:\/\/krosgen.com\/#\/schema\/logo\/image\/\",\"url\":\"https:\/\/krosgen.com\/wp-content\/uploads\/2022\/05\/KROSGEN-LOGO_001.png\",\"contentUrl\":\"https:\/\/krosgen.com\/wp-content\/uploads\/2022\/05\/KROSGEN-LOGO_001.png\",\"width\":7016,\"height\":1700,\"caption\":\"Krosgen Biotechnology\"},\"image\":{\"@id\":\"https:\/\/krosgen.com\/#\/schema\/logo\/image\/\"},\"sameAs\":[\"https:\/\/www.linkedin.com\/company\/krosgen\"]}]}<\/script>\n<!-- \/ Yoast SEO plugin. -->","yoast_head_json":{"title":"TransGen - Krosgen","robots":{"index":"index","follow":"follow","max-snippet":"max-snippet:-1","max-image-preview":"max-image-preview:large","max-video-preview":"max-video-preview:-1"},"canonical":"https:\/\/krosgen.com\/index.php\/transgen\/","og_locale":"tr_TR","og_type":"article","og_title":"TransGen - Krosgen","og_description":"2006 y\u0131l\u0131nda, TransGen Biotech Co., Ltd, ya\u015fam bilimi ara\u015ft\u0131rmalar\u0131 i\u00e7in yenilik\u00e7i ve uygun maliyetli \u00fcr\u00fcnler \u00fcretme misyonuyla \u00fc\u00e7 bilim insan\u0131 taraf\u0131ndan kuruldu. \u015eimdi TransGen, 200&#8217;den fazla molek\u00fcler ve h\u00fccresel biyoloji reaktifinin lider \u00fcreticisidir. TransGen Biotech genel merkezi Pekin&#8217;dedir ve 44&#8217;ten fazla deniza\u015f\u0131r\u0131 distrib\u00fct\u00f6re sahiptir.\u00a0 \u015eirketin omurgas\u0131 olarak ba\u011f\u0131ms\u0131z Ar-Ge ve \u015firketin kalbi olarak samimi hizmet [&hellip;]","og_url":"https:\/\/krosgen.com\/index.php\/transgen\/","og_site_name":"Krosgen","article_modified_time":"2023-02-23T13:08:32+00:00","og_image":[{"url":"https:\/\/krosgen.com\/wp-content\/uploads\/2023\/02\/FM301-01.jpg","type":"","width":"","height":""}],"twitter_card":"summary_large_image","twitter_misc":{"Tahmini okuma s\u00fcresi":"3 dakika"},"schema":{"@context":"https:\/\/schema.org","@graph":[{"@type":"WebPage","@id":"https:\/\/krosgen.com\/index.php\/transgen\/","url":"https:\/\/krosgen.com\/index.php\/transgen\/","name":"TransGen - Krosgen","isPartOf":{"@id":"https:\/\/krosgen.com\/#website"},"primaryImageOfPage":{"@id":"https:\/\/krosgen.com\/index.php\/transgen\/#primaryimage"},"image":{"@id":"https:\/\/krosgen.com\/index.php\/transgen\/#primaryimage"},"thumbnailUrl":"https:\/\/krosgen.com\/wp-content\/uploads\/2023\/02\/FM301-01.jpg","datePublished":"2023-02-23T12:36:21+00:00","dateModified":"2023-02-23T13:08:32+00:00","breadcrumb":{"@id":"https:\/\/krosgen.com\/index.php\/transgen\/#breadcrumb"},"inLanguage":"tr","potentialAction":[{"@type":"ReadAction","target":["https:\/\/krosgen.com\/index.php\/transgen\/"]}]},{"@type":"ImageObject","inLanguage":"tr","@id":"https:\/\/krosgen.com\/index.php\/transgen\/#primaryimage","url":"https:\/\/krosgen.com\/wp-content\/uploads\/2023\/02\/FM301-01.jpg","contentUrl":"https:\/\/krosgen.com\/wp-content\/uploads\/2023\/02\/FM301-01.jpg","width":1280,"height":850},{"@type":"BreadcrumbList","@id":"https:\/\/krosgen.com\/index.php\/transgen\/#breadcrumb","itemListElement":[{"@type":"ListItem","position":1,"name":"Home","item":"https:\/\/krosgen.com\/"},{"@type":"ListItem","position":2,"name":"TransGen"}]},{"@type":"WebSite","@id":"https:\/\/krosgen.com\/#website","url":"https:\/\/krosgen.com\/","name":"Krosgen","description":"Krosgen Biotechnology","publisher":{"@id":"https:\/\/krosgen.com\/#organization"},"potentialAction":[{"@type":"SearchAction","target":{"@type":"EntryPoint","urlTemplate":"https:\/\/krosgen.com\/?s={search_term_string}"},"query-input":{"@type":"PropertyValueSpecification","valueRequired":true,"valueName":"search_term_string"}}],"inLanguage":"tr"},{"@type":"Organization","@id":"https:\/\/krosgen.com\/#organization","name":"Krosgen Biotechnology","url":"https:\/\/krosgen.com\/","logo":{"@type":"ImageObject","inLanguage":"tr","@id":"https:\/\/krosgen.com\/#\/schema\/logo\/image\/","url":"https:\/\/krosgen.com\/wp-content\/uploads\/2022\/05\/KROSGEN-LOGO_001.png","contentUrl":"https:\/\/krosgen.com\/wp-content\/uploads\/2022\/05\/KROSGEN-LOGO_001.png","width":7016,"height":1700,"caption":"Krosgen Biotechnology"},"image":{"@id":"https:\/\/krosgen.com\/#\/schema\/logo\/image\/"},"sameAs":["https:\/\/www.linkedin.com\/company\/krosgen"]}]}},"jetpack_sharing_enabled":true,"_links":{"self":[{"href":"https:\/\/krosgen.com\/index.php\/wp-json\/wp\/v2\/pages\/17124","targetHints":{"allow":["GET"]}}],"collection":[{"href":"https:\/\/krosgen.com\/index.php\/wp-json\/wp\/v2\/pages"}],"about":[{"href":"https:\/\/krosgen.com\/index.php\/wp-json\/wp\/v2\/types\/page"}],"author":[{"embeddable":true,"href":"https:\/\/krosgen.com\/index.php\/wp-json\/wp\/v2\/users\/1"}],"replies":[{"embeddable":true,"href":"https:\/\/krosgen.com\/index.php\/wp-json\/wp\/v2\/comments?post=17124"}],"version-history":[{"count":7,"href":"https:\/\/krosgen.com\/index.php\/wp-json\/wp\/v2\/pages\/17124\/revisions"}],"predecessor-version":[{"id":17163,"href":"https:\/\/krosgen.com\/index.php\/wp-json\/wp\/v2\/pages\/17124\/revisions\/17163"}],"wp:attachment":[{"href":"https:\/\/krosgen.com\/index.php\/wp-json\/wp\/v2\/media?parent=17124"}],"curies":[{"name":"wp","href":"https:\/\/api.w.org\/{rel}","templated":true}]}}