{"id":17837,"date":"2023-03-31T11:50:20","date_gmt":"2023-03-31T08:50:20","guid":{"rendered":"https:\/\/krosgen.com\/?page_id=17837"},"modified":"2023-03-31T12:08:51","modified_gmt":"2023-03-31T09:08:51","slug":"pcr-biosystems","status":"publish","type":"page","link":"https:\/\/krosgen.com\/index.php\/pcr-biosystems\/","title":{"rendered":"PCR Biosystems"},"content":{"rendered":"\t\t<div data-elementor-type=\"wp-page\" data-elementor-id=\"17837\" class=\"elementor elementor-17837\">\n\t\t\t\t\t\t<section class=\"elementor-section elementor-top-section elementor-element elementor-element-614e5c6 elementor-section-boxed elementor-section-height-default elementor-section-height-default qodef-elementor-content-no\" data-id=\"614e5c6\" data-element_type=\"section\" data-e-type=\"section\">\n\t\t\t\t\t\t<div class=\"elementor-container elementor-column-gap-default\">\n\t\t\t\t\t<div class=\"elementor-column elementor-col-100 elementor-top-column elementor-element elementor-element-0658125\" data-id=\"0658125\" data-element_type=\"column\" data-e-type=\"column\">\n\t\t\t<div class=\"elementor-widget-wrap elementor-element-populated\">\n\t\t\t\t\t\t<div class=\"elementor-element elementor-element-090c895 elementor-widget elementor-widget-slider_revolution\" data-id=\"090c895\" data-element_type=\"widget\" data-e-type=\"widget\" data-widget_type=\"slider_revolution.default\">\n\t\t\t\t<div class=\"elementor-widget-container\">\n\t\t\t\t\t\n\t\t<div class=\"wp-block-themepunch-revslider\">\n\t\t\t<!-- START 29pcrbiosystems REVOLUTION SLIDER 6.5.9 --><p class=\"rs-p-wp-fix\"><\/p>\n\t\t\t<rs-module-wrap id=\"rev_slider_52_1_wrapper\" data-source=\"gallery\" style=\"visibility:hidden;background:#f5f5f5;padding:0;margin:0px auto;margin-top:0;margin-bottom:0;\">\n\t\t\t\t<rs-module id=\"rev_slider_52_1\" style=\"\" data-version=\"6.5.9\">\n\t\t\t\t\t<rs-slides>\n\t\t\t\t\t\t<rs-slide style=\"position: absolute;\" data-key=\"rs-162\" data-title=\"1\" data-thumb=\"\/\/krosgen.com\/wp-content\/uploads\/2023\/03\/pcrbioprod.png\" data-in=\"o:0;\" data-out=\"a:false;\">\n\t\t\t\t\t\t\t<img fetchpriority=\"high\" decoding=\"async\" src=\"\/\/krosgen.com\/wp-content\/plugins\/revslider\/public\/assets\/assets\/dummy.png\" title=\"pcrbioprod\" width=\"2281\" height=\"1533\" class=\"rev-slidebg tp-rs-img rs-lazyload\" data-lazyload=\"\/\/krosgen.com\/wp-content\/uploads\/2023\/03\/pcrbioprod.png\" data-panzoom=\"d:10000;ss:100%;se:110%;oe:0px\/50px;\" data-no-retina>\n<!--\n\t\t\t\t\t\t\t--><rs-layer\n\t\t\t\t\t\t\t\tid=\"slider-52-slide-162-layer-1\" \n\t\t\t\t\t\t\t\tdata-type=\"text\"\n\t\t\t\t\t\t\t\tdata-color=\"#000000\"\n\t\t\t\t\t\t\t\tdata-xy=\"xo:0,-4px,0,0;y:m;yo:214px,-97px,-95px,70px;\"\n\t\t\t\t\t\t\t\tdata-text=\"w:normal;s:35,35,35,30;l:30,30,30,40;ls:1px;fw:400,400,400,500;\"\n\t\t\t\t\t\t\t\tdata-dim=\"w:auto,auto,569px,275px;\"\n\t\t\t\t\t\t\t\tdata-rsp_o=\"off\"\n\t\t\t\t\t\t\t\tdata-rsp_bd=\"off\"\n\t\t\t\t\t\t\t\tdata-frame_0=\"x:34px;\"\n\t\t\t\t\t\t\t\tdata-frame_1=\"sp:700;\"\n\t\t\t\t\t\t\t\tdata-frame_999=\"o:0;st:w;\"\n\t\t\t\t\t\t\t\tstyle=\"z-index:8;font-family:'Raleway';\"\n\t\t\t\t\t\t\t>PCR Biosystems \n\t\t\t\t\t\t\t<\/rs-layer><!--\n-->\t\t\t\t\t\t<\/rs-slide>\n\t\t\t\t\t\t<rs-slide style=\"position: absolute;\" data-key=\"rs-169\" data-title=\"2\" data-thumb=\"\/\/krosgen.com\/wp-content\/uploads\/2023\/03\/pcrbio26.png\" data-in=\"o:0;\" data-out=\"a:false;\">\n\t\t\t\t\t\t\t<img decoding=\"async\" src=\"\/\/krosgen.com\/wp-content\/plugins\/revslider\/public\/assets\/assets\/dummy.png\" title=\"pcrbio26\" width=\"1200\" height=\"600\" class=\"rev-slidebg tp-rs-img rs-lazyload\" data-lazyload=\"\/\/krosgen.com\/wp-content\/uploads\/2023\/03\/pcrbio26.png\" data-panzoom=\"d:10000;ss:100%;se:110%;oe:0px\/50px;\" data-no-retina>\n<!---->\t\t\t\t\t\t<\/rs-slide>\n\t\t\t\t\t\t<rs-slide style=\"position: absolute;\" data-key=\"rs-163\" data-title=\"3\" data-thumb=\"\/\/krosgen.com\/wp-content\/uploads\/2023\/03\/pcrbio21.jpg\" data-in=\"o:0;\" data-out=\"a:false;\">\n\t\t\t\t\t\t\t<img decoding=\"async\" src=\"\/\/krosgen.com\/wp-content\/plugins\/revslider\/public\/assets\/assets\/dummy.png\" title=\"pcrbio21\" width=\"960\" height=\"714\" class=\"rev-slidebg tp-rs-img rs-lazyload\" data-lazyload=\"\/\/krosgen.com\/wp-content\/uploads\/2023\/03\/pcrbio21.jpg\" data-panzoom=\"d:10000;ss:100%;se:110%;oe:0px\/50px;\" data-no-retina>\n<!---->\t\t\t\t\t\t<\/rs-slide>\n\t\t\t\t\t\t<rs-slide style=\"position: absolute;\" data-key=\"rs-170\" data-title=\"4\" data-thumb=\"\/\/krosgen.com\/wp-content\/uploads\/2023\/03\/pcrbio20.jpg\" data-in=\"o:0;\" data-out=\"a:false;\">\n\t\t\t\t\t\t\t<img loading=\"lazy\" decoding=\"async\" src=\"\/\/krosgen.com\/wp-content\/plugins\/revslider\/public\/assets\/assets\/dummy.png\" title=\"pcrbio20\" width=\"1024\" height=\"873\" class=\"rev-slidebg tp-rs-img rs-lazyload\" data-lazyload=\"\/\/krosgen.com\/wp-content\/uploads\/2023\/03\/pcrbio20.jpg\" data-panzoom=\"d:10000;ss:100%;se:110%;oe:0px\/50px;\" data-no-retina>\n<!---->\t\t\t\t\t\t<\/rs-slide>\n\t\t\t\t\t<\/rs-slides>\n\t\t\t\t<\/rs-module>\n\t\t\t\t<script type=\"text\/javascript\">\n\t\t\t\t\tsetREVStartSize({c: 'rev_slider_52_1',rl:[1240,1024,778,480],el:[700,540,800,570],gw:[1400,1100,660,300],gh:[700,540,800,570],type:'standard',justify:'',layout:'fullwidth',mh:\"0\"});if (window.RS_MODULES!==undefined && window.RS_MODULES.modules!==undefined && window.RS_MODULES.modules[\"revslider521\"]!==undefined) {window.RS_MODULES.modules[\"revslider521\"].once = false;window.revapi52 = undefined;if (window.RS_MODULES.checkMinimal!==undefined) window.RS_MODULES.checkMinimal()}\n\t\t\t\t<\/script>\n\t\t\t<\/rs-module-wrap>\n\t\t\t<!-- END REVOLUTION SLIDER -->\n<\/div>\n\n\t\t\t\t\t\t<\/div>\n\t\t\t\t<\/div>\n\t\t\t\t\t<\/div>\n\t\t<\/div>\n\t\t\t\t\t<\/div>\n\t\t<\/section>\n\t\t\t\t<section class=\"elementor-section elementor-top-section elementor-element elementor-element-bcbcfb0 elementor-section-boxed elementor-section-height-default elementor-section-height-default qodef-elementor-content-no\" data-id=\"bcbcfb0\" data-element_type=\"section\" data-e-type=\"section\">\n\t\t\t\t\t\t<div class=\"elementor-container elementor-column-gap-default\">\n\t\t\t\t\t<div class=\"elementor-column elementor-col-100 elementor-top-column elementor-element elementor-element-b0bf440\" data-id=\"b0bf440\" data-element_type=\"column\" data-e-type=\"column\">\n\t\t\t<div class=\"elementor-widget-wrap elementor-element-populated\">\n\t\t\t\t\t\t<div class=\"elementor-element elementor-element-4b7ba6d elementor-widget elementor-widget-text-editor\" data-id=\"4b7ba6d\" data-element_type=\"widget\" data-e-type=\"widget\" data-widget_type=\"text-editor.default\">\n\t\t\t\t<div class=\"elementor-widget-container\">\n\t\t\t\t\t\t\t\t\t<p><strong>Odak noktalar\u0131 DNA ve RNA&#8217;n\u0131n manip\u00fclasyonu i\u00e7in daha etkili enzimlerin \u00fcretimi olan PCR Biosystems, 2012 y\u0131l\u0131nda Birle\u015fik Krall\u0131k&#8217;ta kuruldu. Kurulduklar\u0131 ilk g\u00fcnden bu g\u00fcne kadar, en basitinden en zorlu reaksiyonlara kadar verimi ve hassasiyeti maksimize eden bir dizi PCR reaktifi geli\u015ftirmi\u015flerdir.<\/strong><\/p><p><strong>Ba\u015fl\u0131ca \u00dcr\u00fcnleri;<\/strong><\/p><p>\u00a0<\/p><ul><li><strong><span class=\"HwtZe\" lang=\"tr\"><span class=\"jCAhz ChMk0b\"><span class=\"ryNqvb\">Liyofilize edilebilir ve hava ile kurutulabilir reaktifler<\/span><\/span> <\/span><\/strong><\/li><li><strong><span class=\"HwtZe\" lang=\"tr\"><span class=\"jCAhz ChMk0b\"><span class=\"ryNqvb\">qPCR ana kar\u0131\u015f\u0131mlar\u0131 (Hem SyGreen hem de prob tabanl\u0131 master mixler)<\/span><\/span><\/span><\/strong><\/li><li><strong><span class=\"HwtZe\" lang=\"tr\"> <span class=\"jCAhz ChMk0b\"><span class=\"ryNqvb\">NGS kitleri ve reaktifleri<\/span><\/span><\/span><\/strong><\/li><li><strong><span class=\"HwtZe\" lang=\"tr\"> <span class=\"jCAhz ChMk0b\"><span class=\"ryNqvb\">G\u00fcvenilir PCR i\u00e7in y\u00fcksek performansl\u0131 DNA polimerazlar, tamponlar ve haz\u0131r kar\u0131\u015f\u0131mlar<\/span><\/span><\/span><\/strong><\/li><li><strong><span class=\"HwtZe\" lang=\"tr\"> <span class=\"jCAhz ChMk0b\"><span class=\"ryNqvb\">Termostabil ters transkriptazlar ve cDNA sentez kitleri<\/span><\/span> <\/span><\/strong><\/li><li><strong><span class=\"HwtZe\" lang=\"tr\"><span class=\"jCAhz ChMk0b\"><span class=\"ryNqvb\">H\u0131zl\u0131, rahat ve kolon kullanmadan PCR kurmaya haz\u0131r bir \u015fekilde DNA ekstraksiyonu<\/span><\/span> <\/span><\/strong><\/li><li><strong><span class=\"HwtZe\" lang=\"tr\"><span class=\"jCAhz ChMk0b\"><span class=\"ryNqvb\">DNA ve RNA Hedeflerinin izotermal amplifikasyonu<\/span><\/span><\/span><\/strong><\/li><\/ul>\t\t\t\t\t\t\t\t<\/div>\n\t\t\t\t<\/div>\n\t\t\t\t\t<\/div>\n\t\t<\/div>\n\t\t\t\t\t<\/div>\n\t\t<\/section>\n\t\t\t\t<section class=\"elementor-section elementor-top-section elementor-element elementor-element-d69756e elementor-section-boxed elementor-section-height-default elementor-section-height-default qodef-elementor-content-no\" data-id=\"d69756e\" data-element_type=\"section\" data-e-type=\"section\">\n\t\t\t\t\t\t<div class=\"elementor-container elementor-column-gap-default\">\n\t\t\t\t\t<div class=\"elementor-column elementor-col-100 elementor-top-column elementor-element elementor-element-c89edbb\" data-id=\"c89edbb\" data-element_type=\"column\" data-e-type=\"column\">\n\t\t\t<div class=\"elementor-widget-wrap elementor-element-populated\">\n\t\t\t\t\t\t<div class=\"elementor-element elementor-element-37c9992 elementor-align-center elementor-widget elementor-widget-button\" data-id=\"37c9992\" data-element_type=\"widget\" data-e-type=\"widget\" data-widget_type=\"button.default\">\n\t\t\t\t<div class=\"elementor-widget-container\">\n\t\t\t\t\t\t\t\t\t<div class=\"elementor-button-wrapper\">\n\t\t\t\t\t<a class=\"elementor-button elementor-button-link elementor-size-xl\" href=\"https:\/\/pcrbio.com\/app\/uploads\/PCRBIO-Product-Catalogue-v2.0-2021-Web-150dpi.pdf\">\n\t\t\t\t\t\t<span class=\"elementor-button-content-wrapper\">\n\t\t\t\t\t\t<span class=\"elementor-button-icon\">\n\t\t\t\t<i aria-hidden=\"true\" class=\"fas fa-file-download\"><\/i>\t\t\t<\/span>\n\t\t\t\t\t\t\t\t\t<span class=\"elementor-button-text\">PCR Biosystems \u00dcr\u00fcnlerini \u0130\u00e7eren Bro\u015f\u00fcr\u00fc \u0130ndirmek i\u00e7in T\u0131klay\u0131n<\/span>\n\t\t\t\t\t<\/span>\n\t\t\t\t\t<\/a>\n\t\t\t\t<\/div>\n\t\t\t\t\t\t\t\t<\/div>\n\t\t\t\t<\/div>\n\t\t\t\t<div class=\"elementor-element elementor-element-c9d81e7 qodef-standard-images-on-top--no elementor-widget elementor-widget-qi_addons_for_elementor_interactive_link_showcase\" data-id=\"c9d81e7\" data-element_type=\"widget\" data-e-type=\"widget\" data-widget_type=\"qi_addons_for_elementor_interactive_link_showcase.default\">\n\t\t\t\t<div class=\"elementor-widget-container\">\n\t\t\t\t\t<div class=\"qodef-shortcode qodef-m qodef-qi-interactive-link-showcase qodef-layout--standard qodef-hover--underline\">\n\t<div class=\"qodef-m-items\">\n\t\t<a itemprop=\"url\" class=\"qodef-m-item qodef-e\" href=\"https:\/\/www.pcrbio.com\/\" target=\"_blank\">\n\t<span class=\"qodef-e-title\"><span class=\"qodef-e-inner-title\">PCR Biosystems \u00dcr\u00fcnlerini \u0130ncelemek \u0130\u00e7in T\u0131klay\u0131n<\/span><\/span>\n\t<\/a>\n\t<\/div>\n\t<div class=\"qodef-m-images\">\n\t\t<div class=\"qodef-e-image qodef-position--left elementor-repeater-item-33072f2\">\n\t<img loading=\"lazy\" decoding=\"async\" width=\"750\" height=\"568\" src=\"https:\/\/krosgen.com\/wp-content\/uploads\/2023\/03\/pcrbio22.jpg\" class=\"attachment-full size-full\" alt=\"\" \/><\/div>\n\t<\/div>\n<\/div>\n\t\t\t\t<\/div>\n\t\t\t\t<\/div>\n\t\t\t\t\t<\/div>\n\t\t<\/div>\n\t\t\t\t\t<\/div>\n\t\t<\/section>\n\t\t\t\t<\/div>\n\t\t","protected":false},"excerpt":{"rendered":"<p>Odak noktalar\u0131 DNA ve RNA&#8217;n\u0131n manip\u00fclasyonu i\u00e7in daha etkili enzimlerin \u00fcretimi olan PCR Biosystems, 2012 y\u0131l\u0131nda Birle\u015fik Krall\u0131k&#8217;ta kuruldu. Kurulduklar\u0131 ilk g\u00fcnden bu g\u00fcne kadar, en basitinden en zorlu reaksiyonlara kadar verimi ve hassasiyeti maksimize eden bir dizi PCR reaktifi geli\u015ftirmi\u015flerdir. Ba\u015fl\u0131ca \u00dcr\u00fcnleri; Liyofilize edilebilir ve hava ile kurutulabilir reaktifler qPCR ana kar\u0131\u015f\u0131mlar\u0131 (Hem SyGreen [&hellip;]<\/p>\n","protected":false},"author":1,"featured_media":0,"parent":0,"menu_order":0,"comment_status":"closed","ping_status":"closed","template":"","meta":{"footnotes":""},"class_list":["post-17837","page","type-page","status-publish","hentry"],"yoast_head":"<!-- This site is optimized with the Yoast SEO plugin v27.2 - https:\/\/yoast.com\/product\/yoast-seo-wordpress\/ -->\n<title>PCR Biosystems - Krosgen<\/title>\n<meta name=\"robots\" content=\"index, follow, max-snippet:-1, max-image-preview:large, max-video-preview:-1\" \/>\n<link rel=\"canonical\" href=\"https:\/\/krosgen.com\/index.php\/pcr-biosystems\/\" \/>\n<meta property=\"og:locale\" content=\"tr_TR\" \/>\n<meta property=\"og:type\" content=\"article\" \/>\n<meta property=\"og:title\" content=\"PCR Biosystems - Krosgen\" \/>\n<meta property=\"og:description\" content=\"Odak noktalar\u0131 DNA ve RNA&#8217;n\u0131n manip\u00fclasyonu i\u00e7in daha etkili enzimlerin \u00fcretimi olan PCR Biosystems, 2012 y\u0131l\u0131nda Birle\u015fik Krall\u0131k&#8217;ta kuruldu. Kurulduklar\u0131 ilk g\u00fcnden bu g\u00fcne kadar, en basitinden en zorlu reaksiyonlara kadar verimi ve hassasiyeti maksimize eden bir dizi PCR reaktifi geli\u015ftirmi\u015flerdir. Ba\u015fl\u0131ca \u00dcr\u00fcnleri; Liyofilize edilebilir ve hava ile kurutulabilir reaktifler qPCR ana kar\u0131\u015f\u0131mlar\u0131 (Hem SyGreen [&hellip;]\" \/>\n<meta property=\"og:url\" content=\"https:\/\/krosgen.com\/index.php\/pcr-biosystems\/\" \/>\n<meta property=\"og:site_name\" content=\"Krosgen\" \/>\n<meta property=\"article:modified_time\" content=\"2023-03-31T09:08:51+00:00\" \/>\n<meta property=\"og:image\" content=\"https:\/\/krosgen.com\/wp-content\/uploads\/2023\/03\/pcrbio22.jpg\" \/>\n<meta name=\"twitter:card\" content=\"summary_large_image\" \/>\n<meta name=\"twitter:label1\" content=\"Tahmini okuma s\u00fcresi\" \/>\n\t<meta name=\"twitter:data1\" content=\"1 dakika\" \/>\n<script type=\"application\/ld+json\" class=\"yoast-schema-graph\">{\"@context\":\"https:\/\/schema.org\",\"@graph\":[{\"@type\":\"WebPage\",\"@id\":\"https:\/\/krosgen.com\/index.php\/pcr-biosystems\/\",\"url\":\"https:\/\/krosgen.com\/index.php\/pcr-biosystems\/\",\"name\":\"PCR Biosystems - Krosgen\",\"isPartOf\":{\"@id\":\"https:\/\/krosgen.com\/#website\"},\"primaryImageOfPage\":{\"@id\":\"https:\/\/krosgen.com\/index.php\/pcr-biosystems\/#primaryimage\"},\"image\":{\"@id\":\"https:\/\/krosgen.com\/index.php\/pcr-biosystems\/#primaryimage\"},\"thumbnailUrl\":\"https:\/\/krosgen.com\/wp-content\/uploads\/2023\/03\/pcrbio22.jpg\",\"datePublished\":\"2023-03-31T08:50:20+00:00\",\"dateModified\":\"2023-03-31T09:08:51+00:00\",\"breadcrumb\":{\"@id\":\"https:\/\/krosgen.com\/index.php\/pcr-biosystems\/#breadcrumb\"},\"inLanguage\":\"tr\",\"potentialAction\":[{\"@type\":\"ReadAction\",\"target\":[\"https:\/\/krosgen.com\/index.php\/pcr-biosystems\/\"]}]},{\"@type\":\"ImageObject\",\"inLanguage\":\"tr\",\"@id\":\"https:\/\/krosgen.com\/index.php\/pcr-biosystems\/#primaryimage\",\"url\":\"https:\/\/krosgen.com\/wp-content\/uploads\/2023\/03\/pcrbio22.jpg\",\"contentUrl\":\"https:\/\/krosgen.com\/wp-content\/uploads\/2023\/03\/pcrbio22.jpg\",\"width\":750,\"height\":568},{\"@type\":\"BreadcrumbList\",\"@id\":\"https:\/\/krosgen.com\/index.php\/pcr-biosystems\/#breadcrumb\",\"itemListElement\":[{\"@type\":\"ListItem\",\"position\":1,\"name\":\"Home\",\"item\":\"https:\/\/krosgen.com\/\"},{\"@type\":\"ListItem\",\"position\":2,\"name\":\"PCR Biosystems\"}]},{\"@type\":\"WebSite\",\"@id\":\"https:\/\/krosgen.com\/#website\",\"url\":\"https:\/\/krosgen.com\/\",\"name\":\"Krosgen\",\"description\":\"Krosgen Biotechnology\",\"publisher\":{\"@id\":\"https:\/\/krosgen.com\/#organization\"},\"potentialAction\":[{\"@type\":\"SearchAction\",\"target\":{\"@type\":\"EntryPoint\",\"urlTemplate\":\"https:\/\/krosgen.com\/?s={search_term_string}\"},\"query-input\":{\"@type\":\"PropertyValueSpecification\",\"valueRequired\":true,\"valueName\":\"search_term_string\"}}],\"inLanguage\":\"tr\"},{\"@type\":\"Organization\",\"@id\":\"https:\/\/krosgen.com\/#organization\",\"name\":\"Krosgen Biotechnology\",\"url\":\"https:\/\/krosgen.com\/\",\"logo\":{\"@type\":\"ImageObject\",\"inLanguage\":\"tr\",\"@id\":\"https:\/\/krosgen.com\/#\/schema\/logo\/image\/\",\"url\":\"https:\/\/krosgen.com\/wp-content\/uploads\/2022\/05\/KROSGEN-LOGO_001.png\",\"contentUrl\":\"https:\/\/krosgen.com\/wp-content\/uploads\/2022\/05\/KROSGEN-LOGO_001.png\",\"width\":7016,\"height\":1700,\"caption\":\"Krosgen Biotechnology\"},\"image\":{\"@id\":\"https:\/\/krosgen.com\/#\/schema\/logo\/image\/\"},\"sameAs\":[\"https:\/\/www.linkedin.com\/company\/krosgen\"]}]}<\/script>\n<!-- \/ Yoast SEO plugin. -->","yoast_head_json":{"title":"PCR Biosystems - Krosgen","robots":{"index":"index","follow":"follow","max-snippet":"max-snippet:-1","max-image-preview":"max-image-preview:large","max-video-preview":"max-video-preview:-1"},"canonical":"https:\/\/krosgen.com\/index.php\/pcr-biosystems\/","og_locale":"tr_TR","og_type":"article","og_title":"PCR Biosystems - Krosgen","og_description":"Odak noktalar\u0131 DNA ve RNA&#8217;n\u0131n manip\u00fclasyonu i\u00e7in daha etkili enzimlerin \u00fcretimi olan PCR Biosystems, 2012 y\u0131l\u0131nda Birle\u015fik Krall\u0131k&#8217;ta kuruldu. Kurulduklar\u0131 ilk g\u00fcnden bu g\u00fcne kadar, en basitinden en zorlu reaksiyonlara kadar verimi ve hassasiyeti maksimize eden bir dizi PCR reaktifi geli\u015ftirmi\u015flerdir. Ba\u015fl\u0131ca \u00dcr\u00fcnleri; Liyofilize edilebilir ve hava ile kurutulabilir reaktifler qPCR ana kar\u0131\u015f\u0131mlar\u0131 (Hem SyGreen [&hellip;]","og_url":"https:\/\/krosgen.com\/index.php\/pcr-biosystems\/","og_site_name":"Krosgen","article_modified_time":"2023-03-31T09:08:51+00:00","og_image":[{"url":"https:\/\/krosgen.com\/wp-content\/uploads\/2023\/03\/pcrbio22.jpg","type":"","width":"","height":""}],"twitter_card":"summary_large_image","twitter_misc":{"Tahmini okuma s\u00fcresi":"1 dakika"},"schema":{"@context":"https:\/\/schema.org","@graph":[{"@type":"WebPage","@id":"https:\/\/krosgen.com\/index.php\/pcr-biosystems\/","url":"https:\/\/krosgen.com\/index.php\/pcr-biosystems\/","name":"PCR Biosystems - Krosgen","isPartOf":{"@id":"https:\/\/krosgen.com\/#website"},"primaryImageOfPage":{"@id":"https:\/\/krosgen.com\/index.php\/pcr-biosystems\/#primaryimage"},"image":{"@id":"https:\/\/krosgen.com\/index.php\/pcr-biosystems\/#primaryimage"},"thumbnailUrl":"https:\/\/krosgen.com\/wp-content\/uploads\/2023\/03\/pcrbio22.jpg","datePublished":"2023-03-31T08:50:20+00:00","dateModified":"2023-03-31T09:08:51+00:00","breadcrumb":{"@id":"https:\/\/krosgen.com\/index.php\/pcr-biosystems\/#breadcrumb"},"inLanguage":"tr","potentialAction":[{"@type":"ReadAction","target":["https:\/\/krosgen.com\/index.php\/pcr-biosystems\/"]}]},{"@type":"ImageObject","inLanguage":"tr","@id":"https:\/\/krosgen.com\/index.php\/pcr-biosystems\/#primaryimage","url":"https:\/\/krosgen.com\/wp-content\/uploads\/2023\/03\/pcrbio22.jpg","contentUrl":"https:\/\/krosgen.com\/wp-content\/uploads\/2023\/03\/pcrbio22.jpg","width":750,"height":568},{"@type":"BreadcrumbList","@id":"https:\/\/krosgen.com\/index.php\/pcr-biosystems\/#breadcrumb","itemListElement":[{"@type":"ListItem","position":1,"name":"Home","item":"https:\/\/krosgen.com\/"},{"@type":"ListItem","position":2,"name":"PCR Biosystems"}]},{"@type":"WebSite","@id":"https:\/\/krosgen.com\/#website","url":"https:\/\/krosgen.com\/","name":"Krosgen","description":"Krosgen Biotechnology","publisher":{"@id":"https:\/\/krosgen.com\/#organization"},"potentialAction":[{"@type":"SearchAction","target":{"@type":"EntryPoint","urlTemplate":"https:\/\/krosgen.com\/?s={search_term_string}"},"query-input":{"@type":"PropertyValueSpecification","valueRequired":true,"valueName":"search_term_string"}}],"inLanguage":"tr"},{"@type":"Organization","@id":"https:\/\/krosgen.com\/#organization","name":"Krosgen Biotechnology","url":"https:\/\/krosgen.com\/","logo":{"@type":"ImageObject","inLanguage":"tr","@id":"https:\/\/krosgen.com\/#\/schema\/logo\/image\/","url":"https:\/\/krosgen.com\/wp-content\/uploads\/2022\/05\/KROSGEN-LOGO_001.png","contentUrl":"https:\/\/krosgen.com\/wp-content\/uploads\/2022\/05\/KROSGEN-LOGO_001.png","width":7016,"height":1700,"caption":"Krosgen Biotechnology"},"image":{"@id":"https:\/\/krosgen.com\/#\/schema\/logo\/image\/"},"sameAs":["https:\/\/www.linkedin.com\/company\/krosgen"]}]}},"jetpack_sharing_enabled":true,"_links":{"self":[{"href":"https:\/\/krosgen.com\/index.php\/wp-json\/wp\/v2\/pages\/17837","targetHints":{"allow":["GET"]}}],"collection":[{"href":"https:\/\/krosgen.com\/index.php\/wp-json\/wp\/v2\/pages"}],"about":[{"href":"https:\/\/krosgen.com\/index.php\/wp-json\/wp\/v2\/types\/page"}],"author":[{"embeddable":true,"href":"https:\/\/krosgen.com\/index.php\/wp-json\/wp\/v2\/users\/1"}],"replies":[{"embeddable":true,"href":"https:\/\/krosgen.com\/index.php\/wp-json\/wp\/v2\/comments?post=17837"}],"version-history":[{"count":8,"href":"https:\/\/krosgen.com\/index.php\/wp-json\/wp\/v2\/pages\/17837\/revisions"}],"predecessor-version":[{"id":17858,"href":"https:\/\/krosgen.com\/index.php\/wp-json\/wp\/v2\/pages\/17837\/revisions\/17858"}],"wp:attachment":[{"href":"https:\/\/krosgen.com\/index.php\/wp-json\/wp\/v2\/media?parent=17837"}],"curies":[{"name":"wp","href":"https:\/\/api.w.org\/{rel}","templated":true}]}}