{"id":18323,"date":"2024-01-29T13:35:19","date_gmt":"2024-01-29T10:35:19","guid":{"rendered":"https:\/\/krosgen.com\/?page_id=18323"},"modified":"2024-01-29T13:53:07","modified_gmt":"2024-01-29T10:53:07","slug":"dynamica","status":"publish","type":"page","link":"https:\/\/krosgen.com\/index.php\/dynamica\/","title":{"rendered":"Dynamica"},"content":{"rendered":"\t\t<div data-elementor-type=\"wp-page\" data-elementor-id=\"18323\" class=\"elementor elementor-18323\">\n\t\t\t\t\t\t<section class=\"elementor-section elementor-top-section elementor-element elementor-element-2a9e147 elementor-section-boxed elementor-section-height-default elementor-section-height-default qodef-elementor-content-no\" data-id=\"2a9e147\" data-element_type=\"section\" data-e-type=\"section\">\n\t\t\t\t\t\t<div class=\"elementor-container elementor-column-gap-default\">\n\t\t\t\t\t<div class=\"elementor-column elementor-col-100 elementor-top-column elementor-element elementor-element-9a9b359\" data-id=\"9a9b359\" data-element_type=\"column\" data-e-type=\"column\">\n\t\t\t<div class=\"elementor-widget-wrap elementor-element-populated\">\n\t\t\t\t\t\t<div class=\"elementor-element elementor-element-527400e elementor-widget elementor-widget-slider_revolution\" data-id=\"527400e\" data-element_type=\"widget\" data-e-type=\"widget\" data-widget_type=\"slider_revolution.default\">\n\t\t\t\t<div class=\"elementor-widget-container\">\n\t\t\t\t\t\n\t\t<div class=\"wp-block-themepunch-revslider\">\n\t\t\t<!-- START 33dynamica REVOLUTION SLIDER 6.5.9 --><p class=\"rs-p-wp-fix\"><\/p>\n\t\t\t<rs-module-wrap id=\"rev_slider_56_1_wrapper\" data-source=\"gallery\" style=\"visibility:hidden;background:#f5f5f5;padding:0;margin:0px auto;margin-top:0;margin-bottom:0;\">\n\t\t\t\t<rs-module id=\"rev_slider_56_1\" style=\"\" data-version=\"6.5.9\">\n\t\t\t\t\t<rs-slides>\n\t\t\t\t\t\t<rs-slide style=\"position: absolute;\" data-key=\"rs-188\" data-title=\"1\" data-thumb=\"\/\/krosgen.com\/wp-content\/uploads\/2024\/01\/dynamica1-1.png\" data-in=\"o:0;\" data-out=\"a:false;\">\n\t\t\t\t\t\t\t<img fetchpriority=\"high\" decoding=\"async\" src=\"\/\/krosgen.com\/wp-content\/plugins\/revslider\/public\/assets\/assets\/dummy.png\" title=\"dynamica1\" width=\"2000\" height=\"1150\" class=\"rev-slidebg tp-rs-img rs-lazyload\" data-lazyload=\"\/\/krosgen.com\/wp-content\/uploads\/2024\/01\/dynamica1-1.png\" data-bg=\"p:center top;\" data-panzoom=\"d:10000;ss:100%;se:110%;oe:0px\/50px;\" data-no-retina>\n<!--\n\t\t\t\t\t\t\t--><rs-layer\n\t\t\t\t\t\t\t\tid=\"slider-56-slide-188-layer-1\" \n\t\t\t\t\t\t\t\tdata-type=\"text\"\n\t\t\t\t\t\t\t\tdata-color=\"#000000\"\n\t\t\t\t\t\t\t\tdata-xy=\"xo:0,-4px,0,0;y:m;yo:214px,-97px,-95px,70px;\"\n\t\t\t\t\t\t\t\tdata-text=\"w:normal;s:35,35,35,30;l:30,30,30,40;ls:1px;fw:400,400,400,500;\"\n\t\t\t\t\t\t\t\tdata-dim=\"w:auto,auto,569px,275px;\"\n\t\t\t\t\t\t\t\tdata-rsp_o=\"off\"\n\t\t\t\t\t\t\t\tdata-rsp_bd=\"off\"\n\t\t\t\t\t\t\t\tdata-frame_0=\"x:34px;\"\n\t\t\t\t\t\t\t\tdata-frame_1=\"sp:700;\"\n\t\t\t\t\t\t\t\tdata-frame_999=\"o:0;st:w;\"\n\t\t\t\t\t\t\t\tstyle=\"z-index:8;font-family:'Raleway';\"\n\t\t\t\t\t\t\t>Dynamica \n\t\t\t\t\t\t\t<\/rs-layer><!--\n-->\t\t\t\t\t\t<\/rs-slide>\n\t\t\t\t\t\t<rs-slide style=\"position: absolute;\" data-key=\"rs-189\" data-title=\"1\" data-thumb=\"\/\/krosgen.com\/wp-content\/uploads\/2024\/01\/velo17r.png\" data-in=\"o:0;\" data-out=\"a:false;\">\n\t\t\t\t\t\t\t<img decoding=\"async\" src=\"\/\/krosgen.com\/wp-content\/plugins\/revslider\/public\/assets\/assets\/dummy.png\" title=\"velo17r\" width=\"1744\" height=\"1264\" class=\"rev-slidebg tp-rs-img rs-lazyload\" data-lazyload=\"\/\/krosgen.com\/wp-content\/uploads\/2024\/01\/velo17r.png\" data-panzoom=\"d:10000;ss:100%;se:110%;oe:0px\/50px;\" data-no-retina>\n<!---->\t\t\t\t\t\t<\/rs-slide>\n\t\t\t\t\t<\/rs-slides>\n\t\t\t\t<\/rs-module>\n\t\t\t\t<script type=\"text\/javascript\">\n\t\t\t\t\tsetREVStartSize({c: 'rev_slider_56_1',rl:[1240,1024,778,480],el:[700,540,800,570],gw:[1400,1100,660,300],gh:[700,540,800,570],type:'standard',justify:'',layout:'fullwidth',mh:\"0\"});if (window.RS_MODULES!==undefined && window.RS_MODULES.modules!==undefined && window.RS_MODULES.modules[\"revslider561\"]!==undefined) {window.RS_MODULES.modules[\"revslider561\"].once = false;window.revapi56 = undefined;if (window.RS_MODULES.checkMinimal!==undefined) window.RS_MODULES.checkMinimal()}\n\t\t\t\t<\/script>\n\t\t\t<\/rs-module-wrap>\n\t\t\t<!-- END REVOLUTION SLIDER -->\n<\/div>\n\n\t\t\t\t\t\t<\/div>\n\t\t\t\t<\/div>\n\t\t\t\t\t<\/div>\n\t\t<\/div>\n\t\t\t\t\t<\/div>\n\t\t<\/section>\n\t\t\t\t<section class=\"elementor-section elementor-top-section elementor-element elementor-element-5015b66 elementor-section-boxed elementor-section-height-default elementor-section-height-default qodef-elementor-content-no\" data-id=\"5015b66\" data-element_type=\"section\" data-e-type=\"section\">\n\t\t\t\t\t\t<div class=\"elementor-container elementor-column-gap-default\">\n\t\t\t\t\t<div class=\"elementor-column elementor-col-100 elementor-top-column elementor-element elementor-element-bbea59c\" data-id=\"bbea59c\" data-element_type=\"column\" data-e-type=\"column\">\n\t\t\t<div class=\"elementor-widget-wrap elementor-element-populated\">\n\t\t\t\t\t\t<div class=\"elementor-element elementor-element-f1884d8 elementor-widget elementor-widget-text-editor\" data-id=\"f1884d8\" data-element_type=\"widget\" data-e-type=\"widget\" data-widget_type=\"text-editor.default\">\n\t\t\t\t<div class=\"elementor-widget-container\">\n\t\t\t\t\t\t\t\t\t<p><strong><span style=\"color: var( --e-global-color-text ); font-family: var( --e-global-typography-text-font-family ), Sans-serif;\">Dynamica Scientific Ltd., santrif\u00fcj ve DNA analiz\u00f6r\u00fc teknolojilerini geli\u015ftirmeye odaklanan, Birle\u015fik Krall\u0131k merkezli bir firmad\u0131r.<\/span><\/strong><\/p><p><strong><span style=\"color: var( --e-global-color-text ); font-family: var( --e-global-typography-text-font-family ), Sans-serif;\">Mikro santrif\u00fcjler,<\/span><span style=\"color: var( --e-global-color-text ); font-family: var( --e-global-typography-text-font-family ), Sans-serif;\"> y\u00fcksek h\u0131zl\u0131 santrif\u00fcjler ve \u00e7ok y\u00f6nl\u00fc santrif\u00fcjler dahil olmak \u00fczere farkl\u0131 uygulamalar i\u00e7in \u00e7e\u015fitli santrif\u00fcj \u00e7e\u015fitleri sunmaktad\u0131rlar.<\/span><span style=\"color: var( --e-global-color-text ); font-family: var( --e-global-typography-text-font-family ), Sans-serif;\">\u00a0<\/span><\/strong><\/p><p><span class=\"break-words\n      \"><span dir=\"ltr\"><strong>Mikrohacim \u00f6l\u00e7\u00fcm ve spektrofotometre cihaz\u0131 olan Dynamica DNAmaster&#8217;\u0131n ise d\u00f6rt farkl\u0131 i\u015flevi vard\u0131r:<\/strong><br \/><br \/><strong>1) N\u00fckleik Asit Analizi<\/strong><br \/><br \/><strong>DNAmaster; n\u00fckleik asitlerin miktar\u0131n\u0131n belirlenmesinde \u00e7ift sarmall\u0131 DNA, tek sarmall\u0131 DNA, RNA veya oligon\u00fckleotitler gibi farkl\u0131 n\u00fckleik asitler i\u00e7in belirlenen dalga boyunda ald\u0131\u011f\u0131 absorbans \u00f6l\u00e7\u00fcmlerini do\u011frudan konsantrasyon birimlerine d\u00f6n\u00fc\u015ft\u00fcr\u00fcr. <\/strong><br \/><strong>DNAmaster&#8217;\u0131n \u00e7ift sarmall\u0131 DNA i\u00e7in deteksiyon limiti 20 ng\/\u03bcl&#8217;dir.<\/strong><br \/><br \/><strong>2) Protein Analizi<\/strong><br \/><br \/><strong>DNAmaster; Bradford, Lowry, Biuret ve BCA gibi \u00e7e\u015fitli kolorimetrik analizlerden protein konsantrasyonlar\u0131n\u0131 rahatl\u0131kla \u00f6l\u00e7er.<\/strong><br \/><strong>Say\u0131sal verilere ek olarak standart kalibrasyon e\u011frisi g\u00f6r\u00fcnt\u00fclenebilir. <\/strong><br \/><strong>Ayr\u0131ca 280 nm&#8217;de tek ba\u015f\u0131na proteini veya 246 nm&#8217;de absorbe edilen protein-boya komplekslerini \u00f6l\u00e7er.<\/strong><br \/><br \/><strong>3) H\u00fccre K\u00fclt\u00fcr\u00fcnde Optik Dansite<\/strong><br \/><br \/><strong>DNAmaster ayr\u0131ca 600 nm&#8217;de bakteriyel h\u00fccre yo\u011funlu\u011funu da \u00f6l\u00e7er. Yakla\u015f\u0131k 0,4 birimlik absorbans okumalar\u0131, eksponansiyel b\u00fcy\u00fcme faz\u0131nda, h\u00fccrelerin toplanmas\u0131 veya h\u00fccrelerin ind\u00fcksiyonu i\u00e7in en uygun an\u0131 belirlemenize yard\u0131mc\u0131 olur.<\/strong><br \/><br \/><strong>4) Spektrofotometri<\/strong><br \/><br \/><strong>DNAmaster, Ultramicro h\u00fccreyle veya standart kuvars-cam k\u00fcvetle kullan\u0131m i\u00e7in konvansiyonel bir spektrofotometre g\u00f6revi de g\u00f6r\u00fcr.<\/strong><br \/><strong>Absorbans modunda kullan\u0131c\u0131 taraf\u0131ndan tan\u0131mlanan 6&#8217;ya kadar dalga boyu i\u00e7in \u00e7oklu dalga boyu fotometrisi dahil olmak \u00fczere absorbans veya y\u00fczde ge\u00e7irgenlik (transmittance) modunda tek dalga boyu fotometrisi ger\u00e7ekle\u015ftirir.<\/strong><br \/><strong>Di\u011fer i\u015flevleri aras\u0131nda dalga boyu taramalar\u0131, kinetik \u00e7al\u0131\u015fmalar i\u00e7in zaman aral\u0131\u011f\u0131 taramalar\u0131 ve standart e\u011frilerden konsantrasyon hesaplamalar\u0131 yer al\u0131r.<\/strong><br \/><\/span><\/span><\/p><p>\u00a0<\/p>\t\t\t\t\t\t\t\t<\/div>\n\t\t\t\t<\/div>\n\t\t\t\t\t<\/div>\n\t\t<\/div>\n\t\t\t\t\t<\/div>\n\t\t<\/section>\n\t\t\t\t<section class=\"elementor-section elementor-top-section elementor-element elementor-element-bee4fa1 elementor-section-boxed elementor-section-height-default elementor-section-height-default qodef-elementor-content-no\" data-id=\"bee4fa1\" data-element_type=\"section\" data-e-type=\"section\">\n\t\t\t\t\t\t<div class=\"elementor-container elementor-column-gap-default\">\n\t\t\t\t\t<div class=\"elementor-column elementor-col-100 elementor-top-column elementor-element elementor-element-e4f66ab\" data-id=\"e4f66ab\" data-element_type=\"column\" data-e-type=\"column\">\n\t\t\t<div class=\"elementor-widget-wrap elementor-element-populated\">\n\t\t\t\t\t\t<div class=\"elementor-element elementor-element-b15f62d qodef-standard-images-on-top--no elementor-widget elementor-widget-qi_addons_for_elementor_interactive_link_showcase\" data-id=\"b15f62d\" data-element_type=\"widget\" data-e-type=\"widget\" data-widget_type=\"qi_addons_for_elementor_interactive_link_showcase.default\">\n\t\t\t\t<div class=\"elementor-widget-container\">\n\t\t\t\t\t<div class=\"qodef-shortcode qodef-m qodef-qi-interactive-link-showcase qodef-layout--standard qodef-hover--underline\">\n\t<div class=\"qodef-m-items\">\n\t\t<a itemprop=\"url\" class=\"qodef-m-item qodef-e\" href=\"https:\/\/dynamica-sci.com\/\" target=\"_blank\">\n\t<span class=\"qodef-e-title\"><span class=\"qodef-e-inner-title\">Dynamica Scientific Ltd. \u00fcr\u00fcnlerini incelemek i\u00e7in t\u0131klay\u0131n<\/span><\/span>\n\t<\/a>\n\t<\/div>\n\t<div class=\"qodef-m-images\">\n\t\t<div class=\"qodef-e-image qodef-position--left elementor-repeater-item-58cc3d4\">\n\t<img decoding=\"async\" width=\"2003\" height=\"705\" src=\"https:\/\/krosgen.com\/wp-content\/uploads\/2024\/01\/17-dynamica-logo.png\" class=\"attachment-full size-full\" alt=\"\" \/><\/div>\n\t<\/div>\n<\/div>\n\t\t\t\t<\/div>\n\t\t\t\t<\/div>\n\t\t\t\t\t<\/div>\n\t\t<\/div>\n\t\t\t\t\t<\/div>\n\t\t<\/section>\n\t\t\t\t<\/div>\n\t\t","protected":false},"excerpt":{"rendered":"<p>Dynamica Scientific Ltd., santrif\u00fcj ve DNA analiz\u00f6r\u00fc teknolojilerini geli\u015ftirmeye odaklanan, Birle\u015fik Krall\u0131k merkezli bir firmad\u0131r. Mikro santrif\u00fcjler, y\u00fcksek h\u0131zl\u0131 santrif\u00fcjler ve \u00e7ok y\u00f6nl\u00fc santrif\u00fcjler dahil olmak \u00fczere farkl\u0131 uygulamalar i\u00e7in \u00e7e\u015fitli santrif\u00fcj \u00e7e\u015fitleri sunmaktad\u0131rlar.\u00a0 Mikrohacim \u00f6l\u00e7\u00fcm ve spektrofotometre cihaz\u0131 olan Dynamica DNAmaster&#8217;\u0131n ise d\u00f6rt farkl\u0131 i\u015flevi vard\u0131r: 1) N\u00fckleik Asit Analizi DNAmaster; n\u00fckleik asitlerin miktar\u0131n\u0131n [&hellip;]<\/p>\n","protected":false},"author":1,"featured_media":0,"parent":0,"menu_order":0,"comment_status":"closed","ping_status":"closed","template":"","meta":{"footnotes":""},"class_list":["post-18323","page","type-page","status-publish","hentry"],"yoast_head":"<!-- This site is optimized with the Yoast SEO plugin v27.2 - https:\/\/yoast.com\/product\/yoast-seo-wordpress\/ -->\n<title>Dynamica - Krosgen<\/title>\n<meta name=\"robots\" content=\"index, follow, max-snippet:-1, max-image-preview:large, max-video-preview:-1\" \/>\n<link rel=\"canonical\" href=\"https:\/\/krosgen.com\/index.php\/dynamica\/\" \/>\n<meta property=\"og:locale\" content=\"tr_TR\" \/>\n<meta property=\"og:type\" content=\"article\" \/>\n<meta property=\"og:title\" content=\"Dynamica - Krosgen\" \/>\n<meta property=\"og:description\" content=\"Dynamica Scientific Ltd., santrif\u00fcj ve DNA analiz\u00f6r\u00fc teknolojilerini geli\u015ftirmeye odaklanan, Birle\u015fik Krall\u0131k merkezli bir firmad\u0131r. Mikro santrif\u00fcjler, y\u00fcksek h\u0131zl\u0131 santrif\u00fcjler ve \u00e7ok y\u00f6nl\u00fc santrif\u00fcjler dahil olmak \u00fczere farkl\u0131 uygulamalar i\u00e7in \u00e7e\u015fitli santrif\u00fcj \u00e7e\u015fitleri sunmaktad\u0131rlar.\u00a0 Mikrohacim \u00f6l\u00e7\u00fcm ve spektrofotometre cihaz\u0131 olan Dynamica DNAmaster&#8217;\u0131n ise d\u00f6rt farkl\u0131 i\u015flevi vard\u0131r: 1) N\u00fckleik Asit Analizi DNAmaster; n\u00fckleik asitlerin miktar\u0131n\u0131n [&hellip;]\" \/>\n<meta property=\"og:url\" content=\"https:\/\/krosgen.com\/index.php\/dynamica\/\" \/>\n<meta property=\"og:site_name\" content=\"Krosgen\" \/>\n<meta property=\"article:modified_time\" content=\"2024-01-29T10:53:07+00:00\" \/>\n<meta property=\"og:image\" content=\"https:\/\/krosgen.com\/wp-content\/uploads\/2024\/01\/17-dynamica-logo.png\" \/>\n<meta name=\"twitter:card\" content=\"summary_large_image\" \/>\n<meta name=\"twitter:label1\" content=\"Tahmini okuma s\u00fcresi\" \/>\n\t<meta name=\"twitter:data1\" content=\"2 dakika\" \/>\n<script type=\"application\/ld+json\" class=\"yoast-schema-graph\">{\"@context\":\"https:\/\/schema.org\",\"@graph\":[{\"@type\":\"WebPage\",\"@id\":\"https:\/\/krosgen.com\/index.php\/dynamica\/\",\"url\":\"https:\/\/krosgen.com\/index.php\/dynamica\/\",\"name\":\"Dynamica - Krosgen\",\"isPartOf\":{\"@id\":\"https:\/\/krosgen.com\/#website\"},\"primaryImageOfPage\":{\"@id\":\"https:\/\/krosgen.com\/index.php\/dynamica\/#primaryimage\"},\"image\":{\"@id\":\"https:\/\/krosgen.com\/index.php\/dynamica\/#primaryimage\"},\"thumbnailUrl\":\"https:\/\/krosgen.com\/wp-content\/uploads\/2024\/01\/17-dynamica-logo.png\",\"datePublished\":\"2024-01-29T10:35:19+00:00\",\"dateModified\":\"2024-01-29T10:53:07+00:00\",\"breadcrumb\":{\"@id\":\"https:\/\/krosgen.com\/index.php\/dynamica\/#breadcrumb\"},\"inLanguage\":\"tr\",\"potentialAction\":[{\"@type\":\"ReadAction\",\"target\":[\"https:\/\/krosgen.com\/index.php\/dynamica\/\"]}]},{\"@type\":\"ImageObject\",\"inLanguage\":\"tr\",\"@id\":\"https:\/\/krosgen.com\/index.php\/dynamica\/#primaryimage\",\"url\":\"https:\/\/krosgen.com\/wp-content\/uploads\/2024\/01\/17-dynamica-logo.png\",\"contentUrl\":\"https:\/\/krosgen.com\/wp-content\/uploads\/2024\/01\/17-dynamica-logo.png\",\"width\":2003,\"height\":705},{\"@type\":\"BreadcrumbList\",\"@id\":\"https:\/\/krosgen.com\/index.php\/dynamica\/#breadcrumb\",\"itemListElement\":[{\"@type\":\"ListItem\",\"position\":1,\"name\":\"Home\",\"item\":\"https:\/\/krosgen.com\/\"},{\"@type\":\"ListItem\",\"position\":2,\"name\":\"Dynamica\"}]},{\"@type\":\"WebSite\",\"@id\":\"https:\/\/krosgen.com\/#website\",\"url\":\"https:\/\/krosgen.com\/\",\"name\":\"Krosgen\",\"description\":\"Krosgen Biotechnology\",\"publisher\":{\"@id\":\"https:\/\/krosgen.com\/#organization\"},\"potentialAction\":[{\"@type\":\"SearchAction\",\"target\":{\"@type\":\"EntryPoint\",\"urlTemplate\":\"https:\/\/krosgen.com\/?s={search_term_string}\"},\"query-input\":{\"@type\":\"PropertyValueSpecification\",\"valueRequired\":true,\"valueName\":\"search_term_string\"}}],\"inLanguage\":\"tr\"},{\"@type\":\"Organization\",\"@id\":\"https:\/\/krosgen.com\/#organization\",\"name\":\"Krosgen Biotechnology\",\"url\":\"https:\/\/krosgen.com\/\",\"logo\":{\"@type\":\"ImageObject\",\"inLanguage\":\"tr\",\"@id\":\"https:\/\/krosgen.com\/#\/schema\/logo\/image\/\",\"url\":\"https:\/\/krosgen.com\/wp-content\/uploads\/2022\/05\/KROSGEN-LOGO_001.png\",\"contentUrl\":\"https:\/\/krosgen.com\/wp-content\/uploads\/2022\/05\/KROSGEN-LOGO_001.png\",\"width\":7016,\"height\":1700,\"caption\":\"Krosgen Biotechnology\"},\"image\":{\"@id\":\"https:\/\/krosgen.com\/#\/schema\/logo\/image\/\"},\"sameAs\":[\"https:\/\/www.linkedin.com\/company\/krosgen\"]}]}<\/script>\n<!-- \/ Yoast SEO plugin. -->","yoast_head_json":{"title":"Dynamica - Krosgen","robots":{"index":"index","follow":"follow","max-snippet":"max-snippet:-1","max-image-preview":"max-image-preview:large","max-video-preview":"max-video-preview:-1"},"canonical":"https:\/\/krosgen.com\/index.php\/dynamica\/","og_locale":"tr_TR","og_type":"article","og_title":"Dynamica - Krosgen","og_description":"Dynamica Scientific Ltd., santrif\u00fcj ve DNA analiz\u00f6r\u00fc teknolojilerini geli\u015ftirmeye odaklanan, Birle\u015fik Krall\u0131k merkezli bir firmad\u0131r. Mikro santrif\u00fcjler, y\u00fcksek h\u0131zl\u0131 santrif\u00fcjler ve \u00e7ok y\u00f6nl\u00fc santrif\u00fcjler dahil olmak \u00fczere farkl\u0131 uygulamalar i\u00e7in \u00e7e\u015fitli santrif\u00fcj \u00e7e\u015fitleri sunmaktad\u0131rlar.\u00a0 Mikrohacim \u00f6l\u00e7\u00fcm ve spektrofotometre cihaz\u0131 olan Dynamica DNAmaster&#8217;\u0131n ise d\u00f6rt farkl\u0131 i\u015flevi vard\u0131r: 1) N\u00fckleik Asit Analizi DNAmaster; n\u00fckleik asitlerin miktar\u0131n\u0131n [&hellip;]","og_url":"https:\/\/krosgen.com\/index.php\/dynamica\/","og_site_name":"Krosgen","article_modified_time":"2024-01-29T10:53:07+00:00","og_image":[{"url":"https:\/\/krosgen.com\/wp-content\/uploads\/2024\/01\/17-dynamica-logo.png","type":"","width":"","height":""}],"twitter_card":"summary_large_image","twitter_misc":{"Tahmini okuma s\u00fcresi":"2 dakika"},"schema":{"@context":"https:\/\/schema.org","@graph":[{"@type":"WebPage","@id":"https:\/\/krosgen.com\/index.php\/dynamica\/","url":"https:\/\/krosgen.com\/index.php\/dynamica\/","name":"Dynamica - Krosgen","isPartOf":{"@id":"https:\/\/krosgen.com\/#website"},"primaryImageOfPage":{"@id":"https:\/\/krosgen.com\/index.php\/dynamica\/#primaryimage"},"image":{"@id":"https:\/\/krosgen.com\/index.php\/dynamica\/#primaryimage"},"thumbnailUrl":"https:\/\/krosgen.com\/wp-content\/uploads\/2024\/01\/17-dynamica-logo.png","datePublished":"2024-01-29T10:35:19+00:00","dateModified":"2024-01-29T10:53:07+00:00","breadcrumb":{"@id":"https:\/\/krosgen.com\/index.php\/dynamica\/#breadcrumb"},"inLanguage":"tr","potentialAction":[{"@type":"ReadAction","target":["https:\/\/krosgen.com\/index.php\/dynamica\/"]}]},{"@type":"ImageObject","inLanguage":"tr","@id":"https:\/\/krosgen.com\/index.php\/dynamica\/#primaryimage","url":"https:\/\/krosgen.com\/wp-content\/uploads\/2024\/01\/17-dynamica-logo.png","contentUrl":"https:\/\/krosgen.com\/wp-content\/uploads\/2024\/01\/17-dynamica-logo.png","width":2003,"height":705},{"@type":"BreadcrumbList","@id":"https:\/\/krosgen.com\/index.php\/dynamica\/#breadcrumb","itemListElement":[{"@type":"ListItem","position":1,"name":"Home","item":"https:\/\/krosgen.com\/"},{"@type":"ListItem","position":2,"name":"Dynamica"}]},{"@type":"WebSite","@id":"https:\/\/krosgen.com\/#website","url":"https:\/\/krosgen.com\/","name":"Krosgen","description":"Krosgen Biotechnology","publisher":{"@id":"https:\/\/krosgen.com\/#organization"},"potentialAction":[{"@type":"SearchAction","target":{"@type":"EntryPoint","urlTemplate":"https:\/\/krosgen.com\/?s={search_term_string}"},"query-input":{"@type":"PropertyValueSpecification","valueRequired":true,"valueName":"search_term_string"}}],"inLanguage":"tr"},{"@type":"Organization","@id":"https:\/\/krosgen.com\/#organization","name":"Krosgen Biotechnology","url":"https:\/\/krosgen.com\/","logo":{"@type":"ImageObject","inLanguage":"tr","@id":"https:\/\/krosgen.com\/#\/schema\/logo\/image\/","url":"https:\/\/krosgen.com\/wp-content\/uploads\/2022\/05\/KROSGEN-LOGO_001.png","contentUrl":"https:\/\/krosgen.com\/wp-content\/uploads\/2022\/05\/KROSGEN-LOGO_001.png","width":7016,"height":1700,"caption":"Krosgen Biotechnology"},"image":{"@id":"https:\/\/krosgen.com\/#\/schema\/logo\/image\/"},"sameAs":["https:\/\/www.linkedin.com\/company\/krosgen"]}]}},"jetpack_sharing_enabled":true,"_links":{"self":[{"href":"https:\/\/krosgen.com\/index.php\/wp-json\/wp\/v2\/pages\/18323","targetHints":{"allow":["GET"]}}],"collection":[{"href":"https:\/\/krosgen.com\/index.php\/wp-json\/wp\/v2\/pages"}],"about":[{"href":"https:\/\/krosgen.com\/index.php\/wp-json\/wp\/v2\/types\/page"}],"author":[{"embeddable":true,"href":"https:\/\/krosgen.com\/index.php\/wp-json\/wp\/v2\/users\/1"}],"replies":[{"embeddable":true,"href":"https:\/\/krosgen.com\/index.php\/wp-json\/wp\/v2\/comments?post=18323"}],"version-history":[{"count":6,"href":"https:\/\/krosgen.com\/index.php\/wp-json\/wp\/v2\/pages\/18323\/revisions"}],"predecessor-version":[{"id":18339,"href":"https:\/\/krosgen.com\/index.php\/wp-json\/wp\/v2\/pages\/18323\/revisions\/18339"}],"wp:attachment":[{"href":"https:\/\/krosgen.com\/index.php\/wp-json\/wp\/v2\/media?parent=18323"}],"curies":[{"name":"wp","href":"https:\/\/api.w.org\/{rel}","templated":true}]}}