{"id":18389,"date":"2024-03-22T12:02:51","date_gmt":"2024-03-22T09:02:51","guid":{"rendered":"https:\/\/krosgen.com\/?page_id=18389"},"modified":"2024-03-22T16:32:10","modified_gmt":"2024-03-22T13:32:10","slug":"froilabo","status":"publish","type":"page","link":"https:\/\/krosgen.com\/index.php\/froilabo\/","title":{"rendered":"Froilabo"},"content":{"rendered":"\t\t<div data-elementor-type=\"wp-page\" data-elementor-id=\"18389\" class=\"elementor elementor-18389\">\n\t\t\t\t\t\t<section class=\"elementor-section elementor-top-section elementor-element elementor-element-d85e1ad elementor-section-boxed elementor-section-height-default elementor-section-height-default qodef-elementor-content-no\" data-id=\"d85e1ad\" data-element_type=\"section\" data-e-type=\"section\">\n\t\t\t\t\t\t<div class=\"elementor-container elementor-column-gap-default\">\n\t\t\t\t\t<div class=\"elementor-column elementor-col-100 elementor-top-column elementor-element elementor-element-4b18cbd\" data-id=\"4b18cbd\" data-element_type=\"column\" data-e-type=\"column\">\n\t\t\t<div class=\"elementor-widget-wrap elementor-element-populated\">\n\t\t\t\t\t\t<div class=\"elementor-element elementor-element-52ed138 elementor-widget elementor-widget-slider_revolution\" data-id=\"52ed138\" data-element_type=\"widget\" data-e-type=\"widget\" data-widget_type=\"slider_revolution.default\">\n\t\t\t\t<div class=\"elementor-widget-container\">\n\t\t\t\t\t\n\t\t<div class=\"wp-block-themepunch-revslider\">\n\t\t\t<!-- START 34froilabo REVOLUTION SLIDER 6.5.9 --><p class=\"rs-p-wp-fix\"><\/p>\n\t\t\t<rs-module-wrap id=\"rev_slider_57_1_wrapper\" data-source=\"gallery\" style=\"visibility:hidden;background:#f5f5f5;padding:0;margin:0px auto;margin-top:0;margin-bottom:0;\">\n\t\t\t\t<rs-module id=\"rev_slider_57_1\" style=\"\" data-version=\"6.5.9\">\n\t\t\t\t\t<rs-slides>\n\t\t\t\t\t\t<rs-slide style=\"position: absolute;\" data-key=\"rs-193\" data-title=\"1\" data-in=\"o:0;\" data-out=\"a:false;\">\n\t\t\t\t\t\t\t<img fetchpriority=\"high\" decoding=\"async\" src=\"\/\/krosgen.com\/wp-content\/plugins\/revslider\/public\/assets\/assets\/dummy.png\" title=\"PRODUCTS-ALL-LANDING\" width=\"2000\" height=\"1000\" class=\"rev-slidebg tp-rs-img rs-lazyload\" data-lazyload=\"\/\/krosgen.com\/wp-content\/uploads\/2024\/03\/PRODUCTS-ALL-LANDING.png\" data-bg=\"p:center top;\" data-panzoom=\"d:10000;ss:100%;se:105%;oe:0px\/50px;\" data-no-retina>\n<!--\n\t\t\t\t\t\t\t--><rs-layer\n\t\t\t\t\t\t\t\tid=\"slider-57-slide-193-layer-1\" \n\t\t\t\t\t\t\t\tdata-type=\"text\"\n\t\t\t\t\t\t\t\tdata-color=\"#5ac8fa\"\n\t\t\t\t\t\t\t\tdata-xy=\"xo:0,-4px,0,0;y:m;yo:214px,-97px,-95px,70px;\"\n\t\t\t\t\t\t\t\tdata-text=\"w:normal;s:35,35,35,30;l:30,30,30,40;ls:1px;fw:400,400,400,500;\"\n\t\t\t\t\t\t\t\tdata-dim=\"w:auto,auto,569px,275px;\"\n\t\t\t\t\t\t\t\tdata-rsp_o=\"off\"\n\t\t\t\t\t\t\t\tdata-rsp_bd=\"off\"\n\t\t\t\t\t\t\t\tdata-frame_0=\"x:34px;\"\n\t\t\t\t\t\t\t\tdata-frame_1=\"sp:700;\"\n\t\t\t\t\t\t\t\tdata-frame_999=\"o:0;st:w;\"\n\t\t\t\t\t\t\t\tstyle=\"z-index:8;font-family:'Raleway';\"\n\t\t\t\t\t\t\t>Froilabo \n\t\t\t\t\t\t\t<\/rs-layer><!--\n-->\t\t\t\t\t\t<\/rs-slide>\n\t\t\t\t\t<\/rs-slides>\n\t\t\t\t<\/rs-module>\n\t\t\t\t<script type=\"text\/javascript\">\n\t\t\t\t\tsetREVStartSize({c: 'rev_slider_57_1',rl:[1240,1024,778,480],el:[700,540,800,570],gw:[1400,1100,660,300],gh:[700,540,800,570],type:'standard',justify:'',layout:'fullwidth',mh:\"0\"});if (window.RS_MODULES!==undefined && window.RS_MODULES.modules!==undefined && window.RS_MODULES.modules[\"revslider571\"]!==undefined) {window.RS_MODULES.modules[\"revslider571\"].once = false;window.revapi57 = undefined;if (window.RS_MODULES.checkMinimal!==undefined) window.RS_MODULES.checkMinimal()}\n\t\t\t\t<\/script>\n\t\t\t<\/rs-module-wrap>\n\t\t\t<!-- END REVOLUTION SLIDER -->\n<\/div>\n\n\t\t\t\t\t\t<\/div>\n\t\t\t\t<\/div>\n\t\t\t\t\t<\/div>\n\t\t<\/div>\n\t\t\t\t\t<\/div>\n\t\t<\/section>\n\t\t\t\t<section class=\"elementor-section elementor-top-section elementor-element elementor-element-77af32d elementor-section-boxed elementor-section-height-default elementor-section-height-default qodef-elementor-content-no\" data-id=\"77af32d\" data-element_type=\"section\" data-e-type=\"section\">\n\t\t\t\t\t\t<div class=\"elementor-container elementor-column-gap-default\">\n\t\t\t\t\t<div class=\"elementor-column elementor-col-100 elementor-top-column elementor-element elementor-element-8f0294c\" data-id=\"8f0294c\" data-element_type=\"column\" data-e-type=\"column\">\n\t\t\t<div class=\"elementor-widget-wrap elementor-element-populated\">\n\t\t\t\t\t\t<div class=\"elementor-element elementor-element-29e8cfa elementor-widget elementor-widget-text-editor\" data-id=\"29e8cfa\" data-element_type=\"widget\" data-e-type=\"widget\" data-widget_type=\"text-editor.default\">\n\t\t\t\t<div class=\"elementor-widget-container\">\n\t\t\t\t\t\t\t\t\t<p><strong>Froilabo, derin dondurucular, et\u00fcvler ve ink\u00fcbat\u00f6rler \u00fczerine y\u00fcz y\u0131ldan fazla bir s\u00fcredir \u00e7al\u0131\u015fan Fransa men\u015feili bir firmad\u0131r.<\/strong><\/p><p><strong>S\u0131radan dondurucular\u0131n aksine, ULT dondurucular -86\u00b0C&#8217;ye kadar d\u00fc\u015f\u00fck hassas s\u0131cakl\u0131klar\u0131 korur; enzimlerin, h\u00fccrelerin, dokular\u0131n ve di\u011fer yeri doldurulamaz malzemelerin uzun s\u00fcreli depolanmas\u0131 i\u00e7in m\u00fckemmeldir.<\/strong><\/p><p><strong>Herhangi bir aksilik ya\u015fanmamas\u0131 ve sonucunda laboratuvarlardaki \u00e7al\u0131\u015fmalar\u0131n zarar g\u00f6rmemesi i\u00e7in Froilabo ULT dondurucular, alarm sistemleri, yedek so\u011futma ve g\u00fcvenli kilitleme mekanizmalar\u0131 gibi geli\u015fmi\u015f \u00f6zellikleriyle kullan\u0131c\u0131ya rahatl\u0131k ve g\u00fcvenlik sa\u011flar.<\/strong><\/p><p><strong>Yatay ve dikey modellere sahip -86\u00b0C Ultra D\u00fc\u015f\u00fck S\u0131cakl\u0131k (ULT) Derin Dondurucular, numunelerinizin her zaman maksimum d\u00fczeyde korunmas\u0131n\u0131 garanti eder.<\/strong><\/p><p><strong>Kapsaml\u0131 \u00fcr\u00fcn yelpazesi, 72.000 flakona (2 mL) kadar e\u015fde\u011fer depolama anlam\u0131na gelen, 175 L&#8217;den 1000 L&#8217;ye kadar de\u011fi\u015fen hacimlerde her laboratuvar i\u00e7in farkl\u0131 \u00e7\u00f6z\u00fcmler i\u00e7erir.<\/strong><\/p>\t\t\t\t\t\t\t\t<\/div>\n\t\t\t\t<\/div>\n\t\t\t\t<div class=\"elementor-element elementor-element-163c756 qodef-standard-images-on-top--no elementor-widget elementor-widget-qi_addons_for_elementor_interactive_link_showcase\" data-id=\"163c756\" data-element_type=\"widget\" data-e-type=\"widget\" data-widget_type=\"qi_addons_for_elementor_interactive_link_showcase.default\">\n\t\t\t\t<div class=\"elementor-widget-container\">\n\t\t\t\t\t<div class=\"qodef-shortcode qodef-m qodef-qi-interactive-link-showcase qodef-layout--standard qodef-hover--underline\">\n\t<div class=\"qodef-m-items\">\n\t\t<a itemprop=\"url\" class=\"qodef-m-item qodef-e\" href=\"https:\/\/www.froilabo.com\/products\/\" target=\"_blank\">\n\t<span class=\"qodef-e-title\"><span class=\"qodef-e-inner-title\">Froilabo \u00dcr\u00fcnlerini \u0130ncelemek \u0130\u00e7in T\u0131klay\u0131n<\/span><\/span>\n\t<\/a>\n\t<\/div>\n\t<div class=\"qodef-m-images\">\n\t\t<div class=\"qodef-e-image qodef-position--left elementor-repeater-item-831d26a\">\n\t<img decoding=\"async\" width=\"893\" height=\"466\" src=\"https:\/\/krosgen.com\/wp-content\/uploads\/2024\/03\/BM-340-L-e1630581452170.png\" class=\"attachment-full size-full\" alt=\"\" \/><\/div>\n\t<\/div>\n<\/div>\n\t\t\t\t<\/div>\n\t\t\t\t<\/div>\n\t\t\t\t\t<\/div>\n\t\t<\/div>\n\t\t\t\t\t<\/div>\n\t\t<\/section>\n\t\t\t\t<\/div>\n\t\t","protected":false},"excerpt":{"rendered":"<p>Froilabo, derin dondurucular, et\u00fcvler ve ink\u00fcbat\u00f6rler \u00fczerine y\u00fcz y\u0131ldan fazla bir s\u00fcredir \u00e7al\u0131\u015fan Fransa men\u015feili bir firmad\u0131r. S\u0131radan dondurucular\u0131n aksine, ULT dondurucular -86\u00b0C&#8217;ye kadar d\u00fc\u015f\u00fck hassas s\u0131cakl\u0131klar\u0131 korur; enzimlerin, h\u00fccrelerin, dokular\u0131n ve di\u011fer yeri doldurulamaz malzemelerin uzun s\u00fcreli depolanmas\u0131 i\u00e7in m\u00fckemmeldir. Herhangi bir aksilik ya\u015fanmamas\u0131 ve sonucunda laboratuvarlardaki \u00e7al\u0131\u015fmalar\u0131n zarar g\u00f6rmemesi i\u00e7in Froilabo ULT dondurucular, [&hellip;]<\/p>\n","protected":false},"author":1,"featured_media":0,"parent":0,"menu_order":0,"comment_status":"closed","ping_status":"closed","template":"","meta":{"footnotes":""},"class_list":["post-18389","page","type-page","status-publish","hentry"],"yoast_head":"<!-- This site is optimized with the Yoast SEO plugin v27.2 - https:\/\/yoast.com\/product\/yoast-seo-wordpress\/ -->\n<title>Froilabo - Krosgen<\/title>\n<meta name=\"robots\" content=\"index, follow, max-snippet:-1, max-image-preview:large, max-video-preview:-1\" \/>\n<link rel=\"canonical\" href=\"https:\/\/krosgen.com\/index.php\/froilabo\/?lang=en\" \/>\n<meta property=\"og:locale\" content=\"tr_TR\" \/>\n<meta property=\"og:type\" content=\"article\" \/>\n<meta property=\"og:title\" content=\"Froilabo - Krosgen\" \/>\n<meta property=\"og:description\" content=\"Froilabo, derin dondurucular, et\u00fcvler ve ink\u00fcbat\u00f6rler \u00fczerine y\u00fcz y\u0131ldan fazla bir s\u00fcredir \u00e7al\u0131\u015fan Fransa men\u015feili bir firmad\u0131r. S\u0131radan dondurucular\u0131n aksine, ULT dondurucular -86\u00b0C&#8217;ye kadar d\u00fc\u015f\u00fck hassas s\u0131cakl\u0131klar\u0131 korur; enzimlerin, h\u00fccrelerin, dokular\u0131n ve di\u011fer yeri doldurulamaz malzemelerin uzun s\u00fcreli depolanmas\u0131 i\u00e7in m\u00fckemmeldir. Herhangi bir aksilik ya\u015fanmamas\u0131 ve sonucunda laboratuvarlardaki \u00e7al\u0131\u015fmalar\u0131n zarar g\u00f6rmemesi i\u00e7in Froilabo ULT dondurucular, [&hellip;]\" \/>\n<meta property=\"og:url\" content=\"https:\/\/krosgen.com\/index.php\/froilabo\/?lang=en\" \/>\n<meta property=\"og:site_name\" content=\"Krosgen\" \/>\n<meta property=\"article:modified_time\" content=\"2024-03-22T13:32:10+00:00\" \/>\n<meta property=\"og:image\" content=\"https:\/\/krosgen.com\/wp-content\/uploads\/2024\/03\/BM-340-L-e1630581452170.png\" \/>\n<meta name=\"twitter:card\" content=\"summary_large_image\" \/>\n<meta name=\"twitter:label1\" content=\"Tahmini okuma s\u00fcresi\" \/>\n\t<meta name=\"twitter:data1\" content=\"1 dakika\" \/>\n<script type=\"application\/ld+json\" class=\"yoast-schema-graph\">{\"@context\":\"https:\/\/schema.org\",\"@graph\":[{\"@type\":\"WebPage\",\"@id\":\"https:\/\/krosgen.com\/index.php\/froilabo\/?lang=en\",\"url\":\"https:\/\/krosgen.com\/index.php\/froilabo\/?lang=en\",\"name\":\"Froilabo - Krosgen\",\"isPartOf\":{\"@id\":\"https:\/\/krosgen.com\/#website\"},\"primaryImageOfPage\":{\"@id\":\"https:\/\/krosgen.com\/index.php\/froilabo\/?lang=en#primaryimage\"},\"image\":{\"@id\":\"https:\/\/krosgen.com\/index.php\/froilabo\/?lang=en#primaryimage\"},\"thumbnailUrl\":\"https:\/\/krosgen.com\/wp-content\/uploads\/2024\/03\/BM-340-L-e1630581452170.png\",\"datePublished\":\"2024-03-22T09:02:51+00:00\",\"dateModified\":\"2024-03-22T13:32:10+00:00\",\"breadcrumb\":{\"@id\":\"https:\/\/krosgen.com\/index.php\/froilabo\/?lang=en#breadcrumb\"},\"inLanguage\":\"tr\",\"potentialAction\":[{\"@type\":\"ReadAction\",\"target\":[\"https:\/\/krosgen.com\/index.php\/froilabo\/?lang=en\"]}]},{\"@type\":\"ImageObject\",\"inLanguage\":\"tr\",\"@id\":\"https:\/\/krosgen.com\/index.php\/froilabo\/?lang=en#primaryimage\",\"url\":\"https:\/\/krosgen.com\/wp-content\/uploads\/2024\/03\/BM-340-L-e1630581452170.png\",\"contentUrl\":\"https:\/\/krosgen.com\/wp-content\/uploads\/2024\/03\/BM-340-L-e1630581452170.png\",\"width\":893,\"height\":466},{\"@type\":\"BreadcrumbList\",\"@id\":\"https:\/\/krosgen.com\/index.php\/froilabo\/?lang=en#breadcrumb\",\"itemListElement\":[{\"@type\":\"ListItem\",\"position\":1,\"name\":\"Home\",\"item\":\"https:\/\/krosgen.com\/\"},{\"@type\":\"ListItem\",\"position\":2,\"name\":\"Froilabo\"}]},{\"@type\":\"WebSite\",\"@id\":\"https:\/\/krosgen.com\/#website\",\"url\":\"https:\/\/krosgen.com\/\",\"name\":\"Krosgen\",\"description\":\"Krosgen Biotechnology\",\"publisher\":{\"@id\":\"https:\/\/krosgen.com\/#organization\"},\"potentialAction\":[{\"@type\":\"SearchAction\",\"target\":{\"@type\":\"EntryPoint\",\"urlTemplate\":\"https:\/\/krosgen.com\/?s={search_term_string}\"},\"query-input\":{\"@type\":\"PropertyValueSpecification\",\"valueRequired\":true,\"valueName\":\"search_term_string\"}}],\"inLanguage\":\"tr\"},{\"@type\":\"Organization\",\"@id\":\"https:\/\/krosgen.com\/#organization\",\"name\":\"Krosgen Biotechnology\",\"url\":\"https:\/\/krosgen.com\/\",\"logo\":{\"@type\":\"ImageObject\",\"inLanguage\":\"tr\",\"@id\":\"https:\/\/krosgen.com\/#\/schema\/logo\/image\/\",\"url\":\"https:\/\/krosgen.com\/wp-content\/uploads\/2022\/05\/KROSGEN-LOGO_001.png\",\"contentUrl\":\"https:\/\/krosgen.com\/wp-content\/uploads\/2022\/05\/KROSGEN-LOGO_001.png\",\"width\":7016,\"height\":1700,\"caption\":\"Krosgen Biotechnology\"},\"image\":{\"@id\":\"https:\/\/krosgen.com\/#\/schema\/logo\/image\/\"},\"sameAs\":[\"https:\/\/www.linkedin.com\/company\/krosgen\"]}]}<\/script>\n<!-- \/ Yoast SEO plugin. -->","yoast_head_json":{"title":"Froilabo - Krosgen","robots":{"index":"index","follow":"follow","max-snippet":"max-snippet:-1","max-image-preview":"max-image-preview:large","max-video-preview":"max-video-preview:-1"},"canonical":"https:\/\/krosgen.com\/index.php\/froilabo\/?lang=en","og_locale":"tr_TR","og_type":"article","og_title":"Froilabo - Krosgen","og_description":"Froilabo, derin dondurucular, et\u00fcvler ve ink\u00fcbat\u00f6rler \u00fczerine y\u00fcz y\u0131ldan fazla bir s\u00fcredir \u00e7al\u0131\u015fan Fransa men\u015feili bir firmad\u0131r. S\u0131radan dondurucular\u0131n aksine, ULT dondurucular -86\u00b0C&#8217;ye kadar d\u00fc\u015f\u00fck hassas s\u0131cakl\u0131klar\u0131 korur; enzimlerin, h\u00fccrelerin, dokular\u0131n ve di\u011fer yeri doldurulamaz malzemelerin uzun s\u00fcreli depolanmas\u0131 i\u00e7in m\u00fckemmeldir. Herhangi bir aksilik ya\u015fanmamas\u0131 ve sonucunda laboratuvarlardaki \u00e7al\u0131\u015fmalar\u0131n zarar g\u00f6rmemesi i\u00e7in Froilabo ULT dondurucular, [&hellip;]","og_url":"https:\/\/krosgen.com\/index.php\/froilabo\/?lang=en","og_site_name":"Krosgen","article_modified_time":"2024-03-22T13:32:10+00:00","og_image":[{"url":"https:\/\/krosgen.com\/wp-content\/uploads\/2024\/03\/BM-340-L-e1630581452170.png","type":"","width":"","height":""}],"twitter_card":"summary_large_image","twitter_misc":{"Tahmini okuma s\u00fcresi":"1 dakika"},"schema":{"@context":"https:\/\/schema.org","@graph":[{"@type":"WebPage","@id":"https:\/\/krosgen.com\/index.php\/froilabo\/?lang=en","url":"https:\/\/krosgen.com\/index.php\/froilabo\/?lang=en","name":"Froilabo - Krosgen","isPartOf":{"@id":"https:\/\/krosgen.com\/#website"},"primaryImageOfPage":{"@id":"https:\/\/krosgen.com\/index.php\/froilabo\/?lang=en#primaryimage"},"image":{"@id":"https:\/\/krosgen.com\/index.php\/froilabo\/?lang=en#primaryimage"},"thumbnailUrl":"https:\/\/krosgen.com\/wp-content\/uploads\/2024\/03\/BM-340-L-e1630581452170.png","datePublished":"2024-03-22T09:02:51+00:00","dateModified":"2024-03-22T13:32:10+00:00","breadcrumb":{"@id":"https:\/\/krosgen.com\/index.php\/froilabo\/?lang=en#breadcrumb"},"inLanguage":"tr","potentialAction":[{"@type":"ReadAction","target":["https:\/\/krosgen.com\/index.php\/froilabo\/?lang=en"]}]},{"@type":"ImageObject","inLanguage":"tr","@id":"https:\/\/krosgen.com\/index.php\/froilabo\/?lang=en#primaryimage","url":"https:\/\/krosgen.com\/wp-content\/uploads\/2024\/03\/BM-340-L-e1630581452170.png","contentUrl":"https:\/\/krosgen.com\/wp-content\/uploads\/2024\/03\/BM-340-L-e1630581452170.png","width":893,"height":466},{"@type":"BreadcrumbList","@id":"https:\/\/krosgen.com\/index.php\/froilabo\/?lang=en#breadcrumb","itemListElement":[{"@type":"ListItem","position":1,"name":"Home","item":"https:\/\/krosgen.com\/"},{"@type":"ListItem","position":2,"name":"Froilabo"}]},{"@type":"WebSite","@id":"https:\/\/krosgen.com\/#website","url":"https:\/\/krosgen.com\/","name":"Krosgen","description":"Krosgen Biotechnology","publisher":{"@id":"https:\/\/krosgen.com\/#organization"},"potentialAction":[{"@type":"SearchAction","target":{"@type":"EntryPoint","urlTemplate":"https:\/\/krosgen.com\/?s={search_term_string}"},"query-input":{"@type":"PropertyValueSpecification","valueRequired":true,"valueName":"search_term_string"}}],"inLanguage":"tr"},{"@type":"Organization","@id":"https:\/\/krosgen.com\/#organization","name":"Krosgen Biotechnology","url":"https:\/\/krosgen.com\/","logo":{"@type":"ImageObject","inLanguage":"tr","@id":"https:\/\/krosgen.com\/#\/schema\/logo\/image\/","url":"https:\/\/krosgen.com\/wp-content\/uploads\/2022\/05\/KROSGEN-LOGO_001.png","contentUrl":"https:\/\/krosgen.com\/wp-content\/uploads\/2022\/05\/KROSGEN-LOGO_001.png","width":7016,"height":1700,"caption":"Krosgen Biotechnology"},"image":{"@id":"https:\/\/krosgen.com\/#\/schema\/logo\/image\/"},"sameAs":["https:\/\/www.linkedin.com\/company\/krosgen"]}]}},"jetpack_sharing_enabled":true,"_links":{"self":[{"href":"https:\/\/krosgen.com\/index.php\/wp-json\/wp\/v2\/pages\/18389","targetHints":{"allow":["GET"]}}],"collection":[{"href":"https:\/\/krosgen.com\/index.php\/wp-json\/wp\/v2\/pages"}],"about":[{"href":"https:\/\/krosgen.com\/index.php\/wp-json\/wp\/v2\/types\/page"}],"author":[{"embeddable":true,"href":"https:\/\/krosgen.com\/index.php\/wp-json\/wp\/v2\/users\/1"}],"replies":[{"embeddable":true,"href":"https:\/\/krosgen.com\/index.php\/wp-json\/wp\/v2\/comments?post=18389"}],"version-history":[{"count":13,"href":"https:\/\/krosgen.com\/index.php\/wp-json\/wp\/v2\/pages\/18389\/revisions"}],"predecessor-version":[{"id":18430,"href":"https:\/\/krosgen.com\/index.php\/wp-json\/wp\/v2\/pages\/18389\/revisions\/18430"}],"wp:attachment":[{"href":"https:\/\/krosgen.com\/index.php\/wp-json\/wp\/v2\/media?parent=18389"}],"curies":[{"name":"wp","href":"https:\/\/api.w.org\/{rel}","templated":true}]}}