{"id":18483,"date":"2024-08-09T12:23:18","date_gmt":"2024-08-09T09:23:18","guid":{"rendered":"https:\/\/krosgen.com\/?page_id=18483"},"modified":"2024-08-09T15:00:37","modified_gmt":"2024-08-09T12:00:37","slug":"scitek","status":"publish","type":"page","link":"https:\/\/krosgen.com\/index.php\/scitek\/","title":{"rendered":"Scitek"},"content":{"rendered":"\t\t<div data-elementor-type=\"wp-page\" data-elementor-id=\"18483\" class=\"elementor elementor-18483\">\n\t\t\t\t\t\t<section class=\"elementor-section elementor-top-section elementor-element elementor-element-15ca8e2 elementor-section-boxed elementor-section-height-default elementor-section-height-default qodef-elementor-content-no\" data-id=\"15ca8e2\" data-element_type=\"section\" data-e-type=\"section\">\n\t\t\t\t\t\t<div class=\"elementor-container elementor-column-gap-default\">\n\t\t\t\t\t<div class=\"elementor-column elementor-col-100 elementor-top-column elementor-element elementor-element-29e67dc\" data-id=\"29e67dc\" data-element_type=\"column\" data-e-type=\"column\">\n\t\t\t<div class=\"elementor-widget-wrap elementor-element-populated\">\n\t\t\t\t\t\t<div class=\"elementor-element elementor-element-537c006 elementor-widget elementor-widget-slider_revolution\" data-id=\"537c006\" data-element_type=\"widget\" data-e-type=\"widget\" data-widget_type=\"slider_revolution.default\">\n\t\t\t\t<div class=\"elementor-widget-container\">\n\t\t\t\t\t\n\t\t<div class=\"wp-block-themepunch-revslider\">\n\t\t\t<!-- START 35scitek REVOLUTION SLIDER 6.5.9 --><p class=\"rs-p-wp-fix\"><\/p>\n\t\t\t<rs-module-wrap id=\"rev_slider_58_1_wrapper\" data-source=\"gallery\" style=\"visibility:hidden;background:#f5f5f5;padding:0;margin:0px auto;margin-top:0;margin-bottom:0;\">\n\t\t\t\t<rs-module id=\"rev_slider_58_1\" style=\"\" data-version=\"6.5.9\">\n\t\t\t\t\t<rs-slides>\n\t\t\t\t\t\t<rs-slide style=\"position: absolute;\" data-key=\"rs-198\" data-title=\"1\" data-in=\"o:0;\" data-out=\"a:false;\">\n\t\t\t\t\t\t\t<img fetchpriority=\"high\" decoding=\"async\" src=\"\/\/krosgen.com\/wp-content\/plugins\/revslider\/public\/assets\/assets\/dummy.png\" title=\"scitek1\" width=\"1200\" height=\"500\" class=\"rev-slidebg tp-rs-img rs-lazyload\" data-lazyload=\"\/\/krosgen.com\/wp-content\/uploads\/2024\/08\/scitek1.png\" data-bg=\"p:center top;\" data-panzoom=\"d:10000;ss:100%;se:105%;oe:0px\/50px;\" data-no-retina>\n<!--\n\t\t\t\t\t\t\t--><rs-layer\n\t\t\t\t\t\t\t\tid=\"slider-58-slide-198-layer-1\" \n\t\t\t\t\t\t\t\tdata-type=\"text\"\n\t\t\t\t\t\t\t\tdata-color=\"#ff3a2d\"\n\t\t\t\t\t\t\t\tdata-xy=\"xo:0,-4px,0,0;y:m;yo:214px,-97px,-95px,70px;\"\n\t\t\t\t\t\t\t\tdata-text=\"w:normal;s:35,35,35,30;l:30,30,30,40;ls:1px;fw:400,400,400,500;\"\n\t\t\t\t\t\t\t\tdata-dim=\"w:auto,auto,569px,275px;\"\n\t\t\t\t\t\t\t\tdata-rsp_o=\"off\"\n\t\t\t\t\t\t\t\tdata-rsp_bd=\"off\"\n\t\t\t\t\t\t\t\tdata-frame_0=\"x:34px;\"\n\t\t\t\t\t\t\t\tdata-frame_1=\"sp:700;\"\n\t\t\t\t\t\t\t\tdata-frame_999=\"o:0;st:w;\"\n\t\t\t\t\t\t\t\tstyle=\"z-index:8;font-family:'Raleway';\"\n\t\t\t\t\t\t\t>Scitek \n\t\t\t\t\t\t\t<\/rs-layer><!--\n-->\t\t\t\t\t\t<\/rs-slide>\n\t\t\t\t\t<\/rs-slides>\n\t\t\t\t<\/rs-module>\n\t\t\t\t<script type=\"text\/javascript\">\n\t\t\t\t\tsetREVStartSize({c: 'rev_slider_58_1',rl:[1240,1024,778,480],el:[700,540,800,570],gw:[1400,1100,660,300],gh:[700,540,800,570],type:'standard',justify:'',layout:'fullwidth',mh:\"0\"});if (window.RS_MODULES!==undefined && window.RS_MODULES.modules!==undefined && window.RS_MODULES.modules[\"revslider581\"]!==undefined) {window.RS_MODULES.modules[\"revslider581\"].once = false;window.revapi58 = undefined;if (window.RS_MODULES.checkMinimal!==undefined) window.RS_MODULES.checkMinimal()}\n\t\t\t\t<\/script>\n\t\t\t<\/rs-module-wrap>\n\t\t\t<!-- END REVOLUTION SLIDER -->\n<\/div>\n\n\t\t\t\t\t\t<\/div>\n\t\t\t\t<\/div>\n\t\t\t\t<div class=\"elementor-element elementor-element-8908d4b elementor-widget elementor-widget-text-editor\" data-id=\"8908d4b\" data-element_type=\"widget\" data-e-type=\"widget\" data-widget_type=\"text-editor.default\">\n\t\t\t\t<div class=\"elementor-widget-container\">\n\t\t\t\t\t\t\t\t\t<p><strong>Global bir firma olan Scitek&#8217;in ana \u00fcr\u00fcnleri:<\/strong><\/p><ul><li><strong>biyolojik g\u00fcvenlik kabinleri, <\/strong><\/li><li><strong>laminer ak\u0131\u015f kabinleri, <\/strong><\/li><li><strong>\u00e7eker ocaklar, <\/strong><\/li><li><strong>otoklavlar, <\/strong><\/li><li><strong>et\u00fcvler, <\/strong><\/li><li><strong>dondurucular ve buzdolaplar\u0131, <\/strong><\/li><li><strong>ink\u00fcbat\u00f6rler,<\/strong><\/li><li><strong>su ar\u0131tma cihazlar\u0131, <\/strong><\/li><li><strong>santrif\u00fcjler, <\/strong><\/li><li><strong>spektrofotometreler, <\/strong><\/li><li><strong>elektroforez cihazlar\u0131, <\/strong><\/li><li><strong>mikroskoplard\u0131r.<\/strong><\/li><\/ul><p><strong>T\u00fcm \u00fcr\u00fcnleri ETL, CE ve FDA taraf\u0131ndan onayl\u0131d\u0131r.<\/strong><\/p>\t\t\t\t\t\t\t\t<\/div>\n\t\t\t\t<\/div>\n\t\t\t\t\t<\/div>\n\t\t<\/div>\n\t\t\t\t\t<\/div>\n\t\t<\/section>\n\t\t\t\t<section class=\"elementor-section elementor-top-section elementor-element elementor-element-a7bf1e7 elementor-section-boxed elementor-section-height-default elementor-section-height-default qodef-elementor-content-no\" data-id=\"a7bf1e7\" data-element_type=\"section\" data-e-type=\"section\">\n\t\t\t\t\t\t<div class=\"elementor-container elementor-column-gap-default\">\n\t\t\t\t\t<div class=\"elementor-column elementor-col-100 elementor-top-column elementor-element elementor-element-69dd6ae\" data-id=\"69dd6ae\" data-element_type=\"column\" data-e-type=\"column\">\n\t\t\t<div class=\"elementor-widget-wrap elementor-element-populated\">\n\t\t\t\t\t\t<div class=\"elementor-element elementor-element-ae0be21 qodef-standard-images-on-top--no elementor-widget elementor-widget-qi_addons_for_elementor_interactive_link_showcase\" data-id=\"ae0be21\" data-element_type=\"widget\" data-e-type=\"widget\" data-widget_type=\"qi_addons_for_elementor_interactive_link_showcase.default\">\n\t\t\t\t<div class=\"elementor-widget-container\">\n\t\t\t\t\t<div class=\"qodef-shortcode qodef-m qodef-qi-interactive-link-showcase qodef-layout--standard qodef-hover--underline\">\n\t<div class=\"qodef-m-items\">\n\t\t<a itemprop=\"url\" class=\"qodef-m-item qodef-e\" href=\"https:\/\/www.scitekglobal.com\/\" target=\"_blank\">\n\t<span class=\"qodef-e-title\"><span class=\"qodef-e-inner-title\">Scitek \u00fcr\u00fcnlerini incelemek i\u00e7in t\u0131klay\u0131n<\/span><\/span>\n\t<\/a>\n\t<\/div>\n\t<div class=\"qodef-m-images\">\n\t\t<div class=\"qodef-e-image qodef-position--left elementor-repeater-item-58cc3d4\">\n\t<img decoding=\"async\" width=\"579\" height=\"627\" src=\"https:\/\/krosgen.com\/wp-content\/uploads\/2024\/08\/scitek2.png\" class=\"attachment-full size-full\" alt=\"\" \/><\/div>\n\t<\/div>\n<\/div>\n\t\t\t\t<\/div>\n\t\t\t\t<\/div>\n\t\t\t\t\t<\/div>\n\t\t<\/div>\n\t\t\t\t\t<\/div>\n\t\t<\/section>\n\t\t\t\t<\/div>\n\t\t","protected":false},"excerpt":{"rendered":"<p>Global bir firma olan Scitek&#8217;in ana \u00fcr\u00fcnleri: biyolojik g\u00fcvenlik kabinleri, laminer ak\u0131\u015f kabinleri, \u00e7eker ocaklar, otoklavlar, et\u00fcvler, dondurucular ve buzdolaplar\u0131, ink\u00fcbat\u00f6rler, su ar\u0131tma cihazlar\u0131, santrif\u00fcjler, spektrofotometreler, elektroforez cihazlar\u0131, mikroskoplard\u0131r. T\u00fcm \u00fcr\u00fcnleri ETL, CE ve FDA taraf\u0131ndan onayl\u0131d\u0131r. Scitek \u00fcr\u00fcnlerini incelemek i\u00e7in t\u0131klay\u0131n<\/p>\n","protected":false},"author":1,"featured_media":0,"parent":0,"menu_order":0,"comment_status":"closed","ping_status":"closed","template":"","meta":{"footnotes":""},"class_list":["post-18483","page","type-page","status-publish","hentry"],"yoast_head":"<!-- This site is optimized with the Yoast SEO plugin v27.2 - https:\/\/yoast.com\/product\/yoast-seo-wordpress\/ -->\n<title>Scitek - Krosgen<\/title>\n<meta name=\"robots\" content=\"index, follow, max-snippet:-1, max-image-preview:large, max-video-preview:-1\" \/>\n<link rel=\"canonical\" href=\"https:\/\/krosgen.com\/index.php\/scitek\/\" \/>\n<meta property=\"og:locale\" content=\"tr_TR\" \/>\n<meta property=\"og:type\" content=\"article\" \/>\n<meta property=\"og:title\" content=\"Scitek - Krosgen\" \/>\n<meta property=\"og:description\" content=\"Global bir firma olan Scitek&#8217;in ana \u00fcr\u00fcnleri: biyolojik g\u00fcvenlik kabinleri, laminer ak\u0131\u015f kabinleri, \u00e7eker ocaklar, otoklavlar, et\u00fcvler, dondurucular ve buzdolaplar\u0131, ink\u00fcbat\u00f6rler, su ar\u0131tma cihazlar\u0131, santrif\u00fcjler, spektrofotometreler, elektroforez cihazlar\u0131, mikroskoplard\u0131r. T\u00fcm \u00fcr\u00fcnleri ETL, CE ve FDA taraf\u0131ndan onayl\u0131d\u0131r. Scitek \u00fcr\u00fcnlerini incelemek i\u00e7in t\u0131klay\u0131n\" \/>\n<meta property=\"og:url\" content=\"https:\/\/krosgen.com\/index.php\/scitek\/\" \/>\n<meta property=\"og:site_name\" content=\"Krosgen\" \/>\n<meta property=\"article:modified_time\" content=\"2024-08-09T12:00:37+00:00\" \/>\n<meta property=\"og:image\" content=\"https:\/\/krosgen.com\/wp-content\/uploads\/2024\/08\/scitek2.png\" \/>\n<meta name=\"twitter:card\" content=\"summary_large_image\" \/>\n<meta name=\"twitter:label1\" content=\"Tahmini okuma s\u00fcresi\" \/>\n\t<meta name=\"twitter:data1\" content=\"1 dakika\" \/>\n<script type=\"application\/ld+json\" class=\"yoast-schema-graph\">{\"@context\":\"https:\/\/schema.org\",\"@graph\":[{\"@type\":\"WebPage\",\"@id\":\"https:\/\/krosgen.com\/index.php\/scitek\/\",\"url\":\"https:\/\/krosgen.com\/index.php\/scitek\/\",\"name\":\"Scitek - Krosgen\",\"isPartOf\":{\"@id\":\"https:\/\/krosgen.com\/#website\"},\"primaryImageOfPage\":{\"@id\":\"https:\/\/krosgen.com\/index.php\/scitek\/#primaryimage\"},\"image\":{\"@id\":\"https:\/\/krosgen.com\/index.php\/scitek\/#primaryimage\"},\"thumbnailUrl\":\"https:\/\/krosgen.com\/wp-content\/uploads\/2024\/08\/scitek2.png\",\"datePublished\":\"2024-08-09T09:23:18+00:00\",\"dateModified\":\"2024-08-09T12:00:37+00:00\",\"breadcrumb\":{\"@id\":\"https:\/\/krosgen.com\/index.php\/scitek\/#breadcrumb\"},\"inLanguage\":\"tr\",\"potentialAction\":[{\"@type\":\"ReadAction\",\"target\":[\"https:\/\/krosgen.com\/index.php\/scitek\/\"]}]},{\"@type\":\"ImageObject\",\"inLanguage\":\"tr\",\"@id\":\"https:\/\/krosgen.com\/index.php\/scitek\/#primaryimage\",\"url\":\"https:\/\/krosgen.com\/wp-content\/uploads\/2024\/08\/scitek2.png\",\"contentUrl\":\"https:\/\/krosgen.com\/wp-content\/uploads\/2024\/08\/scitek2.png\",\"width\":579,\"height\":627},{\"@type\":\"BreadcrumbList\",\"@id\":\"https:\/\/krosgen.com\/index.php\/scitek\/#breadcrumb\",\"itemListElement\":[{\"@type\":\"ListItem\",\"position\":1,\"name\":\"Home\",\"item\":\"https:\/\/krosgen.com\/\"},{\"@type\":\"ListItem\",\"position\":2,\"name\":\"Scitek\"}]},{\"@type\":\"WebSite\",\"@id\":\"https:\/\/krosgen.com\/#website\",\"url\":\"https:\/\/krosgen.com\/\",\"name\":\"Krosgen\",\"description\":\"Krosgen Biotechnology\",\"publisher\":{\"@id\":\"https:\/\/krosgen.com\/#organization\"},\"potentialAction\":[{\"@type\":\"SearchAction\",\"target\":{\"@type\":\"EntryPoint\",\"urlTemplate\":\"https:\/\/krosgen.com\/?s={search_term_string}\"},\"query-input\":{\"@type\":\"PropertyValueSpecification\",\"valueRequired\":true,\"valueName\":\"search_term_string\"}}],\"inLanguage\":\"tr\"},{\"@type\":\"Organization\",\"@id\":\"https:\/\/krosgen.com\/#organization\",\"name\":\"Krosgen Biotechnology\",\"url\":\"https:\/\/krosgen.com\/\",\"logo\":{\"@type\":\"ImageObject\",\"inLanguage\":\"tr\",\"@id\":\"https:\/\/krosgen.com\/#\/schema\/logo\/image\/\",\"url\":\"https:\/\/krosgen.com\/wp-content\/uploads\/2022\/05\/KROSGEN-LOGO_001.png\",\"contentUrl\":\"https:\/\/krosgen.com\/wp-content\/uploads\/2022\/05\/KROSGEN-LOGO_001.png\",\"width\":7016,\"height\":1700,\"caption\":\"Krosgen Biotechnology\"},\"image\":{\"@id\":\"https:\/\/krosgen.com\/#\/schema\/logo\/image\/\"},\"sameAs\":[\"https:\/\/www.linkedin.com\/company\/krosgen\"]}]}<\/script>\n<!-- \/ Yoast SEO plugin. -->","yoast_head_json":{"title":"Scitek - Krosgen","robots":{"index":"index","follow":"follow","max-snippet":"max-snippet:-1","max-image-preview":"max-image-preview:large","max-video-preview":"max-video-preview:-1"},"canonical":"https:\/\/krosgen.com\/index.php\/scitek\/","og_locale":"tr_TR","og_type":"article","og_title":"Scitek - Krosgen","og_description":"Global bir firma olan Scitek&#8217;in ana \u00fcr\u00fcnleri: biyolojik g\u00fcvenlik kabinleri, laminer ak\u0131\u015f kabinleri, \u00e7eker ocaklar, otoklavlar, et\u00fcvler, dondurucular ve buzdolaplar\u0131, ink\u00fcbat\u00f6rler, su ar\u0131tma cihazlar\u0131, santrif\u00fcjler, spektrofotometreler, elektroforez cihazlar\u0131, mikroskoplard\u0131r. T\u00fcm \u00fcr\u00fcnleri ETL, CE ve FDA taraf\u0131ndan onayl\u0131d\u0131r. Scitek \u00fcr\u00fcnlerini incelemek i\u00e7in t\u0131klay\u0131n","og_url":"https:\/\/krosgen.com\/index.php\/scitek\/","og_site_name":"Krosgen","article_modified_time":"2024-08-09T12:00:37+00:00","og_image":[{"url":"https:\/\/krosgen.com\/wp-content\/uploads\/2024\/08\/scitek2.png","type":"","width":"","height":""}],"twitter_card":"summary_large_image","twitter_misc":{"Tahmini okuma s\u00fcresi":"1 dakika"},"schema":{"@context":"https:\/\/schema.org","@graph":[{"@type":"WebPage","@id":"https:\/\/krosgen.com\/index.php\/scitek\/","url":"https:\/\/krosgen.com\/index.php\/scitek\/","name":"Scitek - Krosgen","isPartOf":{"@id":"https:\/\/krosgen.com\/#website"},"primaryImageOfPage":{"@id":"https:\/\/krosgen.com\/index.php\/scitek\/#primaryimage"},"image":{"@id":"https:\/\/krosgen.com\/index.php\/scitek\/#primaryimage"},"thumbnailUrl":"https:\/\/krosgen.com\/wp-content\/uploads\/2024\/08\/scitek2.png","datePublished":"2024-08-09T09:23:18+00:00","dateModified":"2024-08-09T12:00:37+00:00","breadcrumb":{"@id":"https:\/\/krosgen.com\/index.php\/scitek\/#breadcrumb"},"inLanguage":"tr","potentialAction":[{"@type":"ReadAction","target":["https:\/\/krosgen.com\/index.php\/scitek\/"]}]},{"@type":"ImageObject","inLanguage":"tr","@id":"https:\/\/krosgen.com\/index.php\/scitek\/#primaryimage","url":"https:\/\/krosgen.com\/wp-content\/uploads\/2024\/08\/scitek2.png","contentUrl":"https:\/\/krosgen.com\/wp-content\/uploads\/2024\/08\/scitek2.png","width":579,"height":627},{"@type":"BreadcrumbList","@id":"https:\/\/krosgen.com\/index.php\/scitek\/#breadcrumb","itemListElement":[{"@type":"ListItem","position":1,"name":"Home","item":"https:\/\/krosgen.com\/"},{"@type":"ListItem","position":2,"name":"Scitek"}]},{"@type":"WebSite","@id":"https:\/\/krosgen.com\/#website","url":"https:\/\/krosgen.com\/","name":"Krosgen","description":"Krosgen Biotechnology","publisher":{"@id":"https:\/\/krosgen.com\/#organization"},"potentialAction":[{"@type":"SearchAction","target":{"@type":"EntryPoint","urlTemplate":"https:\/\/krosgen.com\/?s={search_term_string}"},"query-input":{"@type":"PropertyValueSpecification","valueRequired":true,"valueName":"search_term_string"}}],"inLanguage":"tr"},{"@type":"Organization","@id":"https:\/\/krosgen.com\/#organization","name":"Krosgen Biotechnology","url":"https:\/\/krosgen.com\/","logo":{"@type":"ImageObject","inLanguage":"tr","@id":"https:\/\/krosgen.com\/#\/schema\/logo\/image\/","url":"https:\/\/krosgen.com\/wp-content\/uploads\/2022\/05\/KROSGEN-LOGO_001.png","contentUrl":"https:\/\/krosgen.com\/wp-content\/uploads\/2022\/05\/KROSGEN-LOGO_001.png","width":7016,"height":1700,"caption":"Krosgen Biotechnology"},"image":{"@id":"https:\/\/krosgen.com\/#\/schema\/logo\/image\/"},"sameAs":["https:\/\/www.linkedin.com\/company\/krosgen"]}]}},"jetpack_sharing_enabled":true,"_links":{"self":[{"href":"https:\/\/krosgen.com\/index.php\/wp-json\/wp\/v2\/pages\/18483","targetHints":{"allow":["GET"]}}],"collection":[{"href":"https:\/\/krosgen.com\/index.php\/wp-json\/wp\/v2\/pages"}],"about":[{"href":"https:\/\/krosgen.com\/index.php\/wp-json\/wp\/v2\/types\/page"}],"author":[{"embeddable":true,"href":"https:\/\/krosgen.com\/index.php\/wp-json\/wp\/v2\/users\/1"}],"replies":[{"embeddable":true,"href":"https:\/\/krosgen.com\/index.php\/wp-json\/wp\/v2\/comments?post=18483"}],"version-history":[{"count":5,"href":"https:\/\/krosgen.com\/index.php\/wp-json\/wp\/v2\/pages\/18483\/revisions"}],"predecessor-version":[{"id":18492,"href":"https:\/\/krosgen.com\/index.php\/wp-json\/wp\/v2\/pages\/18483\/revisions\/18492"}],"wp:attachment":[{"href":"https:\/\/krosgen.com\/index.php\/wp-json\/wp\/v2\/media?parent=18483"}],"curies":[{"name":"wp","href":"https:\/\/api.w.org\/{rel}","templated":true}]}}