{"id":18660,"date":"2025-05-31T01:13:19","date_gmt":"2025-05-30T22:13:19","guid":{"rendered":"https:\/\/krosgen.com\/?page_id=18660"},"modified":"2025-05-31T01:20:05","modified_gmt":"2025-05-30T22:20:05","slug":"credo","status":"publish","type":"page","link":"https:\/\/krosgen.com\/index.php\/credo\/","title":{"rendered":"Credo"},"content":{"rendered":"\t\t<div data-elementor-type=\"wp-page\" data-elementor-id=\"18660\" class=\"elementor elementor-18660\">\n\t\t\t\t\t\t<section class=\"elementor-section elementor-top-section elementor-element elementor-element-7e1f8cf elementor-section-boxed elementor-section-height-default elementor-section-height-default qodef-elementor-content-no\" data-id=\"7e1f8cf\" data-element_type=\"section\" data-e-type=\"section\">\n\t\t\t\t\t\t<div class=\"elementor-container elementor-column-gap-default\">\n\t\t\t\t\t<div class=\"elementor-column elementor-col-100 elementor-top-column elementor-element elementor-element-c22b118\" data-id=\"c22b118\" data-element_type=\"column\" data-e-type=\"column\">\n\t\t\t<div class=\"elementor-widget-wrap elementor-element-populated\">\n\t\t\t\t\t\t<div class=\"elementor-element elementor-element-484fb57 elementor-widget elementor-widget-slider_revolution\" data-id=\"484fb57\" data-element_type=\"widget\" data-e-type=\"widget\" data-widget_type=\"slider_revolution.default\">\n\t\t\t\t<div class=\"elementor-widget-container\">\n\t\t\t\t\t\n\t\t<div class=\"wp-block-themepunch-revslider\">\n\t\t\t<!-- START 37credo REVOLUTION SLIDER 6.5.9 --><p class=\"rs-p-wp-fix\"><\/p>\n\t\t\t<rs-module-wrap id=\"rev_slider_60_1_wrapper\" data-source=\"gallery\" style=\"visibility:hidden;background:#f5f5f5;padding:0;margin:0px auto;margin-top:0;margin-bottom:0;\">\n\t\t\t\t<rs-module id=\"rev_slider_60_1\" style=\"\" data-version=\"6.5.9\">\n\t\t\t\t\t<rs-slides>\n\t\t\t\t\t\t<rs-slide style=\"position: absolute;\" data-key=\"rs-204\" data-title=\"1\" data-thumb=\"\/\/krosgen.com\/wp-content\/uploads\/2025\/05\/credo5_resize.png\" data-in=\"o:0;\" data-out=\"a:false;\">\n\t\t\t\t\t\t\t<img fetchpriority=\"high\" decoding=\"async\" src=\"\/\/krosgen.com\/wp-content\/plugins\/revslider\/public\/assets\/assets\/dummy.png\" title=\"credo5_resize\" width=\"1800\" height=\"987\" class=\"rev-slidebg tp-rs-img rs-lazyload\" data-lazyload=\"\/\/krosgen.com\/wp-content\/uploads\/2025\/05\/credo5_resize.png\" data-panzoom=\"d:10000;ss:90%;se:100%;oe:0px\/50px;\" data-no-retina>\n<!--\n\t\t\t\t\t\t\t--><rs-layer\n\t\t\t\t\t\t\t\tid=\"slider-60-slide-204-layer-1\" \n\t\t\t\t\t\t\t\tdata-type=\"text\"\n\t\t\t\t\t\t\t\tdata-color=\"#ff3a2d\"\n\t\t\t\t\t\t\t\tdata-xy=\"xo:0,-4px,0,0;y:m;yo:214px,-97px,-95px,70px;\"\n\t\t\t\t\t\t\t\tdata-text=\"w:normal;s:35,35,35,30;l:30,30,30,40;ls:1px;fw:400,400,400,500;\"\n\t\t\t\t\t\t\t\tdata-dim=\"w:auto,auto,569px,275px;\"\n\t\t\t\t\t\t\t\tdata-rsp_o=\"off\"\n\t\t\t\t\t\t\t\tdata-rsp_bd=\"off\"\n\t\t\t\t\t\t\t\tdata-frame_0=\"x:34px;\"\n\t\t\t\t\t\t\t\tdata-frame_1=\"sp:700;\"\n\t\t\t\t\t\t\t\tdata-frame_999=\"o:0;st:w;\"\n\t\t\t\t\t\t\t\tstyle=\"z-index:8;font-family:'Raleway';\"\n\t\t\t\t\t\t\t>Credo Diagnostics \n\t\t\t\t\t\t\t<\/rs-layer><!--\n-->\t\t\t\t\t\t<\/rs-slide>\n\t\t\t\t\t\t<rs-slide style=\"position: absolute;\" data-key=\"rs-205\" data-title=\"2\" data-thumb=\"\/\/krosgen.com\/wp-content\/uploads\/2025\/05\/credo4_resize.png\" data-in=\"o:0;\" data-out=\"a:false;\">\n\t\t\t\t\t\t\t<img decoding=\"async\" src=\"\/\/krosgen.com\/wp-content\/plugins\/revslider\/public\/assets\/assets\/dummy.png\" title=\"credo4_resize\" width=\"2395\" height=\"1415\" class=\"rev-slidebg tp-rs-img rs-lazyload\" data-lazyload=\"\/\/krosgen.com\/wp-content\/uploads\/2025\/05\/credo4_resize.png\" data-panzoom=\"d:10000;ss:100%;se:110%;oe:0px\/50px;\" data-no-retina>\n<!--\n\t\t\t\t\t\t\t--><rs-layer\n\t\t\t\t\t\t\t\tid=\"slider-60-slide-205-layer-1\" \n\t\t\t\t\t\t\t\tdata-type=\"text\"\n\t\t\t\t\t\t\t\tdata-color=\"#ff3a2d\"\n\t\t\t\t\t\t\t\tdata-xy=\"xo:0,-4px,0,0;y:m;yo:214px,-97px,-95px,70px;\"\n\t\t\t\t\t\t\t\tdata-text=\"w:normal;s:35,35,35,30;l:30,30,30,40;ls:1px;fw:400,400,400,500;\"\n\t\t\t\t\t\t\t\tdata-dim=\"w:auto,auto,569px,275px;\"\n\t\t\t\t\t\t\t\tdata-rsp_o=\"off\"\n\t\t\t\t\t\t\t\tdata-rsp_bd=\"off\"\n\t\t\t\t\t\t\t\tdata-frame_0=\"x:34px;\"\n\t\t\t\t\t\t\t\tdata-frame_1=\"sp:700;\"\n\t\t\t\t\t\t\t\tdata-frame_999=\"o:0;st:w;\"\n\t\t\t\t\t\t\t\tstyle=\"z-index:8;font-family:'Raleway';\"\n\t\t\t\t\t\t\t>Credo Diagnostics \n\t\t\t\t\t\t\t<\/rs-layer><!--\n-->\t\t\t\t\t\t<\/rs-slide>\n\t\t\t\t\t\t<rs-slide style=\"position: absolute;\" data-key=\"rs-206\" data-title=\"3\" data-thumb=\"\/\/krosgen.com\/wp-content\/uploads\/2025\/05\/credo1_resize.png\" data-in=\"o:0;\" data-out=\"a:false;\">\n\t\t\t\t\t\t\t<img decoding=\"async\" src=\"\/\/krosgen.com\/wp-content\/plugins\/revslider\/public\/assets\/assets\/dummy.png\" title=\"credo1_resize\" width=\"2166\" height=\"1200\" class=\"rev-slidebg tp-rs-img rs-lazyload\" data-lazyload=\"\/\/krosgen.com\/wp-content\/uploads\/2025\/05\/credo1_resize.png\" data-panzoom=\"d:10000;ss:90%;se:100%;oe:0px\/50px;\" data-no-retina>\n<!--\n\t\t\t\t\t\t\t--><rs-layer\n\t\t\t\t\t\t\t\tid=\"slider-60-slide-206-layer-1\" \n\t\t\t\t\t\t\t\tdata-type=\"text\"\n\t\t\t\t\t\t\t\tdata-color=\"#ff3a2d\"\n\t\t\t\t\t\t\t\tdata-xy=\"xo:0,-4px,0,0;y:m;yo:214px,-97px,-95px,70px;\"\n\t\t\t\t\t\t\t\tdata-text=\"w:normal;s:35,35,35,30;l:30,30,30,40;ls:1px;fw:400,400,400,500;\"\n\t\t\t\t\t\t\t\tdata-dim=\"w:auto,auto,569px,275px;\"\n\t\t\t\t\t\t\t\tdata-rsp_o=\"off\"\n\t\t\t\t\t\t\t\tdata-rsp_bd=\"off\"\n\t\t\t\t\t\t\t\tdata-frame_0=\"x:34px;\"\n\t\t\t\t\t\t\t\tdata-frame_1=\"sp:700;\"\n\t\t\t\t\t\t\t\tdata-frame_999=\"o:0;st:w;\"\n\t\t\t\t\t\t\t\tstyle=\"z-index:8;font-family:'Raleway';\"\n\t\t\t\t\t\t\t>Credo Diagnostics \n\t\t\t\t\t\t\t<\/rs-layer><!--\n-->\t\t\t\t\t\t<\/rs-slide>\n\t\t\t\t\t<\/rs-slides>\n\t\t\t\t<\/rs-module>\n\t\t\t\t<script type=\"text\/javascript\">\n\t\t\t\t\tsetREVStartSize({c: 'rev_slider_60_1',rl:[1240,1024,778,480],el:[700,540,800,570],gw:[1400,1100,660,300],gh:[700,540,800,570],type:'standard',justify:'',layout:'fullwidth',mh:\"0\"});if (window.RS_MODULES!==undefined && window.RS_MODULES.modules!==undefined && window.RS_MODULES.modules[\"revslider601\"]!==undefined) {window.RS_MODULES.modules[\"revslider601\"].once = false;window.revapi60 = undefined;if (window.RS_MODULES.checkMinimal!==undefined) window.RS_MODULES.checkMinimal()}\n\t\t\t\t<\/script>\n\t\t\t<\/rs-module-wrap>\n\t\t\t<!-- END REVOLUTION SLIDER -->\n<\/div>\n\n\t\t\t\t\t\t<\/div>\n\t\t\t\t<\/div>\n\t\t\t\t\t<\/div>\n\t\t<\/div>\n\t\t\t\t\t<\/div>\n\t\t<\/section>\n\t\t\t\t<section class=\"elementor-section elementor-top-section elementor-element elementor-element-85c999a elementor-section-boxed elementor-section-height-default elementor-section-height-default qodef-elementor-content-no\" data-id=\"85c999a\" data-element_type=\"section\" data-e-type=\"section\">\n\t\t\t\t\t\t<div class=\"elementor-container elementor-column-gap-default\">\n\t\t\t\t\t<div class=\"elementor-column elementor-col-100 elementor-top-column elementor-element elementor-element-7a57622\" data-id=\"7a57622\" data-element_type=\"column\" data-e-type=\"column\">\n\t\t\t<div class=\"elementor-widget-wrap elementor-element-populated\">\n\t\t\t\t\t\t<div class=\"elementor-element elementor-element-06f62c0 elementor-widget elementor-widget-text-editor\" data-id=\"06f62c0\" data-element_type=\"widget\" data-e-type=\"widget\" data-widget_type=\"text-editor.default\">\n\t\t\t\t<div class=\"elementor-widget-container\">\n\t\t\t\t\t\t\t\t\t<p><strong>Credo Diagnostics Biomedical, 2011 y\u0131l\u0131ndan bu yana insan enfeksiyon hastal\u0131klar\u0131 ve hayvan sa\u011fl\u0131\u011f\u0131 alanlar\u0131nda yenilik\u00e7i, uygun maliyetli ve h\u0131zl\u0131 molek\u00fcler tan\u0131 \u00e7\u00f6z\u00fcmleri geli\u015ftirmekte, \u00fcretmekte ve ticarile\u015ftirmektedir.<\/strong><\/p><p>\u00a0<\/p><ul><li><strong>VitaSIRO solo\u2122 platformu, kartu\u015f tabanl\u0131 bir tasar\u0131mda n\u00fckleik asit ekstraksiyonu ve Real-Time PCR testinin tam bir i\u015f ak\u0131\u015f\u0131n\u0131 entegre eder. Cihaz, \u00e7ok \u00e7e\u015fitli numune t\u00fcrleriyle 6 hedefe kadar tespit yapabilen geni\u015fletilmi\u015f multipleks kapasitesine sahiptir.<\/strong><\/li><li><strong>PCR teknolojisine dayanan yenilik\u00e7i bir h\u0131zl\u0131 molek\u00fcler tan\u0131 cihaz\u0131 olan VitaPCR\u2122 ise, di\u011fer t\u00fcm laboratuvar molek\u00fcler tan\u0131 y\u00f6ntemlerinden \u00f6nemli \u00f6l\u00e7\u00fcde daha h\u0131zl\u0131 test yap\u0131lmas\u0131na ve geleneksel h\u0131zl\u0131 testlerden daha y\u00fcksek do\u011frulu\u011fa, numuneden sonuca sadece 20 dakika i\u00e7inde olanak tan\u0131r.<\/strong><\/li><\/ul><p>\u00a0<\/p>\t\t\t\t\t\t\t\t<\/div>\n\t\t\t\t<\/div>\n\t\t\t\t<div class=\"elementor-element elementor-element-d547e11 qodef-standard-images-on-top--no elementor-widget elementor-widget-qi_addons_for_elementor_interactive_link_showcase\" data-id=\"d547e11\" data-element_type=\"widget\" data-e-type=\"widget\" data-widget_type=\"qi_addons_for_elementor_interactive_link_showcase.default\">\n\t\t\t\t<div class=\"elementor-widget-container\">\n\t\t\t\t\t<div class=\"qodef-shortcode qodef-m qodef-qi-interactive-link-showcase qodef-layout--standard qodef-hover--underline\">\n\t<div class=\"qodef-m-items\">\n\t\t<a itemprop=\"url\" class=\"qodef-m-item qodef-e\" href=\"https:\/\/www.credodxbiomed.com\/\" target=\"_blank\">\n\t<span class=\"qodef-e-title\"><span class=\"qodef-e-inner-title\">Credo Diagnostics Biomedical \u00fcr\u00fcnlerini incelemek i\u00e7in t\u0131klay\u0131n<\/span><\/span>\n\t<\/a>\n\t<\/div>\n\t<div class=\"qodef-m-images\">\n\t\t<div class=\"qodef-e-image qodef-position--left elementor-repeater-item-9e08496\">\n\t<img loading=\"lazy\" decoding=\"async\" width=\"2166\" height=\"1200\" src=\"https:\/\/krosgen.com\/wp-content\/uploads\/2025\/05\/credo1_resize.png\" class=\"attachment-full size-full\" alt=\"\" \/><\/div>\n\t<\/div>\n<\/div>\n\t\t\t\t<\/div>\n\t\t\t\t<\/div>\n\t\t\t\t\t<\/div>\n\t\t<\/div>\n\t\t\t\t\t<\/div>\n\t\t<\/section>\n\t\t\t\t<\/div>\n\t\t","protected":false},"excerpt":{"rendered":"<p>Credo Diagnostics Biomedical, 2011 y\u0131l\u0131ndan bu yana insan enfeksiyon hastal\u0131klar\u0131 ve hayvan sa\u011fl\u0131\u011f\u0131 alanlar\u0131nda yenilik\u00e7i, uygun maliyetli ve h\u0131zl\u0131 molek\u00fcler tan\u0131 \u00e7\u00f6z\u00fcmleri geli\u015ftirmekte, \u00fcretmekte ve ticarile\u015ftirmektedir. \u00a0 VitaSIRO solo\u2122 platformu, kartu\u015f tabanl\u0131 bir tasar\u0131mda n\u00fckleik asit ekstraksiyonu ve Real-Time PCR testinin tam bir i\u015f ak\u0131\u015f\u0131n\u0131 entegre eder. Cihaz, \u00e7ok \u00e7e\u015fitli numune t\u00fcrleriyle 6 hedefe kadar [&hellip;]<\/p>\n","protected":false},"author":1,"featured_media":0,"parent":0,"menu_order":0,"comment_status":"closed","ping_status":"closed","template":"","meta":{"footnotes":""},"class_list":["post-18660","page","type-page","status-publish","hentry"],"yoast_head":"<!-- This site is optimized with the Yoast SEO plugin v27.2 - https:\/\/yoast.com\/product\/yoast-seo-wordpress\/ -->\n<title>Credo - Krosgen<\/title>\n<meta name=\"robots\" content=\"index, follow, max-snippet:-1, max-image-preview:large, max-video-preview:-1\" \/>\n<link rel=\"canonical\" href=\"https:\/\/krosgen.com\/index.php\/credo\/\" \/>\n<meta property=\"og:locale\" content=\"tr_TR\" \/>\n<meta property=\"og:type\" content=\"article\" \/>\n<meta property=\"og:title\" content=\"Credo - Krosgen\" \/>\n<meta property=\"og:description\" content=\"Credo Diagnostics Biomedical, 2011 y\u0131l\u0131ndan bu yana insan enfeksiyon hastal\u0131klar\u0131 ve hayvan sa\u011fl\u0131\u011f\u0131 alanlar\u0131nda yenilik\u00e7i, uygun maliyetli ve h\u0131zl\u0131 molek\u00fcler tan\u0131 \u00e7\u00f6z\u00fcmleri geli\u015ftirmekte, \u00fcretmekte ve ticarile\u015ftirmektedir. \u00a0 VitaSIRO solo\u2122 platformu, kartu\u015f tabanl\u0131 bir tasar\u0131mda n\u00fckleik asit ekstraksiyonu ve Real-Time PCR testinin tam bir i\u015f ak\u0131\u015f\u0131n\u0131 entegre eder. Cihaz, \u00e7ok \u00e7e\u015fitli numune t\u00fcrleriyle 6 hedefe kadar [&hellip;]\" \/>\n<meta property=\"og:url\" content=\"https:\/\/krosgen.com\/index.php\/credo\/\" \/>\n<meta property=\"og:site_name\" content=\"Krosgen\" \/>\n<meta property=\"article:modified_time\" content=\"2025-05-30T22:20:05+00:00\" \/>\n<meta property=\"og:image\" content=\"https:\/\/krosgen.com\/wp-content\/uploads\/2025\/05\/credo1_resize.png\" \/>\n<meta name=\"twitter:card\" content=\"summary_large_image\" \/>\n<meta name=\"twitter:label1\" content=\"Tahmini okuma s\u00fcresi\" \/>\n\t<meta name=\"twitter:data1\" content=\"1 dakika\" \/>\n<script type=\"application\/ld+json\" class=\"yoast-schema-graph\">{\"@context\":\"https:\/\/schema.org\",\"@graph\":[{\"@type\":\"WebPage\",\"@id\":\"https:\/\/krosgen.com\/index.php\/credo\/\",\"url\":\"https:\/\/krosgen.com\/index.php\/credo\/\",\"name\":\"Credo - Krosgen\",\"isPartOf\":{\"@id\":\"https:\/\/krosgen.com\/#website\"},\"primaryImageOfPage\":{\"@id\":\"https:\/\/krosgen.com\/index.php\/credo\/#primaryimage\"},\"image\":{\"@id\":\"https:\/\/krosgen.com\/index.php\/credo\/#primaryimage\"},\"thumbnailUrl\":\"https:\/\/krosgen.com\/wp-content\/uploads\/2025\/05\/credo1_resize.png\",\"datePublished\":\"2025-05-30T22:13:19+00:00\",\"dateModified\":\"2025-05-30T22:20:05+00:00\",\"breadcrumb\":{\"@id\":\"https:\/\/krosgen.com\/index.php\/credo\/#breadcrumb\"},\"inLanguage\":\"tr\",\"potentialAction\":[{\"@type\":\"ReadAction\",\"target\":[\"https:\/\/krosgen.com\/index.php\/credo\/\"]}]},{\"@type\":\"ImageObject\",\"inLanguage\":\"tr\",\"@id\":\"https:\/\/krosgen.com\/index.php\/credo\/#primaryimage\",\"url\":\"https:\/\/krosgen.com\/wp-content\/uploads\/2025\/05\/credo1_resize.png\",\"contentUrl\":\"https:\/\/krosgen.com\/wp-content\/uploads\/2025\/05\/credo1_resize.png\",\"width\":2166,\"height\":1200},{\"@type\":\"BreadcrumbList\",\"@id\":\"https:\/\/krosgen.com\/index.php\/credo\/#breadcrumb\",\"itemListElement\":[{\"@type\":\"ListItem\",\"position\":1,\"name\":\"Home\",\"item\":\"https:\/\/krosgen.com\/\"},{\"@type\":\"ListItem\",\"position\":2,\"name\":\"Credo\"}]},{\"@type\":\"WebSite\",\"@id\":\"https:\/\/krosgen.com\/#website\",\"url\":\"https:\/\/krosgen.com\/\",\"name\":\"Krosgen\",\"description\":\"Krosgen Biotechnology\",\"publisher\":{\"@id\":\"https:\/\/krosgen.com\/#organization\"},\"potentialAction\":[{\"@type\":\"SearchAction\",\"target\":{\"@type\":\"EntryPoint\",\"urlTemplate\":\"https:\/\/krosgen.com\/?s={search_term_string}\"},\"query-input\":{\"@type\":\"PropertyValueSpecification\",\"valueRequired\":true,\"valueName\":\"search_term_string\"}}],\"inLanguage\":\"tr\"},{\"@type\":\"Organization\",\"@id\":\"https:\/\/krosgen.com\/#organization\",\"name\":\"Krosgen Biotechnology\",\"url\":\"https:\/\/krosgen.com\/\",\"logo\":{\"@type\":\"ImageObject\",\"inLanguage\":\"tr\",\"@id\":\"https:\/\/krosgen.com\/#\/schema\/logo\/image\/\",\"url\":\"https:\/\/krosgen.com\/wp-content\/uploads\/2022\/05\/KROSGEN-LOGO_001.png\",\"contentUrl\":\"https:\/\/krosgen.com\/wp-content\/uploads\/2022\/05\/KROSGEN-LOGO_001.png\",\"width\":7016,\"height\":1700,\"caption\":\"Krosgen Biotechnology\"},\"image\":{\"@id\":\"https:\/\/krosgen.com\/#\/schema\/logo\/image\/\"},\"sameAs\":[\"https:\/\/www.linkedin.com\/company\/krosgen\"]}]}<\/script>\n<!-- \/ Yoast SEO plugin. -->","yoast_head_json":{"title":"Credo - Krosgen","robots":{"index":"index","follow":"follow","max-snippet":"max-snippet:-1","max-image-preview":"max-image-preview:large","max-video-preview":"max-video-preview:-1"},"canonical":"https:\/\/krosgen.com\/index.php\/credo\/","og_locale":"tr_TR","og_type":"article","og_title":"Credo - Krosgen","og_description":"Credo Diagnostics Biomedical, 2011 y\u0131l\u0131ndan bu yana insan enfeksiyon hastal\u0131klar\u0131 ve hayvan sa\u011fl\u0131\u011f\u0131 alanlar\u0131nda yenilik\u00e7i, uygun maliyetli ve h\u0131zl\u0131 molek\u00fcler tan\u0131 \u00e7\u00f6z\u00fcmleri geli\u015ftirmekte, \u00fcretmekte ve ticarile\u015ftirmektedir. \u00a0 VitaSIRO solo\u2122 platformu, kartu\u015f tabanl\u0131 bir tasar\u0131mda n\u00fckleik asit ekstraksiyonu ve Real-Time PCR testinin tam bir i\u015f ak\u0131\u015f\u0131n\u0131 entegre eder. Cihaz, \u00e7ok \u00e7e\u015fitli numune t\u00fcrleriyle 6 hedefe kadar [&hellip;]","og_url":"https:\/\/krosgen.com\/index.php\/credo\/","og_site_name":"Krosgen","article_modified_time":"2025-05-30T22:20:05+00:00","og_image":[{"url":"https:\/\/krosgen.com\/wp-content\/uploads\/2025\/05\/credo1_resize.png","type":"","width":"","height":""}],"twitter_card":"summary_large_image","twitter_misc":{"Tahmini okuma s\u00fcresi":"1 dakika"},"schema":{"@context":"https:\/\/schema.org","@graph":[{"@type":"WebPage","@id":"https:\/\/krosgen.com\/index.php\/credo\/","url":"https:\/\/krosgen.com\/index.php\/credo\/","name":"Credo - Krosgen","isPartOf":{"@id":"https:\/\/krosgen.com\/#website"},"primaryImageOfPage":{"@id":"https:\/\/krosgen.com\/index.php\/credo\/#primaryimage"},"image":{"@id":"https:\/\/krosgen.com\/index.php\/credo\/#primaryimage"},"thumbnailUrl":"https:\/\/krosgen.com\/wp-content\/uploads\/2025\/05\/credo1_resize.png","datePublished":"2025-05-30T22:13:19+00:00","dateModified":"2025-05-30T22:20:05+00:00","breadcrumb":{"@id":"https:\/\/krosgen.com\/index.php\/credo\/#breadcrumb"},"inLanguage":"tr","potentialAction":[{"@type":"ReadAction","target":["https:\/\/krosgen.com\/index.php\/credo\/"]}]},{"@type":"ImageObject","inLanguage":"tr","@id":"https:\/\/krosgen.com\/index.php\/credo\/#primaryimage","url":"https:\/\/krosgen.com\/wp-content\/uploads\/2025\/05\/credo1_resize.png","contentUrl":"https:\/\/krosgen.com\/wp-content\/uploads\/2025\/05\/credo1_resize.png","width":2166,"height":1200},{"@type":"BreadcrumbList","@id":"https:\/\/krosgen.com\/index.php\/credo\/#breadcrumb","itemListElement":[{"@type":"ListItem","position":1,"name":"Home","item":"https:\/\/krosgen.com\/"},{"@type":"ListItem","position":2,"name":"Credo"}]},{"@type":"WebSite","@id":"https:\/\/krosgen.com\/#website","url":"https:\/\/krosgen.com\/","name":"Krosgen","description":"Krosgen Biotechnology","publisher":{"@id":"https:\/\/krosgen.com\/#organization"},"potentialAction":[{"@type":"SearchAction","target":{"@type":"EntryPoint","urlTemplate":"https:\/\/krosgen.com\/?s={search_term_string}"},"query-input":{"@type":"PropertyValueSpecification","valueRequired":true,"valueName":"search_term_string"}}],"inLanguage":"tr"},{"@type":"Organization","@id":"https:\/\/krosgen.com\/#organization","name":"Krosgen Biotechnology","url":"https:\/\/krosgen.com\/","logo":{"@type":"ImageObject","inLanguage":"tr","@id":"https:\/\/krosgen.com\/#\/schema\/logo\/image\/","url":"https:\/\/krosgen.com\/wp-content\/uploads\/2022\/05\/KROSGEN-LOGO_001.png","contentUrl":"https:\/\/krosgen.com\/wp-content\/uploads\/2022\/05\/KROSGEN-LOGO_001.png","width":7016,"height":1700,"caption":"Krosgen Biotechnology"},"image":{"@id":"https:\/\/krosgen.com\/#\/schema\/logo\/image\/"},"sameAs":["https:\/\/www.linkedin.com\/company\/krosgen"]}]}},"jetpack_sharing_enabled":true,"_links":{"self":[{"href":"https:\/\/krosgen.com\/index.php\/wp-json\/wp\/v2\/pages\/18660","targetHints":{"allow":["GET"]}}],"collection":[{"href":"https:\/\/krosgen.com\/index.php\/wp-json\/wp\/v2\/pages"}],"about":[{"href":"https:\/\/krosgen.com\/index.php\/wp-json\/wp\/v2\/types\/page"}],"author":[{"embeddable":true,"href":"https:\/\/krosgen.com\/index.php\/wp-json\/wp\/v2\/users\/1"}],"replies":[{"embeddable":true,"href":"https:\/\/krosgen.com\/index.php\/wp-json\/wp\/v2\/comments?post=18660"}],"version-history":[{"count":4,"href":"https:\/\/krosgen.com\/index.php\/wp-json\/wp\/v2\/pages\/18660\/revisions"}],"predecessor-version":[{"id":18684,"href":"https:\/\/krosgen.com\/index.php\/wp-json\/wp\/v2\/pages\/18660\/revisions\/18684"}],"wp:attachment":[{"href":"https:\/\/krosgen.com\/index.php\/wp-json\/wp\/v2\/media?parent=18660"}],"curies":[{"name":"wp","href":"https:\/\/api.w.org\/{rel}","templated":true}]}}