{"id":5256,"date":"2020-12-25T16:04:47","date_gmt":"2020-12-25T16:04:47","guid":{"rendered":"https:\/\/promedica.qodeinteractive.com\/?page_id=5256"},"modified":"2023-02-23T17:26:21","modified_gmt":"2023-02-23T14:26:21","slug":"contact-us","status":"publish","type":"page","link":"https:\/\/krosgen.com\/index.php\/contact-us\/","title":{"rendered":"Bize Ula\u015f\u0131n"},"content":{"rendered":"\t\t<div data-elementor-type=\"wp-page\" data-elementor-id=\"5256\" class=\"elementor elementor-5256\">\n\t\t\t\t\t\t<section class=\"elementor-section elementor-top-section elementor-element elementor-element-51360fb elementor-section-full_width qodef-elementor-content-grid elementor-section-height-default elementor-section-height-default\" data-id=\"51360fb\" data-element_type=\"section\" data-e-type=\"section\">\n\t\t\t\t\t\t<div class=\"elementor-container elementor-column-gap-default\">\n\t\t\t\t\t<div class=\"elementor-column elementor-col-50 elementor-top-column elementor-element elementor-element-73345ea\" data-id=\"73345ea\" data-element_type=\"column\" data-e-type=\"column\">\n\t\t\t<div class=\"elementor-widget-wrap elementor-element-populated\">\n\t\t\t\t\t\t<div class=\"elementor-element elementor-element-179c4ed elementor-widget__width-inherit elementor-widget-tablet__width-inherit elementor-widget-mobile__width-inherit elementor-widget elementor-widget-promedica_core_section_title\" data-id=\"179c4ed\" data-element_type=\"widget\" data-e-type=\"widget\" data-widget_type=\"promedica_core_section_title.default\">\n\t\t\t\t<div class=\"elementor-widget-container\">\n\t\t\t\t\t<div class=\"qodef-shortcode qodef-m  qodef-section-title qodef-alignment--left  \">\n\t\t<h2 class=\"qodef-m-title\" >\n\t\t\t\t\tBize ula\u015f\u0131n\t\t\t<\/h2>\n\t\t<p class=\"qodef-m-subtitle\" style=\"font-size: 20px\">\n\tKrosgen'de, geli\u015fmi\u015f teknolojileri kullanarak y\u00fcksek kaliteli molek\u00fcler biyoloji hizmetleri sunuyoruz. Uzmanlar\u0131m\u0131z, ihtiya\u00e7lar\u0131n\u0131z i\u00e7in en iyi \u00f6zel \u00e7\u00f6z\u00fcm\u00fc tasarlaman\u0131za yard\u0131mc\u0131 olurlar.\t<\/p>\n\t<\/div>\n\t\t\t\t<\/div>\n\t\t\t\t<\/div>\n\t\t\t\t<div class=\"elementor-element elementor-element-bc3a4f9 elementor-widget elementor-widget-spacer\" data-id=\"bc3a4f9\" data-element_type=\"widget\" data-e-type=\"widget\" data-widget_type=\"spacer.default\">\n\t\t\t\t<div class=\"elementor-widget-container\">\n\t\t\t\t\t\t\t<div class=\"elementor-spacer\">\n\t\t\t<div class=\"elementor-spacer-inner\"><\/div>\n\t\t<\/div>\n\t\t\t\t\t\t<\/div>\n\t\t\t\t<\/div>\n\t\t\t\t<div class=\"elementor-element elementor-element-4ca89dc elementor-widget elementor-widget-text-editor\" data-id=\"4ca89dc\" data-element_type=\"widget\" data-e-type=\"widget\" data-widget_type=\"text-editor.default\">\n\t\t\t\t<div class=\"elementor-widget-container\">\n\t\t\t\t\t\t\t\t\t<h5>Telefon ve E-Posta:<\/h5>\t\t\t\t\t\t\t\t<\/div>\n\t\t\t\t<\/div>\n\t\t\t\t<div class=\"elementor-element elementor-element-08378cb elementor-widget elementor-widget-text-editor\" data-id=\"08378cb\" data-element_type=\"widget\" data-e-type=\"widget\" data-widget_type=\"text-editor.default\">\n\t\t\t\t<div class=\"elementor-widget-container\">\n\t\t\t\t\t\t\t\t\t<h6><a href=\"tel:+902164699766\"><span style=\"color: #6a6bbf;\">+ 90 216 469 97 66<\/span><\/a><\/h6><h6>info[at]krosgen.com<\/h6>\t\t\t\t\t\t\t\t<\/div>\n\t\t\t\t<\/div>\n\t\t\t\t<div class=\"elementor-element elementor-element-45b5bae elementor-widget-divider--view-line elementor-widget elementor-widget-divider\" data-id=\"45b5bae\" data-element_type=\"widget\" data-e-type=\"widget\" data-widget_type=\"divider.default\">\n\t\t\t\t<div class=\"elementor-widget-container\">\n\t\t\t\t\t\t\t<div class=\"elementor-divider\">\n\t\t\t<span class=\"elementor-divider-separator\">\n\t\t\t\t\t\t<\/span>\n\t\t<\/div>\n\t\t\t\t\t\t<\/div>\n\t\t\t\t<\/div>\n\t\t\t\t<div class=\"elementor-element elementor-element-46bae36 elementor-widget elementor-widget-text-editor\" data-id=\"46bae36\" data-element_type=\"widget\" data-e-type=\"widget\" data-widget_type=\"text-editor.default\">\n\t\t\t\t<div class=\"elementor-widget-container\">\n\t\t\t\t\t\t\t\t\t<p>\u00c7al\u0131\u015fma saatleri i\u00e7inde telefonumuz; g\u00fcn\u00fcn 24 saati, y\u0131l\u0131n 365 g\u00fcn\u00fc ise e-postam\u0131z hep a\u00e7\u0131k olacak. Bizi aramaktan ve bize e-posta g\u00f6ndermekten \u00e7ekinmeyin.<\/p><p>Laboratuvar \u00e7al\u0131\u015fmalar\u0131n\u0131zda bir sorun ya\u015fad\u0131ysan\u0131z, sorunu en h\u0131zl\u0131 \u015fekilde \u00e7\u00f6z\u00fcmlememiz i\u00e7in haz\u0131rlad\u0131\u011f\u0131m\u0131z M\u00fc\u015fteri Sorun Bildirim Formu\u2019na <span style=\"text-decoration: underline;\"><strong><a href=\"https:\/\/forms.office.com\/r\/RMBkseJwme\" target=\"_blank\" rel=\"noopener\">buraya t\u0131klayarak<\/a><\/strong><\/span>\u00a0ula\u015fabilirsiniz.<\/p>\t\t\t\t\t\t\t\t<\/div>\n\t\t\t\t<\/div>\n\t\t\t\t\t<\/div>\n\t\t<\/div>\n\t\t\t\t<div class=\"elementor-column elementor-col-50 elementor-top-column elementor-element elementor-element-3fc3843\" data-id=\"3fc3843\" data-element_type=\"column\" data-e-type=\"column\" data-settings=\"{&quot;background_background&quot;:&quot;classic&quot;}\">\n\t\t\t<div class=\"elementor-widget-wrap elementor-element-populated\">\n\t\t\t\t\t\t<div class=\"elementor-element elementor-element-462e9e7 elementor-widget elementor-widget-google_maps\" data-id=\"462e9e7\" data-element_type=\"widget\" data-e-type=\"widget\" data-widget_type=\"google_maps.default\">\n\t\t\t\t<div class=\"elementor-widget-container\">\n\t\t\t\t\t\t\t<div class=\"elementor-custom-embed\">\n\t\t\t<iframe loading=\"lazy\"\n\t\t\t\t\tsrc=\"https:\/\/maps.google.com\/maps?q=Krosgen%20Biyoteknoloji%20K%C3%BC%C3%A7%C3%BCkbakkalk%C3%B6y%20Mah&#038;t=m&#038;z=13&#038;output=embed&#038;iwloc=near\"\n\t\t\t\t\ttitle=\"Krosgen Biyoteknoloji K\u00fc\u00e7\u00fckbakkalk\u00f6y Mah\"\n\t\t\t\t\taria-label=\"Krosgen Biyoteknoloji K\u00fc\u00e7\u00fckbakkalk\u00f6y Mah\"\n\t\t\t><\/iframe>\n\t\t<\/div>\n\t\t\t\t\t\t<\/div>\n\t\t\t\t<\/div>\n\t\t\t\t\t<\/div>\n\t\t<\/div>\n\t\t\t\t\t<\/div>\n\t\t<\/section>\n\t\t\t\t<\/div>\n\t\t","protected":false},"excerpt":{"rendered":"<p>Bize ula\u015f\u0131n Krosgen&#8217;de, geli\u015fmi\u015f teknolojileri kullanarak y\u00fcksek kaliteli molek\u00fcler biyoloji hizmetleri sunuyoruz. Uzmanlar\u0131m\u0131z, ihtiya\u00e7lar\u0131n\u0131z i\u00e7in en iyi \u00f6zel \u00e7\u00f6z\u00fcm\u00fc tasarlaman\u0131za yard\u0131mc\u0131 olurlar. Telefon ve E-Posta: + 90 216 469 97 66 info[at]krosgen.com \u00c7al\u0131\u015fma saatleri i\u00e7inde telefonumuz; g\u00fcn\u00fcn 24 saati, y\u0131l\u0131n 365 g\u00fcn\u00fc ise e-postam\u0131z hep a\u00e7\u0131k olacak. Bizi aramaktan ve bize e-posta g\u00f6ndermekten \u00e7ekinmeyin. Laboratuvar [&hellip;]<\/p>\n","protected":false},"author":1,"featured_media":0,"parent":0,"menu_order":0,"comment_status":"closed","ping_status":"closed","template":"page-full-width.php","meta":{"footnotes":""},"class_list":["post-5256","page","type-page","status-publish","hentry"],"yoast_head":"<!-- This site is optimized with the Yoast SEO plugin v27.2 - https:\/\/yoast.com\/product\/yoast-seo-wordpress\/ -->\n<title>Bize Ula\u015f\u0131n - Krosgen<\/title>\n<meta name=\"robots\" content=\"index, follow, max-snippet:-1, max-image-preview:large, max-video-preview:-1\" \/>\n<link rel=\"canonical\" href=\"https:\/\/krosgen.com\/index.php\/contact-us\/\" \/>\n<meta property=\"og:locale\" content=\"tr_TR\" \/>\n<meta property=\"og:type\" content=\"article\" \/>\n<meta property=\"og:title\" content=\"Bize Ula\u015f\u0131n - Krosgen\" \/>\n<meta property=\"og:description\" content=\"Bize ula\u015f\u0131n Krosgen&#8217;de, geli\u015fmi\u015f teknolojileri kullanarak y\u00fcksek kaliteli molek\u00fcler biyoloji hizmetleri sunuyoruz. Uzmanlar\u0131m\u0131z, ihtiya\u00e7lar\u0131n\u0131z i\u00e7in en iyi \u00f6zel \u00e7\u00f6z\u00fcm\u00fc tasarlaman\u0131za yard\u0131mc\u0131 olurlar. Telefon ve E-Posta: + 90 216 469 97 66 info[at]krosgen.com \u00c7al\u0131\u015fma saatleri i\u00e7inde telefonumuz; g\u00fcn\u00fcn 24 saati, y\u0131l\u0131n 365 g\u00fcn\u00fc ise e-postam\u0131z hep a\u00e7\u0131k olacak. Bizi aramaktan ve bize e-posta g\u00f6ndermekten \u00e7ekinmeyin. Laboratuvar [&hellip;]\" \/>\n<meta property=\"og:url\" content=\"https:\/\/krosgen.com\/index.php\/contact-us\/\" \/>\n<meta property=\"og:site_name\" content=\"Krosgen\" \/>\n<meta property=\"article:modified_time\" content=\"2023-02-23T14:26:21+00:00\" \/>\n<meta name=\"twitter:card\" content=\"summary_large_image\" \/>\n<meta name=\"twitter:label1\" content=\"Tahmini okuma s\u00fcresi\" \/>\n\t<meta name=\"twitter:data1\" content=\"1 dakika\" \/>\n<script type=\"application\/ld+json\" class=\"yoast-schema-graph\">{\"@context\":\"https:\/\/schema.org\",\"@graph\":[{\"@type\":\"WebPage\",\"@id\":\"https:\/\/krosgen.com\/index.php\/contact-us\/\",\"url\":\"https:\/\/krosgen.com\/index.php\/contact-us\/\",\"name\":\"Bize Ula\u015f\u0131n - Krosgen\",\"isPartOf\":{\"@id\":\"https:\/\/krosgen.com\/#website\"},\"datePublished\":\"2020-12-25T16:04:47+00:00\",\"dateModified\":\"2023-02-23T14:26:21+00:00\",\"breadcrumb\":{\"@id\":\"https:\/\/krosgen.com\/index.php\/contact-us\/#breadcrumb\"},\"inLanguage\":\"tr\",\"potentialAction\":[{\"@type\":\"ReadAction\",\"target\":[\"https:\/\/krosgen.com\/index.php\/contact-us\/\"]}]},{\"@type\":\"BreadcrumbList\",\"@id\":\"https:\/\/krosgen.com\/index.php\/contact-us\/#breadcrumb\",\"itemListElement\":[{\"@type\":\"ListItem\",\"position\":1,\"name\":\"Home\",\"item\":\"https:\/\/krosgen.com\/\"},{\"@type\":\"ListItem\",\"position\":2,\"name\":\"Bize Ula\u015f\u0131n\"}]},{\"@type\":\"WebSite\",\"@id\":\"https:\/\/krosgen.com\/#website\",\"url\":\"https:\/\/krosgen.com\/\",\"name\":\"Krosgen\",\"description\":\"Krosgen Biotechnology\",\"publisher\":{\"@id\":\"https:\/\/krosgen.com\/#organization\"},\"potentialAction\":[{\"@type\":\"SearchAction\",\"target\":{\"@type\":\"EntryPoint\",\"urlTemplate\":\"https:\/\/krosgen.com\/?s={search_term_string}\"},\"query-input\":{\"@type\":\"PropertyValueSpecification\",\"valueRequired\":true,\"valueName\":\"search_term_string\"}}],\"inLanguage\":\"tr\"},{\"@type\":\"Organization\",\"@id\":\"https:\/\/krosgen.com\/#organization\",\"name\":\"Krosgen Biotechnology\",\"url\":\"https:\/\/krosgen.com\/\",\"logo\":{\"@type\":\"ImageObject\",\"inLanguage\":\"tr\",\"@id\":\"https:\/\/krosgen.com\/#\/schema\/logo\/image\/\",\"url\":\"https:\/\/krosgen.com\/wp-content\/uploads\/2022\/05\/KROSGEN-LOGO_001.png\",\"contentUrl\":\"https:\/\/krosgen.com\/wp-content\/uploads\/2022\/05\/KROSGEN-LOGO_001.png\",\"width\":7016,\"height\":1700,\"caption\":\"Krosgen Biotechnology\"},\"image\":{\"@id\":\"https:\/\/krosgen.com\/#\/schema\/logo\/image\/\"},\"sameAs\":[\"https:\/\/www.linkedin.com\/company\/krosgen\"]}]}<\/script>\n<!-- \/ Yoast SEO plugin. -->","yoast_head_json":{"title":"Bize Ula\u015f\u0131n - Krosgen","robots":{"index":"index","follow":"follow","max-snippet":"max-snippet:-1","max-image-preview":"max-image-preview:large","max-video-preview":"max-video-preview:-1"},"canonical":"https:\/\/krosgen.com\/index.php\/contact-us\/","og_locale":"tr_TR","og_type":"article","og_title":"Bize Ula\u015f\u0131n - Krosgen","og_description":"Bize ula\u015f\u0131n Krosgen&#8217;de, geli\u015fmi\u015f teknolojileri kullanarak y\u00fcksek kaliteli molek\u00fcler biyoloji hizmetleri sunuyoruz. Uzmanlar\u0131m\u0131z, ihtiya\u00e7lar\u0131n\u0131z i\u00e7in en iyi \u00f6zel \u00e7\u00f6z\u00fcm\u00fc tasarlaman\u0131za yard\u0131mc\u0131 olurlar. Telefon ve E-Posta: + 90 216 469 97 66 info[at]krosgen.com \u00c7al\u0131\u015fma saatleri i\u00e7inde telefonumuz; g\u00fcn\u00fcn 24 saati, y\u0131l\u0131n 365 g\u00fcn\u00fc ise e-postam\u0131z hep a\u00e7\u0131k olacak. Bizi aramaktan ve bize e-posta g\u00f6ndermekten \u00e7ekinmeyin. Laboratuvar [&hellip;]","og_url":"https:\/\/krosgen.com\/index.php\/contact-us\/","og_site_name":"Krosgen","article_modified_time":"2023-02-23T14:26:21+00:00","twitter_card":"summary_large_image","twitter_misc":{"Tahmini okuma s\u00fcresi":"1 dakika"},"schema":{"@context":"https:\/\/schema.org","@graph":[{"@type":"WebPage","@id":"https:\/\/krosgen.com\/index.php\/contact-us\/","url":"https:\/\/krosgen.com\/index.php\/contact-us\/","name":"Bize Ula\u015f\u0131n - Krosgen","isPartOf":{"@id":"https:\/\/krosgen.com\/#website"},"datePublished":"2020-12-25T16:04:47+00:00","dateModified":"2023-02-23T14:26:21+00:00","breadcrumb":{"@id":"https:\/\/krosgen.com\/index.php\/contact-us\/#breadcrumb"},"inLanguage":"tr","potentialAction":[{"@type":"ReadAction","target":["https:\/\/krosgen.com\/index.php\/contact-us\/"]}]},{"@type":"BreadcrumbList","@id":"https:\/\/krosgen.com\/index.php\/contact-us\/#breadcrumb","itemListElement":[{"@type":"ListItem","position":1,"name":"Home","item":"https:\/\/krosgen.com\/"},{"@type":"ListItem","position":2,"name":"Bize Ula\u015f\u0131n"}]},{"@type":"WebSite","@id":"https:\/\/krosgen.com\/#website","url":"https:\/\/krosgen.com\/","name":"Krosgen","description":"Krosgen Biotechnology","publisher":{"@id":"https:\/\/krosgen.com\/#organization"},"potentialAction":[{"@type":"SearchAction","target":{"@type":"EntryPoint","urlTemplate":"https:\/\/krosgen.com\/?s={search_term_string}"},"query-input":{"@type":"PropertyValueSpecification","valueRequired":true,"valueName":"search_term_string"}}],"inLanguage":"tr"},{"@type":"Organization","@id":"https:\/\/krosgen.com\/#organization","name":"Krosgen Biotechnology","url":"https:\/\/krosgen.com\/","logo":{"@type":"ImageObject","inLanguage":"tr","@id":"https:\/\/krosgen.com\/#\/schema\/logo\/image\/","url":"https:\/\/krosgen.com\/wp-content\/uploads\/2022\/05\/KROSGEN-LOGO_001.png","contentUrl":"https:\/\/krosgen.com\/wp-content\/uploads\/2022\/05\/KROSGEN-LOGO_001.png","width":7016,"height":1700,"caption":"Krosgen Biotechnology"},"image":{"@id":"https:\/\/krosgen.com\/#\/schema\/logo\/image\/"},"sameAs":["https:\/\/www.linkedin.com\/company\/krosgen"]}]}},"jetpack_sharing_enabled":true,"_links":{"self":[{"href":"https:\/\/krosgen.com\/index.php\/wp-json\/wp\/v2\/pages\/5256","targetHints":{"allow":["GET"]}}],"collection":[{"href":"https:\/\/krosgen.com\/index.php\/wp-json\/wp\/v2\/pages"}],"about":[{"href":"https:\/\/krosgen.com\/index.php\/wp-json\/wp\/v2\/types\/page"}],"author":[{"embeddable":true,"href":"https:\/\/krosgen.com\/index.php\/wp-json\/wp\/v2\/users\/1"}],"replies":[{"embeddable":true,"href":"https:\/\/krosgen.com\/index.php\/wp-json\/wp\/v2\/comments?post=5256"}],"version-history":[{"count":49,"href":"https:\/\/krosgen.com\/index.php\/wp-json\/wp\/v2\/pages\/5256\/revisions"}],"predecessor-version":[{"id":17174,"href":"https:\/\/krosgen.com\/index.php\/wp-json\/wp\/v2\/pages\/5256\/revisions\/17174"}],"wp:attachment":[{"href":"https:\/\/krosgen.com\/index.php\/wp-json\/wp\/v2\/media?parent=5256"}],"curies":[{"name":"wp","href":"https:\/\/api.w.org\/{rel}","templated":true}]}}